{"id":78144,"date":"2025-05-04T12:56:13","date_gmt":"2025-05-04T12:56:13","guid":{"rendered":"https:\/\/mavideniz.com.tr\/?page_id=78144"},"modified":"2025-10-05T00:07:17","modified_gmt":"2025-10-05T00:07:17","slug":"engenharia","status":"publish","type":"page","link":"https:\/\/mavideniz.com.tr\/pt-pt\/referencia-mundial-docx\/engenharia\/","title":{"rendered":"Engenharia"},"content":{"rendered":"\n<p><strong>Tecnologia<\/strong><\/p>\n<p>O aumento da tecnologia e a concorr\u00eancia feroz exigem investiga\u00e7\u00e3o e desenvolvimento concentrados e cont\u00ednuos em dire\u00e7\u00e3o a tecnologias e produtos estrat\u00e9gicos futuros. A Mavi Deniz previu a vantagem competitiva na internaliza\u00e7\u00e3o e desenvolvimento das melhores tecnologias e iniciou as suas atividades de I&amp;D em 1990.<\/p>\n<p>A Mavi Deniz A.S. decidiu tomar medidas deliberadas para criar produtos e tecnologia. Em linha com este objetivo, a Mavi Deniz aumentou a sua for\u00e7a de engenharia, investiu nos seus recursos humanos, estabeleceu colabora\u00e7\u00f5es, e usou as suas capacidades laboratoriais para obter resultados r\u00e1pidos. Esses investimentos incluem projetar e produzir produtos e aproveitar as oportunidades no mercado em expans\u00e3o.<\/p>\n<p>Os atuais esfor\u00e7os de I&amp;D est\u00e3o diretamente relacionados com o desenvolvimento de produtos e os seus resultados s\u00e3o produtos comerciais que proporcionam uma vantagem competitiva.<\/p>\n<p>A Mavi Deniz R&amp;D, que trabalha em padr\u00f5es globais para tecnologia e desenvolvimento de produtos, concentra-se em produtos que:<\/p>\n<ul>\n<li>S\u00e3o compat\u00edveis com o ambiente ( recupera\u00e7\u00e3o, reciclagem, reutiliza\u00e7\u00e3o e baixo consumo de energia e \u00e1gua ),<\/li>\n<li>Garantir o conforto e a satisfa\u00e7\u00e3o do cliente (inteligente, silencioso, pr\u00e1tico ),<\/li>\n<li>S\u00e3o acess\u00edveis e cumprem as normas do futuro.<\/li>\n<li>A Dire\u00e7\u00e3o de I&amp;D realiza as atividades de I&amp;D da Mavi Deniz na sede da empresa e pela Gest\u00e3o do Desenvolvimento de Produtos em f\u00e1bricas.<\/li>\n<\/ul>\n<p>Para conduzir suas atividades de P&amp;D, a Mavi Deniz colabora com universidades, fornecedores, organiza\u00e7\u00f5es de pesquisa e institutos locais e internacionais. Tamb\u00e9m participa regularmente em feiras de eletrodom\u00e9sticos e com\u00e9rcio e apresenta trabalhos em confer\u00eancias, semin\u00e1rios e reuni\u00f5es nacionais e internacionais.<\/p>\n<p><strong>I&amp;D<\/strong><\/p>\n<p>UM ESPECIALISTA EM SUA \u00c1REA&#8230;<\/p>\n<p>Pesquisa e desenvolvimento na Mavi Deniz se estendem por in\u00fameros e muito diferentes campos. Nossos cientistas e engenheiros analisam novos materiais e desenvolvem t\u00e9cnicas e novos equipamentos anal\u00edticos para a natureza e a futura f\u00e1brica digital. Todas as inova\u00e7\u00f5es levam a novas aplica\u00e7\u00f5es e ajudam nossos clientes a trazer produtos mais eficientes para o mercado, abrir mais \u00e1reas de neg\u00f3cios ou reduzir custos.<\/p>\n<p>CONCEP\u00c7\u00c3O E PROT\u00d3TIPO<\/p>\n<p>As condi\u00e7\u00f5es de concorr\u00eancia respondem \u00e0 necessidade de levantar o rosto e de fabricar novas pe\u00e7as para o setor dos equipamentos de combate \u00e0 polui\u00e7\u00e3o.<\/p>\n<p><strong>Pr\u00eamios<\/strong><\/p>\n<p>Al\u00e9m de investir em tecnologia e se tornar a empresa mais conhecida da Turquia, a Mavi Deniz tamb\u00e9m foi premiada por seus produtos e pelas informa\u00e7\u00f5es que apresenta em v\u00e1rias plataformas. Os pr\u00eamios recebidos at\u00e9 o momento provam um alto n\u00edvel de sucesso que \u00e9 dif\u00edcil de alcan\u00e7ar.<\/p>\n<ul>\n<li>C\u00e2mara de Com\u00e9rcio de Istambul, Technology Development Top Ten Company, 2005<\/li>\n<li>Pr\u00eamio TUBITAK de Investiga\u00e7\u00e3o e Desenvolvimento, 2005.<\/li>\n<li>Pr\u00eamio TUBITAK de Investiga\u00e7\u00e3o e Desenvolvimento, 2006.<\/li>\n<li>Pr\u00eamio TTGV de Investiga\u00e7\u00e3o e Desenvolvimento, 2006.<\/li>\n<\/ul>\n","protected":false},"excerpt":{"rendered":"<p>Tecnologia O aumento da tecnologia e a concorr\u00eancia feroz exigem investiga\u00e7\u00e3o e desenvolvimento concentrados e cont\u00ednuos em dire\u00e7\u00e3o a tecnologias [&hellip;]<\/p>\n","protected":false},"author":1,"featured_media":0,"parent":78138,"menu_order":0,"comment_status":"closed","ping_status":"closed","template":"","meta":{"site-sidebar-layout":"default","site-content-layout":"","ast-site-content-layout":"default","site-content-style":"default","site-sidebar-style":"default","ast-global-header-display":"","ast-banner-title-visibility":"","ast-main-header-display":"","ast-hfb-above-header-display":"","ast-hfb-below-header-display":"","ast-hfb-mobile-header-display":"","site-post-title":"","ast-breadcrumbs-content":"","ast-featured-img":"","footer-sml-layout":"","ast-disable-related-posts":"","theme-transparent-header-meta":"","adv-header-id-meta":"","stick-header-meta":"","header-above-stick-meta":"","header-main-stick-meta":"","header-below-stick-meta":"","astra-migrate-meta-layouts":"default","ast-page-background-enabled":"default","ast-page-background-meta":{"desktop":{"background-color":"var(--ast-global-color-5)","background-image":"","background-repeat":"repeat","background-position":"center center","background-size":"auto","background-attachment":"scroll","background-type":"","background-media":"","overlay-type":"","overlay-color":"","overlay-opacity":"","overlay-gradient":""},"tablet":{"background-color":"","background-image":"","background-repeat":"repeat","background-position":"center center","background-size":"auto","background-attachment":"scroll","background-type":"","background-media":"","overlay-type":"","overlay-color":"","overlay-opacity":"","overlay-gradient":""},"mobile":{"background-color":"","background-image":"","background-repeat":"repeat","background-position":"center center","background-size":"auto","background-attachment":"scroll","background-type":"","background-media":"","overlay-type":"","overlay-color":"","overlay-opacity":"","overlay-gradient":""}},"ast-content-background-meta":{"desktop":{"background-color":"var(--ast-global-color-4)","background-image":"","background-repeat":"repeat","background-position":"center center","background-size":"auto","background-attachment":"scroll","background-type":"","background-media":"","overlay-type":"","overlay-color":"","overlay-opacity":"","overlay-gradient":""},"tablet":{"background-color":"var(--ast-global-color-4)","background-image":"","background-repeat":"repeat","background-position":"center center","background-size":"auto","background-attachment":"scroll","background-type":"","background-media":"","overlay-type":"","overlay-color":"","overlay-opacity":"","overlay-gradient":""},"mobile":{"background-color":"var(--ast-global-color-4)","background-image":"","background-repeat":"repeat","background-position":"center center","background-size":"auto","background-attachment":"scroll","background-type":"","background-media":"","overlay-type":"","overlay-color":"","overlay-opacity":"","overlay-gradient":""}},"footnotes":""},"class_list":["post-78144","page","type-page","status-publish","hentry"],"_links":{"self":[{"href":"https:\/\/mavideniz.com.tr\/pt-pt\/wp-json\/wp\/v2\/pages\/78144","targetHints":{"allow":["GET"]}}],"collection":[{"href":"https:\/\/mavideniz.com.tr\/pt-pt\/wp-json\/wp\/v2\/pages"}],"about":[{"href":"https:\/\/mavideniz.com.tr\/pt-pt\/wp-json\/wp\/v2\/types\/page"}],"author":[{"embeddable":true,"href":"https:\/\/mavideniz.com.tr\/pt-pt\/wp-json\/wp\/v2\/users\/1"}],"replies":[{"embeddable":true,"href":"https:\/\/mavideniz.com.tr\/pt-pt\/wp-json\/wp\/v2\/comments?post=78144"}],"version-history":[{"count":0,"href":"https:\/\/mavideniz.com.tr\/pt-pt\/wp-json\/wp\/v2\/pages\/78144\/revisions"}],"up":[{"embeddable":true,"href":"https:\/\/mavideniz.com.tr\/pt-pt\/wp-json\/wp\/v2\/pages\/78138"}],"wp:attachment":[{"href":"https:\/\/mavideniz.com.tr\/pt-pt\/wp-json\/wp\/v2\/media?parent=78144"}],"curies":[{"name":"wp","href":"https:\/\/api.w.org\/{rel}","templated":true}]}}