{"id":78148,"date":"2025-05-04T12:58:55","date_gmt":"2025-05-04T12:58:55","guid":{"rendered":"https:\/\/mavideniz.com.tr\/?page_id=78148"},"modified":"2025-10-05T00:07:17","modified_gmt":"2025-10-05T00:07:17","slug":"nossas-politicas-promisso","status":"publish","type":"page","link":"https:\/\/mavideniz.com.tr\/pt-pt\/referencia-mundial-docx\/nossas-politicas-promisso\/","title":{"rendered":"NOSSAS POL\u00cdTICAS PROMISSO"},"content":{"rendered":"\n<p><strong>Sa\u00fade, seguran\u00e7a e pol\u00edtica ambiental<\/strong><\/p>\n<p>Como Mavi Deniz e seus funcion\u00e1rios, vemos o &#8220;HSE&#8221; como algo confiado \u00e0s gera\u00e7\u00f5es futuras. Pretendemos proteger o meio ambiente e os recursos naturais com uma compreens\u00e3o da filosofia da Qualidade Total, que constitui a base da nossa gest\u00e3o.<\/p>\n<p><strong>O HSE da MAVI DENIZ concentra-se nas seguintes \u00e1reas:<\/strong><\/p>\n<ul>\n<li>Gest\u00e3o integrada dos riscos de SSA, incluindo os riscos at\u00edpicos associados a opera\u00e7\u00f5es no estrangeiro;<\/li>\n<li>Lideran\u00e7a e responsabilidade da HSE em todas as \u00e1reas de neg\u00f3cios;<\/li>\n<li>Comunica\u00e7\u00e3o e difus\u00e3o da cultura de SSA.<\/li>\n<\/ul>\n<p><strong>Pol\u00edtica de qualidade<\/strong><\/p>\n<p>Para continuar nossa lideran\u00e7a como a melhor empresa do setor ambiental, buscaremos o melhor em tudo com nossos funcion\u00e1rios, fornecedores, acionistas e clientes.<\/p>\n<p><strong>Por isso, a pol\u00edtica de qualidade da MAVI DENIZ \u00e9 baseada em:<\/strong><\/p>\n<ul>\n<li>De acordo com a vis\u00e3o da Mavi Deniz para o futuro, desenvolvemos e fabricamos produtos de resposta ao derramamento de l\u00edquidos para o consumidor acess\u00edveis, f\u00e1ceis de usar, confi\u00e1veis e ecol\u00f3gicos e fornecemos servi\u00e7o p\u00f3s-venda implementando tecnologias de ponta para satisfazer as necessidades dos nossos clientes al\u00e9m das suas expectativas.<\/li>\n<li>Fornecer servi\u00e7os de resposta a emerg\u00eancias dentro do menor tempo poss\u00edvel e com os melhores custos, atender \u00e0s expectativas de nossos clientes de forma abrangente e aprimorar os produtos e servi\u00e7os de combate \u00e0 polui\u00e7\u00e3o fornecidos a nossos clientes ao mais alto n\u00edvel de qualidade.<\/li>\n<li>Acompanhe as inova\u00e7\u00f5es tecnol\u00f3gicas de perto para adquirir a experi\u00eancia necess\u00e1ria para projetar e desenvolver solu\u00e7\u00f5es.<\/li>\n<li>Projetar e produzir sistemas coerentes com crit\u00e9rios de alta confiabilidade e fornecer servi\u00e7os de resposta a derramamentos com alta tecnologia financeira e produtiva relacionada \u00e0 opera\u00e7\u00e3o dos planos inclu\u00eddos em nosso escopo de trabalho.<\/li>\n<li>Nossa estrutura \u00e9 adequada para o desenvolvimento cont\u00ednuo sob condi\u00e7\u00f5es competitivas continuamente crescentes. O desenvolvimento de projetos ideais para a tecnologia mais recente \u00e9 econ\u00f4mico e atende aos c\u00f3digos de pr\u00e1ticas, especifica\u00e7\u00f5es e padr\u00f5es aplic\u00e1veis e \u00e0s necessidades dos clientes.<\/li>\n<li>Garantimos a participa\u00e7\u00e3o, a satisfa\u00e7\u00e3o e o desenvolvimento de nossos funcion\u00e1rios por meio de atividades de treinamento cont\u00ednuo, que s\u00e3o nossos recursos mais essenciais.<\/li>\n<li>Aumentar a qualidade de trabalho de nossos funcion\u00e1rios, parceiros de solu\u00e7\u00f5es e fornecedores, incentivando-os e apoiando-os, aumentando, assim, a qualidade da sociedade.<\/li>\n<li>Analisamos nosso sistema de gerenciamento e os processos de trabalho come\u00e7ando com os fornecedores e terminando com os clientes. Definimos abordagens proativas para melhorar o desempenho e criar valores em todos os campos de atividade.<\/li>\n<li>Com base nos princ\u00edpios da Filosofia de Qualidade Total e motivados pelo trabalho em equipe, trabalhamos arduamente para atingir metas institucionais e departamentais e manter o progresso cont\u00ednuo e o crescimento nos mercados-alvo.<\/li>\n<\/ul>\n<p>Documentamos, certificamos e melhoramos continuamente nosso Sistema de Gerenciamento de Qualidade para cumprir os requisitos padr\u00e3o ISO 9001.<\/p>\n<p>A MAVI DENIZ foi aprovada por seu sistema integrado de gest\u00e3o ambiental e de qualidade. Ela faz da Mavi Deniz uma empresa \u00fanica e, no mundo, uma das poucas do seu setor a obter aprova\u00e7\u00e3o para um sistema incorporado.<\/p>\n<p>Todas as atividades da empresa s\u00e3o certificadas de acordo com a norma ISO 9001:2008 e o sistema de gest\u00e3o ambiental de acordo com a certifica\u00e7\u00e3o ISO 14001:2004. O equipamento de resposta a derramamento de \u00f3leo e as m\u00e1quinas de dragagem fabricam na Turquia. Estamos orgulhosos de nossa qualidade e padr\u00f5es, e a planta de produ\u00e7\u00e3o tem o certificado de qualidade ISO 9001 reconhecido internacionalmente e certificado ambiental ISO 14001.<\/p>\n<p>Al\u00e9m disso, as autoridades nacionais e internacionais competentes e as sociedades de classifica\u00e7\u00e3o aprovam todos os produtos e m\u00e1quinas de controlo da polui\u00e7\u00e3o fornecidos pela MAVI DENIZ.<\/p>\n<p>Nossos parceiros nos credenciam e agora oferecem cursos de treinamento de n\u00edvel MCA e IMO e cursos selecionados geralmente personalizados de acordo com os requisitos de nossos clientes. N\u00f3s fornecemos o melhor equipamento poss\u00edvel de resposta a derramamento de petr\u00f3leo sob medida para planos de conting\u00eancia, demanda local e potenciais incidentes ambientais.<\/p>\n<p>A MAVI DENIZ autorizou o Minist\u00e9rio do Ambiente turco a proceder \u00e0 recolha dos res\u00edduos dos navios no \u00e2mbito dos certificados de recep\u00e7\u00e3o de res\u00edduos l\u00edquidos e s\u00f3lidos emitidos pela MARPOL.<\/p>\n<p>A Mavi Deniz presta servi\u00e7os a instala\u00e7\u00f5es costeiras, como estaleiros navais, portos e refinarias. A nossa grande frota e pessoal \/ equipe de especialistas especializados em seus campos, &#8216;Princ\u00edpios de Resposta de Emerg\u00eancia e Compensa\u00e7\u00e3o por Danos na Polui\u00e7\u00e3o do Meio Marinho por Petr\u00f3leo e Outras Subst\u00e2ncias Nocivas&#8217; certificados pelo Minist\u00e9rio da Marinha da Turquia.<\/p>\n<p><strong>A este respeito, Mavi Deniz :<\/strong><\/p>\n<ul>\n<li>Pelo conceito de Desenvolvimento Sustent\u00e1vel, e ap\u00f3s avalia\u00e7\u00e3o t\u00e9cnica, econ\u00f4mica e comercial, proteger nossos recursos naturais e usar energia e mat\u00e9rias-primas de forma mais eficiente e produtiva, e aplicar tecnologia para reduzir o m\u00ednimo de res\u00edduos descarregados no meio ambiente.<\/li>\n<li>Elaborar sistemas que previnam a polui\u00e7\u00e3o antes que ela se forme em sua fonte.<\/li>\n<li>Atuar de acordo com as regras e regulamentos legais dos sistemas ambientais nacionais e internacionais.<\/li>\n<li>Escolha o material e a tecnologia para minimizar as influ\u00eancias ambientais negativas no tempo de produ\u00e7\u00e3o e utiliza\u00e7\u00e3o, a partir da fase de planejamento.<\/li>\n<li>Desenvolver uma infraestrutura que controle, monitore e defina continuamente os par\u00e2metros ambientais para eliminar o risco ecol\u00f3gico.<\/li>\n<li>Estamos aprimorando a sensibilidade ambiental ao capacitar e controlar nossos funcion\u00e1rios e subcontratados dentro do corpo da Mavi Deniz.<\/li>\n<li>Estamos a reduzir a quantidade de res\u00edduos e a apoiar as atividades de valoriza\u00e7\u00e3o e reciclagem.<\/li>\n<li>Prevenir a polui\u00e7\u00e3o, implantando as novas ou aprimoradas tecnologias adequadas em nosso processo de produ\u00e7\u00e3o em nossos produtos.<\/li>\n<li>Desenvolva produtos inovadores que tenham menos impacto ambiental, consumam menos combust\u00edvel, sejam menos ruidosos e sejam mais materiais recicl\u00e1veis.<\/li>\n<li>\u00c0 luz dos objetivos e metas ambientais identificados, temos de aplicar um sistema de gest\u00e3o ambiental conforme com a norma ISO 14001<\/li>\n<li>Padr\u00f5es de Gest\u00e3o Ambiental e desenvolver e garantir a continuidade de todas as nossas atividades ambientais dentro do framework.<\/li>\n<\/ul>\n<p><strong>Otimiza\u00e7\u00e3o cont\u00ednua para benef\u00edcios para nossos clientes<\/strong><\/p>\n<ul>\n<li>Processo cont\u00ednuo de certifica\u00e7\u00e3o<\/li>\n<li>Controlos De Qualidade Durante A Produ\u00e7\u00e3o<\/li>\n<li>Procedimentos Normalizados Para A Mat\u00e9ria Gorda<\/li>\n<li>Fechar di\u00e1logo com nossos fornecedores<\/li>\n<\/ul>\n<p><strong>Mavi Deniz executa trabalhos que s\u00e3o por padr\u00f5es das principais Sociedades de Classifica\u00e7\u00e3o, tais como:<\/strong><\/p>\n<ul>\n<li>ESCRIT\u00d3RIO AMERICANO DE NAVEGA\u00c7\u00c3O<\/li>\n<li>LLOYD&#8217;S REGISTER OF SHIPPING<\/li>\n<li>BUREAU VERITAS<\/li>\n<li>DET NORSKE VERITAS<\/li>\n<li>ALEM\u00c3O LLOYD<\/li>\n<li>NIPPON KAIJI KYOKAI<\/li>\n<li>REGISTRO RUSSO DE NAVEGA\u00c7\u00c3O<\/li>\n<li>RINAME<\/li>\n<\/ul>\n","protected":false},"excerpt":{"rendered":"<p>Sa\u00fade, seguran\u00e7a e pol\u00edtica ambiental Como Mavi Deniz e seus funcion\u00e1rios, vemos o &#8220;HSE&#8221; como algo confiado \u00e0s gera\u00e7\u00f5es futuras. [&hellip;]<\/p>\n","protected":false},"author":1,"featured_media":0,"parent":78138,"menu_order":0,"comment_status":"closed","ping_status":"closed","template":"","meta":{"site-sidebar-layout":"default","site-content-layout":"","ast-site-content-layout":"default","site-content-style":"default","site-sidebar-style":"default","ast-global-header-display":"","ast-banner-title-visibility":"","ast-main-header-display":"","ast-hfb-above-header-display":"","ast-hfb-below-header-display":"","ast-hfb-mobile-header-display":"","site-post-title":"","ast-breadcrumbs-content":"","ast-featured-img":"","footer-sml-layout":"","ast-disable-related-posts":"","theme-transparent-header-meta":"","adv-header-id-meta":"","stick-header-meta":"","header-above-stick-meta":"","header-main-stick-meta":"","header-below-stick-meta":"","astra-migrate-meta-layouts":"default","ast-page-background-enabled":"default","ast-page-background-meta":{"desktop":{"background-color":"var(--ast-global-color-5)","background-image":"","background-repeat":"repeat","background-position":"center center","background-size":"auto","background-attachment":"scroll","background-type":"","background-media":"","overlay-type":"","overlay-color":"","overlay-opacity":"","overlay-gradient":""},"tablet":{"background-color":"","background-image":"","background-repeat":"repeat","background-position":"center center","background-size":"auto","background-attachment":"scroll","background-type":"","background-media":"","overlay-type":"","overlay-color":"","overlay-opacity":"","overlay-gradient":""},"mobile":{"background-color":"","background-image":"","background-repeat":"repeat","background-position":"center center","background-size":"auto","background-attachment":"scroll","background-type":"","background-media":"","overlay-type":"","overlay-color":"","overlay-opacity":"","overlay-gradient":""}},"ast-content-background-meta":{"desktop":{"background-color":"var(--ast-global-color-4)","background-image":"","background-repeat":"repeat","background-position":"center center","background-size":"auto","background-attachment":"scroll","background-type":"","background-media":"","overlay-type":"","overlay-color":"","overlay-opacity":"","overlay-gradient":""},"tablet":{"background-color":"var(--ast-global-color-4)","background-image":"","background-repeat":"repeat","background-position":"center center","background-size":"auto","background-attachment":"scroll","background-type":"","background-media":"","overlay-type":"","overlay-color":"","overlay-opacity":"","overlay-gradient":""},"mobile":{"background-color":"var(--ast-global-color-4)","background-image":"","background-repeat":"repeat","background-position":"center center","background-size":"auto","background-attachment":"scroll","background-type":"","background-media":"","overlay-type":"","overlay-color":"","overlay-opacity":"","overlay-gradient":""}},"footnotes":""},"class_list":["post-78148","page","type-page","status-publish","hentry"],"_links":{"self":[{"href":"https:\/\/mavideniz.com.tr\/pt-pt\/wp-json\/wp\/v2\/pages\/78148","targetHints":{"allow":["GET"]}}],"collection":[{"href":"https:\/\/mavideniz.com.tr\/pt-pt\/wp-json\/wp\/v2\/pages"}],"about":[{"href":"https:\/\/mavideniz.com.tr\/pt-pt\/wp-json\/wp\/v2\/types\/page"}],"author":[{"embeddable":true,"href":"https:\/\/mavideniz.com.tr\/pt-pt\/wp-json\/wp\/v2\/users\/1"}],"replies":[{"embeddable":true,"href":"https:\/\/mavideniz.com.tr\/pt-pt\/wp-json\/wp\/v2\/comments?post=78148"}],"version-history":[{"count":0,"href":"https:\/\/mavideniz.com.tr\/pt-pt\/wp-json\/wp\/v2\/pages\/78148\/revisions"}],"up":[{"embeddable":true,"href":"https:\/\/mavideniz.com.tr\/pt-pt\/wp-json\/wp\/v2\/pages\/78138"}],"wp:attachment":[{"href":"https:\/\/mavideniz.com.tr\/pt-pt\/wp-json\/wp\/v2\/media?parent=78148"}],"curies":[{"name":"wp","href":"https:\/\/api.w.org\/{rel}","templated":true}]}}