{"id":78149,"date":"2025-05-04T12:59:17","date_gmt":"2025-05-04T12:59:17","guid":{"rendered":"https:\/\/mavideniz.com.tr\/?page_id=78149"},"modified":"2025-10-05T00:07:17","modified_gmt":"2025-10-05T00:07:17","slug":"nossa-embarcacao-barco-disponivel-para-venda-_-aluguel","status":"publish","type":"page","link":"https:\/\/mavideniz.com.tr\/pt-pt\/referencia-mundial-docx\/nossa-embarcacao-barco-disponivel-para-venda-_-aluguel\/","title":{"rendered":"Nossa Embarca\u00e7\u00e3o + Barco &#8211; Dispon\u00edvel para Venda _ Aluguel"},"content":{"rendered":"<p>A Mavi Deniz \u00e9 l\u00edder mundial no dom\u00ednio dos barcos ecol\u00f3gicos para navios de limpeza de \u00e1guas e antipolui\u00e7\u00e3o para o rio, lago, mar e offshore, no que diz respeito \u00e0 resposta, preven\u00e7\u00e3o, recolha e recupera\u00e7\u00e3o de derrames de petr\u00f3leo, algas e plantas aqu\u00e1ticas, lixo flutuante\/semisubmerso, e recolha, elimina\u00e7\u00e3o e, quando aplic\u00e1vel, processamento de todos os res\u00edduos gerados em navios abrangidos pela MARPOL 73\/78 provenientes de navios no porto. Abaixo est\u00e1 uma lista dos navios de propriedade, operados e gerenciados pela Mavi Deniz. As nossas zonas de opera\u00e7\u00e3o da frota s\u00e3o o Mar de M\u00e1rmara, o Mar Negro, o Mar Egeu e o Mar Mediterr\u00e2neo.<\/p>\n\n","protected":false},"excerpt":{"rendered":"<p>A Mavi Deniz \u00e9 l\u00edder mundial no dom\u00ednio dos barcos ecol\u00f3gicos para navios de limpeza de \u00e1guas e antipolui\u00e7\u00e3o para [&hellip;]<\/p>\n","protected":false},"author":1,"featured_media":0,"parent":78138,"menu_order":0,"comment_status":"closed","ping_status":"closed","template":"","meta":{"site-sidebar-layout":"default","site-content-layout":"","ast-site-content-layout":"default","site-content-style":"default","site-sidebar-style":"default","ast-global-header-display":"","ast-banner-title-visibility":"","ast-main-header-display":"","ast-hfb-above-header-display":"","ast-hfb-below-header-display":"","ast-hfb-mobile-header-display":"","site-post-title":"","ast-breadcrumbs-content":"","ast-featured-img":"","footer-sml-layout":"","ast-disable-related-posts":"","theme-transparent-header-meta":"","adv-header-id-meta":"","stick-header-meta":"","header-above-stick-meta":"","header-main-stick-meta":"","header-below-stick-meta":"","astra-migrate-meta-layouts":"default","ast-page-background-enabled":"default","ast-page-background-meta":{"desktop":{"background-color":"var(--ast-global-color-5)","background-image":"","background-repeat":"repeat","background-position":"center center","background-size":"auto","background-attachment":"scroll","background-type":"","background-media":"","overlay-type":"","overlay-color":"","overlay-opacity":"","overlay-gradient":""},"tablet":{"background-color":"","background-image":"","background-repeat":"repeat","background-position":"center center","background-size":"auto","background-attachment":"scroll","background-type":"","background-media":"","overlay-type":"","overlay-color":"","overlay-opacity":"","overlay-gradient":""},"mobile":{"background-color":"","background-image":"","background-repeat":"repeat","background-position":"center center","background-size":"auto","background-attachment":"scroll","background-type":"","background-media":"","overlay-type":"","overlay-color":"","overlay-opacity":"","overlay-gradient":""}},"ast-content-background-meta":{"desktop":{"background-color":"var(--ast-global-color-4)","background-image":"","background-repeat":"repeat","background-position":"center center","background-size":"auto","background-attachment":"scroll","background-type":"","background-media":"","overlay-type":"","overlay-color":"","overlay-opacity":"","overlay-gradient":""},"tablet":{"background-color":"var(--ast-global-color-4)","background-image":"","background-repeat":"repeat","background-position":"center center","background-size":"auto","background-attachment":"scroll","background-type":"","background-media":"","overlay-type":"","overlay-color":"","overlay-opacity":"","overlay-gradient":""},"mobile":{"background-color":"var(--ast-global-color-4)","background-image":"","background-repeat":"repeat","background-position":"center center","background-size":"auto","background-attachment":"scroll","background-type":"","background-media":"","overlay-type":"","overlay-color":"","overlay-opacity":"","overlay-gradient":""}},"footnotes":""},"class_list":["post-78149","page","type-page","status-publish","hentry"],"_links":{"self":[{"href":"https:\/\/mavideniz.com.tr\/pt-pt\/wp-json\/wp\/v2\/pages\/78149","targetHints":{"allow":["GET"]}}],"collection":[{"href":"https:\/\/mavideniz.com.tr\/pt-pt\/wp-json\/wp\/v2\/pages"}],"about":[{"href":"https:\/\/mavideniz.com.tr\/pt-pt\/wp-json\/wp\/v2\/types\/page"}],"author":[{"embeddable":true,"href":"https:\/\/mavideniz.com.tr\/pt-pt\/wp-json\/wp\/v2\/users\/1"}],"replies":[{"embeddable":true,"href":"https:\/\/mavideniz.com.tr\/pt-pt\/wp-json\/wp\/v2\/comments?post=78149"}],"version-history":[{"count":0,"href":"https:\/\/mavideniz.com.tr\/pt-pt\/wp-json\/wp\/v2\/pages\/78149\/revisions"}],"up":[{"embeddable":true,"href":"https:\/\/mavideniz.com.tr\/pt-pt\/wp-json\/wp\/v2\/pages\/78138"}],"wp:attachment":[{"href":"https:\/\/mavideniz.com.tr\/pt-pt\/wp-json\/wp\/v2\/media?parent=78149"}],"curies":[{"name":"wp","href":"https:\/\/api.w.org\/{rel}","templated":true}]}}