{"id":78156,"date":"2025-05-04T13:01:34","date_gmt":"2025-05-04T13:01:34","guid":{"rendered":"https:\/\/mavideniz.com.tr\/?page_id=78156"},"modified":"2025-10-05T00:07:17","modified_gmt":"2025-10-05T00:07:17","slug":"producao-sustentavel-servicos-2","status":"publish","type":"page","link":"https:\/\/mavideniz.com.tr\/pt-pt\/referencia-mundial-docx\/producao-sustentavel-servicos-2\/","title":{"rendered":"Produ\u00e7\u00e3o Sustent\u00e1vel + Servi\u00e7os"},"content":{"rendered":"<p><br \/>\nProdutos e servi\u00e7os sustent\u00e1veis geram benef\u00edcios sociais ou ambientais mensur\u00e1veis, juntamente com retornos financeiros, criando valor a longo prazo para os acionistas e a sociedade. Com toda a nossa cadeia de valor e contribuir para uma economia circular. Nossas solu\u00e7\u00f5es inovadoras nos permitem projetar e fabricar produtos mais seguros e sustent\u00e1veis, reduzir o desperd\u00edcio, minimizar os riscos ambientais, aumentar a sa\u00fade e a seguran\u00e7a e demonstrar rastreabilidade e sustentabilidade em todas as cadeias de fornecimento.<\/p>\n<p>A Mavi Deniz fabrica produtos, m\u00e1quinas, instala\u00e7\u00f5es, equipamentos e embarca\u00e7\u00f5es potentes. Usando processos log\u00edsticos inovadores, tecnologias modernas de fabrica\u00e7\u00e3o e sistemas de produ\u00e7\u00e3o eficientes, os funcion\u00e1rios qualificados definem padr\u00f5es uniformes dentro do processo de fabrica\u00e7\u00e3o com os mais altos padr\u00f5es de qualidade, efici\u00eancia e sustentabilidade ambiental.<\/p>\n","protected":false},"excerpt":{"rendered":"<p>Produtos e servi\u00e7os sustent\u00e1veis geram benef\u00edcios sociais ou ambientais mensur\u00e1veis, juntamente com retornos financeiros, criando valor a longo prazo para [&hellip;]<\/p>\n","protected":false},"author":1,"featured_media":0,"parent":78138,"menu_order":0,"comment_status":"closed","ping_status":"closed","template":"","meta":{"site-sidebar-layout":"default","site-content-layout":"","ast-site-content-layout":"default","site-content-style":"default","site-sidebar-style":"default","ast-global-header-display":"","ast-banner-title-visibility":"","ast-main-header-display":"","ast-hfb-above-header-display":"","ast-hfb-below-header-display":"","ast-hfb-mobile-header-display":"","site-post-title":"","ast-breadcrumbs-content":"","ast-featured-img":"","footer-sml-layout":"","ast-disable-related-posts":"","theme-transparent-header-meta":"","adv-header-id-meta":"","stick-header-meta":"","header-above-stick-meta":"","header-main-stick-meta":"","header-below-stick-meta":"","astra-migrate-meta-layouts":"default","ast-page-background-enabled":"default","ast-page-background-meta":{"desktop":{"background-color":"var(--ast-global-color-5)","background-image":"","background-repeat":"repeat","background-position":"center center","background-size":"auto","background-attachment":"scroll","background-type":"","background-media":"","overlay-type":"","overlay-color":"","overlay-opacity":"","overlay-gradient":""},"tablet":{"background-color":"","background-image":"","background-repeat":"repeat","background-position":"center center","background-size":"auto","background-attachment":"scroll","background-type":"","background-media":"","overlay-type":"","overlay-color":"","overlay-opacity":"","overlay-gradient":""},"mobile":{"background-color":"","background-image":"","background-repeat":"repeat","background-position":"center center","background-size":"auto","background-attachment":"scroll","background-type":"","background-media":"","overlay-type":"","overlay-color":"","overlay-opacity":"","overlay-gradient":""}},"ast-content-background-meta":{"desktop":{"background-color":"var(--ast-global-color-4)","background-image":"","background-repeat":"repeat","background-position":"center center","background-size":"auto","background-attachment":"scroll","background-type":"","background-media":"","overlay-type":"","overlay-color":"","overlay-opacity":"","overlay-gradient":""},"tablet":{"background-color":"var(--ast-global-color-4)","background-image":"","background-repeat":"repeat","background-position":"center center","background-size":"auto","background-attachment":"scroll","background-type":"","background-media":"","overlay-type":"","overlay-color":"","overlay-opacity":"","overlay-gradient":""},"mobile":{"background-color":"var(--ast-global-color-4)","background-image":"","background-repeat":"repeat","background-position":"center center","background-size":"auto","background-attachment":"scroll","background-type":"","background-media":"","overlay-type":"","overlay-color":"","overlay-opacity":"","overlay-gradient":""}},"footnotes":""},"class_list":["post-78156","page","type-page","status-publish","hentry"],"_links":{"self":[{"href":"https:\/\/mavideniz.com.tr\/pt-pt\/wp-json\/wp\/v2\/pages\/78156","targetHints":{"allow":["GET"]}}],"collection":[{"href":"https:\/\/mavideniz.com.tr\/pt-pt\/wp-json\/wp\/v2\/pages"}],"about":[{"href":"https:\/\/mavideniz.com.tr\/pt-pt\/wp-json\/wp\/v2\/types\/page"}],"author":[{"embeddable":true,"href":"https:\/\/mavideniz.com.tr\/pt-pt\/wp-json\/wp\/v2\/users\/1"}],"replies":[{"embeddable":true,"href":"https:\/\/mavideniz.com.tr\/pt-pt\/wp-json\/wp\/v2\/comments?post=78156"}],"version-history":[{"count":0,"href":"https:\/\/mavideniz.com.tr\/pt-pt\/wp-json\/wp\/v2\/pages\/78156\/revisions"}],"up":[{"embeddable":true,"href":"https:\/\/mavideniz.com.tr\/pt-pt\/wp-json\/wp\/v2\/pages\/78138"}],"wp:attachment":[{"href":"https:\/\/mavideniz.com.tr\/pt-pt\/wp-json\/wp\/v2\/media?parent=78156"}],"curies":[{"name":"wp","href":"https:\/\/api.w.org\/{rel}","templated":true}]}}