{"id":78163,"date":"2025-05-04T13:09:27","date_gmt":"2025-05-04T13:09:27","guid":{"rendered":"https:\/\/mavideniz.com.tr\/?page_id=78163"},"modified":"2025-10-05T00:07:17","modified_gmt":"2025-10-05T00:07:17","slug":"remocao-de-infestantes-aquaticos-hidrovias-barragens","status":"publish","type":"page","link":"https:\/\/mavideniz.com.tr\/pt-pt\/servicos\/remocao-de-infestantes-aquaticos-hidrovias-barragens\/","title":{"rendered":"Remo\u00e7\u00e3o de Infestantes Aqu\u00e1ticos &#8211; Hidrovias + Barragens"},"content":{"rendered":"\n<p>As plantas aqu\u00e1ticas servem uma variedade de usos em um sistema de \u00e1gua, alguns dos quais s\u00e3o vitais para a sa\u00fade geral do ambiente aqu\u00e1tico. In\u00fameras plantas aqu\u00e1ticas crescem em represas, riachos e cursos d&#8217;\u00e1gua; felizmente, a maioria raramente \u00e9 um problema. No entanto, as plantas aqu\u00e1ticas podem prosperar quando a \u00e1gua se torna rica em nutrientes at\u00e9 que se tornem um inc\u00f4modo ou sejam consideradas ervas daninhas.<\/p>\n<p>Algumas plantas aqu\u00e1ticas cumprem muitas fun\u00e7\u00f5es ben\u00e9ficas e desempenham um papel vital em ambientes aqu\u00e1ticos. A remo\u00e7\u00e3o dessas plantas pode destruir a qualidade da \u00e1gua e o h\u00e1bitat sem nenhum benef\u00edcio real. Muitas plantas de borda s\u00e3o essenciais em tamp\u00e3o de nutrientes, estabiliza\u00e7\u00e3o de bancos e aprisionamento de sedimentos. O oxig\u00eanio \u00e9 a qualidade mais cr\u00edtica da \u00e1gua<\/p>\n<p>e as plantas submersas ajudam a oxigenar a \u00e1gua. As plantas aqu\u00e1ticas desempenham igualmente um papel<\/p>\n<p>habitat para muitos organismos, especialmente aves, anf\u00edbios, peixes, insetos e outras pequenas criaturas de lagoas. Plantas flutuantes d\u00e3o sombra, reduzem a evapora\u00e7\u00e3o e mant\u00eam a temperatura da \u00e1gua constante.<\/p>\n<p>Em muitos casos, uma massa de \u00e1gua \u00e9 um ecossistema diversificado e equilibrado, e \u00e9 preciso ter cuidado para manter esse equil\u00edbrio em vantagem. O crescimento excessivo pode indicar um desequil\u00edbrio e levar a uma deteriora\u00e7\u00e3o do ecossistema.<\/p>\n<p><strong>Plantas aqu\u00e1ticas se tornam um problema.<\/strong><\/p>\n<ul>\n<li>Cobrir toda a superf\u00edcie da \u00e1gua, causando deple\u00e7\u00e3o de oxig\u00eanio &#8211; isso pode destruir o ecossistema abaixo da superf\u00edcie e matar esp\u00e9cies aqu\u00e1ticas.<\/li>\n<li>Esp\u00e9cies introduzidas competem com esp\u00e9cies nativas e reduzem biodiversidade<\/li>\n<li>Impacto no habitat aqu\u00e1tico das esp\u00e9cies de aves e provocam a sua deslocaliza\u00e7\u00e3o<\/li>\n<li>Interferir em atividades comerciais e recreativas<\/li>\n<li>Causa bloqueios ou impede a entrada de \u00e1gua no equipamento de bombeamento &#8211; gaiolas de malha podem ter que ser feitas para abrigar a v\u00e1lvula de p\u00e9 longe da erva daninha.<\/li>\n<\/ul>\n<p><strong>Solu\u00e7\u00f5es de Remo\u00e7\u00e3o Mec\u00e2nica e F\u00edsica<\/strong><\/p>\n<ul>\n<li>M\u00e1quina anf\u00edbia<\/li>\n<li>Colheitadeira de Ervas<\/li>\n<li>Draga M\u00faltipla<\/li>\n<li>Transportadora Mar\u00edtima<\/li>\n<li>Boom de Planta Aqu\u00e1tica<\/li>\n<\/ul>\n","protected":false},"excerpt":{"rendered":"<p>As plantas aqu\u00e1ticas servem uma variedade de usos em um sistema de \u00e1gua, alguns dos quais s\u00e3o vitais para a [&hellip;]<\/p>\n","protected":false},"author":1,"featured_media":0,"parent":78161,"menu_order":0,"comment_status":"closed","ping_status":"closed","template":"","meta":{"site-sidebar-layout":"default","site-content-layout":"","ast-site-content-layout":"default","site-content-style":"default","site-sidebar-style":"default","ast-global-header-display":"","ast-banner-title-visibility":"","ast-main-header-display":"","ast-hfb-above-header-display":"","ast-hfb-below-header-display":"","ast-hfb-mobile-header-display":"","site-post-title":"","ast-breadcrumbs-content":"","ast-featured-img":"","footer-sml-layout":"","ast-disable-related-posts":"","theme-transparent-header-meta":"","adv-header-id-meta":"","stick-header-meta":"","header-above-stick-meta":"","header-main-stick-meta":"","header-below-stick-meta":"","astra-migrate-meta-layouts":"default","ast-page-background-enabled":"default","ast-page-background-meta":{"desktop":{"background-color":"var(--ast-global-color-5)","background-image":"","background-repeat":"repeat","background-position":"center center","background-size":"auto","background-attachment":"scroll","background-type":"","background-media":"","overlay-type":"","overlay-color":"","overlay-opacity":"","overlay-gradient":""},"tablet":{"background-color":"","background-image":"","background-repeat":"repeat","background-position":"center center","background-size":"auto","background-attachment":"scroll","background-type":"","background-media":"","overlay-type":"","overlay-color":"","overlay-opacity":"","overlay-gradient":""},"mobile":{"background-color":"","background-image":"","background-repeat":"repeat","background-position":"center center","background-size":"auto","background-attachment":"scroll","background-type":"","background-media":"","overlay-type":"","overlay-color":"","overlay-opacity":"","overlay-gradient":""}},"ast-content-background-meta":{"desktop":{"background-color":"var(--ast-global-color-4)","background-image":"","background-repeat":"repeat","background-position":"center center","background-size":"auto","background-attachment":"scroll","background-type":"","background-media":"","overlay-type":"","overlay-color":"","overlay-opacity":"","overlay-gradient":""},"tablet":{"background-color":"var(--ast-global-color-4)","background-image":"","background-repeat":"repeat","background-position":"center center","background-size":"auto","background-attachment":"scroll","background-type":"","background-media":"","overlay-type":"","overlay-color":"","overlay-opacity":"","overlay-gradient":""},"mobile":{"background-color":"var(--ast-global-color-4)","background-image":"","background-repeat":"repeat","background-position":"center center","background-size":"auto","background-attachment":"scroll","background-type":"","background-media":"","overlay-type":"","overlay-color":"","overlay-opacity":"","overlay-gradient":""}},"footnotes":""},"class_list":["post-78163","page","type-page","status-publish","hentry"],"_links":{"self":[{"href":"https:\/\/mavideniz.com.tr\/pt-pt\/wp-json\/wp\/v2\/pages\/78163","targetHints":{"allow":["GET"]}}],"collection":[{"href":"https:\/\/mavideniz.com.tr\/pt-pt\/wp-json\/wp\/v2\/pages"}],"about":[{"href":"https:\/\/mavideniz.com.tr\/pt-pt\/wp-json\/wp\/v2\/types\/page"}],"author":[{"embeddable":true,"href":"https:\/\/mavideniz.com.tr\/pt-pt\/wp-json\/wp\/v2\/users\/1"}],"replies":[{"embeddable":true,"href":"https:\/\/mavideniz.com.tr\/pt-pt\/wp-json\/wp\/v2\/comments?post=78163"}],"version-history":[{"count":0,"href":"https:\/\/mavideniz.com.tr\/pt-pt\/wp-json\/wp\/v2\/pages\/78163\/revisions"}],"up":[{"embeddable":true,"href":"https:\/\/mavideniz.com.tr\/pt-pt\/wp-json\/wp\/v2\/pages\/78161"}],"wp:attachment":[{"href":"https:\/\/mavideniz.com.tr\/pt-pt\/wp-json\/wp\/v2\/media?parent=78163"}],"curies":[{"name":"wp","href":"https:\/\/api.w.org\/{rel}","templated":true}]}}