{"id":78167,"date":"2025-05-04T13:10:40","date_gmt":"2025-05-04T13:10:40","guid":{"rendered":"https:\/\/mavideniz.com.tr\/?page_id=78167"},"modified":"2025-10-05T00:07:17","modified_gmt":"2025-10-05T00:07:17","slug":"agua-subterranea-remediacao-do-solo","status":"publish","type":"page","link":"https:\/\/mavideniz.com.tr\/pt-pt\/servicos\/remediacao-ambiental\/agua-subterranea-remediacao-do-solo\/","title":{"rendered":"\u00c1gua Subterr\u00e2nea + Remedia\u00e7\u00e3o do Solo"},"content":{"rendered":"\n<p>A remedia\u00e7\u00e3o do solo remove contaminantes do solo &#8211; hidrocarbonetos, metais pesados e creosoto &#8211; todos os problemas presentes dos propriet\u00e1rios. Existem diferentes m\u00e9todos de fixa\u00e7\u00e3o do solo. A remedia\u00e7\u00e3o do solo pode ser feita usando meios naturais, como certos tipos de bact\u00e9rias. Al\u00e9m disso, a remedia\u00e7\u00e3o t\u00e9rmica do solo, a dispers\u00e3o de ar e o encapsulamento podem ser eficazes. O tipo mais imediato de remedia\u00e7\u00e3o \u00e9 a remo\u00e7\u00e3o do solo contaminado e a substitui\u00e7\u00e3o pelo enchimento limpo. A contamina\u00e7\u00e3o do solo tem efeitos profundos, a longo prazo e prejudiciais nos ecossistemas e na propriedade. Muitos animais absorvem a contamina\u00e7\u00e3o do solo de uma forma, e a contamina\u00e7\u00e3o do solo pode causar grandes perdas. Isso, por sua vez, pode causar mais problemas. Os seres humanos podem ficar permanentemente doentes devido \u00e0 contamina\u00e7\u00e3o do solo.<\/p>\n<p>A Corre\u00e7\u00e3o de \u00e1gua para \u00e1guas subterr\u00e2neas contaminadas por vazamentos ou vazamentos acidentais e produtos qu\u00edmicos envolvidos na polui\u00e7\u00e3o do solo s\u00e3o hidrocarbonetos de petr\u00f3leo, pesticidas, chumbo e outros metais pesados. A contamina\u00e7\u00e3o do solo tamb\u00e9m pode ocorrer devido \u00e0 ruptura dos tanques de armazenamento subterr\u00e2neos ou \u00e0 lixivia\u00e7\u00e3o de res\u00edduos dos aterros. Minera\u00e7\u00e3o, aplica\u00e7\u00e3o de fertilizantes, descarte de \u00f3leo e combust\u00edvel, pesticidas, cianeto, vol\u00e1teis, creosoto e muitas outras quest\u00f5es ambientais. Solo contaminado, descontamina\u00e7\u00e3o de \u00e1guas subterr\u00e2neas, descontamina\u00e7\u00e3o de \u00e1guas superficiais ap\u00f3s incidentes de derrame ou desativa\u00e7\u00e3o do local.<\/p>\n<p>A remedia\u00e7\u00e3o das \u00e1guas superficiais \u00e9 muito semelhante \u00e0 remedia\u00e7\u00e3o das \u00e1guas subterr\u00e2neas, exceto que \u00e9 muito mais f\u00e1cil acessar a \u00e1gua acima do solo. A \u00e1gua de superf\u00edcie \u00e9 exposta a muitos elementos diferentes. Ainda assim, a \u00e1gua \u00e9 um criadouro natural para insetos, bact\u00e9rias e outras coisas que geralmente s\u00e3o prejudiciais aos seres humanos. A remedia\u00e7\u00e3o das \u00e1guas superficiais \u00e9 importante porque os seres humanos s\u00e3o mais propensos a entrar em contato com as \u00e1guas superficiais do que com as \u00e1guas subterr\u00e2neas. Problemas s\u00e3o um pouco mais simples de encontrar, e pode ser um pouco mais f\u00e1cil cuidar deles.<\/p>\n<p>Remedia\u00e7\u00e3o de sedimentos \u00e9 uma mistura de \u00e1gua e remedia\u00e7\u00e3o do solo. Quando voc\u00ea mistura os dois, novas circunst\u00e2ncias s\u00e3o criadas e, portanto, novos problemas podem surgir. Os sedimentos contaminados, como o solo, a areia, a mat\u00e9ria org\u00e2nica ou outros materiais, acumulam-se em n\u00edveis elevados no fundo de uma massa de \u00e1gua contendo materiais t\u00f3xicos. A remedia\u00e7\u00e3o dos sedimentos pode afetar tanto a \u00e1gua quanto o solo.<\/p>\n<p><strong>Alguns locais de opera\u00e7\u00f5es de reabilita\u00e7\u00e3o do solo<\/strong><\/p>\n<ul>\n<li>Ambientes urbanos<\/li>\n<li>Recria\u00e7\u00e3o de Brownfield<\/li>\n<li>Minera\u00e7\u00e3o urbana<\/li>\n<li>Zonas de extra\u00e7\u00e3o mineira e de mat\u00e9rias-primas<\/li>\n<li>Minas de carv\u00e3o a c\u00e9u aberto<br \/>\nEscombreiras para minera\u00e7\u00e3o<\/li>\n<li>Terrenos mineiros que tenham diminu\u00eddo<\/li>\n<li>Pedreiras e minas a c\u00e9u aberto<\/li>\n<li>Turfeiras<\/li>\n<li>Petr\u00f3leo Bruto<\/li>\n<\/ul>\n<p><strong>Alguns dos nossos m\u00e9todos de remedia\u00e7\u00e3o do solo:<\/strong><\/p>\n<ul>\n<li><strong>Os<\/strong> m\u00e9todos de<strong> descontamina\u00e7\u00e3o qu\u00edmica<\/strong> geralmente se concentram na oxida\u00e7\u00e3o qu\u00edmica, em que oxidantes qu\u00edmicos reativos s\u00e3o injetados no solo e nas \u00e1guas subterr\u00e2neas para destrui\u00e7\u00e3o r\u00e1pida e completa de contaminantes.<\/li>\n<li><strong>A estabiliza\u00e7\u00e3o do solo<\/strong> reduz os riscos de contamina\u00e7\u00e3o, bloqueando eficazmente os contaminantes no solo. Ela pode ser obtida de duas maneiras: primeiro, modificando a impureza do solo para uma forma menos perigosa; segundo, atrav\u00e9s da solidifica\u00e7\u00e3o, reduzindo a mobilidade do poluente e ligando-o ao local para que n\u00e3o alcance nenhum receptor.<\/li>\n<li><strong>A lavagem do solo<\/strong> elimina contaminantes perigosos ao lavar o solo com uma solu\u00e7\u00e3o de lavagem l\u00edquida. Durante este processo, os solos de gr\u00e3o fino, como limos e argilas, s\u00e3o lavados com poluentes, que s\u00e3o mais propensos a se ligarem a solos finos. Assim, as finas contaminadas s\u00e3o separadas dos solos limpos de gr\u00e3os grosseiros, como areias e cascalhos, que podem ser reutilizados com seguran\u00e7a. A lavagem do solo n\u00e3o destr\u00f3i nem remove os contaminantes; portanto, o solo contaminado deve ser eliminado em uma instala\u00e7\u00e3o licenciada.<\/li>\n<li><strong>A remedia\u00e7\u00e3o t\u00e9rmica do solo<\/strong> \u00e9 um m\u00e9todo que remove tipos espec\u00edficos de contaminantes que s\u00e3o melhor removidos submetendo o solo a altas temperaturas. Este processo \u00e9 normalmente reservado para o solo contaminado com \u00e1gua contaminada ou compostos de hidrocarbonetos, como petr\u00f3leo ou outros produtos petrol\u00edferos. Normalmente, isso ocorre em um forno, alimentado pela correia transportadora.<\/li>\n<li><strong>A<\/strong> corre\u00e7\u00e3o de<strong> encapsulamento<\/strong> separa em vez de filtr\u00e1-las. Essencialmente, o encapsulamento garante que os poluentes n\u00e3o possam se espalhar mais do que j\u00e1 t\u00eam, o que funciona como uma quarentena m\u00e9dica.<\/li>\n<li><strong>A dispers\u00e3o de ar<\/strong> envolve a inje\u00e7\u00e3o de grandes quantidades de ar em um estrato de solo contaminado para for\u00e7ar os vapores org\u00e2nicos para fora a serem tratados por filtragem de carbono. Ao contr\u00e1rio de outros m\u00e9todos, a pulveriza\u00e7\u00e3o do ar deve ser aplicada diretamente no solo em vez de no solo extra\u00eddo de uma unidade de tratamento. O sparging de ar \u00e9 comumente usado para remover poluentes de hidrocarbonetos, mas \u00e9 melhor usado em casos em que o solo n\u00e3o pode ser removido do local.<\/li>\n<li><strong>A biorremedia\u00e7\u00e3o<\/strong> tamb\u00e9m \u00e9 uma t\u00e9cnica de remedia\u00e7\u00e3o in situ, mas utiliza um mecanismo biol\u00f3gico, em vez de um m\u00e9todo de filtragem mec\u00e2nica para a remo\u00e7\u00e3o de contaminantes. O solo contaminado \u00e9 tratado in situ mediante a aplica\u00e7\u00e3o de bact\u00e9rias aer\u00f3bias e anaer\u00f3bias artificiais que se alimentam do contaminante espec\u00edfico com o qual uma parcela de solo est\u00e1 contaminada.<\/li>\n<li><strong>Um escumador de \u00f3leo de po\u00e7o de monitoramento<\/strong> repara v\u00e1rios \u00f3leos, variando de \u00f3leos leves como gasolina, diesel leve ou querosene para produtos pesados como \u00f3leo n\u00ba 6, creosoto e alcatr\u00e3o de carv\u00e3o. Consiste numa correia em movimento cont\u00ednuo sobre um sistema de polias acionado por um motor el\u00e9trico. O material da correia tem uma forte afinidade por l\u00edquidos hidrocarbonados e por \u00e1gua de derramamento. \u00c0 medida que a correia se move atrav\u00e9s dessa interface, ela pega o contaminante de hidrocarbonetos l\u00edquidos, que \u00e9 removido e coletado no n\u00edvel do solo \u00e0 medida que a correia passa por um mecanismo de limpador. Na medida em que os hidrocarbonetos se depositam no fundo dos po\u00e7os de monitoriza\u00e7\u00e3o e a roldana inferior do escumador da cintura os atinge, estes contaminantes tamb\u00e9m podem ser removidos por um escumador de \u00f3leo do po\u00e7o de monitoriza\u00e7\u00e3o.<\/li>\n<li><strong>A extra\u00e7\u00e3o a v\u00e1cuo em fase dupla (DPVE)<\/strong>, tamb\u00e9m conhecida como extra\u00e7\u00e3o multif\u00e1sica, \u00e9 uma tecnologia que utiliza um sistema de alto v\u00e1cuo para remover \u00e1guas subterr\u00e2neas contaminadas e vapor do solo. Em sistemas DPVE, um po\u00e7o de extra\u00e7\u00e3o de alto v\u00e1cuo \u00e9 instalado com sua se\u00e7\u00e3o filtrada nos solos contaminados e na zona de \u00e1guas subterr\u00e2neas. Os sistemas de extra\u00e7\u00e3o de l\u00edquido\/vapor deprimem o len\u00e7ol fre\u00e1tico e a \u00e1gua flui mais rapidamente para o po\u00e7o de extra\u00e7\u00e3o. DPVE remove contaminantes de cima e abaixo do len\u00e7ol fre\u00e1tico. \u00c0 medida que o len\u00e7ol fre\u00e1tico ao redor do po\u00e7o \u00e9 reduzido por bombeamento, solo insaturado \u00e9 exposto.<\/li>\n<\/ul>\n","protected":false},"excerpt":{"rendered":"<p>A remedia\u00e7\u00e3o do solo remove contaminantes do solo &#8211; hidrocarbonetos, metais pesados e creosoto &#8211; todos os problemas presentes dos [&hellip;]<\/p>\n","protected":false},"author":1,"featured_media":0,"parent":78165,"menu_order":0,"comment_status":"closed","ping_status":"closed","template":"","meta":{"site-sidebar-layout":"default","site-content-layout":"","ast-site-content-layout":"default","site-content-style":"default","site-sidebar-style":"default","ast-global-header-display":"","ast-banner-title-visibility":"","ast-main-header-display":"","ast-hfb-above-header-display":"","ast-hfb-below-header-display":"","ast-hfb-mobile-header-display":"","site-post-title":"","ast-breadcrumbs-content":"","ast-featured-img":"","footer-sml-layout":"","ast-disable-related-posts":"","theme-transparent-header-meta":"","adv-header-id-meta":"","stick-header-meta":"","header-above-stick-meta":"","header-main-stick-meta":"","header-below-stick-meta":"","astra-migrate-meta-layouts":"default","ast-page-background-enabled":"default","ast-page-background-meta":{"desktop":{"background-color":"var(--ast-global-color-5)","background-image":"","background-repeat":"repeat","background-position":"center center","background-size":"auto","background-attachment":"scroll","background-type":"","background-media":"","overlay-type":"","overlay-color":"","overlay-opacity":"","overlay-gradient":""},"tablet":{"background-color":"","background-image":"","background-repeat":"repeat","background-position":"center center","background-size":"auto","background-attachment":"scroll","background-type":"","background-media":"","overlay-type":"","overlay-color":"","overlay-opacity":"","overlay-gradient":""},"mobile":{"background-color":"","background-image":"","background-repeat":"repeat","background-position":"center center","background-size":"auto","background-attachment":"scroll","background-type":"","background-media":"","overlay-type":"","overlay-color":"","overlay-opacity":"","overlay-gradient":""}},"ast-content-background-meta":{"desktop":{"background-color":"var(--ast-global-color-4)","background-image":"","background-repeat":"repeat","background-position":"center center","background-size":"auto","background-attachment":"scroll","background-type":"","background-media":"","overlay-type":"","overlay-color":"","overlay-opacity":"","overlay-gradient":""},"tablet":{"background-color":"var(--ast-global-color-4)","background-image":"","background-repeat":"repeat","background-position":"center center","background-size":"auto","background-attachment":"scroll","background-type":"","background-media":"","overlay-type":"","overlay-color":"","overlay-opacity":"","overlay-gradient":""},"mobile":{"background-color":"var(--ast-global-color-4)","background-image":"","background-repeat":"repeat","background-position":"center center","background-size":"auto","background-attachment":"scroll","background-type":"","background-media":"","overlay-type":"","overlay-color":"","overlay-opacity":"","overlay-gradient":""}},"footnotes":""},"class_list":["post-78167","page","type-page","status-publish","hentry"],"_links":{"self":[{"href":"https:\/\/mavideniz.com.tr\/pt-pt\/wp-json\/wp\/v2\/pages\/78167","targetHints":{"allow":["GET"]}}],"collection":[{"href":"https:\/\/mavideniz.com.tr\/pt-pt\/wp-json\/wp\/v2\/pages"}],"about":[{"href":"https:\/\/mavideniz.com.tr\/pt-pt\/wp-json\/wp\/v2\/types\/page"}],"author":[{"embeddable":true,"href":"https:\/\/mavideniz.com.tr\/pt-pt\/wp-json\/wp\/v2\/users\/1"}],"replies":[{"embeddable":true,"href":"https:\/\/mavideniz.com.tr\/pt-pt\/wp-json\/wp\/v2\/comments?post=78167"}],"version-history":[{"count":0,"href":"https:\/\/mavideniz.com.tr\/pt-pt\/wp-json\/wp\/v2\/pages\/78167\/revisions"}],"up":[{"embeddable":true,"href":"https:\/\/mavideniz.com.tr\/pt-pt\/wp-json\/wp\/v2\/pages\/78165"}],"wp:attachment":[{"href":"https:\/\/mavideniz.com.tr\/pt-pt\/wp-json\/wp\/v2\/media?parent=78167"}],"curies":[{"name":"wp","href":"https:\/\/api.w.org\/{rel}","templated":true}]}}