{"id":78169,"date":"2025-05-04T13:11:25","date_gmt":"2025-05-04T13:11:25","guid":{"rendered":"https:\/\/mavideniz.com.tr\/?page_id=78169"},"modified":"2025-10-05T00:07:16","modified_gmt":"2025-10-05T00:07:16","slug":"remediacao-de-sedimentos","status":"publish","type":"page","link":"https:\/\/mavideniz.com.tr\/pt-pt\/servicos\/remediacao-ambiental\/remediacao-de-sedimentos\/","title":{"rendered":"Remedia\u00e7\u00e3o de Sedimentos"},"content":{"rendered":"\n<p>Os sedimentos s\u00e3o materiais naturais degradados pelo intemperismo e pela eros\u00e3o. \u00c9 subsequentemente transportado pelo vento, \u00e1gua ou gelo ou pela for\u00e7a da gravidade que atua sobre as part\u00edculas. Por exemplo, a areia e o lodo podem ser suspensos na \u00e1gua dos rios e chegar ao fundo do mar depositado pela sedimenta\u00e7\u00e3o; se enterrados, eles podem eventualmente se tornar arenito e lodo (rochas sedimentares) atrav\u00e9s da litifica\u00e7\u00e3o.<\/p>\n<p>O fluxo natural de \u00e1gua geralmente causa dragagem regular de vias naveg\u00e1veis locais. Al\u00e9m da minera\u00e7\u00e3o, o uso mais comum para uma dragagem \u00e9 a dragagem de reservat\u00f3rios. Algumas cidades e munic\u00edpios obt\u00eam a \u00e1gua da comunidade a partir de reservat\u00f3rios a c\u00e9u aberto. \u00c0s vezes, esses reservat\u00f3rios se assam ou se contaminam com o material. A dragagem \u00e9 uma forma eficiente e eficaz de manter estas reservas limpas.<\/p>\n<p>Os sedimentos s\u00e3o frequentemente transportados por \u00e1gua (processos fluviais), vento (processos e\u00f3licos) e geleiras. Areias de praia e dep\u00f3sitos de canais fluviais s\u00e3o exemplos fluviais de transporte e deposi\u00e7\u00e3o, embora os sedimentos muitas vezes se assentem de \u00e1guas lentas ou estagnadas em lagos e oceanos. Dunas do deserto e loess s\u00e3o exemplos de transporte e deposi\u00e7\u00e3o de e\u00f3lias. Dep\u00f3sitos de mora\u00edna glacial e at\u00e9 s\u00e3o sedimentos transportados pelo gelo.<\/p>\n<p><strong>Alguns de nossos recursos e tecnologias de limpeza:<\/strong><\/p>\n<ul>\n<li><strong>O tratamento in situ<\/strong> geralmente envolve a adi\u00e7\u00e3o de altera\u00e7\u00f5es ao tratamento para acelerar a remo\u00e7\u00e3o de contaminantes ou imobilizar o contaminante. Modifica\u00e7\u00f5es para o tratamento de sedimentos incluem argila organof\u00edlica, ze\u00f3litos, bauxita, \u00f3xido\/hidr\u00f3xido de ferro, apatita e ferro zero-valente. No entanto, a abordagem mais comum \u00e9 o carv\u00e3o ativado (AC) como uma camada fina ou incorporada no sedimento.<\/li>\n<li><strong>A recupera\u00e7\u00e3o natural monitorada<\/strong> aproveita processos biol\u00f3gicos, incluindo o enterro natural de sedimentos contaminados com sedimentos limpos.<\/li>\n<li><strong>O tamp\u00e3o<\/strong> envolve a coloca\u00e7\u00e3o de material limpo sobre sedimentos contaminados. Quando os contaminantes est\u00e3o relativamente im\u00f3veis na deposi\u00e7\u00e3o, um capuz impede que a flora e a fauna os contatem. Um tamp\u00e3o relativamente imperme\u00e1vel pode impedir a descarga das \u00e1guas subterr\u00e2neas atrav\u00e9s dos sedimentos contaminados. Assim, a tampa desvia as \u00e1guas subterr\u00e2neas da \u00e1rea contaminada.<\/li>\n<li><strong>A dragagem ou escava\u00e7\u00e3o<\/strong> remove sedimentos contaminados de uma massa de \u00e1gua sem drenar ou desviar a \u00e1gua. A dragagem tamb\u00e9m remove uma certa quantidade de \u00e1gua do sedimento. Os dep\u00f3sitos s\u00e3o geralmente desidratados em terra, e a \u00e1gua \u00e9 geralmente tratada antes de ser descarregada de volta para o corpo de \u00e1gua ou obras p\u00fablicas de tratamento. Os sedimentos contaminados s\u00e3o eliminados num aterro ou numa instala\u00e7\u00e3o de elimina\u00e7\u00e3o confinada. Os sedimentos altamente contaminados podem ser tratados antes da elimina\u00e7\u00e3o.<\/li>\n<\/ul>\n<p><strong>Solu\u00e7\u00f5es de gerenciamento de riscos e planejamento de solu\u00e7\u00f5es<\/strong><\/p>\n<ul>\n<li>Planeamento estrat\u00e9gico e t\u00e9cnico<\/li>\n<li>Assist\u00eancia regulamentar\/do grupo de partes interessadas<\/li>\n<li>Custo<\/li>\n<li>Modela\u00e7\u00e3o emp\u00edrica e num\u00e9rica<\/li>\n<li>Avalia\u00e7\u00f5es dos riscos ecol\u00f3gicos e para a sa\u00fade humana<\/li>\n<li>Estudos em bancada e \u00e0 escala-piloto<\/li>\n<li>Desenvolvimento costeiro integrado e gest\u00e3o de sedimentos contaminados<\/li>\n<li>An\u00e1lise de alternativas corretivas<\/li>\n<li>Projeto de remedia\u00e7\u00e3o de sedimentos<\/li>\n<li>Servi\u00e7os de Engenharia de Corre\u00e7\u00e3o<\/li>\n<li>Fase I \/ Servi\u00e7os de avalia\u00e7\u00e3o do local<\/li>\n<li>Servi\u00e7os de avalia\u00e7\u00e3o de riscos e toxicologia<\/li>\n<li>Apresenta\u00e7\u00f5es visuais do rem\u00e9dio proposto e comunica\u00e7\u00f5es t\u00e9cnicas e de risco<\/li>\n<li>Permitir aquisi\u00e7\u00e3o<\/li>\n<li>Solu\u00e7\u00f5es de gerenciamento de constru\u00e7\u00e3o\/chave na m\u00e3o<\/li>\n<li>Restaura\u00e7\u00e3o do local<\/li>\n<li>Corrigir o monitoramento do desempenho<\/li>\n<li>Assist\u00eancia para avalia\u00e7\u00e3o de Danos a Recursos Naturais<\/li>\n<\/ul>\n","protected":false},"excerpt":{"rendered":"<p>Os sedimentos s\u00e3o materiais naturais degradados pelo intemperismo e pela eros\u00e3o. \u00c9 subsequentemente transportado pelo vento, \u00e1gua ou gelo ou [&hellip;]<\/p>\n","protected":false},"author":1,"featured_media":0,"parent":78165,"menu_order":0,"comment_status":"closed","ping_status":"closed","template":"","meta":{"site-sidebar-layout":"default","site-content-layout":"","ast-site-content-layout":"default","site-content-style":"default","site-sidebar-style":"default","ast-global-header-display":"","ast-banner-title-visibility":"","ast-main-header-display":"","ast-hfb-above-header-display":"","ast-hfb-below-header-display":"","ast-hfb-mobile-header-display":"","site-post-title":"","ast-breadcrumbs-content":"","ast-featured-img":"","footer-sml-layout":"","ast-disable-related-posts":"","theme-transparent-header-meta":"","adv-header-id-meta":"","stick-header-meta":"","header-above-stick-meta":"","header-main-stick-meta":"","header-below-stick-meta":"","astra-migrate-meta-layouts":"default","ast-page-background-enabled":"default","ast-page-background-meta":{"desktop":{"background-color":"var(--ast-global-color-5)","background-image":"","background-repeat":"repeat","background-position":"center center","background-size":"auto","background-attachment":"scroll","background-type":"","background-media":"","overlay-type":"","overlay-color":"","overlay-opacity":"","overlay-gradient":""},"tablet":{"background-color":"","background-image":"","background-repeat":"repeat","background-position":"center center","background-size":"auto","background-attachment":"scroll","background-type":"","background-media":"","overlay-type":"","overlay-color":"","overlay-opacity":"","overlay-gradient":""},"mobile":{"background-color":"","background-image":"","background-repeat":"repeat","background-position":"center center","background-size":"auto","background-attachment":"scroll","background-type":"","background-media":"","overlay-type":"","overlay-color":"","overlay-opacity":"","overlay-gradient":""}},"ast-content-background-meta":{"desktop":{"background-color":"var(--ast-global-color-4)","background-image":"","background-repeat":"repeat","background-position":"center center","background-size":"auto","background-attachment":"scroll","background-type":"","background-media":"","overlay-type":"","overlay-color":"","overlay-opacity":"","overlay-gradient":""},"tablet":{"background-color":"var(--ast-global-color-4)","background-image":"","background-repeat":"repeat","background-position":"center center","background-size":"auto","background-attachment":"scroll","background-type":"","background-media":"","overlay-type":"","overlay-color":"","overlay-opacity":"","overlay-gradient":""},"mobile":{"background-color":"var(--ast-global-color-4)","background-image":"","background-repeat":"repeat","background-position":"center center","background-size":"auto","background-attachment":"scroll","background-type":"","background-media":"","overlay-type":"","overlay-color":"","overlay-opacity":"","overlay-gradient":""}},"footnotes":""},"class_list":["post-78169","page","type-page","status-publish","hentry"],"_links":{"self":[{"href":"https:\/\/mavideniz.com.tr\/pt-pt\/wp-json\/wp\/v2\/pages\/78169","targetHints":{"allow":["GET"]}}],"collection":[{"href":"https:\/\/mavideniz.com.tr\/pt-pt\/wp-json\/wp\/v2\/pages"}],"about":[{"href":"https:\/\/mavideniz.com.tr\/pt-pt\/wp-json\/wp\/v2\/types\/page"}],"author":[{"embeddable":true,"href":"https:\/\/mavideniz.com.tr\/pt-pt\/wp-json\/wp\/v2\/users\/1"}],"replies":[{"embeddable":true,"href":"https:\/\/mavideniz.com.tr\/pt-pt\/wp-json\/wp\/v2\/comments?post=78169"}],"version-history":[{"count":0,"href":"https:\/\/mavideniz.com.tr\/pt-pt\/wp-json\/wp\/v2\/pages\/78169\/revisions"}],"up":[{"embeddable":true,"href":"https:\/\/mavideniz.com.tr\/pt-pt\/wp-json\/wp\/v2\/pages\/78165"}],"wp:attachment":[{"href":"https:\/\/mavideniz.com.tr\/pt-pt\/wp-json\/wp\/v2\/media?parent=78169"}],"curies":[{"name":"wp","href":"https:\/\/api.w.org\/{rel}","templated":true}]}}