{"id":78171,"date":"2025-05-04T13:12:10","date_gmt":"2025-05-04T13:12:10","guid":{"rendered":"https:\/\/mavideniz.com.tr\/?page_id=78171"},"modified":"2025-10-05T00:07:16","modified_gmt":"2025-10-05T00:07:16","slug":"remocao-do-tanque-de-armazenamento-subterraneo-descomissionamento","status":"publish","type":"page","link":"https:\/\/mavideniz.com.tr\/pt-pt\/servicos\/remediacao-ambiental\/remocao-do-tanque-de-armazenamento-subterraneo-descomissionamento\/","title":{"rendered":"Remo\u00e7\u00e3o do tanque de armazenamento subterr\u00e2neo + descomissionamento"},"content":{"rendered":"\n<p>A Mavi Deniz oferece um servi\u00e7o completo de desativa\u00e7\u00e3o de tanques para tanques subterr\u00e2neos e acima do solo, incluindo desgaseifica\u00e7\u00e3o e limpeza com remo\u00e7\u00e3o para instala\u00e7\u00f5es totalmente licenciadas. A Mavi Deniz presta aconselhamento profissional para o desmantelamento de tanques, tendo em conta os requisitos legais e ambientais locais.<\/p>\n<p>Os tanques de combust\u00edvel subterr\u00e2neos s\u00e3o uma fonte significativa de contamina\u00e7\u00e3o do solo e da \u00e1gua, levando a multas dispendiosas e trabalho de repara\u00e7\u00e3o ou alterando a sua configura\u00e7\u00e3o de armazenamento de combust\u00edvel. Nossa equipe de descomissionamento de tanques tem experi\u00eancia comprovada e est\u00e1 pronta e totalmente equipada para fornecer um alto n\u00edvel de servi\u00e7o. Os agentes s\u00e3o totalmente qualificados, treinados em procedimentos de sa\u00fade e seguran\u00e7a e equipados com o mais recente equipamento de seguran\u00e7a.<\/p>\n<p><strong>Podemos desativar todos os tipos e tamanhos de tanques redundantes, incluindo:<\/strong><\/p>\n<ul>\n<li>\u00d3leos para aquecimento<\/li>\n<li>Gas\u00f3leo<\/li>\n<li>\u00d3leos de cozinha<\/li>\n<li>Tanque de posto de gasolina<\/li>\n<li>\u00d3leo hidr\u00e1ulico<\/li>\n<li>Fuel\u00f3leo<\/li>\n<li>Fuel\u00f3leo pesado<\/li>\n<li>Qu\u00edmico, \u00e1cidos, \u00e1lcalis<\/li>\n<li>G\u00eaneros aliment\u00edcios + leite e cerveja<\/li>\n<\/ul>\n","protected":false},"excerpt":{"rendered":"<p>A Mavi Deniz oferece um servi\u00e7o completo de desativa\u00e7\u00e3o de tanques para tanques subterr\u00e2neos e acima do solo, incluindo desgaseifica\u00e7\u00e3o [&hellip;]<\/p>\n","protected":false},"author":1,"featured_media":0,"parent":78165,"menu_order":0,"comment_status":"closed","ping_status":"closed","template":"","meta":{"site-sidebar-layout":"default","site-content-layout":"","ast-site-content-layout":"default","site-content-style":"default","site-sidebar-style":"default","ast-global-header-display":"","ast-banner-title-visibility":"","ast-main-header-display":"","ast-hfb-above-header-display":"","ast-hfb-below-header-display":"","ast-hfb-mobile-header-display":"","site-post-title":"","ast-breadcrumbs-content":"","ast-featured-img":"","footer-sml-layout":"","ast-disable-related-posts":"","theme-transparent-header-meta":"","adv-header-id-meta":"","stick-header-meta":"","header-above-stick-meta":"","header-main-stick-meta":"","header-below-stick-meta":"","astra-migrate-meta-layouts":"default","ast-page-background-enabled":"default","ast-page-background-meta":{"desktop":{"background-color":"var(--ast-global-color-5)","background-image":"","background-repeat":"repeat","background-position":"center center","background-size":"auto","background-attachment":"scroll","background-type":"","background-media":"","overlay-type":"","overlay-color":"","overlay-opacity":"","overlay-gradient":""},"tablet":{"background-color":"","background-image":"","background-repeat":"repeat","background-position":"center center","background-size":"auto","background-attachment":"scroll","background-type":"","background-media":"","overlay-type":"","overlay-color":"","overlay-opacity":"","overlay-gradient":""},"mobile":{"background-color":"","background-image":"","background-repeat":"repeat","background-position":"center center","background-size":"auto","background-attachment":"scroll","background-type":"","background-media":"","overlay-type":"","overlay-color":"","overlay-opacity":"","overlay-gradient":""}},"ast-content-background-meta":{"desktop":{"background-color":"var(--ast-global-color-4)","background-image":"","background-repeat":"repeat","background-position":"center center","background-size":"auto","background-attachment":"scroll","background-type":"","background-media":"","overlay-type":"","overlay-color":"","overlay-opacity":"","overlay-gradient":""},"tablet":{"background-color":"var(--ast-global-color-4)","background-image":"","background-repeat":"repeat","background-position":"center center","background-size":"auto","background-attachment":"scroll","background-type":"","background-media":"","overlay-type":"","overlay-color":"","overlay-opacity":"","overlay-gradient":""},"mobile":{"background-color":"var(--ast-global-color-4)","background-image":"","background-repeat":"repeat","background-position":"center center","background-size":"auto","background-attachment":"scroll","background-type":"","background-media":"","overlay-type":"","overlay-color":"","overlay-opacity":"","overlay-gradient":""}},"footnotes":""},"class_list":["post-78171","page","type-page","status-publish","hentry"],"_links":{"self":[{"href":"https:\/\/mavideniz.com.tr\/pt-pt\/wp-json\/wp\/v2\/pages\/78171","targetHints":{"allow":["GET"]}}],"collection":[{"href":"https:\/\/mavideniz.com.tr\/pt-pt\/wp-json\/wp\/v2\/pages"}],"about":[{"href":"https:\/\/mavideniz.com.tr\/pt-pt\/wp-json\/wp\/v2\/types\/page"}],"author":[{"embeddable":true,"href":"https:\/\/mavideniz.com.tr\/pt-pt\/wp-json\/wp\/v2\/users\/1"}],"replies":[{"embeddable":true,"href":"https:\/\/mavideniz.com.tr\/pt-pt\/wp-json\/wp\/v2\/comments?post=78171"}],"version-history":[{"count":0,"href":"https:\/\/mavideniz.com.tr\/pt-pt\/wp-json\/wp\/v2\/pages\/78171\/revisions"}],"up":[{"embeddable":true,"href":"https:\/\/mavideniz.com.tr\/pt-pt\/wp-json\/wp\/v2\/pages\/78165"}],"wp:attachment":[{"href":"https:\/\/mavideniz.com.tr\/pt-pt\/wp-json\/wp\/v2\/media?parent=78171"}],"curies":[{"name":"wp","href":"https:\/\/api.w.org\/{rel}","templated":true}]}}