{"id":78175,"date":"2025-05-04T13:28:47","date_gmt":"2025-05-04T13:28:47","guid":{"rendered":"https:\/\/mavideniz.com.tr\/?page_id=78175"},"modified":"2025-10-05T00:07:15","modified_gmt":"2025-10-05T00:07:15","slug":"resposta-a-derramamento-de-oleo-no-mar","status":"publish","type":"page","link":"https:\/\/mavideniz.com.tr\/pt-pt\/servicos\/hns-e-resposta-e-prevencao-a-derrames-de-petroleo\/resposta-a-derramamento-de-oleo-no-mar\/","title":{"rendered":"Resposta a derramamento de \u00f3leo no mar"},"content":{"rendered":"\n<p>A MAVI DENIZ est\u00e1 localizada em Istambul, Turquia, e tem equipes de resposta em prontid\u00e3o permanente 24 horas por dia, 365 dias por ano, Servi\u00e7o de Resposta a Derramamentos de Petr\u00f3leo e Preven\u00e7\u00e3o de Derramamentos.<\/p>\n<p>A MAVI DENIZ \u00e9 a maior empresa de resposta a derramamentos de petr\u00f3leo e preven\u00e7\u00e3o de derramamentos de petr\u00f3leo da regi\u00e3o, com seus equipamentos e pessoal. Nossa empresa est\u00e1 totalmente equipada e desempenha um papel significativo na preven\u00e7\u00e3o e minimiza\u00e7\u00e3o da polui\u00e7\u00e3o ambiental causada por combust\u00edveis, \u00f3leos e produtos qu\u00edmicos que se espalham para o Mar devido a colis\u00e3o, inc\u00eandio ou aterramento.<\/p>\n<p>A equipe de resposta a derrames de petr\u00f3leo \u00e9 treinada para os mais altos padr\u00f5es da ind\u00fastria e realiza regularmente exerc\u00edcios no mar. No Mar, a equipe de resposta a derramamento de petr\u00f3leo pode responder a derramamentos de petr\u00f3leo no mar.<\/p>\n<p>Mavi Deniz est\u00e1 de prontid\u00e3o 24 horas por dia para responder a tais incidentes no Mar, rios, estu\u00e1rio ou costas. Desde a sua cria\u00e7\u00e3o, Mavi Deniz tem estado envolvido em quase todas as a\u00e7\u00f5es significativas de preven\u00e7\u00e3o e resposta a derrames marinhos na Turquia.<\/p>\n<p>A Mavi Deniz fornece suporte de standby de N\u00edvel 1, N\u00edvel 2 e N\u00edvel 3 para empresas portu\u00e1rias, mar\u00edtimas, de estaleiros, refinarias, de petr\u00f3leo, oleodutos, explora\u00e7\u00e3o de petr\u00f3leo\/g\u00e1s e produ\u00e7\u00e3o. Nossos equipamentos e navios tamb\u00e9m est\u00e3o dispon\u00edveis para contrata\u00e7\u00e3o como kits de N\u00edvel 1 ou N\u00edvel 2 ou de forma flex\u00edvel para complementar o invent\u00e1rio e os requisitos existentes do cliente por per\u00edodos curtos ou longos, dependendo das opera\u00e7\u00f5es. Todo o nosso equipamento \u00e9 certificado por B.V. ou equivalente e bem mantido de acordo com um procedimento de manuten\u00e7\u00e3o interna.<\/p>\n<p>Al\u00e9m disso, a experi\u00eancia da Mavi Deniz foi solicitada para ajudar os clientes ao longo do Mar Egeu, Mar Negro, Mar de M\u00e1rmara e Mar Mediterr\u00e2neo.<\/p>\n<p>A Mavi Deniz \u00e9 especializada em vazamentos de petr\u00f3leo em recupera\u00e7\u00e3o offshore \/ near-shore, limpeza da costa, ilumina\u00e7\u00e3o de carga e remo\u00e7\u00e3o de destro\u00e7os de salvamento.<\/p>\n<p>Quando o petr\u00f3leo \u00e9 derramado no Mar, os vazamentos de petr\u00f3leo se espalhar\u00e3o naturalmente, se fragmentar\u00e3o e se dispersar\u00e3o sob a influ\u00eancia do vento, das ondas e das correntes. A Mavi Deniz pode enviar imediatamente equipamentos dedicados de resposta a derramamentos e preven\u00e7\u00e3o de derramamento de \u00f3leo, incluindo os navios antipolui\u00e7\u00e3o altamente eficientes SEACAT em todo o mundo.<\/p>\n<p>A Mavi Deniz pode fornecer gerenciamento de projetos, m\u00e3o de obra contratada, equipamentos espec\u00edficos de resposta, fornecimento de material e op\u00e7\u00f5es de descarte em partes ou no todo conforme suas necessidades.<\/p>\n<p>A Mavi Deniz oferece servi\u00e7os completos relativos \u00e0 prote\u00e7\u00e3o e limpeza do ambiente marinho e \u00e0 resposta a derrames de petr\u00f3leo e produtos qu\u00edmicos.<\/p>\n<p>A Mavi Deniz \u00e9 a empresa privada mais significativa da regi\u00e3o em resposta a derramamentos de petr\u00f3leo em terra e no mar + preven\u00e7\u00e3o de derramamentos de petr\u00f3leo. Nossa experi\u00eancia se estende da resposta de derramamento de petr\u00f3leo marinho de grande escala \u00e0 resposta de pequenos materiais perigosos desconhecidos. A Mavi Deniz oferece pacotes completos para a resposta a derrames de petr\u00f3leo em \u00e1guas costeiras e offshore.<\/p>\n<p>Temos treinados gerentes, supervisores e t\u00e9cnicos dispon\u00edveis para ajudar com suas necessidades espec\u00edficas de resposta e os equipamentos e materiais para fornecer resposta imediata de emerg\u00eancia e preven\u00e7\u00e3o de derramamento de l\u00edquidos. Os curr\u00edculos espec\u00edficos da equipe e do projeto est\u00e3o dispon\u00edveis mediante solicita\u00e7\u00e3o e refer\u00eancias do cliente.<\/p>\n<p>Uma vez que o \u00f3leo \u00e9 derramado no Mar, ele vai naturalmente se espalhar, fragmentar e dispersar sob a influ\u00eancia do vento, ondas e correntes.<\/p>\n<p>Nossas rela\u00e7\u00f5es com a ind\u00fastria, as ag\u00eancias reguladoras e as preocupa\u00e7\u00f5es locais s\u00e3o inigual\u00e1veis. Poucas organiza\u00e7\u00f5es podem oferecer uma experi\u00eancia mais ampla.<\/p>\n<p><strong>Mavi Deniz oferece :<\/strong><\/p>\n<ul>\n<li>Resposta a derramamento de \u00f3leo de emerg\u00eancia 7 x 24 e preven\u00e7\u00e3o contra derramamento de \u00f3leo em incidentes<\/li>\n<li>Para evitar que o derrame atinja a costa,<\/li>\n<li>Reduzir o impacto na vida marinha<\/li>\n<li>Para acelerar a degrada\u00e7\u00e3o de qualquer \u00f3leo n\u00e3o recuperado.<\/li>\n<\/ul>\n<p>Dispersantes s\u00e3o agentes qu\u00edmicos (semelhantes a sab\u00f5es e detergentes) que ajudam a quebrar uma mancha de \u00f3leo em got\u00edculas min\u00fasculas, diluindo a \u00e1gua. Embora isso n\u00e3o remova o material derramado, part\u00edculas menores de \u00f3leo s\u00e3o mais facilmente biodegradadas, proporcionando uma medida de prote\u00e7\u00e3o para h\u00e1bitats sens\u00edveis amea\u00e7ados por uma mancha de superf\u00edcie. Dispersantes s\u00e3o pulverizados em vazamentos por barcos ou avi\u00f5es especialmente equipados.<\/p>\n<p>Os dispersantes, aplicados ao derramamento atrav\u00e9s de navios ou avi\u00f5es, podem efetivamente quebrar os vazamentos de \u00f3leo de m\u00e9dia ou m\u00e9dia densidade como um &#8220;polimento&#8221; final depois de outras op\u00e7\u00f5es de resposta terem sido usadas.<\/p>\n<p>Estamos equipados para realizar transfer\u00eancias de \u00f3leo de emerg\u00eancia, implementar medidas preventivas de polui\u00e7\u00e3o, como boom de conten\u00e7\u00e3o, alugar equipamentos de recupera\u00e7\u00e3o em standby e executar outros servi\u00e7os, como treinamento de resposta espec\u00edfico da empresa. Se voc\u00ea precisa de barcos de trabalho, rebocadores para o manuseio de plataformas de perfura\u00e7\u00e3o offshore, boias de conten\u00e7\u00e3o, para uma opera\u00e7\u00e3o de ilumina\u00e7\u00e3o, unidades de v\u00e1cuo, boias de costa para um projeto de limpeza de praia, ou dragas para a repara\u00e7\u00e3o do local, Mavi Deniz pode ajudar na concep\u00e7\u00e3o e instala\u00e7\u00e3o de um sistema que se adapte \u00e0s suas necessidades espec\u00edficas.<\/p>\n","protected":false},"excerpt":{"rendered":"<p>A MAVI DENIZ est\u00e1 localizada em Istambul, Turquia, e tem equipes de resposta em prontid\u00e3o permanente 24 horas por dia, [&hellip;]<\/p>\n","protected":false},"author":1,"featured_media":0,"parent":78173,"menu_order":0,"comment_status":"closed","ping_status":"closed","template":"","meta":{"site-sidebar-layout":"default","site-content-layout":"","ast-site-content-layout":"default","site-content-style":"default","site-sidebar-style":"default","ast-global-header-display":"","ast-banner-title-visibility":"","ast-main-header-display":"","ast-hfb-above-header-display":"","ast-hfb-below-header-display":"","ast-hfb-mobile-header-display":"","site-post-title":"","ast-breadcrumbs-content":"","ast-featured-img":"","footer-sml-layout":"","ast-disable-related-posts":"","theme-transparent-header-meta":"","adv-header-id-meta":"","stick-header-meta":"","header-above-stick-meta":"","header-main-stick-meta":"","header-below-stick-meta":"","astra-migrate-meta-layouts":"default","ast-page-background-enabled":"default","ast-page-background-meta":{"desktop":{"background-color":"var(--ast-global-color-5)","background-image":"","background-repeat":"repeat","background-position":"center center","background-size":"auto","background-attachment":"scroll","background-type":"","background-media":"","overlay-type":"","overlay-color":"","overlay-opacity":"","overlay-gradient":""},"tablet":{"background-color":"","background-image":"","background-repeat":"repeat","background-position":"center center","background-size":"auto","background-attachment":"scroll","background-type":"","background-media":"","overlay-type":"","overlay-color":"","overlay-opacity":"","overlay-gradient":""},"mobile":{"background-color":"","background-image":"","background-repeat":"repeat","background-position":"center center","background-size":"auto","background-attachment":"scroll","background-type":"","background-media":"","overlay-type":"","overlay-color":"","overlay-opacity":"","overlay-gradient":""}},"ast-content-background-meta":{"desktop":{"background-color":"var(--ast-global-color-4)","background-image":"","background-repeat":"repeat","background-position":"center center","background-size":"auto","background-attachment":"scroll","background-type":"","background-media":"","overlay-type":"","overlay-color":"","overlay-opacity":"","overlay-gradient":""},"tablet":{"background-color":"var(--ast-global-color-4)","background-image":"","background-repeat":"repeat","background-position":"center center","background-size":"auto","background-attachment":"scroll","background-type":"","background-media":"","overlay-type":"","overlay-color":"","overlay-opacity":"","overlay-gradient":""},"mobile":{"background-color":"var(--ast-global-color-4)","background-image":"","background-repeat":"repeat","background-position":"center center","background-size":"auto","background-attachment":"scroll","background-type":"","background-media":"","overlay-type":"","overlay-color":"","overlay-opacity":"","overlay-gradient":""}},"footnotes":""},"class_list":["post-78175","page","type-page","status-publish","hentry"],"_links":{"self":[{"href":"https:\/\/mavideniz.com.tr\/pt-pt\/wp-json\/wp\/v2\/pages\/78175","targetHints":{"allow":["GET"]}}],"collection":[{"href":"https:\/\/mavideniz.com.tr\/pt-pt\/wp-json\/wp\/v2\/pages"}],"about":[{"href":"https:\/\/mavideniz.com.tr\/pt-pt\/wp-json\/wp\/v2\/types\/page"}],"author":[{"embeddable":true,"href":"https:\/\/mavideniz.com.tr\/pt-pt\/wp-json\/wp\/v2\/users\/1"}],"replies":[{"embeddable":true,"href":"https:\/\/mavideniz.com.tr\/pt-pt\/wp-json\/wp\/v2\/comments?post=78175"}],"version-history":[{"count":0,"href":"https:\/\/mavideniz.com.tr\/pt-pt\/wp-json\/wp\/v2\/pages\/78175\/revisions"}],"up":[{"embeddable":true,"href":"https:\/\/mavideniz.com.tr\/pt-pt\/wp-json\/wp\/v2\/pages\/78173"}],"wp:attachment":[{"href":"https:\/\/mavideniz.com.tr\/pt-pt\/wp-json\/wp\/v2\/media?parent=78175"}],"curies":[{"name":"wp","href":"https:\/\/api.w.org\/{rel}","templated":true}]}}