{"id":78179,"date":"2025-05-04T13:29:59","date_gmt":"2025-05-04T13:29:59","guid":{"rendered":"https:\/\/mavideniz.com.tr\/?page_id=78179"},"modified":"2025-10-05T00:07:15","modified_gmt":"2025-10-05T00:07:15","slug":"resposta-a-derramamento-quimico-hazmat","status":"publish","type":"page","link":"https:\/\/mavideniz.com.tr\/pt-pt\/servicos\/hns-e-resposta-e-prevencao-a-derrames-de-petroleo\/resposta-a-derramamento-quimico-hazmat\/","title":{"rendered":"Resposta a derramamento qu\u00edmico &#8211; Hazmat"},"content":{"rendered":"\n<p>Os produtos qu\u00edmicos exigem cuidados especializados na manipula\u00e7\u00e3o e no transporte. Apesar disso, os acidentes podem e continuam a acontecer. A Mavi Deniz oferece servi\u00e7os de resposta a derrames qu\u00edmicos, todos dispon\u00edveis em standby permanente, exclusivamente dedicados a responder a derrames e vazamentos de produtos qu\u00edmicos para empresas de transporte, fabricantes de produtos qu\u00edmicos, empresas de petr\u00f3leo, ferrovias, ind\u00fastria a\u00e9rea, portos, servi\u00e7os p\u00fablicos e ag\u00eancias governamentais locais, estaduais e federais.<\/p>\n<p>A Mavi Deniz fornece servi\u00e7os de resposta qu\u00edmica de emerg\u00eancia 24 horas por dia, 7 dias por semana, incluindo avalia\u00e7\u00e3o do local e descontamina\u00e7\u00e3o de qualquer escala de incidentes qu\u00edmicos. Estamos usando os mais recentes m\u00e9todos e tecnologias de resposta a derrame de produtos qu\u00edmicos com nossas equipes profissionais. Coordenam habilmente agentes altamente treinados, mobilizando-se rapidamente para responder a qualquer situa\u00e7\u00e3o, seja longe no mar ou em um ponto crucial da infraestrutura de transporte, protegendo a seguran\u00e7a p\u00fablica e minimizando o impacto de um vazamento no meio ambiente.<\/p>\n<p>O transporte, processamento ou fabrica\u00e7\u00e3o de material radioativo \u00e9 perigoso e o planejamento de conting\u00eancia \u00e9 essencial. Mavi Deniz oferece uma gama completa de resposta a derrame qu\u00edmico, todos dispon\u00edveis em espera permanente.<\/p>\n<p>Vazamentos radioativos, em tr\u00e2nsito ou no local, podem ocorrer a qualquer momento. Queremos que voc\u00ea durma melhor sabendo que os melhores especialistas do pa\u00eds est\u00e3o apenas a um telefonema de dist\u00e2ncia. Eles foram amplamente treinados para minimizar os efeitos da radia\u00e7\u00e3o, lidar com a descontamina\u00e7\u00e3o de plantas, ve\u00edculos e equipamentos e implementar testes rigorosos do ambiente e de qualquer pessoal em risco.<\/p>\n<p><strong>Para incidentes, Mavideniz envolve subst\u00e2ncias qu\u00edmicas em tr\u00eas est\u00e1gios reconhecidos de resposta:<\/strong><\/p>\n<ul>\n<li><strong>N\u00edvel 1.<\/strong> Um incidente que envolva materiais perigosos pode ser contido, extinto e reduzido utilizando recursos imediatamente dispon\u00edveis para os respondentes do setor p\u00fablico sob jurisdi\u00e7\u00e3o. Os eventos de n\u00edvel 1 apresentam poucos riscos para o meio ambiente e a sa\u00fade p\u00fablica com conten\u00e7\u00e3o e limpeza.<\/li>\n<li><strong>N\u00edvel 2.<\/strong> Um incidente que envolva materiais perigosos para al\u00e9m das capacidades dos primeiros socorros no terreno poder\u00e1 estar para al\u00e9m da capacidade dos socorristas do setor p\u00fablico sob jurisdi\u00e7\u00e3o. Os incidentes de n\u00edvel 2 podem exigir os servi\u00e7os de uma equipe de resposta estadual ou regional ou outra assist\u00eancia estadual ou federal. Esse n\u00edvel pode representar um risco imediato e de longo prazo.<br \/>\nO risco para o ambiente e a sa\u00fade p\u00fablica.<\/li>\n<li><strong>N\u00edvel 3.<\/strong> Um incidente envolvendo materiais perigosos al\u00e9m das capacidades de um \u00fanico estado ou equipe de resposta regional requer assist\u00eancia adicional. Os eventos de n\u00edvel 3 exigem recursos de ag\u00eancias estaduais e federais e do setor privado. Estes desenvolvimentos representam riscos extremos, imediatos e a longo prazo para o ambiente e a sa\u00fade p\u00fablica.<\/li>\n<\/ul>\n","protected":false},"excerpt":{"rendered":"<p>Os produtos qu\u00edmicos exigem cuidados especializados na manipula\u00e7\u00e3o e no transporte. Apesar disso, os acidentes podem e continuam a acontecer. [&hellip;]<\/p>\n","protected":false},"author":1,"featured_media":0,"parent":78173,"menu_order":0,"comment_status":"closed","ping_status":"closed","template":"","meta":{"site-sidebar-layout":"default","site-content-layout":"","ast-site-content-layout":"default","site-content-style":"default","site-sidebar-style":"default","ast-global-header-display":"","ast-banner-title-visibility":"","ast-main-header-display":"","ast-hfb-above-header-display":"","ast-hfb-below-header-display":"","ast-hfb-mobile-header-display":"","site-post-title":"","ast-breadcrumbs-content":"","ast-featured-img":"","footer-sml-layout":"","ast-disable-related-posts":"","theme-transparent-header-meta":"","adv-header-id-meta":"","stick-header-meta":"","header-above-stick-meta":"","header-main-stick-meta":"","header-below-stick-meta":"","astra-migrate-meta-layouts":"default","ast-page-background-enabled":"default","ast-page-background-meta":{"desktop":{"background-color":"var(--ast-global-color-5)","background-image":"","background-repeat":"repeat","background-position":"center center","background-size":"auto","background-attachment":"scroll","background-type":"","background-media":"","overlay-type":"","overlay-color":"","overlay-opacity":"","overlay-gradient":""},"tablet":{"background-color":"","background-image":"","background-repeat":"repeat","background-position":"center center","background-size":"auto","background-attachment":"scroll","background-type":"","background-media":"","overlay-type":"","overlay-color":"","overlay-opacity":"","overlay-gradient":""},"mobile":{"background-color":"","background-image":"","background-repeat":"repeat","background-position":"center center","background-size":"auto","background-attachment":"scroll","background-type":"","background-media":"","overlay-type":"","overlay-color":"","overlay-opacity":"","overlay-gradient":""}},"ast-content-background-meta":{"desktop":{"background-color":"var(--ast-global-color-4)","background-image":"","background-repeat":"repeat","background-position":"center center","background-size":"auto","background-attachment":"scroll","background-type":"","background-media":"","overlay-type":"","overlay-color":"","overlay-opacity":"","overlay-gradient":""},"tablet":{"background-color":"var(--ast-global-color-4)","background-image":"","background-repeat":"repeat","background-position":"center center","background-size":"auto","background-attachment":"scroll","background-type":"","background-media":"","overlay-type":"","overlay-color":"","overlay-opacity":"","overlay-gradient":""},"mobile":{"background-color":"var(--ast-global-color-4)","background-image":"","background-repeat":"repeat","background-position":"center center","background-size":"auto","background-attachment":"scroll","background-type":"","background-media":"","overlay-type":"","overlay-color":"","overlay-opacity":"","overlay-gradient":""}},"footnotes":""},"class_list":["post-78179","page","type-page","status-publish","hentry"],"_links":{"self":[{"href":"https:\/\/mavideniz.com.tr\/pt-pt\/wp-json\/wp\/v2\/pages\/78179","targetHints":{"allow":["GET"]}}],"collection":[{"href":"https:\/\/mavideniz.com.tr\/pt-pt\/wp-json\/wp\/v2\/pages"}],"about":[{"href":"https:\/\/mavideniz.com.tr\/pt-pt\/wp-json\/wp\/v2\/types\/page"}],"author":[{"embeddable":true,"href":"https:\/\/mavideniz.com.tr\/pt-pt\/wp-json\/wp\/v2\/users\/1"}],"replies":[{"embeddable":true,"href":"https:\/\/mavideniz.com.tr\/pt-pt\/wp-json\/wp\/v2\/comments?post=78179"}],"version-history":[{"count":0,"href":"https:\/\/mavideniz.com.tr\/pt-pt\/wp-json\/wp\/v2\/pages\/78179\/revisions"}],"up":[{"embeddable":true,"href":"https:\/\/mavideniz.com.tr\/pt-pt\/wp-json\/wp\/v2\/pages\/78173"}],"wp:attachment":[{"href":"https:\/\/mavideniz.com.tr\/pt-pt\/wp-json\/wp\/v2\/media?parent=78179"}],"curies":[{"name":"wp","href":"https:\/\/api.w.org\/{rel}","templated":true}]}}