{"id":78183,"date":"2025-05-04T13:31:25","date_gmt":"2025-05-04T13:31:25","guid":{"rendered":"https:\/\/mavideniz.com.tr\/?page_id=78183"},"modified":"2025-10-05T00:07:15","modified_gmt":"2025-10-05T00:07:15","slug":"litoral-limpeza-de-praia-2","status":"publish","type":"page","link":"https:\/\/mavideniz.com.tr\/pt-pt\/servicos\/hns-e-resposta-e-prevencao-a-derrames-de-petroleo\/litoral-limpeza-de-praia-2\/","title":{"rendered":"Litoral + Limpeza de Praia"},"content":{"rendered":"\n<p>O MAVI DENIZ est\u00e1 localizado em Istambul, Turquia, e tem equipes de resposta em espera permanente 24 horas por dia, 365 dias por ano. Resposta ao derrame de petr\u00f3leo em terra e no litoral<\/p>\n<p>Em terra e litoral, os vazamentos de petr\u00f3leo retardam os danos ao meio ambiente. Os derrames em terrenos apresentam um risco mais elevado de afetar diretamente atividades ou recursos humanos associados a atividades sociais ou econ\u00f4micas.<\/p>\n<p>(Shoreline + Inland) As equipes de resposta a derramamento de petr\u00f3leo s\u00e3o treinadas para os mais altos padr\u00f5es da ind\u00fastria e se exercitam regularmente. (Litoral + Interior) A equipe de resposta a derramamento de petr\u00f3leo pode responder aos vazamentos de petr\u00f3leo em terra e em oleodutos, desde pequenos vazamentos de petr\u00f3leo dom\u00e9stico at\u00e9 grandes incidentes industriais, como vazamentos de petr\u00f3leo em oleodutos, combust\u00edvel para jatos e vazamentos de armazenamento de petr\u00f3leo industrial.<\/p>\n<p>Para a limpeza da costa, usamos recupera\u00e7\u00e3o natural, remo\u00e7\u00e3o manual, inunda\u00e7\u00e3o ou lavagem, uso de aspiradores, m\u00e1quina anf\u00edbia, escumadeira de \u00f3leo, embarca\u00e7\u00e3o de desnata\u00e7\u00e3o, lan\u00e7a de \u00f3leo, remo\u00e7\u00e3o mec\u00e2nica, tilling e aera\u00e7\u00e3o, reprocessamento de sedimentos ou lavagem de surf, e o uso de sorventes ou agentes qu\u00edmicos de limpeza.<\/p>\n<p>A Mavi Deniz fornece suporte standby de N\u00edvel 1, N\u00edvel 2 e N\u00edvel 3 para portos, marinas, estaleiros, refinarias, empresas de petr\u00f3leo, oleodutos, explora\u00e7\u00e3o de petr\u00f3leo\/g\u00e1s, ind\u00fastria e empresas de produ\u00e7\u00e3o. Nosso equipamento tamb\u00e9m est\u00e1 dispon\u00edvel para contrata\u00e7\u00e3o como kits de N\u00edvel 1 ou N\u00edvel 2 ou de forma flex\u00edvel para complementar o invent\u00e1rio e os requisitos existentes do cliente por per\u00edodos curtos ou longos, dependendo das opera\u00e7\u00f5es. Todo o nosso equipamento \u00e9 certificado por B.V. ou equivalente e bem mantido de acordo com um procedimento de manuten\u00e7\u00e3o interna.<\/p>\n<p>A estrutura b\u00e1sica da orla costeira e o tamanho do material presente s\u00e3o os fatores mais cr\u00edticos em termos de limpeza de derramamento de petr\u00f3leo. Muitas linhas costeiras s\u00e3o classificadas em sensibilidade a vazamentos de petr\u00f3leo e facilidade de limpeza. Alguns tipos s\u00e3o rochas rochosas, estruturas s\u00f3lidas feitas pelo homem, praias de pedra, seixos, praias mistas de areia e cascalho, praias de areia, plan\u00edcies de areia de mar\u00e9, plan\u00edcies de mar\u00e9 de lama, p\u00e2ntanos, turfa e tundra de baixa altitude, e mangue.<\/p>\n<p>Quando o petr\u00f3leo chega \u00e0 orla costeira, pode ser necess\u00e1rio um esfor\u00e7o consider\u00e1vel para limpar as \u00e1reas afetadas. A maior parte dos derrames de petr\u00f3leo de origem naval ocorre perto da costa e, como resultado, muitos derrames contaminam as costas. O petr\u00f3leo que atinge a costa pode causar impactos ambientais e econ\u00f4micos significativos. Tamb\u00e9m pode determinar em grande parte a percep\u00e7\u00e3o pol\u00edtica e p\u00fablica da escala do incidente e os custos excessivos.<\/p>\n<p>Mavi Deniz tamb\u00e9m pode ajudar em v\u00e1rias respostas terrestres para produtos petrol\u00edferos.<\/p>\n<ul>\n<li>Derramamentos de petr\u00f3leo em explora\u00e7\u00f5es aqu\u00edcolas<\/li>\n<li>Derrame de oleoduto<\/li>\n<li>Derrame de combust\u00edvel para motores de rea\u00e7\u00e3o<\/li>\n<li>Derrame de petr\u00f3leo industrial<\/li>\n<li>Recupera\u00e7\u00e3o de produtos de renova\u00e7\u00e3o de navios-tanque<\/li>\n<li>Derramamentos de incidentes ferrovi\u00e1rios<\/li>\n<li>Derramamentos de incidentes a\u00e9reos<\/li>\n<li>Planos de conting\u00eancia<\/li>\n<li>Auditorias de conformidade regulamentar do local<\/li>\n<li>Repara\u00e7\u00e3o de s\u00edtios contaminados<\/li>\n<li>Investiga\u00e7\u00f5es de local ambiental<\/li>\n<\/ul>\n<p>Mavi Deniz provou abordar a emerg\u00eancia de forma segura e mais eficiente.<\/p>\n<p>Al\u00e9m disso, Mavi Deniz pode realizar opera\u00e7\u00f5es de corre\u00e7\u00e3o ap\u00f3s a fase de emerg\u00eancia ter sido conclu\u00edda. Temos pessoal e subcontratados que podem ajudar a devolver o ambiente ao seu estado original, com servi\u00e7os que v\u00e3o desde a avalia\u00e7\u00e3o do local at\u00e9 a biorremedia\u00e7\u00e3o.<\/p>\n","protected":false},"excerpt":{"rendered":"<p>O MAVI DENIZ est\u00e1 localizado em Istambul, Turquia, e tem equipes de resposta em espera permanente 24 horas por dia, [&hellip;]<\/p>\n","protected":false},"author":1,"featured_media":0,"parent":78173,"menu_order":0,"comment_status":"closed","ping_status":"closed","template":"","meta":{"site-sidebar-layout":"default","site-content-layout":"","ast-site-content-layout":"default","site-content-style":"default","site-sidebar-style":"default","ast-global-header-display":"","ast-banner-title-visibility":"","ast-main-header-display":"","ast-hfb-above-header-display":"","ast-hfb-below-header-display":"","ast-hfb-mobile-header-display":"","site-post-title":"","ast-breadcrumbs-content":"","ast-featured-img":"","footer-sml-layout":"","ast-disable-related-posts":"","theme-transparent-header-meta":"","adv-header-id-meta":"","stick-header-meta":"","header-above-stick-meta":"","header-main-stick-meta":"","header-below-stick-meta":"","astra-migrate-meta-layouts":"default","ast-page-background-enabled":"default","ast-page-background-meta":{"desktop":{"background-color":"var(--ast-global-color-5)","background-image":"","background-repeat":"repeat","background-position":"center center","background-size":"auto","background-attachment":"scroll","background-type":"","background-media":"","overlay-type":"","overlay-color":"","overlay-opacity":"","overlay-gradient":""},"tablet":{"background-color":"","background-image":"","background-repeat":"repeat","background-position":"center center","background-size":"auto","background-attachment":"scroll","background-type":"","background-media":"","overlay-type":"","overlay-color":"","overlay-opacity":"","overlay-gradient":""},"mobile":{"background-color":"","background-image":"","background-repeat":"repeat","background-position":"center center","background-size":"auto","background-attachment":"scroll","background-type":"","background-media":"","overlay-type":"","overlay-color":"","overlay-opacity":"","overlay-gradient":""}},"ast-content-background-meta":{"desktop":{"background-color":"var(--ast-global-color-4)","background-image":"","background-repeat":"repeat","background-position":"center center","background-size":"auto","background-attachment":"scroll","background-type":"","background-media":"","overlay-type":"","overlay-color":"","overlay-opacity":"","overlay-gradient":""},"tablet":{"background-color":"var(--ast-global-color-4)","background-image":"","background-repeat":"repeat","background-position":"center center","background-size":"auto","background-attachment":"scroll","background-type":"","background-media":"","overlay-type":"","overlay-color":"","overlay-opacity":"","overlay-gradient":""},"mobile":{"background-color":"var(--ast-global-color-4)","background-image":"","background-repeat":"repeat","background-position":"center center","background-size":"auto","background-attachment":"scroll","background-type":"","background-media":"","overlay-type":"","overlay-color":"","overlay-opacity":"","overlay-gradient":""}},"footnotes":""},"class_list":["post-78183","page","type-page","status-publish","hentry"],"_links":{"self":[{"href":"https:\/\/mavideniz.com.tr\/pt-pt\/wp-json\/wp\/v2\/pages\/78183","targetHints":{"allow":["GET"]}}],"collection":[{"href":"https:\/\/mavideniz.com.tr\/pt-pt\/wp-json\/wp\/v2\/pages"}],"about":[{"href":"https:\/\/mavideniz.com.tr\/pt-pt\/wp-json\/wp\/v2\/types\/page"}],"author":[{"embeddable":true,"href":"https:\/\/mavideniz.com.tr\/pt-pt\/wp-json\/wp\/v2\/users\/1"}],"replies":[{"embeddable":true,"href":"https:\/\/mavideniz.com.tr\/pt-pt\/wp-json\/wp\/v2\/comments?post=78183"}],"version-history":[{"count":0,"href":"https:\/\/mavideniz.com.tr\/pt-pt\/wp-json\/wp\/v2\/pages\/78183\/revisions"}],"up":[{"embeddable":true,"href":"https:\/\/mavideniz.com.tr\/pt-pt\/wp-json\/wp\/v2\/pages\/78173"}],"wp:attachment":[{"href":"https:\/\/mavideniz.com.tr\/pt-pt\/wp-json\/wp\/v2\/media?parent=78183"}],"curies":[{"name":"wp","href":"https:\/\/api.w.org\/{rel}","templated":true}]}}