{"id":78189,"date":"2025-05-04T13:40:16","date_gmt":"2025-05-04T13:40:16","guid":{"rendered":"https:\/\/mavideniz.com.tr\/?page_id=78189"},"modified":"2025-10-05T00:07:15","modified_gmt":"2025-10-05T00:07:15","slug":"limpeza-de-lixo-marinho-detritos-marinhos","status":"publish","type":"page","link":"https:\/\/mavideniz.com.tr\/pt-pt\/servicos\/limpeza-de-lixo-marinho-detritos-marinhos\/","title":{"rendered":"Limpeza de lixo marinho + detritos marinhos"},"content":{"rendered":"\n<p>Este servi\u00e7o tem como objetivo reduzir o lixo marinho flutuante (superf\u00edcie do mar) e o lixo; opera\u00e7\u00f5es flutuantes de coleta de lixo marinho em todo o mundo com nossos barcos de escumadeira de lixo e navios antipolui\u00e7\u00e3o. Com as opera\u00e7\u00f5es de limpeza da superf\u00edcie do mar, os detritos marinhos na superf\u00edcie do mar ser\u00e3o reduzidos.<\/p>\n<p>Res\u00edduos marinhos, tamb\u00e9m conhecidos como lixo marinho, s\u00e3o res\u00edduos criados pelo homem, deliberadamente ou acidentalmente, liberados em um lago, mar, oceano ou via naveg\u00e1vel. Os detritos oce\u00e2nicos flutuantes tendem a se acumular no centro dos giros e nas costas, frequentemente encalhados, conhecidos como litro de praia ou cabo de mar\u00e9. A elimina\u00e7\u00e3o deliberada de res\u00edduos no mar \u00e9 designada por descarga oce\u00e2nica. Detritos naturais, como madeira de deriva, tamb\u00e9m est\u00e3o presentes.<\/p>\n<p>Com o uso crescente do pl\u00e1stico, a influ\u00eancia humana tornou-se um problema, j\u00e1 que muitos pl\u00e1sticos n\u00e3o se biodegradam. O pl\u00e1stico aqu\u00e1tico constitui uma s\u00e9ria amea\u00e7a para os peixes, as aves marinhas, os r\u00e9pteis marinhos e os mam\u00edferos marinhos, bem como para as embarca\u00e7\u00f5es e as costas. Despejo, vazamentos de cont\u00eaineres, lixo arrastado para os ralos das tempestades, cursos d&#8217;\u00e1gua e dejetos dos aterros causados pelo vento contribuem para esse problema.<\/p>\n<p>Aspectos da polui\u00e7\u00e3o marinha estimou que at\u00e9 80% da polui\u00e7\u00e3o era baseada em terra. Uma grande variedade de artefatos antropog\u00eanicos podem se tornar detritos marinhos; sacos de pl\u00e1stico, bal\u00f5es, boias, cordas, res\u00edduos m\u00e9dicos, garrafas de vidro e garrafas de pl\u00e1stico, isqueiros, latas de bebidas, poliestireno, linhas de pesca perdidas e redes, e v\u00e1rios detritos de navios de cruzeiro e plataformas de petr\u00f3leo est\u00e3o entre os itens comumente encontrados para ter sido lavado em terra. Os an\u00e9is de seis pacotes, em particular, s\u00e3o considerados emblem\u00e1ticos do problema.<\/p>\n<p><strong>Mucilagem marinha, ranho marinho ou problema de saliva do mar<\/strong><\/p>\n<p>Mucilagem marinha, mucilagem marinha ou saliva marinha \u00e9 uma cole\u00e7\u00e3o de mat\u00e9ria org\u00e2nica semelhante ao muco encontrada no mar. A subst\u00e2ncia cremosa e gelatinosa geralmente n\u00e3o \u00e9 prejudicial, mas pode atrair v\u00edrus e bact\u00e9rias, incluindo E. coli, e pode se tornar um cobertor que sufoca a vida marinha abaixo. \u00c9 frequentemente vista no Mar Mediterr\u00e2neo e nos oceanos.<\/p>\n<p><strong>Problema de rede fantasma<\/strong><\/p>\n<p>Redes de pesca deixadas ou perdidas no oceano por pescadores &#8211; redes fantasma &#8211; podem enredar peixes, golfinhos, tartarugas marinhas, tubar\u00f5es, dugongos, crocodilos, aves marinhas, caranguejos e outras criaturas. Essas redes restringem os movimentos, causando fome, lacera\u00e7\u00e3o, infec\u00e7\u00e3o e asfixia nos animais que respiram ar.<\/p>\n<p><strong>Problema de Pl\u00e1stico<\/strong><\/p>\n<p>8,8 milh\u00f5es de toneladas de res\u00edduos pl\u00e1sticos s\u00e3o despejados anualmente nos oceanos do mundo. A \u00c1sia foi a principal fonte de res\u00edduos pl\u00e1sticos mal geridos.<\/p>\n<p><strong>Problema de detritos<\/strong><\/p>\n<p>As t\u00e9cnicas para coletar e remover detritos marinhos (ou ribeirinhos) incluem o Navio de Limpeza do Mar. Dispositivos como esses podem ser usados onde detritos flutuantes s\u00e3o perigosos para a navega\u00e7\u00e3o.<\/p>\n<p>Assim que os detritos se tornam &#8220;lixo da praia&#8221;, a coleta manual e m\u00e1quinas especializadas de limpeza de praia s\u00e3o usadas para coletar o lixo.<\/p>\n<p>Em outros lugares, &#8220;armadilhas de lixo&#8221; s\u00e3o instaladas em pequenos rios para capturar detritos transportados pela \u00e1gua antes de chegar ao mar.<\/p>\n<p><strong>Problema de Blooms de Algas e Algas<\/strong><\/p>\n<p>Algas \u00e9 um termo informal para um grande e diverso grupo de organismos eucariotas que n\u00e3o s\u00e3o necessariamente intimamente relacionados e, portanto, s\u00e3o polifil\u00e9ticos. Organismos inclu\u00eddos variam de g\u00eaneros unicelulares, como chlorela e as diatom\u00e1ceas, a formas multicelulares. Uma delas \u00e9 a alga gigante, uma alga marrom de grande porte que pode chegar a 50 metros de comprimento. A maioria \u00e9 aqu\u00e1tica e autotr\u00f3fica e n\u00e3o possui muitos tipos distintos de c\u00e9lulas e tecidos, como est\u00f4matos, xilemas e floemas, encontrados em plantas terrestres. As maiores e mais complexas algas marinhas s\u00e3o chamadas algas marinhas. Em contraste, as formas de \u00e1gua doce mais complexas s\u00e3o a Charophyta, uma divis\u00e3o de algas verdes que inclui, por exemplo, a Spirogyra e a Stoneworts.<\/p>\n<p>Uma vez que &#8220;algas&#8221; \u00e9 um termo amplo que inclui organismos de tamanhos, taxas de crescimento e necessidades de nutrientes muito variados, n\u00e3o h\u00e1 um n\u00edvel limiar oficialmente reconhecido do que \u00e9 definido como uma flor. Para algumas esp\u00e9cies, as algas podem ser consideradas florescendo em concentra\u00e7\u00f5es que atingem milh\u00f5es de c\u00e9lulas por mililitro, enquanto outras formam floresc\u00eancias de dezenas de milhares por litro. Os pigmentos fotossint\u00e9ticos nas c\u00e9lulas de algas determinam a cor da flor de algas e s\u00e3o muitas vezes esverdeados. Ainda assim, eles podem ser uma grande variedade de outras cores, como amarelo, marrom ou vermelho, dependendo das esp\u00e9cies de algas e do tipo de pigmentos contidos neles.<\/p>\n<p><strong>O que podemos fazer sobre detritos marinhos e lixo<\/strong><\/p>\n<p>Operamos ou contratamos barcos de limpeza de detritos marinhos para que os munic\u00edpios coletem detritos na superf\u00edcie do mar, lagos ou rios.<\/p>\n<p>Projetamos e contratamos nosso Navio de Limpeza do Mar para que os munic\u00edpios coletem e recuperem detritos marinhos e algas que florescem em mares costeiros, lagos de \u00e1gua doce, rios ou praias.<\/p>\n","protected":false},"excerpt":{"rendered":"<p>Este servi\u00e7o tem como objetivo reduzir o lixo marinho flutuante (superf\u00edcie do mar) e o lixo; opera\u00e7\u00f5es flutuantes de coleta [&hellip;]<\/p>\n","protected":false},"author":1,"featured_media":0,"parent":78161,"menu_order":0,"comment_status":"closed","ping_status":"closed","template":"","meta":{"site-sidebar-layout":"default","site-content-layout":"","ast-site-content-layout":"default","site-content-style":"default","site-sidebar-style":"default","ast-global-header-display":"","ast-banner-title-visibility":"","ast-main-header-display":"","ast-hfb-above-header-display":"","ast-hfb-below-header-display":"","ast-hfb-mobile-header-display":"","site-post-title":"","ast-breadcrumbs-content":"","ast-featured-img":"","footer-sml-layout":"","ast-disable-related-posts":"","theme-transparent-header-meta":"","adv-header-id-meta":"","stick-header-meta":"","header-above-stick-meta":"","header-main-stick-meta":"","header-below-stick-meta":"","astra-migrate-meta-layouts":"default","ast-page-background-enabled":"default","ast-page-background-meta":{"desktop":{"background-color":"var(--ast-global-color-5)","background-image":"","background-repeat":"repeat","background-position":"center center","background-size":"auto","background-attachment":"scroll","background-type":"","background-media":"","overlay-type":"","overlay-color":"","overlay-opacity":"","overlay-gradient":""},"tablet":{"background-color":"","background-image":"","background-repeat":"repeat","background-position":"center center","background-size":"auto","background-attachment":"scroll","background-type":"","background-media":"","overlay-type":"","overlay-color":"","overlay-opacity":"","overlay-gradient":""},"mobile":{"background-color":"","background-image":"","background-repeat":"repeat","background-position":"center center","background-size":"auto","background-attachment":"scroll","background-type":"","background-media":"","overlay-type":"","overlay-color":"","overlay-opacity":"","overlay-gradient":""}},"ast-content-background-meta":{"desktop":{"background-color":"var(--ast-global-color-4)","background-image":"","background-repeat":"repeat","background-position":"center center","background-size":"auto","background-attachment":"scroll","background-type":"","background-media":"","overlay-type":"","overlay-color":"","overlay-opacity":"","overlay-gradient":""},"tablet":{"background-color":"var(--ast-global-color-4)","background-image":"","background-repeat":"repeat","background-position":"center center","background-size":"auto","background-attachment":"scroll","background-type":"","background-media":"","overlay-type":"","overlay-color":"","overlay-opacity":"","overlay-gradient":""},"mobile":{"background-color":"var(--ast-global-color-4)","background-image":"","background-repeat":"repeat","background-position":"center center","background-size":"auto","background-attachment":"scroll","background-type":"","background-media":"","overlay-type":"","overlay-color":"","overlay-opacity":"","overlay-gradient":""}},"footnotes":""},"class_list":["post-78189","page","type-page","status-publish","hentry"],"_links":{"self":[{"href":"https:\/\/mavideniz.com.tr\/pt-pt\/wp-json\/wp\/v2\/pages\/78189","targetHints":{"allow":["GET"]}}],"collection":[{"href":"https:\/\/mavideniz.com.tr\/pt-pt\/wp-json\/wp\/v2\/pages"}],"about":[{"href":"https:\/\/mavideniz.com.tr\/pt-pt\/wp-json\/wp\/v2\/types\/page"}],"author":[{"embeddable":true,"href":"https:\/\/mavideniz.com.tr\/pt-pt\/wp-json\/wp\/v2\/users\/1"}],"replies":[{"embeddable":true,"href":"https:\/\/mavideniz.com.tr\/pt-pt\/wp-json\/wp\/v2\/comments?post=78189"}],"version-history":[{"count":0,"href":"https:\/\/mavideniz.com.tr\/pt-pt\/wp-json\/wp\/v2\/pages\/78189\/revisions"}],"up":[{"embeddable":true,"href":"https:\/\/mavideniz.com.tr\/pt-pt\/wp-json\/wp\/v2\/pages\/78161"}],"wp:attachment":[{"href":"https:\/\/mavideniz.com.tr\/pt-pt\/wp-json\/wp\/v2\/media?parent=78189"}],"curies":[{"name":"wp","href":"https:\/\/api.w.org\/{rel}","templated":true}]}}