{"id":78191,"date":"2025-05-04T13:40:58","date_gmt":"2025-05-04T13:40:58","guid":{"rendered":"https:\/\/mavideniz.com.tr\/?page_id=78191"},"modified":"2025-10-05T00:07:15","modified_gmt":"2025-10-05T00:07:15","slug":"servico-marpol","status":"publish","type":"page","link":"https:\/\/mavideniz.com.tr\/pt-pt\/servicos\/servico-marpol\/","title":{"rendered":"Servi\u00e7o Marpol"},"content":{"rendered":"\n<p>Mavi Deniz foi inaugurado no in\u00edcio de 2000 com duas considera\u00e7\u00f5es principais: cuidado com o meio marinho e atividades de propriedade de navios bem-sucedidas.<\/p>\n<p><strong>Mar\u00edtimo<\/strong><\/p>\n<p>A este respeito, o Grupo aplicou com \u00eaxito o conceito de instala\u00e7\u00f5es de acolhimento de descidas flutuantes, em conformidade com a Conven\u00e7\u00e3o MARPOL 73\/78.<\/p>\n<p>A instala\u00e7\u00e3o do Mavi Deniz est\u00e1 convenientemente posicionada no Mar de M\u00e1rmara, no Mar Egeu, na \u00e1rea do Mar Mediterr\u00e2neo, proporcionando a instala\u00e7\u00e3o de recep\u00e7\u00e3o de res\u00edduos para portos\/navios de passagem, tanto de entrada como de sa\u00edda, oferecendo servi\u00e7os completos 24 horas por dia.<\/p>\n<p>Marpol 73\/78, gest\u00e3o de res\u00edduos, ambiente marinho, res\u00edduos perigosos, elimina\u00e7\u00e3o de res\u00edduos, descontamina\u00e7\u00e3o dos solos, \u00e1guas de por\u00e3o, \u00e1guas de por\u00e3o, lamas, declive de recep\u00e7\u00e3o e \u00e1guas de lastro sujas.<\/p>\n<p>A Conven\u00e7\u00e3o MARPOL 73\/78 inclui um conjunto de regulamentos destinados a prevenir a polui\u00e7\u00e3o marinha causada por navios. Atualmente, existem seis anexos diferentes com regras relativas a outro aspecto da polui\u00e7\u00e3o marinha, como se descreve em seguida:<\/p>\n<ul>\n<li>Anexo I &#8211; Polui\u00e7\u00e3o por hidrocarbonetos (petr\u00f3leo bruto, fuel\u00f3leo)<\/li>\n<li>Anexo II &#8211; Subst\u00e2ncias l\u00edquidas nocivas transportadas a granel<\/li>\n<li>Anexo III &#8211; Subst\u00e2ncias nocivas transportadas em embalagens poluentes<\/li>\n<li>Anexo IV &#8211; Polui\u00e7\u00e3o por \u00e1guas residuais<\/li>\n<li>Anexo V &#8211; Polui\u00e7\u00e3o pelo lixo<\/li>\n<\/ul>\n<p>Isso maximiza a efici\u00eancia e reduz o custo e o atraso a um m\u00ednimo absoluto.<\/p>\n<ul>\n<li>\u00c1guas de por\u00e3o de recep\u00e7\u00e3o e tratamento \/ lama \/ declive \/ lixo<\/li>\n<li>Documenta\u00e7\u00e3o relativa \u00e0 certifica\u00e7\u00e3o dos res\u00edduos<\/li>\n<li>Reciclar servi\u00e7os<\/li>\n<\/ul>\n<p>Para receber declive, lama, \u00e1guas de por\u00e3o, \u00e1gua de lastro suja e lixo com nossos caminh\u00f5es e navios licenciados de portos\/navios, incluindo passageiros, navios de cruzeiro, navios de carga e petroleiros\/qu\u00edmicos em todo o mundo.<\/p>\n<p><strong>Industrial<\/strong><\/p>\n<p>Podemos prestar servi\u00e7os de gest\u00e3o de res\u00edduos onde quer que sejam produzidos res\u00edduos perigosos :<\/p>\n<ul>\n<li>Refinarias de petr\u00f3leo<\/li>\n<li>Ind\u00fastrias qu\u00edmicas<\/li>\n<li>Ind\u00fastrias alimentares<\/li>\n<li>Instala\u00e7\u00f5es militares<\/li>\n<li>Instala\u00e7\u00f5es de armazenamento<\/li>\n<li>Organiza\u00e7\u00f5es p\u00fablicas<\/li>\n<\/ul>\n<p>Aconselhamos sempre \u00e0 filosofia priorit\u00e1ria da gest\u00e3o de res\u00edduos, que \u00e9, em primeiro lugar, a preven\u00e7\u00e3o ou a redu\u00e7\u00e3o da produ\u00e7\u00e3o de res\u00edduos e da sua nocividade e, em segundo lugar, a valoriza\u00e7\u00e3o de res\u00edduos atrav\u00e9s da reciclagem, reutiliza\u00e7\u00e3o ou valoriza\u00e7\u00e3o, ou qualquer outro processo de extra\u00e7\u00e3o de mat\u00e9rias-primas secund\u00e1rias ou a utiliza\u00e7\u00e3o de res\u00edduos como fonte de energia.<\/p>\n<p>Marpol 73\/78, gest\u00e3o de res\u00edduos, ambiente marinho, res\u00edduos perigosos, elimina\u00e7\u00e3o de res\u00edduos, descontamina\u00e7\u00e3o dos solos, \u00e1guas de por\u00e3o, \u00e1guas de por\u00e3o, \u00e1guas de por\u00e3o, remo\u00e7\u00e3o, lamas, declive de recep\u00e7\u00e3o, \u00e1guas de lastro sujas.<\/p>\n<p>A este respeito, a Mavi Deniz recebe todos os res\u00edduos l\u00edquidos e s\u00f3lidos para os Estabelecimentos Municipais de Aterro e Reciclagem por nossos caminh\u00f5es de licen\u00e7a exclusiva. Durante a \u00faltima d\u00e9cada, uma quantidade de aproximadamente 1.000 toneladas de res\u00edduos gerou:<\/p>\n<p>Marpol 73\/78, gest\u00e3o de res\u00edduos, ambiente marinho, res\u00edduos perigosos, elimina\u00e7\u00e3o de res\u00edduos, descontamina\u00e7\u00e3o dos solos, \u00e1guas de por\u00e3o, \u00e1guas de por\u00e3o, \u00e1guas de por\u00e3o, remo\u00e7\u00e3o, lamas, declive de recep\u00e7\u00e3o, \u00e1guas de lastro sujas, incinera\u00e7\u00e3o,<\/p>\n<ul>\n<li>Tratamento f\u00edsico-qu\u00edmico<\/li>\n<li>Aterro sanit\u00e1rio especialmente concebido<\/li>\n<li>Reciclagem\/recupera\u00e7\u00e3o de metais e compostos met\u00e1licos<\/li>\n<li>Refina\u00e7\u00e3o de \u00f3leo<\/li>\n<li>Utilizar principalmente como combust\u00edvel para gerar energia.<\/li>\n<li>Reciclagem\/recupera\u00e7\u00e3o de materiais org\u00e2nicos e inorg\u00e2nicos<\/li>\n<\/ul>\n<p>Os servi\u00e7os oferecidos pelo Departamento de Gest\u00e3o de Res\u00edduos da Mavi Deniz s\u00e3o:<\/p>\n<ul>\n<li>Total de planos de gest\u00e3o de res\u00edduos<\/li>\n<li>Gest\u00e3o &#8211; Transfer\u00eancias de res\u00edduos perigosos na Turquia<\/li>\n<li>Emiss\u00e3o de todas as licen\u00e7as necess\u00e1rias para a gest\u00e3o de res\u00edduos<\/li>\n<li>Repara\u00e7\u00e3o do solo<\/li>\n<li>Destrui\u00e7\u00e3o e redu\u00e7\u00e3o de res\u00edduos por tritura\u00e7\u00e3o<\/li>\n<li>Plano log\u00edstico completo &#8211; Certificado de elimina\u00e7\u00e3o final dos res\u00edduos<\/li>\n<li>Venda de equipamento e materiais necess\u00e1rios para a gest\u00e3o de res\u00edduos.<\/li>\n<\/ul>\n","protected":false},"excerpt":{"rendered":"<p>Mavi Deniz foi inaugurado no in\u00edcio de 2000 com duas considera\u00e7\u00f5es principais: cuidado com o meio marinho e atividades de [&hellip;]<\/p>\n","protected":false},"author":1,"featured_media":0,"parent":78161,"menu_order":0,"comment_status":"closed","ping_status":"closed","template":"","meta":{"site-sidebar-layout":"default","site-content-layout":"","ast-site-content-layout":"default","site-content-style":"default","site-sidebar-style":"default","ast-global-header-display":"","ast-banner-title-visibility":"","ast-main-header-display":"","ast-hfb-above-header-display":"","ast-hfb-below-header-display":"","ast-hfb-mobile-header-display":"","site-post-title":"","ast-breadcrumbs-content":"","ast-featured-img":"","footer-sml-layout":"","ast-disable-related-posts":"","theme-transparent-header-meta":"","adv-header-id-meta":"","stick-header-meta":"","header-above-stick-meta":"","header-main-stick-meta":"","header-below-stick-meta":"","astra-migrate-meta-layouts":"default","ast-page-background-enabled":"default","ast-page-background-meta":{"desktop":{"background-color":"var(--ast-global-color-5)","background-image":"","background-repeat":"repeat","background-position":"center center","background-size":"auto","background-attachment":"scroll","background-type":"","background-media":"","overlay-type":"","overlay-color":"","overlay-opacity":"","overlay-gradient":""},"tablet":{"background-color":"","background-image":"","background-repeat":"repeat","background-position":"center center","background-size":"auto","background-attachment":"scroll","background-type":"","background-media":"","overlay-type":"","overlay-color":"","overlay-opacity":"","overlay-gradient":""},"mobile":{"background-color":"","background-image":"","background-repeat":"repeat","background-position":"center center","background-size":"auto","background-attachment":"scroll","background-type":"","background-media":"","overlay-type":"","overlay-color":"","overlay-opacity":"","overlay-gradient":""}},"ast-content-background-meta":{"desktop":{"background-color":"var(--ast-global-color-4)","background-image":"","background-repeat":"repeat","background-position":"center center","background-size":"auto","background-attachment":"scroll","background-type":"","background-media":"","overlay-type":"","overlay-color":"","overlay-opacity":"","overlay-gradient":""},"tablet":{"background-color":"var(--ast-global-color-4)","background-image":"","background-repeat":"repeat","background-position":"center center","background-size":"auto","background-attachment":"scroll","background-type":"","background-media":"","overlay-type":"","overlay-color":"","overlay-opacity":"","overlay-gradient":""},"mobile":{"background-color":"var(--ast-global-color-4)","background-image":"","background-repeat":"repeat","background-position":"center center","background-size":"auto","background-attachment":"scroll","background-type":"","background-media":"","overlay-type":"","overlay-color":"","overlay-opacity":"","overlay-gradient":""}},"footnotes":""},"class_list":["post-78191","page","type-page","status-publish","hentry"],"_links":{"self":[{"href":"https:\/\/mavideniz.com.tr\/pt-pt\/wp-json\/wp\/v2\/pages\/78191","targetHints":{"allow":["GET"]}}],"collection":[{"href":"https:\/\/mavideniz.com.tr\/pt-pt\/wp-json\/wp\/v2\/pages"}],"about":[{"href":"https:\/\/mavideniz.com.tr\/pt-pt\/wp-json\/wp\/v2\/types\/page"}],"author":[{"embeddable":true,"href":"https:\/\/mavideniz.com.tr\/pt-pt\/wp-json\/wp\/v2\/users\/1"}],"replies":[{"embeddable":true,"href":"https:\/\/mavideniz.com.tr\/pt-pt\/wp-json\/wp\/v2\/comments?post=78191"}],"version-history":[{"count":0,"href":"https:\/\/mavideniz.com.tr\/pt-pt\/wp-json\/wp\/v2\/pages\/78191\/revisions"}],"up":[{"embeddable":true,"href":"https:\/\/mavideniz.com.tr\/pt-pt\/wp-json\/wp\/v2\/pages\/78161"}],"wp:attachment":[{"href":"https:\/\/mavideniz.com.tr\/pt-pt\/wp-json\/wp\/v2\/media?parent=78191"}],"curies":[{"name":"wp","href":"https:\/\/api.w.org\/{rel}","templated":true}]}}