{"id":78195,"date":"2025-05-04T13:42:18","date_gmt":"2025-05-04T13:42:18","guid":{"rendered":"https:\/\/mavideniz.com.tr\/?page_id=78195"},"modified":"2025-10-05T00:07:14","modified_gmt":"2025-10-05T00:07:14","slug":"imo-hns-curso-de-treinamento-modelo-oprc","status":"publish","type":"page","link":"https:\/\/mavideniz.com.tr\/pt-pt\/servicos\/preparacao-para-poluicao\/imo-hns-curso-de-treinamento-modelo-oprc\/","title":{"rendered":"IMO HNS &#8211; Curso de Treinamento Modelo OPRC"},"content":{"rendered":"\n<p>A Organiza\u00e7\u00e3o Mar\u00edtima Internacional (OMI) elaborou a Conven\u00e7\u00e3o Internacional de Prepara\u00e7\u00e3o, Resposta e Coopera\u00e7\u00e3o em mat\u00e9ria de Polui\u00e7\u00e3o por Hidrocarbonetos (Conven\u00e7\u00e3o OPRC) em 1990. Os governos de muitos pa\u00edses ratificam agora esta conven\u00e7\u00e3o. Trata-se do principal instrumento internacional para a implementa\u00e7\u00e3o de sistemas nacionais de resposta eficazes e de mecanismos de coopera\u00e7\u00e3o internacional em caso de grandes derrames de petr\u00f3leo. A Conven\u00e7\u00e3o OPRC obriga os governos a instituir exerc\u00edcios para as organiza\u00e7\u00f5es envolvidas no combate \u00e0 polui\u00e7\u00e3o por hidrocarbonetos e na forma\u00e7\u00e3o do pessoal relevante. A Comiss\u00e3o insta igualmente a OMI a desenvolver um programa de forma\u00e7\u00e3o abrangente que coopere com os governos e a ind\u00fastria interessados.<\/p>\n<p>Os cursos de forma\u00e7\u00e3o de modelos da Oprc da IMO foram concebidos para complementar os cursos-modelo da OPRC existentes para a prepara\u00e7\u00e3o e resposta a derrames de petr\u00f3leo no mar e para responder a incidentes mar\u00edtimos que envolvam subst\u00e2ncias perigosas e nocivas.<\/p>\n<p>O treinamento pode ser inclu\u00eddo como parte de um pacote ou fornecido com base em um produto individual.<\/p>\n<p>Os profissionais certificados e a equipe t\u00e9cnica da MAVI DENIZ t\u00eam uma experi\u00eancia consider\u00e1vel h\u00e1 muitos anos.<\/p>\n<p>A MAVI DENIZ tamb\u00e9m organiza semin\u00e1rios para profissionais de transporte mar\u00edtimo, estudantes, gestores ambientais, de seguran\u00e7a e sa\u00fade dos trabalhadores, volunt\u00e1rios escolares, faculdades t\u00e9cnicas, universidades, transportes, petr\u00f3leo, terminais, empresas portu\u00e1rias, e munic\u00edpios e autoridades locais.<\/p>\n<p>Al\u00e9m de equipamentos de alta qualidade para resposta a derramamento de petr\u00f3leo, a Mavi Deniz oferece treinamento pr\u00e1tico, de valor agregado e econ\u00f4mico ;<\/p>\n<p>Os cursos-modelo OPRC-HNS da OMI:<\/p>\n<ul>\n<li>Pessoal operacional de n\u00edvel 1 da OMIm<br \/>\nobjetivo de fornecer ao pessoal respons\u00e1vel pelas opera\u00e7\u00f5es de limpeza no local uma panor\u00e2mica completa das v\u00e1rias t\u00e9cnicas dispon\u00edveis para a recupera\u00e7\u00e3o de hidrocarbonetos derramados e para a limpeza das costas polu\u00eddas, a fim de se tornar membros influentes de uma equipe de interven\u00e7\u00e3o em caso de derrame de hidrocarbonetos e estar ciente de outros problemas que ocorram durante um derrame.<\/li>\n<li>Supervisores e<br \/>\ncomandantes no local de n\u00edvel 2 da OMIm fim de proporcionar ao pessoal com forma\u00e7\u00e3o e experi\u00eancia, com responsabilidades de gest\u00e3o significativas no \u00e2mbito do plano de conting\u00eancia pertinente, a coordena\u00e7\u00e3o e supervis\u00e3o das opera\u00e7\u00f5es de resposta e de dar uma resposta atempada, organizada e eficaz.<\/li>\n<li>IMO N\u00edvel 3 Quadros superiores de<br \/>\ngest\u00e3oSensibilizar para as fun\u00e7\u00f5es e responsabilidades dos quadros superiores na gest\u00e3o de derrames de petr\u00f3leo de import\u00e2ncia nacional e para os muitos desafios, muitas vezes concorrentes, que lhes s\u00e3o apresentados durante um derrame significativo. \u00c9 necess\u00e1rio reunir os representantes seniores de todos os grupos mencionados no plano de conting\u00eancia nacional ou que possam estar envolvidos numa resposta de n\u00edvel 3 para conhecer as quest\u00f5es atrav\u00e9s de debates com especialistas e desenvolver um processo de resposta coordenado\/integrado a n\u00edvel nacional para gerir derrames significativos.<\/li>\n<li>IMO Refresher Level 1-3<br \/>\nQualquer pessoa que desempenhe uma fun\u00e7\u00e3o relacionada com a polui\u00e7\u00e3o por hidrocarbonetos beneficiaria de um programa de atualiza\u00e7\u00e3o de conhecimentos com novas tecnologias, regras e regulamentos.<\/li>\n<li>IMO HNS &#8211; Primeiros socorristas, supervisores e Comandantes no Local &#8211;<br \/>\nN\u00edvel OperacionalConsidere os desafios e perigos de uma resposta HNS e os componentes cr\u00edticos da rea\u00e7\u00e3o.<br \/>\nDiscuta o comportamento dos produtos qu\u00edmicos e suas caracter\u00edsticas f\u00edsicas e qu\u00edmicas e examine as diferentes classes de mercadorias perigosas.<br \/>\nA se\u00e7\u00e3o de resposta examinar\u00e1 os diferentes aspectos da resposta, incluindo organiza\u00e7\u00f5es de resposta de emerg\u00eancia, como responder a incidentes HNS, os aspectos de seguran\u00e7a da resposta, descontamina\u00e7\u00e3o e op\u00e7\u00f5es de descarte para atividades p\u00f3s-operacionais de res\u00edduos HNS.<\/li>\n<li>HNS &#8211; Administradores e Gerentes S\u00eanior &#8211;<br \/>\nN\u00edvel de GerenteDiscuta o papel da IMO, a legisla\u00e7\u00e3o que afeta o transporte de HNS e os regimes de compensa\u00e7\u00e3o e responsabilidade.<br \/>\nAnalisaremos as diferentes formas de intera\u00e7\u00e3o que podem ocorrer com a m\u00eddia e destacaremos algumas que fazem e n\u00e3o fazem ao lidar com rep\u00f3rteres.<br \/>\nO treinamento tamb\u00e9m analisar\u00e1 a finalidade do planejamento de conting\u00eancia, quais considera\u00e7\u00f5es devem ser tomadas ao escrever um plano de conting\u00eancia e explicar o significado do mapeamento de sensibilidade e quais fatores est\u00e3o envolvidos.<\/li>\n<li>HNS Refresher Level 1-3<br \/>\nQualquer pessoa que desempenhe uma fun\u00e7\u00e3o relacionada com a polui\u00e7\u00e3o por petr\u00f3leo beneficiar\u00e1 de um programa de atualiza\u00e7\u00e3o de conhecimentos com novas tecnologias, regras e regulamentos.<\/li>\n<li>O treinamento pode ser realizado em suas instala\u00e7\u00f5es em uma data adequada para todos os funcion\u00e1rios.<\/li>\n<li>O treinamento melhora a familiaridade de fun\u00e7\u00f5es de resposta e o desempenho da equipe treinando juntos.<\/li>\n<li>Treinamento, maior familiaridade com os recursos da empresa e materiais de resposta.<\/li>\n<\/ul>\n","protected":false},"excerpt":{"rendered":"<p>A Organiza\u00e7\u00e3o Mar\u00edtima Internacional (OMI) elaborou a Conven\u00e7\u00e3o Internacional de Prepara\u00e7\u00e3o, Resposta e Coopera\u00e7\u00e3o em mat\u00e9ria de Polui\u00e7\u00e3o por Hidrocarbonetos [&hellip;]<\/p>\n","protected":false},"author":1,"featured_media":0,"parent":78193,"menu_order":0,"comment_status":"closed","ping_status":"closed","template":"","meta":{"site-sidebar-layout":"default","site-content-layout":"","ast-site-content-layout":"default","site-content-style":"default","site-sidebar-style":"default","ast-global-header-display":"","ast-banner-title-visibility":"","ast-main-header-display":"","ast-hfb-above-header-display":"","ast-hfb-below-header-display":"","ast-hfb-mobile-header-display":"","site-post-title":"","ast-breadcrumbs-content":"","ast-featured-img":"","footer-sml-layout":"","ast-disable-related-posts":"","theme-transparent-header-meta":"","adv-header-id-meta":"","stick-header-meta":"","header-above-stick-meta":"","header-main-stick-meta":"","header-below-stick-meta":"","astra-migrate-meta-layouts":"default","ast-page-background-enabled":"default","ast-page-background-meta":{"desktop":{"background-color":"var(--ast-global-color-5)","background-image":"","background-repeat":"repeat","background-position":"center center","background-size":"auto","background-attachment":"scroll","background-type":"","background-media":"","overlay-type":"","overlay-color":"","overlay-opacity":"","overlay-gradient":""},"tablet":{"background-color":"","background-image":"","background-repeat":"repeat","background-position":"center center","background-size":"auto","background-attachment":"scroll","background-type":"","background-media":"","overlay-type":"","overlay-color":"","overlay-opacity":"","overlay-gradient":""},"mobile":{"background-color":"","background-image":"","background-repeat":"repeat","background-position":"center center","background-size":"auto","background-attachment":"scroll","background-type":"","background-media":"","overlay-type":"","overlay-color":"","overlay-opacity":"","overlay-gradient":""}},"ast-content-background-meta":{"desktop":{"background-color":"var(--ast-global-color-4)","background-image":"","background-repeat":"repeat","background-position":"center center","background-size":"auto","background-attachment":"scroll","background-type":"","background-media":"","overlay-type":"","overlay-color":"","overlay-opacity":"","overlay-gradient":""},"tablet":{"background-color":"var(--ast-global-color-4)","background-image":"","background-repeat":"repeat","background-position":"center center","background-size":"auto","background-attachment":"scroll","background-type":"","background-media":"","overlay-type":"","overlay-color":"","overlay-opacity":"","overlay-gradient":""},"mobile":{"background-color":"var(--ast-global-color-4)","background-image":"","background-repeat":"repeat","background-position":"center center","background-size":"auto","background-attachment":"scroll","background-type":"","background-media":"","overlay-type":"","overlay-color":"","overlay-opacity":"","overlay-gradient":""}},"footnotes":""},"class_list":["post-78195","page","type-page","status-publish","hentry"],"_links":{"self":[{"href":"https:\/\/mavideniz.com.tr\/pt-pt\/wp-json\/wp\/v2\/pages\/78195","targetHints":{"allow":["GET"]}}],"collection":[{"href":"https:\/\/mavideniz.com.tr\/pt-pt\/wp-json\/wp\/v2\/pages"}],"about":[{"href":"https:\/\/mavideniz.com.tr\/pt-pt\/wp-json\/wp\/v2\/types\/page"}],"author":[{"embeddable":true,"href":"https:\/\/mavideniz.com.tr\/pt-pt\/wp-json\/wp\/v2\/users\/1"}],"replies":[{"embeddable":true,"href":"https:\/\/mavideniz.com.tr\/pt-pt\/wp-json\/wp\/v2\/comments?post=78195"}],"version-history":[{"count":0,"href":"https:\/\/mavideniz.com.tr\/pt-pt\/wp-json\/wp\/v2\/pages\/78195\/revisions"}],"up":[{"embeddable":true,"href":"https:\/\/mavideniz.com.tr\/pt-pt\/wp-json\/wp\/v2\/pages\/78193"}],"wp:attachment":[{"href":"https:\/\/mavideniz.com.tr\/pt-pt\/wp-json\/wp\/v2\/media?parent=78195"}],"curies":[{"name":"wp","href":"https:\/\/api.w.org\/{rel}","templated":true}]}}