{"id":78197,"date":"2025-05-04T13:43:03","date_gmt":"2025-05-04T13:43:03","guid":{"rendered":"https:\/\/mavideniz.com.tr\/?page_id=78197"},"modified":"2025-10-05T00:07:14","modified_gmt":"2025-10-05T00:07:14","slug":"planejamento-de-contingencia-de-derramamento-de-oleo-planejamento-de-resposta","status":"publish","type":"page","link":"https:\/\/mavideniz.com.tr\/pt-pt\/servicos\/preparacao-para-poluicao\/planejamento-de-contingencia-de-derramamento-de-oleo-planejamento-de-resposta\/","title":{"rendered":"Planejamento de conting\u00eancia de derramamento de \u00f3leo + planejamento de resposta"},"content":{"rendered":"\n<p>O planeamento de conting\u00eancia de derrames de petr\u00f3leo \u00e9 o processo de desenvolvimento de uma capacidade de resposta adequada a derrames que esteja em conformidade com o quadro regulamentar local e seja proporcional aos riscos de derrames de petr\u00f3leo de uma organiza\u00e7\u00e3o ou instala\u00e7\u00e3o. A avalia\u00e7\u00e3o dos riscos de derrame de petr\u00f3leo e os processos de planejamento de resposta permitem identificar e fornecer planejamento e provisionamento adequados para cen\u00e1rios de todas as escalas e complexidades. Dentro desses processos est\u00e3o incorporados os princ\u00edpios de prepara\u00e7\u00e3o e resposta hier\u00e1rquica. Depois que um planejamento de conting\u00eancia de derramamento de petr\u00f3leo \u00e9 feito, o planejamento cont\u00ednuo permanece essencial para orientar as opera\u00e7\u00f5es e monitorar a efic\u00e1cia.<\/p>\n<p>O planejamento de conting\u00eancia orienta o processo de planejamento de conting\u00eancia para potenciais derramamentos de \u00f3leo na \u00e1gua ou dentro dela ap\u00f3s uma libera\u00e7\u00e3o acidental de \u00f3leo em um ambiente marinho ou aqu\u00e1tico, seja durante o manuseio, transporte, produ\u00e7\u00e3o ou armazenamento de produtos petrol\u00edferos.<\/p>\n<p><strong>Planeamento De Conting\u00eancia De Derrames De Petr\u00f3leo Para Ind\u00fastrias Espec\u00edficas<\/strong><\/p>\n<ul>\n<li>Embarca\u00e7\u00e3o<\/li>\n<li>Porta<\/li>\n<li>Marina<\/li>\n<li>Tubula\u00e7\u00e3o<\/li>\n<li>Ferrovias<\/li>\n<li>Instala\u00e7\u00f5es de tratamento de hidrocarbonetos<\/li>\n<\/ul>\n<p><strong>A Mavi Deniz oferece uma gama de solu\u00e7\u00f5es de consultoria<\/strong><\/p>\n<ul>\n<li>Mapeamento Ambiental\/GIS<\/li>\n<li>Planos de emerg\u00eancia para a polui\u00e7\u00e3o por hidrocarbonetos<\/li>\n<li>Modelagem de vazamento de \u00f3leo 3d<\/li>\n<li>Planos estrat\u00e9gicos de prote\u00e7\u00e3o da orla costeira<\/li>\n<li>Consulta e gest\u00e3o das partes interessadas<\/li>\n<li>Uma imagem quantitativa detalhada do risco<\/li>\n<li>Identifica\u00e7\u00e3o de prioridades e de zonas sens\u00edveis do ponto de vista ambiental<\/li>\n<li>Identifica\u00e7\u00e3o das medidas de redu\u00e7\u00e3o dos riscos<\/li>\n<li>An\u00e1lise dos benef\u00edcios ambientais l\u00edquidos<\/li>\n<li>An\u00e1lise de conting\u00eancia de derramamento de petr\u00f3leo e planos de resposta<\/li>\n<li>Solu\u00e7\u00f5es personalizadas para resposta pr\u00f3xima da costa e da costa<\/li>\n<li>Solu\u00e7\u00f5es personalizadas para uma prepara\u00e7\u00e3o e resposta a derramamento de \u00f3leo em clima frio<\/li>\n<li>Apoio operacional a derrames de petr\u00f3leo e aconselhamento tecnol\u00f3gico<\/li>\n<li>Verifica\u00e7\u00e3o das tecnologias e planos de resposta a derrames de petr\u00f3leo.<\/li>\n<\/ul>\n","protected":false},"excerpt":{"rendered":"<p>O planeamento de conting\u00eancia de derrames de petr\u00f3leo \u00e9 o processo de desenvolvimento de uma capacidade de resposta adequada a [&hellip;]<\/p>\n","protected":false},"author":1,"featured_media":0,"parent":78193,"menu_order":0,"comment_status":"closed","ping_status":"closed","template":"","meta":{"site-sidebar-layout":"default","site-content-layout":"","ast-site-content-layout":"default","site-content-style":"default","site-sidebar-style":"default","ast-global-header-display":"","ast-banner-title-visibility":"","ast-main-header-display":"","ast-hfb-above-header-display":"","ast-hfb-below-header-display":"","ast-hfb-mobile-header-display":"","site-post-title":"","ast-breadcrumbs-content":"","ast-featured-img":"","footer-sml-layout":"","ast-disable-related-posts":"","theme-transparent-header-meta":"","adv-header-id-meta":"","stick-header-meta":"","header-above-stick-meta":"","header-main-stick-meta":"","header-below-stick-meta":"","astra-migrate-meta-layouts":"default","ast-page-background-enabled":"default","ast-page-background-meta":{"desktop":{"background-color":"var(--ast-global-color-5)","background-image":"","background-repeat":"repeat","background-position":"center center","background-size":"auto","background-attachment":"scroll","background-type":"","background-media":"","overlay-type":"","overlay-color":"","overlay-opacity":"","overlay-gradient":""},"tablet":{"background-color":"","background-image":"","background-repeat":"repeat","background-position":"center center","background-size":"auto","background-attachment":"scroll","background-type":"","background-media":"","overlay-type":"","overlay-color":"","overlay-opacity":"","overlay-gradient":""},"mobile":{"background-color":"","background-image":"","background-repeat":"repeat","background-position":"center center","background-size":"auto","background-attachment":"scroll","background-type":"","background-media":"","overlay-type":"","overlay-color":"","overlay-opacity":"","overlay-gradient":""}},"ast-content-background-meta":{"desktop":{"background-color":"var(--ast-global-color-4)","background-image":"","background-repeat":"repeat","background-position":"center center","background-size":"auto","background-attachment":"scroll","background-type":"","background-media":"","overlay-type":"","overlay-color":"","overlay-opacity":"","overlay-gradient":""},"tablet":{"background-color":"var(--ast-global-color-4)","background-image":"","background-repeat":"repeat","background-position":"center center","background-size":"auto","background-attachment":"scroll","background-type":"","background-media":"","overlay-type":"","overlay-color":"","overlay-opacity":"","overlay-gradient":""},"mobile":{"background-color":"var(--ast-global-color-4)","background-image":"","background-repeat":"repeat","background-position":"center center","background-size":"auto","background-attachment":"scroll","background-type":"","background-media":"","overlay-type":"","overlay-color":"","overlay-opacity":"","overlay-gradient":""}},"footnotes":""},"class_list":["post-78197","page","type-page","status-publish","hentry"],"_links":{"self":[{"href":"https:\/\/mavideniz.com.tr\/pt-pt\/wp-json\/wp\/v2\/pages\/78197","targetHints":{"allow":["GET"]}}],"collection":[{"href":"https:\/\/mavideniz.com.tr\/pt-pt\/wp-json\/wp\/v2\/pages"}],"about":[{"href":"https:\/\/mavideniz.com.tr\/pt-pt\/wp-json\/wp\/v2\/types\/page"}],"author":[{"embeddable":true,"href":"https:\/\/mavideniz.com.tr\/pt-pt\/wp-json\/wp\/v2\/users\/1"}],"replies":[{"embeddable":true,"href":"https:\/\/mavideniz.com.tr\/pt-pt\/wp-json\/wp\/v2\/comments?post=78197"}],"version-history":[{"count":0,"href":"https:\/\/mavideniz.com.tr\/pt-pt\/wp-json\/wp\/v2\/pages\/78197\/revisions"}],"up":[{"embeddable":true,"href":"https:\/\/mavideniz.com.tr\/pt-pt\/wp-json\/wp\/v2\/pages\/78193"}],"wp:attachment":[{"href":"https:\/\/mavideniz.com.tr\/pt-pt\/wp-json\/wp\/v2\/media?parent=78197"}],"curies":[{"name":"wp","href":"https:\/\/api.w.org\/{rel}","templated":true}]}}