{"id":78199,"date":"2025-05-04T13:43:47","date_gmt":"2025-05-04T13:43:47","guid":{"rendered":"https:\/\/mavideniz.com.tr\/?page_id=78199"},"modified":"2025-10-05T00:07:14","modified_gmt":"2025-10-05T00:07:14","slug":"exercicios-de-derramamento-de-oleo","status":"publish","type":"page","link":"https:\/\/mavideniz.com.tr\/pt-pt\/servicos\/preparacao-para-poluicao\/exercicios-de-derramamento-de-oleo\/","title":{"rendered":"Exerc\u00edcios de derramamento de \u00f3leo"},"content":{"rendered":"\n<p>O prop\u00f3sito dos exerc\u00edcios \u00e9 muitos. As equipes de resposta t\u00eam a oportunidade de praticar as habilidades necess\u00e1rias em uma emerg\u00eancia, trabalhar em conjunto, desenvolver relacionamentos e tomar decis\u00f5es complexas em circunst\u00e2ncias estressantes. Planos, equipamentos e sistemas ser\u00e3o testados e, com feedback adequado, recomenda\u00e7\u00f5es feitas para sua melhoria. Ao permitir que o p\u00fablico, a m\u00eddia e as principais organiza\u00e7\u00f5es locais observem e participem, o governo e a ind\u00fastria podem demonstrar seu compromisso em gerenciar o risco de vazamentos de petr\u00f3leo e proteger o meio ambiente.<\/p>\n<p><strong>Mavi Deniz oferece exerc\u00edcios baseados em discuss\u00f5es e opera\u00e7\u00f5es.<\/strong><\/p>\n<p><strong>Exerc\u00edcios baseados em discuss\u00e3o<\/strong><\/p>\n<ul>\n<li>\nExerc\u00edcio de <strong>Tabletop<\/strong>Consiste em discuss\u00f5es interativas de um cen\u00e1rio simulado entre os membros de uma equipe de resposta, mas n\u00e3o envolve a mobiliza\u00e7\u00e3o de pessoal ou equipamentos. Eles s\u00e3o geralmente conduzidos em uma sala de confer\u00eancias ou em uma s\u00e9rie de salas conectadas por telefone. Eles se concentram nos pap\u00e9is e a\u00e7\u00f5es dos indiv\u00edduos, nas intera\u00e7\u00f5es entre as v\u00e1rias partes e no desenvolvimento de estrat\u00e9gias de informa\u00e7\u00e3o e resposta. Uma forma simples e precoce de exerc\u00edcio no topo da mesa seria uma equipe de resposta passando pelo plano de conting\u00eancia, p\u00e1gina por p\u00e1gina, testando as atividades um do outro em resposta a uma situa\u00e7\u00e3o imagin\u00e1ria. Um exerc\u00edcio de mesa mais complexo pode envolver v\u00e1rios grupos, incluindo partes externas, desempenhando seus pap\u00e9is. Normalmente, um exerc\u00edcio de mesa pode durar de duas a oito horas e deve ser anunciado com bastante anteced\u00eancia para garantir a disponibilidade do pessoal.<\/li>\n<li>\nExerc\u00edcio <strong>de notifica\u00e7\u00e3o<\/strong>Teste os procedimentos para alertar e chamar as equipes de resposta, realizados por telefone e outros meios de comunica\u00e7\u00e3o, conforme estipulado no plano de resposta. Eles podem ser usados para testar sistemas de comunica\u00e7\u00e3o, verificar a disponibilidade de pessoal, avaliar op\u00e7\u00f5es de viagem e a velocidade em que os acordos de viagem podem ser feitos, e avaliar a capacidade de transmitir informa\u00e7\u00f5es de forma r\u00e1pida e precisa. Esse exerc\u00edcio normalmente dura de uma a duas horas e pode ser realizado a qualquer hora, dia ou noite, com ou sem aviso pr\u00e9vio.<\/li>\n<li>\nSemin\u00e1riosOs semin\u00e1rios s\u00e3o geralmente eventos de orienta\u00e7\u00e3o informal, geralmente fornecendo uma vis\u00e3o geral dos planos de conting\u00eancia de derramamento de petr\u00f3leo e pol\u00edticas e procedimentos relacionados. N\u00e3o h\u00e1 restri\u00e7\u00f5es impostas pela simula\u00e7\u00e3o de eventos em tempo real. Elas podem ser valiosas para organiza\u00e7\u00f5es que desenvolvem ou fazem altera\u00e7\u00f5es significativas em planos ou estrat\u00e9gias. Os participantes podem discutir suas fun\u00e7\u00f5es e responsabilidades com uma equipe; o facilitador pode usar cen\u00e1rios simples para criar compreens\u00e3o. O sucesso dos semin\u00e1rios depende de uma pessoa experiente e experiente que forne\u00e7a informa\u00e7\u00f5es.<\/li>\n<li>\nWorkshopAp\u00f3s os semin\u00e1rios, os workshops representam o segundo n\u00edvel de exerc\u00edcios na abordagem de blocos de constru\u00e7\u00e3o. Diferem dos workshops em dois aspectos cruciais: maior intera\u00e7\u00e3o entre os participantes e foco na obten\u00e7\u00e3o ou constru\u00e7\u00e3o de um produto (como um projeto de plano ou pol\u00edtica). Os workshops geralmente s\u00e3o empregados com o desenvolvimento de exerc\u00edcios para determinar objetivos, desenvolver cen\u00e1rios e definir crit\u00e9rios de avalia\u00e7\u00e3o.<br \/>\nUm workshop tamb\u00e9m pode ser usado para produzir novos planos de resposta. Para serem eficazes, os workshops devem ser altamente focados em uma quest\u00e3o espec\u00edfica, e o resultado ou objetivo desejado deve ser claramente definido.<\/li>\n<\/ul>\n<p><strong>Exerc\u00edcios Baseados Em Opera\u00e7\u00f5es<\/strong><\/p>\n<ul>\n<li><strong>Exerc\u00edcios em larga escala<\/strong><br \/>\nOs exerc\u00edcios s\u00e3o muitas vezes mais complexos porque simulam v\u00e1rios aspectos de um incidente de derrame de petr\u00f3leo e envolvem terceiros. Este exerc\u00edcio pode ter um \u00e2mbito limitado, como a utiliza\u00e7\u00e3o de pessoal pr\u00f3prio para desempenhar o papel das principais partes externas ou a plena cobertura. Ag\u00eancias e organiza\u00e7\u00f5es externas s\u00e3o convidadas a fornecer pessoal para desempenhar seus pap\u00e9is dentro do exerc\u00edcio. Exerc\u00edcios internos s\u00e3o ben\u00e9ficos nos est\u00e1gios iniciais do desenvolvimento da equipe; somente atrav\u00e9s de exerc\u00edcios com as pessoas envolvidas em uma emerg\u00eancia real, uma equipe de resposta pode ser adequadamente testada e treinada.<\/li>\n<li>Exerc\u00edcio <strong>funcional<\/strong> Um<br \/>\nexerc\u00edcio funcional \u00e9 projetado para validar e avaliar capacidades individuais, m\u00faltiplas fun\u00e7\u00f5es, atividades dentro de uma fun\u00e7\u00e3o ou grupos interdependentes de processos. Os eventos s\u00e3o projetados por meio de um cen\u00e1rio de exerc\u00edcio com atualiza\u00e7\u00f5es de evento que orientam a a\u00e7\u00e3o no n\u00edvel de gerenciamento. Um exerc\u00edcio funcional simula a realidade das opera\u00e7\u00f5es em uma \u00e1rea ativa, apresentando problemas complexos e realistas que exigem respostas r\u00e1pidas e eficazes do pessoal treinado em um ambiente altamente estressante e com restri\u00e7\u00f5es de tempo.Os exerc\u00edcios<br \/>\nfuncionais geralmente se concentram em exercer os planos, as pol\u00edticas, os procedimentos e a equipe de resposta da organiza\u00e7\u00e3o. Simula-se a movimenta\u00e7\u00e3o de pessoal e equipamentos.<\/li>\n<li>\nExerc\u00edcios de mobiliza\u00e7\u00e3o de equipamentos implicam a utiliza\u00e7\u00e3o de equipamento de resposta a derrames de petr\u00f3leo em locais espec\u00edficos, em resposta a um cen\u00e1rio de derrame de petr\u00f3leo, e a aplica\u00e7\u00e3o das estrat\u00e9gias estabelecidas no plano para um cen\u00e1rio de derrame espec\u00edfico. Esses exerc\u00edcios testam a capacidade de uma equipe local de responder a um derramamento de tipo de N\u00edvel 1 ou 2, fornecem a experi\u00eancia de condi\u00e7\u00f5es locais e cen\u00e1rios de derramamento, e aprimoram as habilidades individuais e o trabalho em equipe. Outras partes devem, em geral, fazer parte dessa resposta, como fornecedores de barcos, barca\u00e7as e caminh\u00f5es, para que sua disponibilidade e capacidade possam ser avaliadas; outras organiza\u00e7\u00f5es tamb\u00e9m podem ser convidadas a observar. Esse exerc\u00edcio normalmente dura de quatro a oito horas e deve ser repetido com frequ\u00eancia at\u00e9 que as equipes conhe\u00e7am o equipamento. Em alguns casos, um exerc\u00edcio de implanta\u00e7\u00e3o de equipamento pode ser executado em conjunto com um exerc\u00edcio de gerenciamento de incidentes ou de mesa. Isso pode melhorar a realidade dos exerc\u00edcios, mas pode ser mais complicado de supervisionar.<\/li>\n<\/ul>\n","protected":false},"excerpt":{"rendered":"<p>O prop\u00f3sito dos exerc\u00edcios \u00e9 muitos. As equipes de resposta t\u00eam a oportunidade de praticar as habilidades necess\u00e1rias em uma [&hellip;]<\/p>\n","protected":false},"author":1,"featured_media":0,"parent":78193,"menu_order":0,"comment_status":"closed","ping_status":"closed","template":"","meta":{"site-sidebar-layout":"default","site-content-layout":"","ast-site-content-layout":"default","site-content-style":"default","site-sidebar-style":"default","ast-global-header-display":"","ast-banner-title-visibility":"","ast-main-header-display":"","ast-hfb-above-header-display":"","ast-hfb-below-header-display":"","ast-hfb-mobile-header-display":"","site-post-title":"","ast-breadcrumbs-content":"","ast-featured-img":"","footer-sml-layout":"","ast-disable-related-posts":"","theme-transparent-header-meta":"","adv-header-id-meta":"","stick-header-meta":"","header-above-stick-meta":"","header-main-stick-meta":"","header-below-stick-meta":"","astra-migrate-meta-layouts":"default","ast-page-background-enabled":"default","ast-page-background-meta":{"desktop":{"background-color":"var(--ast-global-color-5)","background-image":"","background-repeat":"repeat","background-position":"center center","background-size":"auto","background-attachment":"scroll","background-type":"","background-media":"","overlay-type":"","overlay-color":"","overlay-opacity":"","overlay-gradient":""},"tablet":{"background-color":"","background-image":"","background-repeat":"repeat","background-position":"center center","background-size":"auto","background-attachment":"scroll","background-type":"","background-media":"","overlay-type":"","overlay-color":"","overlay-opacity":"","overlay-gradient":""},"mobile":{"background-color":"","background-image":"","background-repeat":"repeat","background-position":"center center","background-size":"auto","background-attachment":"scroll","background-type":"","background-media":"","overlay-type":"","overlay-color":"","overlay-opacity":"","overlay-gradient":""}},"ast-content-background-meta":{"desktop":{"background-color":"var(--ast-global-color-4)","background-image":"","background-repeat":"repeat","background-position":"center center","background-size":"auto","background-attachment":"scroll","background-type":"","background-media":"","overlay-type":"","overlay-color":"","overlay-opacity":"","overlay-gradient":""},"tablet":{"background-color":"var(--ast-global-color-4)","background-image":"","background-repeat":"repeat","background-position":"center center","background-size":"auto","background-attachment":"scroll","background-type":"","background-media":"","overlay-type":"","overlay-color":"","overlay-opacity":"","overlay-gradient":""},"mobile":{"background-color":"var(--ast-global-color-4)","background-image":"","background-repeat":"repeat","background-position":"center center","background-size":"auto","background-attachment":"scroll","background-type":"","background-media":"","overlay-type":"","overlay-color":"","overlay-opacity":"","overlay-gradient":""}},"footnotes":""},"class_list":["post-78199","page","type-page","status-publish","hentry"],"_links":{"self":[{"href":"https:\/\/mavideniz.com.tr\/pt-pt\/wp-json\/wp\/v2\/pages\/78199","targetHints":{"allow":["GET"]}}],"collection":[{"href":"https:\/\/mavideniz.com.tr\/pt-pt\/wp-json\/wp\/v2\/pages"}],"about":[{"href":"https:\/\/mavideniz.com.tr\/pt-pt\/wp-json\/wp\/v2\/types\/page"}],"author":[{"embeddable":true,"href":"https:\/\/mavideniz.com.tr\/pt-pt\/wp-json\/wp\/v2\/users\/1"}],"replies":[{"embeddable":true,"href":"https:\/\/mavideniz.com.tr\/pt-pt\/wp-json\/wp\/v2\/comments?post=78199"}],"version-history":[{"count":0,"href":"https:\/\/mavideniz.com.tr\/pt-pt\/wp-json\/wp\/v2\/pages\/78199\/revisions"}],"up":[{"embeddable":true,"href":"https:\/\/mavideniz.com.tr\/pt-pt\/wp-json\/wp\/v2\/pages\/78193"}],"wp:attachment":[{"href":"https:\/\/mavideniz.com.tr\/pt-pt\/wp-json\/wp\/v2\/media?parent=78199"}],"curies":[{"name":"wp","href":"https:\/\/api.w.org\/{rel}","templated":true}]}}