{"id":78201,"date":"2025-05-04T13:44:32","date_gmt":"2025-05-04T13:44:32","guid":{"rendered":"https:\/\/mavideniz.com.tr\/?page_id=78201"},"modified":"2025-10-05T00:07:14","modified_gmt":"2025-10-05T00:07:14","slug":"planejamento-de-instalacao-da-barreira-de-lixo","status":"publish","type":"page","link":"https:\/\/mavideniz.com.tr\/pt-pt\/servicos\/preparacao-para-poluicao\/planejamento-de-instalacao-da-barreira-de-lixo\/","title":{"rendered":"Planejamento de instala\u00e7\u00e3o da barreira de lixo"},"content":{"rendered":"\n<p>O servi\u00e7o de planejamento da instala\u00e7\u00e3o da barreira de lixo \u00e9 essencial para n\u00e3o falhar ap\u00f3s a instala\u00e7\u00e3o da barreira de lixo. Por causa disso, organizamos fases e est\u00e1gios.<\/p>\n<p><strong>Fase e est\u00e1gios do planejamento da instala\u00e7\u00e3o da barreira de lixo:<\/strong><\/p>\n<ul>\n<li>Fase I &#8211; Estudos hidrol\u00f3gicos, tobogeod\u00e9sicos, batim\u00e9tricos, geol\u00f3gicos e ictiofauna;<\/li>\n<li>Fase II &#8211; Sele\u00e7\u00e3o de equipamentos n\u00e3o convencionais e instala\u00e7\u00f5es de limpeza de vela, an\u00e1lise t\u00e9cnico-econ\u00f4mica e valores \u200b \u200bdas op\u00e7\u00f5es selecionadas;<\/li>\n<li>Fase II &#8211; Prepara\u00e7\u00e3o dos requisitos e especifica\u00e7\u00f5es t\u00e9cnicas para as op\u00e7\u00f5es selecionadas para a adjudica\u00e7\u00e3o de contratos de fornecimento e instala\u00e7\u00e3o;<\/li>\n<li>Fase IV &#8211; Participa\u00e7\u00e3o em propostas t\u00e9cnicas e financeiras de propostas que participem no concurso p\u00fablico para a entrega de estruturas n\u00e3o conformes e de instala\u00e7\u00f5es de limpeza de vela<\/li>\n<\/ul>\n<p>Ap\u00f3s a conclus\u00e3o da fase e do est\u00e1gio, Mavideniz apresenta o relat\u00f3rio t\u00e9cnico; com esse relat\u00f3rio, voc\u00ea ter\u00e1 a melhor op\u00e7\u00e3o \/ \u00f3tima para a implementa\u00e7\u00e3o da barreira de lixo com base na avalia\u00e7\u00e3o econ\u00f4mica de alternativas, lucro econ\u00f4mico (EIRR), valor presente l\u00edquido (NPV), ter\u00e1 o tipo e a especifica\u00e7\u00e3o das m\u00e1quinas de limpeza\/coleta de lixo ou navio selecionado nos rios e obter\u00e1 mais e mais informa\u00e7\u00f5es.<\/p>\n","protected":false},"excerpt":{"rendered":"<p>O servi\u00e7o de planejamento da instala\u00e7\u00e3o da barreira de lixo \u00e9 essencial para n\u00e3o falhar ap\u00f3s a instala\u00e7\u00e3o da barreira [&hellip;]<\/p>\n","protected":false},"author":1,"featured_media":0,"parent":78193,"menu_order":0,"comment_status":"closed","ping_status":"closed","template":"","meta":{"site-sidebar-layout":"default","site-content-layout":"","ast-site-content-layout":"default","site-content-style":"default","site-sidebar-style":"default","ast-global-header-display":"","ast-banner-title-visibility":"","ast-main-header-display":"","ast-hfb-above-header-display":"","ast-hfb-below-header-display":"","ast-hfb-mobile-header-display":"","site-post-title":"","ast-breadcrumbs-content":"","ast-featured-img":"","footer-sml-layout":"","ast-disable-related-posts":"","theme-transparent-header-meta":"","adv-header-id-meta":"","stick-header-meta":"","header-above-stick-meta":"","header-main-stick-meta":"","header-below-stick-meta":"","astra-migrate-meta-layouts":"default","ast-page-background-enabled":"default","ast-page-background-meta":{"desktop":{"background-color":"var(--ast-global-color-5)","background-image":"","background-repeat":"repeat","background-position":"center center","background-size":"auto","background-attachment":"scroll","background-type":"","background-media":"","overlay-type":"","overlay-color":"","overlay-opacity":"","overlay-gradient":""},"tablet":{"background-color":"","background-image":"","background-repeat":"repeat","background-position":"center center","background-size":"auto","background-attachment":"scroll","background-type":"","background-media":"","overlay-type":"","overlay-color":"","overlay-opacity":"","overlay-gradient":""},"mobile":{"background-color":"","background-image":"","background-repeat":"repeat","background-position":"center center","background-size":"auto","background-attachment":"scroll","background-type":"","background-media":"","overlay-type":"","overlay-color":"","overlay-opacity":"","overlay-gradient":""}},"ast-content-background-meta":{"desktop":{"background-color":"var(--ast-global-color-4)","background-image":"","background-repeat":"repeat","background-position":"center center","background-size":"auto","background-attachment":"scroll","background-type":"","background-media":"","overlay-type":"","overlay-color":"","overlay-opacity":"","overlay-gradient":""},"tablet":{"background-color":"var(--ast-global-color-4)","background-image":"","background-repeat":"repeat","background-position":"center center","background-size":"auto","background-attachment":"scroll","background-type":"","background-media":"","overlay-type":"","overlay-color":"","overlay-opacity":"","overlay-gradient":""},"mobile":{"background-color":"var(--ast-global-color-4)","background-image":"","background-repeat":"repeat","background-position":"center center","background-size":"auto","background-attachment":"scroll","background-type":"","background-media":"","overlay-type":"","overlay-color":"","overlay-opacity":"","overlay-gradient":""}},"footnotes":""},"class_list":["post-78201","page","type-page","status-publish","hentry"],"_links":{"self":[{"href":"https:\/\/mavideniz.com.tr\/pt-pt\/wp-json\/wp\/v2\/pages\/78201","targetHints":{"allow":["GET"]}}],"collection":[{"href":"https:\/\/mavideniz.com.tr\/pt-pt\/wp-json\/wp\/v2\/pages"}],"about":[{"href":"https:\/\/mavideniz.com.tr\/pt-pt\/wp-json\/wp\/v2\/types\/page"}],"author":[{"embeddable":true,"href":"https:\/\/mavideniz.com.tr\/pt-pt\/wp-json\/wp\/v2\/users\/1"}],"replies":[{"embeddable":true,"href":"https:\/\/mavideniz.com.tr\/pt-pt\/wp-json\/wp\/v2\/comments?post=78201"}],"version-history":[{"count":0,"href":"https:\/\/mavideniz.com.tr\/pt-pt\/wp-json\/wp\/v2\/pages\/78201\/revisions"}],"up":[{"embeddable":true,"href":"https:\/\/mavideniz.com.tr\/pt-pt\/wp-json\/wp\/v2\/pages\/78193"}],"wp:attachment":[{"href":"https:\/\/mavideniz.com.tr\/pt-pt\/wp-json\/wp\/v2\/media?parent=78201"}],"curies":[{"name":"wp","href":"https:\/\/api.w.org\/{rel}","templated":true}]}}