{"id":78438,"date":"2025-05-04T15:23:36","date_gmt":"2025-05-04T15:23:36","guid":{"rendered":"https:\/\/mavideniz.com.tr\/?page_id=78438"},"modified":"2025-10-05T00:07:14","modified_gmt":"2025-10-05T00:07:14","slug":"litoral-limpeza-de-praia","status":"publish","type":"page","link":"https:\/\/mavideniz.com.tr\/pt-pt\/servicos\/litoral-limpeza-de-praia\/","title":{"rendered":"Litoral + Limpeza de Praia"},"content":{"rendered":"\n<p>De acordo com as caracter\u00edsticas do local, a limpeza de praias e costas polu\u00eddas requer t\u00e9cnicas e m\u00e9todos espec\u00edficos. com as opera\u00e7\u00f5es de limpeza de costas ou praia, utilizamos o Manuel Cleanup + Equipamento Mec\u00e2nico e M\u00e1quinas Mec\u00e2nicas<\/p>\n<p>M\u00e9todos \u00fanicos eficazes podem ser imposs\u00edveis e in\u00fateis em \u00e1reas ambientalmente suscept\u00edveis, e as opera\u00e7\u00f5es de limpeza devem ser explicitamente projetadas para cada caso. Os locais s\u00e3o muitas vezes dif\u00edceis de acessar, e diferen\u00e7as significativas entre mar\u00e9 alta e mar\u00e9 baixa podem complicar as opera\u00e7\u00f5es.<\/p>\n<p>O tipo de costa desempenha um papel essencial na determina\u00e7\u00e3o das t\u00e9cnicas de limpeza mais adequadas que podem ser mais adequadas para a remo\u00e7\u00e3o dos detritos. Considerando a limpeza de um tipo espec\u00edfico de litoral, tr\u00eas fatores s\u00e3o essenciais: o n\u00edvel de amenidade, a sensibilidade ambiental e a exposi\u00e7\u00e3o da costa \u00e0 a\u00e7\u00e3o natural de limpeza.<\/p>\n<p>A equipe de gerenciamento deve considerar os v\u00e1rios usos locais do ambiente marinho, como recrea\u00e7\u00e3o, turismo, pesca, ind\u00fastria e conserva\u00e7\u00e3o marinha. A organiza\u00e7\u00e3o adequada da m\u00e3o de obra e das atividades no litoral \u00e9 igualmente crucial. A limpeza \u00e9 realizada de forma mais segura e eficaz, e os impactos ambientais desproporcionados s\u00e3o evitados. Um plano de conting\u00eancia bem projetado, que incorpore um alto grau de conhecimento local, pode ajudar significativamente a gest\u00e3o e organiza\u00e7\u00e3o bem-sucedidas de uma limpeza de costas.<\/p>\n<p>O lixo \u00e9 uma quest\u00e3o cr\u00edtica que enfrenta todas as vias naveg\u00e1veis, praias desde lagos e rios at\u00e9 todas as costas oce\u00e2nicas. As opera\u00e7\u00f5es de limpeza de praia mais comumente encontrado lixo: Cigarro, Embaladores de alimentos e recipientes, Sacos (pl\u00e1stico), tampas\/tampas, Garrafas de bebidas (pl\u00e1stico), Latas de bebidas, Copos, Pratos, Garfos, Facas, Colheres, Palhas, agitadores, Garrafas de bebidas (vidro), Embalagem de cigarro \/ Embalagens, Pontas de charuto v.b. ..<\/p>\n<p>Uma m\u00e1quina de limpeza de praia \u00e9 um ve\u00edculo que arrasta um dispositivo de raking ou peneiramento sobre a areia da praia para remover lixo e outras mat\u00e9rias estranhas. Trata-se de ve\u00edculos de tra\u00e7\u00e3o manual sobre lagartas ou rodas ou de tra\u00e7\u00e3o por uma quad-bike ou trator. Cidades litor\u00e2neas usam m\u00e1quinas de limpeza de praia para combater os problemas de lixo deixados por clientes de praia, e outras polui\u00e7\u00f5es levadas pelas costas. Uma tarefa importante nas estrat\u00e9gias de limpeza da praia \u00e9 encontrar a melhor maneira de lidar com os res\u00edduos da praia, considerando a eros\u00e3o da praia e mudando o terreno.<\/p>\n<p>As m\u00e1quinas de limpeza de praia coletam areia atrav\u00e9s de uma colher ou mecanismo de arrasto, depois rastejam ou peneiram qualquer coisa grande o suficiente para ser considerada estranha, incluindo paus, pedras, lixo, seringas e outros itens. Aplica\u00e7\u00f5es semelhantes incluem praias de lago e campos para v\u00f4lei de praia e jardim de inf\u00e2ncia e campo de jogo sandpits.<\/p>\n<p>M\u00e1quinas de limpeza de praia s\u00e3o usadas em todo o mundo para garantir a seguran\u00e7a e a felicidade dos frequentadores da praia. Os munic\u00edpios e resorts podem manter suas praias com menos horas investidas removendo lixo, algas indesejadas e outros detritos da praia.<\/p>\n<p>Al\u00e9m de seus usos regulares de remo\u00e7\u00e3o de lixo, limpadores de praia e areia t\u00eam sido usados para limpar ap\u00f3s desastres naturais.<\/p>\n<p>Por exemplo:<\/p>\n<p>Em Galveston, no Texas, baixos n\u00edveis de oxig\u00eanio na \u00e1gua resultaram na morte de milhares de peixes, que foram lavados em terra firme. Limpadores de areia foram ent\u00e3o usados para remover os peixes podres da praia antes de liberar toxinas excessivas no ar, areia e \u00e1gua.<\/p>\n<p>Os Jogos Ol\u00edmpicos de 2008 viram o primeiro controle remoto Sabonis para os campos de v\u00f4lei de praia em Beijing Chaoyang Park.<\/p>\n<p>Ap\u00f3s o derramamento de petr\u00f3leo da plataforma Deepwater Horizon, a limpeza viu grandes aplica\u00e7\u00f5es de limpadores de areia na \u00e1rea[1]. Da mesma forma, o vazamento de \u00f3leo de Rena na Nova Zel\u00e2ndia tamb\u00e9m viu limpadores de praia implantados para remover a areia fabricada.<\/p>\n<p>Os profissionais da Mavi Deniz s\u00e3o treinados para responder e intervir em vazamentos em locais de dif\u00edcil acesso, como fal\u00e9sias altas e fundos marinhos.<\/p>\n<p>Mavi Deniz tem experi\u00eancia na limpeza dos rios para mares e tem um contrato peri\u00f3dico com os governos locais e munic\u00edpios para limpar a praia, lagoa, lagos, marinas e \u00e1reas portu\u00e1rias. Limpeza e recupera\u00e7\u00e3o costeira (praias, costas rochosas e docas).<\/p>\n<p>As \u00e1reas tur\u00edsticas tamb\u00e9m desfrutam de um tipo de servi\u00e7o semelhante, incluindo limpeza peri\u00f3dica e prepara\u00e7\u00e3o para enfrentar um eventual incidente de polui\u00e7\u00e3o.<\/p>\n","protected":false},"excerpt":{"rendered":"<p>De acordo com as caracter\u00edsticas do local, a limpeza de praias e costas polu\u00eddas requer t\u00e9cnicas e m\u00e9todos espec\u00edficos. com [&hellip;]<\/p>\n","protected":false},"author":1,"featured_media":0,"parent":78161,"menu_order":0,"comment_status":"closed","ping_status":"closed","template":"","meta":{"site-sidebar-layout":"default","site-content-layout":"","ast-site-content-layout":"default","site-content-style":"default","site-sidebar-style":"default","ast-global-header-display":"","ast-banner-title-visibility":"","ast-main-header-display":"","ast-hfb-above-header-display":"","ast-hfb-below-header-display":"","ast-hfb-mobile-header-display":"","site-post-title":"","ast-breadcrumbs-content":"","ast-featured-img":"","footer-sml-layout":"","ast-disable-related-posts":"","theme-transparent-header-meta":"","adv-header-id-meta":"","stick-header-meta":"","header-above-stick-meta":"","header-main-stick-meta":"","header-below-stick-meta":"","astra-migrate-meta-layouts":"default","ast-page-background-enabled":"default","ast-page-background-meta":{"desktop":{"background-color":"var(--ast-global-color-5)","background-image":"","background-repeat":"repeat","background-position":"center center","background-size":"auto","background-attachment":"scroll","background-type":"","background-media":"","overlay-type":"","overlay-color":"","overlay-opacity":"","overlay-gradient":""},"tablet":{"background-color":"","background-image":"","background-repeat":"repeat","background-position":"center center","background-size":"auto","background-attachment":"scroll","background-type":"","background-media":"","overlay-type":"","overlay-color":"","overlay-opacity":"","overlay-gradient":""},"mobile":{"background-color":"","background-image":"","background-repeat":"repeat","background-position":"center center","background-size":"auto","background-attachment":"scroll","background-type":"","background-media":"","overlay-type":"","overlay-color":"","overlay-opacity":"","overlay-gradient":""}},"ast-content-background-meta":{"desktop":{"background-color":"var(--ast-global-color-4)","background-image":"","background-repeat":"repeat","background-position":"center center","background-size":"auto","background-attachment":"scroll","background-type":"","background-media":"","overlay-type":"","overlay-color":"","overlay-opacity":"","overlay-gradient":""},"tablet":{"background-color":"var(--ast-global-color-4)","background-image":"","background-repeat":"repeat","background-position":"center center","background-size":"auto","background-attachment":"scroll","background-type":"","background-media":"","overlay-type":"","overlay-color":"","overlay-opacity":"","overlay-gradient":""},"mobile":{"background-color":"var(--ast-global-color-4)","background-image":"","background-repeat":"repeat","background-position":"center center","background-size":"auto","background-attachment":"scroll","background-type":"","background-media":"","overlay-type":"","overlay-color":"","overlay-opacity":"","overlay-gradient":""}},"footnotes":""},"class_list":["post-78438","page","type-page","status-publish","hentry"],"_links":{"self":[{"href":"https:\/\/mavideniz.com.tr\/pt-pt\/wp-json\/wp\/v2\/pages\/78438","targetHints":{"allow":["GET"]}}],"collection":[{"href":"https:\/\/mavideniz.com.tr\/pt-pt\/wp-json\/wp\/v2\/pages"}],"about":[{"href":"https:\/\/mavideniz.com.tr\/pt-pt\/wp-json\/wp\/v2\/types\/page"}],"author":[{"embeddable":true,"href":"https:\/\/mavideniz.com.tr\/pt-pt\/wp-json\/wp\/v2\/users\/1"}],"replies":[{"embeddable":true,"href":"https:\/\/mavideniz.com.tr\/pt-pt\/wp-json\/wp\/v2\/comments?post=78438"}],"version-history":[{"count":0,"href":"https:\/\/mavideniz.com.tr\/pt-pt\/wp-json\/wp\/v2\/pages\/78438\/revisions"}],"up":[{"embeddable":true,"href":"https:\/\/mavideniz.com.tr\/pt-pt\/wp-json\/wp\/v2\/pages\/78161"}],"wp:attachment":[{"href":"https:\/\/mavideniz.com.tr\/pt-pt\/wp-json\/wp\/v2\/media?parent=78438"}],"curies":[{"name":"wp","href":"https:\/\/api.w.org\/{rel}","templated":true}]}}