{"id":41762,"date":"2022-10-23T22:52:03","date_gmt":"2022-10-23T22:52:03","guid":{"rendered":"https:\/\/mavideniz.com.tr\/?page_id=41762"},"modified":"2022-10-24T05:52:54","modified_gmt":"2022-10-24T05:52:54","slug":"%d0%ba%d0%be%d0%bd%d1%82%d0%b0%d0%ba%d1%82-mavi-deniz","status":"publish","type":"page","link":"https:\/\/mavideniz.com.tr\/ru\/%d0%ba%d0%be%d0%bd%d1%82%d0%b0%d0%ba%d1%82-mavi-deniz\/","title":{"rendered":"\u041a\u043e\u043d\u0442\u0430\u043a\u0442 Mavi Deniz"},"content":{"rendered":"<h2 style=\"text-align: center;\"><span style=\"color: #155883;\">\u0411\u043b\u0430\u0433\u043e\u0434\u0430\u0440\u0438\u043c \u0432\u0430\u0441 \u0437\u0430 \u043f\u043e\u0441\u0435\u0449\u0435\u043d\u0438\u0435 \u043d\u0430\u0448\u0435\u0433\u043e \u0432\u0435\u0431-\u0441\u0430\u0439\u0442\u0430<\/span><\/h2>\n<div class=\"wptm_table tablesorter-bootstrap \" data-id=\"148\" data-hightlight=\"0\"><div class=\"wptm_buttons buttons_wptmTbl148\"><\/div><div class=\"wptmresponsive dataTables-wptmtable wptmtable \" id=\"wptmtable148\" data-tableid=\"wptmTbl148\"><table data-count-header=\"10\"  data-format-decimal_count=\"0\" data-format-decimal_symbol=\".\" data-format-symbol_position=\"0\" data-format-thousand_symbol=\",\"  data-format-currency_symbol=\"$\"  data-name-style=\"148_1744037504.css\" data-format=\"YYYY-MM-DD\" id=\"wptmTbl148\" data-id=\"148\" data-responsive=\"false\" data-hideCols=\"false\"  data-type=\"html\" data-paging=\"false\" data-searching=\"true\"  data-ordering=\"false\" data-table-breakpoint=\"980\" data-scroll-x=\"true\" data-scroll-collapse=\"true\" data-align=\"center\" data-range=\"[]\" data-hideColumn=\"[0,0,0]\" data-colwidths=\"[370,370,370]\" class=\"wptm_main_table  disablePager hideScrollHeader\"><colgroup><col data-dtr=\"0\" data-dtc=\"0\" class=\"dtc0\"><col data-dtr=\"0\" data-dtc=\"1\" class=\"dtc1\"><col data-dtr=\"0\" data-dtc=\"2\" class=\"dtc2\"><\/colgroup><thead><tr class=\"wptm-header-cells-index dnone\"><th rowspan=\"1\" colspan=\"1\" data-dtr=\"0\" data-dtc=\"0\" class=\"dtr0 dtc0\"><\/th><th rowspan=\"1\" colspan=\"1\" data-dtr=\"0\" data-dtc=\"1\" class=\"dtr0 dtc1\"><\/th><th rowspan=\"1\" colspan=\"1\" data-dtr=\"0\" data-dtc=\"2\" class=\"dtr0 dtc2\"><\/th><\/tr><tr class=\" row0\"><th   data-priority=\"0\" class=\"dtr0 dtc0\">\u0410\u0434\u0440\u0435\u0441 \u0448\u0442\u0430\u0431-\u043a\u0432\u0430\u0440\u0442\u0438\u0440\u044b<\/th><th   data-priority=\"0\" class=\"dtr0 dtc1\">\u0422\u0435\u043b\u0435\u0444\u043e\u043d<\/th><th   data-priority=\"0\" class=\"dtr0 dtc2\"><\/th><\/tr><tr class=\" row1\"><th   data-priority=\"0\" class=\"dtr1 dtc0\">Ba\u011fdat cd Yeni T\u00fcrk\u00fc Sk No: 12 G\u00fczelyal\u0131, Pendik, Istanbul \/ Turkey 34903<\/th><th   data-priority=\"0\" class=\"dtr1 dtc1\">\u0422\u0435\u043b\u0435\u0444\u043e\u043d: +90 216 987 07 17<\/th><th   data-priority=\"0\" class=\"dtr1 dtc2\"><\/th><\/tr><tr class=\" row2\"><th   data-priority=\"0\" class=\"dtr2 dtc0\">\u041d\u0430\u043f\u0438\u0448\u0438\u0442\u0435 \u043d\u0430\u043c \u043f\u043e \u044d\u043b\u0435\u043a\u0442\u0440\u043e\u043d\u043d\u043e\u0439 \u043f\u043e\u0447\u0442\u0435<\/th><th   data-priority=\"0\" class=\"dtr2 dtc1\"><\/th><th   data-priority=\"0\" class=\"dtr2 dtc2\"><\/th><\/tr><tr class=\" row3\"><th   data-priority=\"0\" class=\"dtr3 dtc0\">\u0420\u0435\u0430\u0433\u0438\u0440\u043e\u0432\u0430\u043d\u0438\u0435 \u043d\u0430 \u0447\u0440\u0435\u0437\u0432\u044b\u0447\u0430\u0439\u043d\u044b\u0435 \u0441\u0438\u0442\u0443\u0430\u0446\u0438\u0438 ( 24\/7 )<\/th><th   data-priority=\"0\" class=\"dtr3 dtc1\">emergency@mavideniz.com.tr<\/th><th   data-priority=\"0\" class=\"dtr3 dtc2\"><\/th><\/tr><tr class=\" row4\"><th   data-priority=\"0\" class=\"dtr4 dtc0\">\u0414\u043b\u044f \u0437\u0430\u043f\u0440\u043e\u0441\u0430 \u043f\u0440\u043e\u0434\u0443\u043a\u0442\u0430<\/th><th   data-priority=\"0\" class=\"dtr4 dtc1\">cis@mavideniz.com.tr<\/th><th   data-priority=\"0\" class=\"dtr4 dtc2\"><\/th><\/tr><tr class=\" row5\"><th   data-priority=\"0\" class=\"dtr5 dtc0\">\u0414\u043b\u044f \u0437\u0430\u043f\u0440\u043e\u0441\u0430 \u043d\u0430 \u043e\u0431\u0441\u043b\u0443\u0436\u0438\u0432\u0430\u043d\u0438\u0435<\/th><th   data-priority=\"0\" class=\"dtr5 dtc1\">cis@mavideniz.com.tr<\/th><th   data-priority=\"0\" class=\"dtr5 dtc2\"><\/th><\/tr><tr class=\" row6\"><th   data-priority=\"0\" class=\"dtr6 dtc0\">\u0414\u043b\u044f \u041e\u0442\u0434\u0435\u043b\u0430 \u043f\u0440\u043e\u0434\u0430\u0436<\/th><th   data-priority=\"0\" class=\"dtr6 dtc1\">cis@mavideniz.com.tr<\/th><th   data-priority=\"0\" class=\"dtr6 dtc2\"><\/th><\/tr><tr class=\" row7\"><th   data-priority=\"0\" class=\"dtr7 dtc0\">\u0414\u043b\u044f \u041e\u0442\u0434\u0435\u043b\u0430 \u0437\u0430\u043a\u0443\u043f\u043e\u043a<\/th><th   data-priority=\"0\" class=\"dtr7 dtc1\">purchasing@mavideniz.com.tr<\/th><th   data-priority=\"0\" class=\"dtr7 dtc2\"><\/th><\/tr><tr class=\" row8\"><th   data-priority=\"0\" class=\"dtr8 dtc0\">\u0414\u043b\u044f \u0414\u0438\u043b\u0435\u0440\u0430 - \u0434\u0438\u0441\u0442\u0440\u0438\u0431\u044c\u044e\u0442\u043e\u0440\u0430<\/th><th   data-priority=\"0\" class=\"dtr8 dtc1\">erdinc@mavideniz.com.tr<\/th><th   data-priority=\"0\" class=\"dtr8 dtc2\"><\/th><\/tr><tr class=\" row9\"><th   data-priority=\"0\" class=\"dtr9 dtc0\">\u0414\u043b\u044f \u043b\u044e\u0434\u0441\u043a\u0438\u0445 \u0440\u0435\u0441\u0443\u0440\u0441\u043e\u0432<\/th><th   data-priority=\"0\" class=\"dtr9 dtc1\">careers@mavideniz.com.tr<\/th><th   data-priority=\"0\" class=\"dtr9 dtc2\"><\/th><\/thead><tbody><tr class=\" row10\"><td    class=\"dtr10 dtc0\">\u0414\u043b\u044f \u0437\u0430\u043f\u0430\u0441\u043d\u044b\u0445 \u0447\u0430\u0441\u0442\u0435\u0439 \u0438 \u0442\u0435\u0445\u043d\u0438\u0447\u0435\u0441\u043a\u043e\u0439 \u043f\u043e\u0434\u0434\u0435\u0440\u0436\u043a\u0438<\/td><td    class=\"dtr10 dtc1\">erdinc@mavideniz.com.tr<\/td><td    class=\"dtr10 dtc2\"><\/td><\/tr><tr class=\" row11\"><td    class=\"dtr11 dtc0\">For General Information<\/td><td    class=\"dtr11 dtc1\">cis@mavideniz.com.tr<\/td><td    class=\"dtr11 dtc2\"><\/td><\/tr><\/tbody><tfoot><tr><td class=\"dtr11 dtc0\" style=\"height: 0;\"><\/td><td class=\"dtr11 dtc1\" style=\"height: 0;\"><\/td><td class=\"dtr11 dtc2\" style=\"height: 0;\"><\/td><\/tr><\/tfoot><\/table><\/div><style>#wptmtable148 .dataTables_wrapper > .dataTables_scroll {max-height:500px;overflow: auto;}<\/style><script>window.wptm_ajaxurl = 'https:\/\/mavideniz.com.tr\/wp-admin\/admin-ajax.php?juwpfisadmin=false&action=Wptm&'; window.wptm_front = 'https:\/\/mavideniz.com.tr\/wp-content\/plugins\/wp-table-manager\/app\/site\/assets\/'; window.wptm_style = 'https:\/\/mavideniz.com.tr\/wp-content\/uploads\/wptm\/';<\/script><\/div><style><\/style>\n<form action=\"https:\/\/mavideniz.com.tr\/ru\/wp-json\/ws-form\/v1\/submit\" class=\"wsf-form wsf-form-canvas\" id=\"ws-form-1\" data-id=\"5\" method=\"POST\" data-instance-id=\"1\" data-wsf-style-id=\"1\"><\/form>\n\n","protected":false},"excerpt":{"rendered":"<p>\u0411\u043b\u0430\u0433\u043e\u0434\u0430\u0440\u0438\u043c \u0432\u0430\u0441 \u0437\u0430 \u043f\u043e\u0441\u0435\u0449\u0435\u043d\u0438\u0435 \u043d\u0430\u0448\u0435\u0433\u043e \u0432\u0435\u0431-\u0441\u0430\u0439\u0442\u0430<\/p>\n","protected":false},"author":1,"featured_media":0,"parent":0,"menu_order":0,"comment_status":"closed","ping_status":"closed","template":"","meta":{"site-sidebar-layout":"default","site-content-layout":"","ast-site-content-layout":"default","site-content-style":"default","site-sidebar-style":"default","ast-global-header-display":"","ast-banner-title-visibility":"","ast-main-header-display":"","ast-hfb-above-header-display":"","ast-hfb-below-header-display":"","ast-hfb-mobile-header-display":"","site-post-title":"","ast-breadcrumbs-content":"","ast-featured-img":"","footer-sml-layout":"","ast-disable-related-posts":"","theme-transparent-header-meta":"","adv-header-id-meta":"","stick-header-meta":"","header-above-stick-meta":"","header-main-stick-meta":"","header-below-stick-meta":"","astra-migrate-meta-layouts":"default","ast-page-background-enabled":"default","ast-page-background-meta":{"desktop":{"background-color":"var(--ast-global-color-5)","background-image":"","background-repeat":"repeat","background-position":"center center","background-size":"auto","background-attachment":"scroll","background-type":"","background-media":"","overlay-type":"","overlay-color":"","overlay-opacity":"","overlay-gradient":""},"tablet":{"background-color":"","background-image":"","background-repeat":"repeat","background-position":"center center","background-size":"auto","background-attachment":"scroll","background-type":"","background-media":"","overlay-type":"","overlay-color":"","overlay-opacity":"","overlay-gradient":""},"mobile":{"background-color":"","background-image":"","background-repeat":"repeat","background-position":"center center","background-size":"auto","background-attachment":"scroll","background-type":"","background-media":"","overlay-type":"","overlay-color":"","overlay-opacity":"","overlay-gradient":""}},"ast-content-background-meta":{"desktop":{"background-color":"var(--ast-global-color-4)","background-image":"","background-repeat":"repeat","background-position":"center center","background-size":"auto","background-attachment":"scroll","background-type":"","background-media":"","overlay-type":"","overlay-color":"","overlay-opacity":"","overlay-gradient":""},"tablet":{"background-color":"var(--ast-global-color-4)","background-image":"","background-repeat":"repeat","background-position":"center center","background-size":"auto","background-attachment":"scroll","background-type":"","background-media":"","overlay-type":"","overlay-color":"","overlay-opacity":"","overlay-gradient":""},"mobile":{"background-color":"var(--ast-global-color-4)","background-image":"","background-repeat":"repeat","background-position":"center center","background-size":"auto","background-attachment":"scroll","background-type":"","background-media":"","overlay-type":"","overlay-color":"","overlay-opacity":"","overlay-gradient":""}},"footnotes":""},"class_list":["post-41762","page","type-page","status-publish","hentry"],"_links":{"self":[{"href":"https:\/\/mavideniz.com.tr\/ru\/wp-json\/wp\/v2\/pages\/41762","targetHints":{"allow":["GET"]}}],"collection":[{"href":"https:\/\/mavideniz.com.tr\/ru\/wp-json\/wp\/v2\/pages"}],"about":[{"href":"https:\/\/mavideniz.com.tr\/ru\/wp-json\/wp\/v2\/types\/page"}],"author":[{"embeddable":true,"href":"https:\/\/mavideniz.com.tr\/ru\/wp-json\/wp\/v2\/users\/1"}],"replies":[{"embeddable":true,"href":"https:\/\/mavideniz.com.tr\/ru\/wp-json\/wp\/v2\/comments?post=41762"}],"version-history":[{"count":0,"href":"https:\/\/mavideniz.com.tr\/ru\/wp-json\/wp\/v2\/pages\/41762\/revisions"}],"wp:attachment":[{"href":"https:\/\/mavideniz.com.tr\/ru\/wp-json\/wp\/v2\/media?parent=41762"}],"curies":[{"name":"wp","href":"https:\/\/api.w.org\/{rel}","templated":true}]}}