{"id":55634,"date":"2023-04-29T20:28:59","date_gmt":"2023-04-29T20:28:59","guid":{"rendered":"https:\/\/mavideniz.com.tr\/?page_id=55634"},"modified":"2024-06-02T17:25:18","modified_gmt":"2024-06-02T17:25:18","slug":"wasiliana-na-mavi-deniz","status":"publish","type":"page","link":"https:\/\/mavideniz.com.tr\/sw\/wasiliana-na-mavi-deniz\/","title":{"rendered":"Wasiliana na Mavi Deniz"},"content":{"rendered":"<h1 style=\"text-align: center;\"><span style=\"color: #155883;\"><strong>Asante kwa kutembelea Tovuti yetu<\/strong><\/span><\/h1>\n<p><div class=\"wptm_table tablesorter-bootstrap \" data-id=\"154\" data-hightlight=\"0\"><div class=\"wptm_buttons buttons_wptmTbl154\"><\/div><div class=\"wptmresponsive dataTables-wptmtable wptmtable \" id=\"wptmtable154\" data-tableid=\"wptmTbl154\"><table data-count-header=\"10\"  data-format-decimal_count=\"0\" data-format-decimal_symbol=\".\" data-format-symbol_position=\"0\" data-format-thousand_symbol=\",\"  data-format-currency_symbol=\"$\"  data-name-style=\"154_1717349034.css\" data-format=\"YYYY-MM-DD\" id=\"wptmTbl154\" data-id=\"154\" data-responsive=\"false\" data-hideCols=\"false\"  data-type=\"html\" data-paging=\"false\" data-searching=\"true\"  data-ordering=\"false\" data-table-breakpoint=\"980\" data-scroll-x=\"true\" data-scroll-collapse=\"true\" data-align=\"center\" data-range=\"[]\" data-hideColumn=\"[0,0,0]\" data-colwidths=\"[370,370,370]\" class=\"wptm_main_table  disablePager hideScrollHeader\"><colgroup><col data-dtr=\"0\" data-dtc=\"0\" class=\"dtc0\"><col data-dtr=\"0\" data-dtc=\"1\" class=\"dtc1\"><col data-dtr=\"0\" data-dtc=\"2\" class=\"dtc2\"><\/colgroup><thead><tr class=\"wptm-header-cells-index dnone\"><th rowspan=\"1\" colspan=\"1\" data-dtr=\"0\" data-dtc=\"0\" class=\"dtr0 dtc0\"><\/th><th rowspan=\"1\" colspan=\"1\" data-dtr=\"0\" data-dtc=\"1\" class=\"dtr0 dtc1\"><\/th><th rowspan=\"1\" colspan=\"1\" data-dtr=\"0\" data-dtc=\"2\" class=\"dtr0 dtc2\"><\/th><\/tr><tr class=\" row0\"><th   data-priority=\"0\" class=\"dtr0 dtc0\">Anwani ya Makao Makuu<\/th><th   data-priority=\"0\" class=\"dtr0 dtc1\">Simu<\/th><th   data-priority=\"0\" class=\"dtr0 dtc2\"><\/th><\/tr><tr class=\" row1\"><th   data-priority=\"0\" class=\"dtr1 dtc0\">Ba\u011fdat cd Yeni T\u00fcrk\u00fc Sk No: 12 G\u00fczelyal\u0131, Pendik, Istanbul \/ Turkey 34903<\/th><th   data-priority=\"0\" class=\"dtr1 dtc1\">Simu : +90 216 987 07 17<\/th><th   data-priority=\"0\" class=\"dtr1 dtc2\"><\/th><\/tr><tr class=\" row2\"><th   data-priority=\"0\" class=\"dtr2 dtc0\">Envoyez-nous un e-mail<\/th><th   data-priority=\"0\" class=\"dtr2 dtc1\"><\/th><th   data-priority=\"0\" class=\"dtr2 dtc2\"><\/th><\/tr><tr class=\" row3\"><th   data-priority=\"0\" class=\"dtr3 dtc0\">Jibu la dharura (24\/7)<\/th><th   data-priority=\"0\" class=\"dtr3 dtc1\">emergency@mavideniz.com.tr<\/th><th   data-priority=\"0\" class=\"dtr3 dtc2\"><\/th><\/tr><tr class=\" row4\"><th   data-priority=\"0\" class=\"dtr4 dtc0\">Kwa ombi la bidhaa<\/th><th   data-priority=\"0\" class=\"dtr4 dtc1\">info.sw@mavideniz.com.tr<\/th><th   data-priority=\"0\" class=\"dtr4 dtc2\"><\/th><\/tr><tr class=\" row5\"><th   data-priority=\"0\" class=\"dtr5 dtc0\">Kwa ombi la huduma<\/th><th   data-priority=\"0\" class=\"dtr5 dtc1\">info.sw@mavideniz.com.tr<\/th><th   data-priority=\"0\" class=\"dtr5 dtc2\"><\/th><\/tr><tr class=\" row6\"><th   data-priority=\"0\" class=\"dtr6 dtc0\">Kwa idara ya mauzo<\/th><th   data-priority=\"0\" class=\"dtr6 dtc1\">info.sw@mavideniz.com.tr<\/th><th   data-priority=\"0\" class=\"dtr6 dtc2\"><\/th><\/tr><tr class=\" row7\"><th   data-priority=\"0\" class=\"dtr7 dtc0\">Kwa Idara ya Ununuzi<\/th><th   data-priority=\"0\" class=\"dtr7 dtc1\">purchasing@mavideniz.com.tr<\/th><th   data-priority=\"0\" class=\"dtr7 dtc2\"><\/th><\/tr><tr class=\" row8\"><th   data-priority=\"0\" class=\"dtr8 dtc0\">Kwa Muuzaji - Msambazaji<\/th><th   data-priority=\"0\" class=\"dtr8 dtc1\">erdinc@mavideniz.com.tr<\/th><th   data-priority=\"0\" class=\"dtr8 dtc2\"><\/th><\/tr><tr class=\" row9\"><th   data-priority=\"0\" class=\"dtr9 dtc0\">Kwa rasilimali watu<\/th><th   data-priority=\"0\" class=\"dtr9 dtc1\">careers@mavideniz.com.tr<\/th><th   data-priority=\"0\" class=\"dtr9 dtc2\"><\/th><\/thead><tbody><tr class=\" row10\"><td    class=\"dtr10 dtc0\">Kwa vipuri na msaada wa kiufundi<\/td><td    class=\"dtr10 dtc1\">erdinc@mavideniz.com.tr<\/td><td    class=\"dtr10 dtc2\"><\/td><\/tr><tr class=\" row11\"><td    class=\"dtr11 dtc0\">Kwa habari ya jumla<\/td><td    class=\"dtr11 dtc1\">info.sw@mavideniz.com.tr<\/td><td    class=\"dtr11 dtc2\"><\/td><\/tr><\/tbody><tfoot><tr><td class=\"dtr11 dtc0\" style=\"height: 0;\"><\/td><td class=\"dtr11 dtc1\" style=\"height: 0;\"><\/td><td class=\"dtr11 dtc2\" style=\"height: 0;\"><\/td><\/tr><\/tfoot><\/table><\/div><style>#wptmtable154 .dataTables_wrapper > .dataTables_scroll {max-height:500px;overflow: auto;}<\/style><script>window.wptm_ajaxurl = 'https:\/\/mavideniz.com.tr\/wp-admin\/admin-ajax.php?juwpfisadmin=false&action=Wptm&'; window.wptm_front = 'https:\/\/mavideniz.com.tr\/wp-content\/plugins\/wp-table-manager\/app\/site\/assets\/'; window.wptm_style = 'https:\/\/mavideniz.com.tr\/wp-content\/uploads\/wptm\/';<\/script><\/div><style><\/style><br \/>\n<form action=\"https:\/\/mavideniz.com.tr\/sw\/wp-json\/ws-form\/v1\/submit\" class=\"wsf-form wsf-form-canvas\" id=\"ws-form-1\" data-id=\"11\" method=\"POST\" data-instance-id=\"1\" data-wsf-style-id=\"1\"><\/form><br \/>\n<\/p>\n","protected":false},"excerpt":{"rendered":"<p>Asante kwa kutembelea Tovuti yetu<\/p>\n","protected":false},"author":1,"featured_media":0,"parent":0,"menu_order":0,"comment_status":"closed","ping_status":"closed","template":"","meta":{"site-sidebar-layout":"default","site-content-layout":"","ast-site-content-layout":"default","site-content-style":"default","site-sidebar-style":"default","ast-global-header-display":"","ast-banner-title-visibility":"","ast-main-header-display":"","ast-hfb-above-header-display":"","ast-hfb-below-header-display":"","ast-hfb-mobile-header-display":"","site-post-title":"","ast-breadcrumbs-content":"","ast-featured-img":"","footer-sml-layout":"","ast-disable-related-posts":"","theme-transparent-header-meta":"","adv-header-id-meta":"","stick-header-meta":"","header-above-stick-meta":"","header-main-stick-meta":"","header-below-stick-meta":"","astra-migrate-meta-layouts":"default","ast-page-background-enabled":"default","ast-page-background-meta":{"desktop":{"background-color":"var(--ast-global-color-5)","background-image":"","background-repeat":"repeat","background-position":"center center","background-size":"auto","background-attachment":"scroll","background-type":"","background-media":"","overlay-type":"","overlay-color":"","overlay-opacity":"","overlay-gradient":""},"tablet":{"background-color":"","background-image":"","background-repeat":"repeat","background-position":"center center","background-size":"auto","background-attachment":"scroll","background-type":"","background-media":"","overlay-type":"","overlay-color":"","overlay-opacity":"","overlay-gradient":""},"mobile":{"background-color":"","background-image":"","background-repeat":"repeat","background-position":"center center","background-size":"auto","background-attachment":"scroll","background-type":"","background-media":"","overlay-type":"","overlay-color":"","overlay-opacity":"","overlay-gradient":""}},"ast-content-background-meta":{"desktop":{"background-color":"var(--ast-global-color-4)","background-image":"","background-repeat":"repeat","background-position":"center center","background-size":"auto","background-attachment":"scroll","background-type":"","background-media":"","overlay-type":"","overlay-color":"","overlay-opacity":"","overlay-gradient":""},"tablet":{"background-color":"var(--ast-global-color-4)","background-image":"","background-repeat":"repeat","background-position":"center center","background-size":"auto","background-attachment":"scroll","background-type":"","background-media":"","overlay-type":"","overlay-color":"","overlay-opacity":"","overlay-gradient":""},"mobile":{"background-color":"var(--ast-global-color-4)","background-image":"","background-repeat":"repeat","background-position":"center center","background-size":"auto","background-attachment":"scroll","background-type":"","background-media":"","overlay-type":"","overlay-color":"","overlay-opacity":"","overlay-gradient":""}},"footnotes":""},"class_list":["post-55634","page","type-page","status-publish","hentry"],"_links":{"self":[{"href":"https:\/\/mavideniz.com.tr\/sw\/wp-json\/wp\/v2\/pages\/55634","targetHints":{"allow":["GET"]}}],"collection":[{"href":"https:\/\/mavideniz.com.tr\/sw\/wp-json\/wp\/v2\/pages"}],"about":[{"href":"https:\/\/mavideniz.com.tr\/sw\/wp-json\/wp\/v2\/types\/page"}],"author":[{"embeddable":true,"href":"https:\/\/mavideniz.com.tr\/sw\/wp-json\/wp\/v2\/users\/1"}],"replies":[{"embeddable":true,"href":"https:\/\/mavideniz.com.tr\/sw\/wp-json\/wp\/v2\/comments?post=55634"}],"version-history":[{"count":0,"href":"https:\/\/mavideniz.com.tr\/sw\/wp-json\/wp\/v2\/pages\/55634\/revisions"}],"wp:attachment":[{"href":"https:\/\/mavideniz.com.tr\/sw\/wp-json\/wp\/v2\/media?parent=55634"}],"curies":[{"name":"wp","href":"https:\/\/api.w.org\/{rel}","templated":true}]}}