{"id":76733,"date":"2025-04-06T11:35:22","date_gmt":"2025-04-06T11:35:22","guid":{"rendered":"https:\/\/mavideniz.com.tr\/?page_id=76733"},"modified":"2025-04-06T11:35:24","modified_gmt":"2025-04-06T11:35:24","slug":"baba-a-umkhumbi-lomnyamaumlilo-kucitseka-kwe-oyili","status":"publish","type":"page","link":"https:\/\/mavideniz.com.tr\/sw\/huduma\/kemikali-kumwagika-majibu-hazmat-2\/mafuta-kumwagika-majibu-shughuli-management\/baba-a-umkhumbi-lomnyamaumlilo-kucitseka-kwe-oyili\/","title":{"rendered":"Baba-A &#8211; Umkhumbi LomnyamaUmlilo + Kucitseka kwe oyili"},"content":{"rendered":"\n<p>21.03.2024 kuphele Alanya Bal\u0131k\u00e7\u0131 Bar\u0131na\u011f\u0131\u2019nda demirli olan Baba-A utawukhula 06.30 weminyaka yenu.<\/p>\n\n\n\n<p>K\u0131sa s\u00fcr\u00fcde kuze kube ngumholi we-Admiral Black.<\/p>\n\n\n\n<p>Olay wafundza; Alanya b\u00f6lgesinde 5312 say\u0131l\u0131 Deniz \u00c7evresinin Petrol Ve Di\u011fer Zararl\u0131 Maddelerle Kirlenmesinde Acil Durumlarda M\u00fcdahale Ve Zararlar\u0131n Tazmini Esas ku Dair Kanun kapsam\u0131nda Alida\u015f Alanya Liman \u0130\u015fletmeleri Denizcilik Turizm Ticaret ve Sanayi A.\u015e. I-Ba\u015faran Gemi Onar\u0131m M\u00fch. Ltd. \u015eti., Alanya Liman Ba\u015fkanl\u0131\u011f\u0131 ngekuya ngekutsi kube nekugula lokungekho emtsetfweni 6 Temizlik Personeli ve 1 Acil M\u00fcdahale Kuhlanganisa kwakhe kusebenta kwesifo sekugula lokubi intfo letsite.<\/p>\n\n\n\n<p>Kungabi khona kwetintfo letitsite letiyinhloko tekutsi kukhishwe tintfo tebuchwepheshe tebuchwepheshe. Bu esnada olu\u015fan ya\u011f urevi s\u0131z\u0131nt\u0131y\u0131 toplamak i\u00e7 emamitha langu-24 wag emici sosis (bariyer) kullan\u0131l\u0131\u015ft\u0131r. Kusebenta kwe-Temizlime 1 kufanele kubhalwe phansi<\/p>\n","protected":false},"excerpt":{"rendered":"<p>21.03.2024 kuphele Alanya Bal\u0131k\u00e7\u0131 Bar\u0131na\u011f\u0131\u2019nda demirli olan Baba-A utawukhula 06.30 weminyaka yenu. K\u0131sa s\u00fcr\u00fcde kuze kube ngumholi we-Admiral Black. Olay [&hellip;]<\/p>\n","protected":false},"author":1,"featured_media":0,"parent":55690,"menu_order":0,"comment_status":"closed","ping_status":"closed","template":"","meta":{"site-sidebar-layout":"default","site-content-layout":"","ast-site-content-layout":"default","site-content-style":"default","site-sidebar-style":"default","ast-global-header-display":"","ast-banner-title-visibility":"","ast-main-header-display":"","ast-hfb-above-header-display":"","ast-hfb-below-header-display":"","ast-hfb-mobile-header-display":"","site-post-title":"","ast-breadcrumbs-content":"","ast-featured-img":"","footer-sml-layout":"","ast-disable-related-posts":"","theme-transparent-header-meta":"","adv-header-id-meta":"","stick-header-meta":"","header-above-stick-meta":"","header-main-stick-meta":"","header-below-stick-meta":"","astra-migrate-meta-layouts":"default","ast-page-background-enabled":"default","ast-page-background-meta":{"desktop":{"background-color":"var(--ast-global-color-5)","background-image":"","background-repeat":"repeat","background-position":"center center","background-size":"auto","background-attachment":"scroll","background-type":"","background-media":"","overlay-type":"","overlay-color":"","overlay-opacity":"","overlay-gradient":""},"tablet":{"background-color":"","background-image":"","background-repeat":"repeat","background-position":"center center","background-size":"auto","background-attachment":"scroll","background-type":"","background-media":"","overlay-type":"","overlay-color":"","overlay-opacity":"","overlay-gradient":""},"mobile":{"background-color":"","background-image":"","background-repeat":"repeat","background-position":"center center","background-size":"auto","background-attachment":"scroll","background-type":"","background-media":"","overlay-type":"","overlay-color":"","overlay-opacity":"","overlay-gradient":""}},"ast-content-background-meta":{"desktop":{"background-color":"var(--ast-global-color-4)","background-image":"","background-repeat":"repeat","background-position":"center center","background-size":"auto","background-attachment":"scroll","background-type":"","background-media":"","overlay-type":"","overlay-color":"","overlay-opacity":"","overlay-gradient":""},"tablet":{"background-color":"var(--ast-global-color-4)","background-image":"","background-repeat":"repeat","background-position":"center center","background-size":"auto","background-attachment":"scroll","background-type":"","background-media":"","overlay-type":"","overlay-color":"","overlay-opacity":"","overlay-gradient":""},"mobile":{"background-color":"var(--ast-global-color-4)","background-image":"","background-repeat":"repeat","background-position":"center center","background-size":"auto","background-attachment":"scroll","background-type":"","background-media":"","overlay-type":"","overlay-color":"","overlay-opacity":"","overlay-gradient":""}},"footnotes":""},"class_list":["post-76733","page","type-page","status-publish","hentry"],"_links":{"self":[{"href":"https:\/\/mavideniz.com.tr\/sw\/wp-json\/wp\/v2\/pages\/76733","targetHints":{"allow":["GET"]}}],"collection":[{"href":"https:\/\/mavideniz.com.tr\/sw\/wp-json\/wp\/v2\/pages"}],"about":[{"href":"https:\/\/mavideniz.com.tr\/sw\/wp-json\/wp\/v2\/types\/page"}],"author":[{"embeddable":true,"href":"https:\/\/mavideniz.com.tr\/sw\/wp-json\/wp\/v2\/users\/1"}],"replies":[{"embeddable":true,"href":"https:\/\/mavideniz.com.tr\/sw\/wp-json\/wp\/v2\/comments?post=76733"}],"version-history":[{"count":0,"href":"https:\/\/mavideniz.com.tr\/sw\/wp-json\/wp\/v2\/pages\/76733\/revisions"}],"up":[{"embeddable":true,"href":"https:\/\/mavideniz.com.tr\/sw\/wp-json\/wp\/v2\/pages\/55690"}],"wp:attachment":[{"href":"https:\/\/mavideniz.com.tr\/sw\/wp-json\/wp\/v2\/media?parent=76733"}],"curies":[{"name":"wp","href":"https:\/\/api.w.org\/{rel}","templated":true}]}}