{"id":76861,"date":"2025-04-06T17:13:11","date_gmt":"2025-04-06T17:13:11","guid":{"rendered":"https:\/\/mavideniz.com.tr\/?page_id=76861"},"modified":"2025-04-06T17:13:12","modified_gmt":"2025-04-06T17:13:12","slug":"kuelea-kwa-meli-ya-mizigo-ya-alican-s","status":"publish","type":"page","link":"https:\/\/mavideniz.com.tr\/sw\/huduma\/kemikali-kumwagika-majibu-hazmat-2\/mafuta-kumwagika-majibu-shughuli-management\/kuelea-kwa-meli-ya-mizigo-ya-alican-s\/","title":{"rendered":"Kuelea kwa Meli ya Mizigo ya ALICAN S"},"content":{"rendered":"<p>Operesheni za kuelea za ALICAN S yenye urefu wa mita 89 na upana wa mita 11, ambayo ilizama kando wakati wa utupaji wa malighafi ya saruji iliyopakiwa kutoka Zonguldak kwenye Bandari ya Limank\u00f6y ya \u00c7ayeli wilaya ya Rize mnamo 18.01.2013, ilifanywa na REGI\u0130S DALGIT\u0130KLT. na KARADEN\u0130Z GEM\u0130 \u0130N\u015eA A.\u015e. na kampuni yetu ilihakikisha usalama wake kwa kizuizi cha mafuta dhidi ya uchafuzi wa mafuta.<\/p>\n<p>Kuelea na kuondolewa kwa meli hiyo kulikamilika kwa muda mfupi kuliko ilivyotarajiwa na Trafiki ya Bandari ya \u00c7ayeli ikawa ya kawaida. Maandalizi yameanzishwa kwa meli ya ALICAN-S kuvutwa hadi kwenye uwanja wa meli wa \u00dcnye mali ya Sekta ya Ujenzi wa Meli ya Karadeniz katika siku zijazo chini ya kuvuta kwa mashua.<\/p>\n","protected":false},"excerpt":{"rendered":"<p>Operesheni za kuelea za ALICAN S yenye urefu wa mita 89 na upana wa mita 11, ambayo ilizama kando wakati [&hellip;]<\/p>\n","protected":false},"author":1,"featured_media":0,"parent":55690,"menu_order":0,"comment_status":"closed","ping_status":"closed","template":"","meta":{"site-sidebar-layout":"default","site-content-layout":"","ast-site-content-layout":"default","site-content-style":"default","site-sidebar-style":"default","ast-global-header-display":"","ast-banner-title-visibility":"","ast-main-header-display":"","ast-hfb-above-header-display":"","ast-hfb-below-header-display":"","ast-hfb-mobile-header-display":"","site-post-title":"","ast-breadcrumbs-content":"","ast-featured-img":"","footer-sml-layout":"","ast-disable-related-posts":"","theme-transparent-header-meta":"","adv-header-id-meta":"","stick-header-meta":"","header-above-stick-meta":"","header-main-stick-meta":"","header-below-stick-meta":"","astra-migrate-meta-layouts":"default","ast-page-background-enabled":"default","ast-page-background-meta":{"desktop":{"background-color":"var(--ast-global-color-5)","background-image":"","background-repeat":"repeat","background-position":"center center","background-size":"auto","background-attachment":"scroll","background-type":"","background-media":"","overlay-type":"","overlay-color":"","overlay-opacity":"","overlay-gradient":""},"tablet":{"background-color":"","background-image":"","background-repeat":"repeat","background-position":"center center","background-size":"auto","background-attachment":"scroll","background-type":"","background-media":"","overlay-type":"","overlay-color":"","overlay-opacity":"","overlay-gradient":""},"mobile":{"background-color":"","background-image":"","background-repeat":"repeat","background-position":"center center","background-size":"auto","background-attachment":"scroll","background-type":"","background-media":"","overlay-type":"","overlay-color":"","overlay-opacity":"","overlay-gradient":""}},"ast-content-background-meta":{"desktop":{"background-color":"var(--ast-global-color-4)","background-image":"","background-repeat":"repeat","background-position":"center center","background-size":"auto","background-attachment":"scroll","background-type":"","background-media":"","overlay-type":"","overlay-color":"","overlay-opacity":"","overlay-gradient":""},"tablet":{"background-color":"var(--ast-global-color-4)","background-image":"","background-repeat":"repeat","background-position":"center center","background-size":"auto","background-attachment":"scroll","background-type":"","background-media":"","overlay-type":"","overlay-color":"","overlay-opacity":"","overlay-gradient":""},"mobile":{"background-color":"var(--ast-global-color-4)","background-image":"","background-repeat":"repeat","background-position":"center center","background-size":"auto","background-attachment":"scroll","background-type":"","background-media":"","overlay-type":"","overlay-color":"","overlay-opacity":"","overlay-gradient":""}},"footnotes":""},"class_list":["post-76861","page","type-page","status-publish","hentry"],"_links":{"self":[{"href":"https:\/\/mavideniz.com.tr\/sw\/wp-json\/wp\/v2\/pages\/76861","targetHints":{"allow":["GET"]}}],"collection":[{"href":"https:\/\/mavideniz.com.tr\/sw\/wp-json\/wp\/v2\/pages"}],"about":[{"href":"https:\/\/mavideniz.com.tr\/sw\/wp-json\/wp\/v2\/types\/page"}],"author":[{"embeddable":true,"href":"https:\/\/mavideniz.com.tr\/sw\/wp-json\/wp\/v2\/users\/1"}],"replies":[{"embeddable":true,"href":"https:\/\/mavideniz.com.tr\/sw\/wp-json\/wp\/v2\/comments?post=76861"}],"version-history":[{"count":0,"href":"https:\/\/mavideniz.com.tr\/sw\/wp-json\/wp\/v2\/pages\/76861\/revisions"}],"up":[{"embeddable":true,"href":"https:\/\/mavideniz.com.tr\/sw\/wp-json\/wp\/v2\/pages\/55690"}],"wp:attachment":[{"href":"https:\/\/mavideniz.com.tr\/sw\/wp-json\/wp\/v2\/media?parent=76861"}],"curies":[{"name":"wp","href":"https:\/\/api.w.org\/{rel}","templated":true}]}}