{"id":26780,"date":"2021-09-19T10:40:29","date_gmt":"2021-09-19T10:40:29","guid":{"rendered":"https:\/\/mavideniz.com.tr\/?page_id=26780"},"modified":"2022-09-17T16:12:51","modified_gmt":"2022-09-17T16:12:51","slug":"kariyer","status":"publish","type":"page","link":"https:\/\/mavideniz.com.tr\/tr\/hakkimizda\/kariyer\/","title":{"rendered":"Mavi Deniz&#8217;de Kariyer"},"content":{"rendered":"\n<p>Bu sizin \u015fans\u0131n\u0131z, sizin gelece\u011finiz, sizin sorumlulu\u011funuz. D\u00fcnyay\u0131 ya\u015famak ve \u00e7al\u0131\u015fmak i\u00e7in daha iyi bir yer yapmak size kalm\u0131\u015f. Onu yapmana yard\u0131m edece\u011fiz. Haz\u0131r m\u0131s\u0131n?<\/p>\n<p>MAV\u0130 DEN\u0130Z&#8217;e ba\u015fvurmak isterseniz, CV&#8217;nizi bug\u00fcn g\u00f6nderin ve m\u00fckemmel i\u015f bulma \u015fans\u0131n\u0131z\u0131 art\u0131r\u0131n.<\/p>\n<p>Ba\u015fvurunuz ilginizi \u00e7ekerse ve uygun bir pozisyon varsa, sizinle ileti\u015fime ge\u00e7ece\u011fiz. Her ba\u015fvurana ayr\u0131 ayr\u0131 yan\u0131t veremedi\u011fimiz i\u00e7in \u00fczg\u00fcn\u00fcz.<\/p>\n<p>L\u00fctfen CV&#8217;nizi careers@mavideniz.com.tr adresine g\u00f6nderin<strong>.<\/strong><\/p>\n","protected":false},"excerpt":{"rendered":"<p>Bu sizin \u015fans\u0131n\u0131z, sizin gelece\u011finiz, sizin sorumlulu\u011funuz. D\u00fcnyay\u0131 ya\u015famak ve \u00e7al\u0131\u015fmak i\u00e7in daha iyi bir yer yapmak size kalm\u0131\u015f. Onu [&hellip;]<\/p>\n","protected":false},"author":1,"featured_media":0,"parent":26723,"menu_order":0,"comment_status":"closed","ping_status":"closed","template":"","meta":{"site-sidebar-layout":"default","site-content-layout":"","ast-site-content-layout":"default","site-content-style":"default","site-sidebar-style":"default","ast-global-header-display":"","ast-banner-title-visibility":"","ast-main-header-display":"","ast-hfb-above-header-display":"","ast-hfb-below-header-display":"","ast-hfb-mobile-header-display":"","site-post-title":"","ast-breadcrumbs-content":"","ast-featured-img":"","footer-sml-layout":"","ast-disable-related-posts":"","theme-transparent-header-meta":"","adv-header-id-meta":"","stick-header-meta":"","header-above-stick-meta":"","header-main-stick-meta":"","header-below-stick-meta":"","astra-migrate-meta-layouts":"default","ast-page-background-enabled":"default","ast-page-background-meta":{"desktop":{"background-color":"var(--ast-global-color-5)","background-image":"","background-repeat":"repeat","background-position":"center center","background-size":"auto","background-attachment":"scroll","background-type":"","background-media":"","overlay-type":"","overlay-color":"","overlay-opacity":"","overlay-gradient":""},"tablet":{"background-color":"","background-image":"","background-repeat":"repeat","background-position":"center center","background-size":"auto","background-attachment":"scroll","background-type":"","background-media":"","overlay-type":"","overlay-color":"","overlay-opacity":"","overlay-gradient":""},"mobile":{"background-color":"","background-image":"","background-repeat":"repeat","background-position":"center center","background-size":"auto","background-attachment":"scroll","background-type":"","background-media":"","overlay-type":"","overlay-color":"","overlay-opacity":"","overlay-gradient":""}},"ast-content-background-meta":{"desktop":{"background-color":"var(--ast-global-color-4)","background-image":"","background-repeat":"repeat","background-position":"center center","background-size":"auto","background-attachment":"scroll","background-type":"","background-media":"","overlay-type":"","overlay-color":"","overlay-opacity":"","overlay-gradient":""},"tablet":{"background-color":"var(--ast-global-color-4)","background-image":"","background-repeat":"repeat","background-position":"center center","background-size":"auto","background-attachment":"scroll","background-type":"","background-media":"","overlay-type":"","overlay-color":"","overlay-opacity":"","overlay-gradient":""},"mobile":{"background-color":"var(--ast-global-color-4)","background-image":"","background-repeat":"repeat","background-position":"center center","background-size":"auto","background-attachment":"scroll","background-type":"","background-media":"","overlay-type":"","overlay-color":"","overlay-opacity":"","overlay-gradient":""}},"footnotes":""},"class_list":["post-26780","page","type-page","status-publish","hentry"],"_links":{"self":[{"href":"https:\/\/mavideniz.com.tr\/tr\/wp-json\/wp\/v2\/pages\/26780","targetHints":{"allow":["GET"]}}],"collection":[{"href":"https:\/\/mavideniz.com.tr\/tr\/wp-json\/wp\/v2\/pages"}],"about":[{"href":"https:\/\/mavideniz.com.tr\/tr\/wp-json\/wp\/v2\/types\/page"}],"author":[{"embeddable":true,"href":"https:\/\/mavideniz.com.tr\/tr\/wp-json\/wp\/v2\/users\/1"}],"replies":[{"embeddable":true,"href":"https:\/\/mavideniz.com.tr\/tr\/wp-json\/wp\/v2\/comments?post=26780"}],"version-history":[{"count":0,"href":"https:\/\/mavideniz.com.tr\/tr\/wp-json\/wp\/v2\/pages\/26780\/revisions"}],"up":[{"embeddable":true,"href":"https:\/\/mavideniz.com.tr\/tr\/wp-json\/wp\/v2\/pages\/26723"}],"wp:attachment":[{"href":"https:\/\/mavideniz.com.tr\/tr\/wp-json\/wp\/v2\/media?parent=26780"}],"curies":[{"name":"wp","href":"https:\/\/api.w.org\/{rel}","templated":true}]}}