{"id":26784,"date":"2021-09-19T10:47:34","date_gmt":"2021-09-19T10:47:34","guid":{"rendered":"https:\/\/mavideniz.com.tr\/?page_id=26784"},"modified":"2022-09-17T16:28:39","modified_gmt":"2022-09-17T16:28:39","slug":"muhendislik","status":"publish","type":"page","link":"https:\/\/mavideniz.com.tr\/tr\/hakkimizda\/muhendislik\/","title":{"rendered":"M\u00fchendislik"},"content":{"rendered":"\n<p><strong>Teknoloji<\/strong><\/p>\n<p>Teknolojinin art\u0131r\u0131lmas\u0131 ve zorlu rekabet, gelecekteki stratejik teknoloji ve \u00fcr\u00fcnlere kar\u015f\u0131 konsantre ve s\u00fcrekli ara\u015ft\u0131rma ve geli\u015ftirme gerektirir. Mavi Deniz en iyi teknolojileri i\u00e7selle\u015ftirme ve geli\u015ftirmede rekabet avantaj\u0131 \u00f6ng\u00f6rd\u00fc ve Ar-Ge \u00e7al\u0131\u015fmalar\u0131na 1990 y\u0131l\u0131nda ba\u015flad\u0131.<\/p>\n<p>Mavi Deniz A.S. \u00fcr\u00fcn ve teknoloji \u00fcretmek i\u00e7in kas\u0131tl\u0131 ad\u0131mlar atmaya karar verdi. Bu ama\u00e7 do\u011frultusunda Mavi Deniz, m\u00fchendislik g\u00fcc\u00fcn\u00fc art\u0131rd\u0131, insan kaynaklar\u0131na yat\u0131r\u0131m yapt\u0131, i\u015fbirli\u011fi yapt\u0131 ve laboratuvar kapasitesini kullanarak \u00e7abuk sonu\u00e7lar elde etti. Bu yat\u0131r\u0131mlar, \u00fcr\u00fcnlerin tasarlanmas\u0131 ve \u00fcretilmesini ve b\u00fcy\u00fcyen pazardaki f\u0131rsatlardan yararlan\u0131lmas\u0131n\u0131 i\u00e7eriyor.<\/p>\n<p>Mevcut Ar-Ge \u00e7abalar\u0131 do\u011frudan \u00fcr\u00fcn geli\u015ftirme ile ilgilidir ve \u00e7\u0131kt\u0131lar\u0131 rekabet \u00fcst\u00fcnl\u00fc\u011f\u00fc sa\u011flayan ticari \u00fcr\u00fcnlerdir.<\/p>\n<p>Teknoloji ve \u00fcr\u00fcn geli\u015ftirme alan\u0131nda k\u00fcresel standartlarda \u00e7al\u0131\u015fan Mavi Deniz Ar-Ge, \u015fu \u00fcr\u00fcnler \u00fczerinde yo\u011funla\u015f\u0131yor:<\/p>\n<ul>\n<li>\u00c7evre dostu (kurtarma, geri d\u00f6n\u00fc\u015f\u00fcm, yeniden kullan\u0131m ve d\u00fc\u015f\u00fck enerji ve su t\u00fcketimi),<\/li>\n<li>Rahat ve m\u00fc\u015fteri memnuniyeti sa\u011flay\u0131n (ak\u0131ll\u0131, sessiz, pratik),<\/li>\n<li>Bunlar kar\u015f\u0131lanabilir maliyetler ve gelece\u011fin standartlar\u0131na uygunlar.<\/li>\n<li>Ar-Ge M\u00fcd\u00fcrl\u00fc\u011f\u00fc Mavi Deniz&#8217;in Ar-Ge faaliyetlerini \u015firket merkezinde ve fabrikalardaki \u00dcr\u00fcn Geli\u015ftirme Y\u00f6netimi&#8217;nde y\u00fcr\u00fct\u00fcyor.<\/li>\n<\/ul>\n<p>Mavi Deniz, Ar-Ge faaliyetlerini y\u00fcr\u00fctmek i\u00e7in yerel ve uluslararas\u0131 \u00fcniversiteler, tedarik\u00e7iler, ara\u015ft\u0131rma kurulu\u015flar\u0131 ve enstit\u00fclerle i\u015fbirli\u011fi yap\u0131yor. Ayr\u0131ca ev aletleri ve ticari g\u00f6sterilere d\u00fczenli olarak kat\u0131l\u0131r ve ulusal ve uluslararas\u0131 konferanslar, seminerler ve toplant\u0131larda makaleler sunar.<\/p>\n<p><strong>R&amp;D<\/strong><\/p>\n<p>ALANINDA B\u0130R UZMAN&#8230;<\/p>\n<p>Mavi Deniz&#8217;deki ara\u015ft\u0131rma ve geli\u015ftirme faaliyetleri \u00e7ok say\u0131da ve \u00e7ok farkl\u0131 alanlara yay\u0131lmaktad\u0131r. Bilim adamlar\u0131 ve m\u00fchendislerimiz yeni malzemeleri analiz eder ve do\u011fa ve gelecekteki dijital fabrika i\u00e7in teknikler ve yeni analitik ekipmanlar geli\u015ftirir. T\u00fcm yenilikler yeni uygulamalara yol a\u00e7ar ve m\u00fc\u015fterilerimizin pazara daha verimli \u00fcr\u00fcnler getirmesine, daha fazla i\u015f alan\u0131 a\u00e7mas\u0131na veya maliyetleri azaltmas\u0131na yard\u0131mc\u0131 olur.<\/p>\n<p>TASARIM VE PROTOT\u0130P<\/p>\n<p>Rekabet ko\u015fullar\u0131, y\u00fczleri kald\u0131rma ve kirlili\u011fe tepki veren ekipman sekt\u00f6r\u00fcne yeni par\u00e7alar getirme gere\u011fini yerine getiriyor.<\/p>\n<p><strong>\u00d6d\u00fcller<\/strong><\/p>\n<p>Mavi Deniz, teknolojiye yat\u0131r\u0131m yapman\u0131n ve T\u00fcrkiye&#8217;nin en tan\u0131nm\u0131\u015f \u015firketi olman\u0131n yan\u0131 s\u0131ra, \u00fcr\u00fcnleri ve \u00e7e\u015fitli platformlarda sundu\u011fu bilgilerden de \u00f6t\u00fcr\u00fc \u00f6d\u00fcllendirildi. Bug\u00fcne kadar kazan\u0131lan \u00f6d\u00fcller, elde edilmesi zor olan y\u00fcksek bir ba\u015far\u0131 d\u00fczeyini kan\u0131tl\u0131yor.<\/p>\n<ul>\n<li>\u0130stanbul Ticaret Odas\u0131, Teknoloji Geli\u015ftirme \u0130lk On \u015eirketi, 2005<\/li>\n<li>2005 T\u00dcB\u0130TAK Ara\u015ft\u0131rma ve Geli\u015ftirme \u00d6d\u00fcl\u00fc.<\/li>\n<li>2006 T\u00dcB\u0130TAK Ara\u015ft\u0131rma ve Geli\u015ftirme \u00d6d\u00fcl\u00fc.<\/li>\n<li>2006 TTGV Ara\u015ft\u0131rma ve Geli\u015ftirme \u00d6d\u00fcl\u00fc.<\/li>\n<\/ul>\n","protected":false},"excerpt":{"rendered":"<p>Teknoloji Teknolojinin art\u0131r\u0131lmas\u0131 ve zorlu rekabet, gelecekteki stratejik teknoloji ve \u00fcr\u00fcnlere kar\u015f\u0131 konsantre ve s\u00fcrekli ara\u015ft\u0131rma ve geli\u015ftirme gerektirir. Mavi [&hellip;]<\/p>\n","protected":false},"author":1,"featured_media":0,"parent":26723,"menu_order":0,"comment_status":"closed","ping_status":"closed","template":"","meta":{"site-sidebar-layout":"default","site-content-layout":"","ast-site-content-layout":"default","site-content-style":"default","site-sidebar-style":"default","ast-global-header-display":"","ast-banner-title-visibility":"","ast-main-header-display":"","ast-hfb-above-header-display":"","ast-hfb-below-header-display":"","ast-hfb-mobile-header-display":"","site-post-title":"","ast-breadcrumbs-content":"","ast-featured-img":"","footer-sml-layout":"","ast-disable-related-posts":"","theme-transparent-header-meta":"","adv-header-id-meta":"","stick-header-meta":"","header-above-stick-meta":"","header-main-stick-meta":"","header-below-stick-meta":"","astra-migrate-meta-layouts":"default","ast-page-background-enabled":"default","ast-page-background-meta":{"desktop":{"background-color":"var(--ast-global-color-5)","background-image":"","background-repeat":"repeat","background-position":"center center","background-size":"auto","background-attachment":"scroll","background-type":"","background-media":"","overlay-type":"","overlay-color":"","overlay-opacity":"","overlay-gradient":""},"tablet":{"background-color":"","background-image":"","background-repeat":"repeat","background-position":"center center","background-size":"auto","background-attachment":"scroll","background-type":"","background-media":"","overlay-type":"","overlay-color":"","overlay-opacity":"","overlay-gradient":""},"mobile":{"background-color":"","background-image":"","background-repeat":"repeat","background-position":"center center","background-size":"auto","background-attachment":"scroll","background-type":"","background-media":"","overlay-type":"","overlay-color":"","overlay-opacity":"","overlay-gradient":""}},"ast-content-background-meta":{"desktop":{"background-color":"var(--ast-global-color-4)","background-image":"","background-repeat":"repeat","background-position":"center center","background-size":"auto","background-attachment":"scroll","background-type":"","background-media":"","overlay-type":"","overlay-color":"","overlay-opacity":"","overlay-gradient":""},"tablet":{"background-color":"var(--ast-global-color-4)","background-image":"","background-repeat":"repeat","background-position":"center center","background-size":"auto","background-attachment":"scroll","background-type":"","background-media":"","overlay-type":"","overlay-color":"","overlay-opacity":"","overlay-gradient":""},"mobile":{"background-color":"var(--ast-global-color-4)","background-image":"","background-repeat":"repeat","background-position":"center center","background-size":"auto","background-attachment":"scroll","background-type":"","background-media":"","overlay-type":"","overlay-color":"","overlay-opacity":"","overlay-gradient":""}},"footnotes":""},"class_list":["post-26784","page","type-page","status-publish","hentry"],"_links":{"self":[{"href":"https:\/\/mavideniz.com.tr\/tr\/wp-json\/wp\/v2\/pages\/26784","targetHints":{"allow":["GET"]}}],"collection":[{"href":"https:\/\/mavideniz.com.tr\/tr\/wp-json\/wp\/v2\/pages"}],"about":[{"href":"https:\/\/mavideniz.com.tr\/tr\/wp-json\/wp\/v2\/types\/page"}],"author":[{"embeddable":true,"href":"https:\/\/mavideniz.com.tr\/tr\/wp-json\/wp\/v2\/users\/1"}],"replies":[{"embeddable":true,"href":"https:\/\/mavideniz.com.tr\/tr\/wp-json\/wp\/v2\/comments?post=26784"}],"version-history":[{"count":0,"href":"https:\/\/mavideniz.com.tr\/tr\/wp-json\/wp\/v2\/pages\/26784\/revisions"}],"up":[{"embeddable":true,"href":"https:\/\/mavideniz.com.tr\/tr\/wp-json\/wp\/v2\/pages\/26723"}],"wp:attachment":[{"href":"https:\/\/mavideniz.com.tr\/tr\/wp-json\/wp\/v2\/media?parent=26784"}],"curies":[{"name":"wp","href":"https:\/\/api.w.org\/{rel}","templated":true}]}}