{"id":26792,"date":"2021-09-19T11:57:05","date_gmt":"2021-09-19T11:57:05","guid":{"rendered":"https:\/\/mavideniz.com.tr\/?page_id=26792"},"modified":"2022-09-17T16:48:47","modified_gmt":"2022-09-17T16:48:47","slug":"politikalarimizin-sozu","status":"publish","type":"page","link":"https:\/\/mavideniz.com.tr\/tr\/hakkimizda\/politikalarimizin-sozu\/","title":{"rendered":"POL\u0130T\u0130KALARIMIZIN S\u00d6Z\u00dc"},"content":{"rendered":"\n<p><strong>Sa\u011fl\u0131k, G\u00fcvenlik ve \u00c7evre Politikas\u0131<\/strong><\/p>\n<p>Mavi Deniz ve \u00e7al\u0131\u015fanlar\u0131 olarak &#8220;HSE&#8221;yi gelecek nesillere emanet edilmi\u015f bir \u015fey olarak g\u00f6r\u00fcyoruz. Y\u00f6netimimizin temelini olu\u015fturan Toplam Kalite felsefesini anlayarak \u00e7evreyi ve do\u011fal kaynaklar\u0131 korudu\u011fumuzu iddia ediyoruz.<\/p>\n<p><strong>MAV\u0130 DEN\u0130Z&#8217;in HSE&#8217;si a\u015fa\u011f\u0131daki alanlara odaklan\u0131r;<\/strong><\/p>\n<ul>\n<li>D\u0131\u015f operasyonlarla ilgili atipik riskler de dahil olmak \u00fczere HSE Risklerinin t\u00fcmle\u015fik y\u00f6netimi;<\/li>\n<li>Her i\u015fletme alan\u0131nda HSE Liderli\u011fi ve G\u00fcvenilirli\u011fi;<\/li>\n<li>HSE k\u00fclt\u00fcr\u00fcn\u00fcn ileti\u015fimi ve yayg\u0131nla\u015ft\u0131r\u0131lmas\u0131.<\/li>\n<\/ul>\n<p><strong>Kalite Politikas\u0131<\/strong><\/p>\n<p>\u00c7evre sekt\u00f6r\u00fcndeki en iyi \u015firket olarak liderli\u011fimize devam etmek i\u00e7in, \u00e7al\u0131\u015fanlar\u0131m\u0131z, tedarik\u00e7ilerimiz, hissedarlar\u0131m\u0131z ve m\u00fc\u015fterilerimizle her \u015feyde en iyisini arayaca\u011f\u0131z.<\/p>\n<p><strong>Bu nedenle, MAV\u0130 DEN\u0130Z&#8217;in kalite politikas\u0131;<\/strong><\/p>\n<ul>\n<li>Mavi Deniz&#8217;in gelecek vizyonu do\u011frultusunda, m\u00fc\u015fterimizin gereksinimlerini beklentilerin \u00f6tesinde kar\u015f\u0131layacak son teknoloji uygulayarak uygun fiyatl\u0131, kullan\u0131m\u0131 kolay, g\u00fcvenilir, \u00e7evre dostu t\u00fcketici s\u0131z\u0131nt\u0131s\u0131 yan\u0131t \u00fcr\u00fcnleri geli\u015ftirip \u00fcretiyor ve sat\u0131\u015f sonras\u0131 hizmet sunuyoruz.<\/li>\n<li>M\u00fcmk\u00fcn olan en k\u0131sa s\u00fcrede ve optimum maliyetlerle acil durum yan\u0131t hizmetleri sunmak, m\u00fc\u015fterilerimizin beklentilerini kapsaml\u0131 bir \u015fekilde kar\u015f\u0131lamak ve m\u00fc\u015fterilerimize sunulan kirlilik yan\u0131t \u00fcr\u00fcnleri ve hizmetlerini en \u00fcst kalite d\u00fczeyinde geli\u015ftirmek.<\/li>\n<li>\u00c7\u00f6z\u00fcm tasarlamak ve geli\u015ftirmek i\u00e7in gerekli uzmanl\u0131\u011f\u0131 edinmek i\u00e7in teknolojik yenilikleri yak\u0131ndan izleyin.<\/li>\n<li>Y\u00fcksek g\u00fcvenilirlik kriterlerine uygun sistemler tasarlamak ve \u00fcretmek ve \u00e7al\u0131\u015fma kapsam\u0131m\u0131zda yer alan planlar\u0131n i\u015fletilmesiyle ilgili finansal ve \u00fcretken y\u00fcksek teknoloji ile s\u0131v\u0131 d\u00f6k\u00fclmesine kar\u015f\u0131 yan\u0131t servisleri sa\u011flamak.<\/li>\n<li>Yap\u0131m\u0131z s\u00fcrekli artan rekabet ko\u015fullar\u0131 alt\u0131nda s\u00fcrekli geli\u015fim i\u00e7in uygundur. En son teknoloji i\u00e7in ideal projeler geli\u015ftirmek ekonomik ama\u00e7t\u0131r ve uygulama, teknik \u00f6zellikler ve standartlar ile m\u00fc\u015fteri gereksinimlerinin uygulanabilir kodlar\u0131n\u0131 kar\u015f\u0131lar.<\/li>\n<li>\u00c7al\u0131\u015fanlar\u0131m\u0131z\u0131n, en temel kaynaklar\u0131m\u0131z olan s\u00fcrekli e\u011fitim faaliyetleriyle kat\u0131l\u0131m, memnuniyet ve geli\u015fimlerini garanti alt\u0131na al\u0131yoruz.<\/li>\n<li>\u00c7al\u0131\u015fanlar\u0131m\u0131z\u0131, \u00e7\u00f6z\u00fcm ortaklar\u0131m\u0131z\u0131 ve tedarik\u00e7ilerimizi te\u015fvik ederek ve destekleyerek, toplumun kalitesini art\u0131rarak onlar\u0131n \u00e7al\u0131\u015fma kalitesini art\u0131r\u0131n.<\/li>\n<li>Tedarik\u00e7ilerden ba\u015flayarak ve m\u00fc\u015fterilerimizle sona eren y\u00f6netim sistemimizi ve i\u015f s\u00fcre\u00e7lerimizi g\u00f6zden ge\u00e7iriyoruz. Performans\u0131 art\u0131rmak ve t\u00fcm faaliyet alanlar\u0131nda de\u011ferler olu\u015fturmak i\u00e7in proaktif yakla\u015f\u0131mlar tan\u0131ml\u0131yoruz.<\/li>\n<li>Toplam Kalite Felsefesi ilkelerine ve ekip \u00e7al\u0131\u015fmas\u0131na ba\u011fl\u0131 olarak kurumsal ve b\u00f6l\u00fcmsel hedeflere ula\u015fmak ve hedef pazarlarda s\u00fcrekli ilerleme ve b\u00fcy\u00fcmeyi s\u00fcrd\u00fcrmek i\u00e7in \u00e7ok \u00e7al\u0131\u015f\u0131yoruz.<\/li>\n<\/ul>\n<p>ISO 9001 standart gereksinimlerine uygun olarak Kalite Y\u00f6netim Sistemimizi belgeliyoruz, sertifikaland\u0131r\u0131yoruz ve s\u00fcrekli olarak geli\u015ftiriyoruz.<\/p>\n<p>MAV\u0130 DEN\u0130Z, entegre kalite ve \u00e7evre y\u00f6netim sistemi i\u00e7in onayland\u0131. Mavi Deniz&#8217;i benzersiz k\u0131lan proje, sekt\u00f6r\u00fcndeki az say\u0131daki firmadan birisi ve g\u00f6m\u00fcl\u00fc bir sisteme onay almas\u0131 a\u00e7\u0131s\u0131ndan d\u00fcnyada etkili.<\/p>\n<p>T\u00fcm \u015firket faaliyetleri ISO 9001:2008 sertifikas\u0131na ve ISO 14001:2004 sertifikas\u0131na g\u00f6re \u00e7evre y\u00f6netim sistemine g\u00f6re belgelenmi\u015ftir. T\u00fcrkiye&#8217;de \u00fcretilen petrol s\u0131z\u0131nt\u0131s\u0131na tepki ekipmanlar\u0131 ve tarama makineleri. Kalite ve standartlar\u0131m\u0131zdan gurur duyuyoruz ve \u00fcretim tesisinde uluslararas\u0131 d\u00fczeyde tan\u0131nan ISO 9001 Kalite sertifikas\u0131 ve ISO 14001 \u00c7evre sertifikas\u0131 var.<\/p>\n<p>dahas\u0131, ilgili ulusal ve uluslararas\u0131 makamlar ve s\u0131n\u0131fland\u0131rma kurulu\u015flar\u0131, MAV\u0130 DEN\u0130Z taraf\u0131ndan sa\u011flanan t\u00fcm kirlilik kontrol \u00fcr\u00fcnleri ve makinelerini onaylamaktad\u0131r.<\/p>\n<p>Ortaklar\u0131m\u0131z bizi akredite ediyor ve \u015fu anda MCA ve IMO d\u00fczeyinde e\u011fitim kurslar\u0131 sunuyorlar ve m\u00fc\u015fterilerimizin gereksinimlerine g\u00f6re s\u0131kl\u0131kla \u00f6zelle\u015ftirilmi\u015f kurslar se\u00e7iyorlar. Olas\u0131 en iyi petrol s\u0131z\u0131nt\u0131s\u0131 tepki ekipman\u0131n\u0131 acil durum planlar\u0131, yerel talepler ve potansiyel \u00e7evresel olaylara g\u00f6re haz\u0131rl\u0131yoruz.<\/p>\n<p>MAV\u0130 DEN\u0130Z, T\u00fcrkiye \u00c7evre Bakanl\u0131\u011f\u0131 taraf\u0131ndan verilen MARPOL s\u0131v\u0131 ve kat\u0131 at\u0131k teslim sertifikalar\u0131 i\u00e7in gemi at\u0131klar\u0131n\u0131n toplanmas\u0131na izin verdi.<\/p>\n<p>Mavi Deniz tersaneler, limanlar ve rafineriler gibi k\u0131y\u0131 tesislerine hizmet veriyor. B\u00fcy\u00fck filomuz ve personel\/tak\u0131m uzmanlar\u0131m\u0131z, T\u00fcrkiye Denizcilik Bakanl\u0131\u011f\u0131&#8217;n\u0131n haz\u0131rlad\u0131\u011f\u0131, &#8220;Deniz Ortam\u0131n\u0131n Petrol ve Di\u011fer Zararl\u0131 Maddelerle Kirlenmesinde Meydana Gelen Hasarlara \u0130li\u015fkin Acil M\u00fcdahale ve Tazminat \u0130lkeleri&#8221; ba\u015fl\u0131kl\u0131 alanlarda uzman oldular.<\/p>\n<p><strong>Bu a\u00e7\u0131dan, Mavi Deniz :<\/strong><\/p>\n<ul>\n<li>S\u00fcrd\u00fcr\u00fclebilir Kalk\u0131nma kavram\u0131 ile ve teknik, ekonomik ve ticari de\u011ferlendirme takibiyle, do\u011fal kaynaklar\u0131m\u0131z\u0131 korumak ve enerji ve hammaddeyi en verimli ve verimli \u015fekilde kullanmak ve \u00e7evreye bo\u015falt\u0131lan minimum at\u0131\u011f\u0131 azaltmak i\u00e7in teknolojiyi uygulamak.<\/li>\n<li>Kaynaklar\u0131nda olu\u015fmadan \u00f6nce kirlili\u011fi \u00f6nleyecek sistemleri detayland\u0131r\u0131n.<\/li>\n<li>Yerli ve yabanc\u0131 \u00e7evre sistemlerinin yasal kural ve d\u00fczenlemelerine uygun \u015fekilde davran\u0131n.<\/li>\n<li>Planlama a\u015famas\u0131ndan ba\u015flayarak \u00fcretim ve kullan\u0131m s\u00fcresindeki olumsuz \u00e7evresel etkileri en aza indirmek i\u00e7in malzeme ve teknolojiyi se\u00e7in.<\/li>\n<li>Ekolojik riskleri ortadan kald\u0131rmak i\u00e7in \u00e7evreyi s\u00fcrekli kontrol eden, izleyen ve tan\u0131mlayan bir altyap\u0131 geli\u015ftirmek.<\/li>\n<li>Mavi Deniz&#8217;in b\u00fcnyesindeki \u00e7al\u0131\u015fanlar\u0131m\u0131z\u0131 ve ta\u015feron i\u015f\u00e7ilerimizi e\u011fiterek ve kontrol ederek, \u00e7evresel hassasiyeti geli\u015ftiriyoruz.<\/li>\n<li>At\u0131k miktar\u0131n\u0131 azalt\u0131yoruz ve kurtarma ve geri d\u00f6n\u00fc\u015f\u00fcm faaliyetlerini destekliyoruz.<\/li>\n<li>\u00dcr\u00fcnlerimizde \u00fcretim s\u00fcrecimizde yeni ya da geli\u015ftirilmi\u015f uygun teknolojileri kullanarak kirlili\u011fi \u00f6nlemek i\u00e7in.<\/li>\n<li>Daha az \u00e7evresel etki yaratan, daha az yak\u0131t t\u00fcketen, daha az g\u00fcr\u00fclt\u00fcl\u00fc ve daha geri d\u00f6n\u00fc\u015f\u00fcml\u00fc malzemeler olan yenilik\u00e7i \u00fcr\u00fcnler geli\u015ftirin.<\/li>\n<li>Tespit edilen \u00e7evresel hedefler ve hedefler \u0131\u015f\u0131\u011f\u0131nda, ISO 14001&#8217;e uygun bir \u00e7evre y\u00f6netim sistemi uygulamal\u0131y\u0131z<\/li>\n<li>\u00c7evre Y\u00f6netim Standartlar\u0131&#8217;n\u0131 geli\u015ftirin ve \u00e7evre alan\u0131ndaki t\u00fcm etkinliklerimizin s\u00fcreklili\u011fini sa\u011flay\u0131n.<\/li>\n<\/ul>\n<p><strong>M\u00fc\u015fterilerimizin Avantajlar\u0131 i\u00e7in S\u00fcrekli Optimizasyon<\/strong><\/p>\n<ul>\n<li>Devam Eden Sertifika \u0130\u015flemi<\/li>\n<li>\u00dcretim S\u0131ras\u0131nda Kalite Kontrolleri<\/li>\n<li>Standartla\u015ft\u0131r\u0131lm\u0131\u015f Ya\u011f Prosed\u00fcrleri<\/li>\n<li>Tedarik\u00e7ilerimizle \u0130leti\u015fim Kutusunu Kapat\u0131n<\/li>\n<\/ul>\n<p><strong>Mavi Deniz \u015fu \u015fekilde ana S\u0131n\u0131fland\u0131rma Toplumlar\u0131n\u0131n standartlar\u0131na g\u00f6re \u00e7al\u0131\u015fmalar yapmaktad\u0131r:<\/strong><\/p>\n<ul>\n<li>AMER\u0130KAN NAKL\u0130YE B\u00dcROSU<\/li>\n<li>LLOYD&#8217;UN NAKL\u0130YE KAYDI<\/li>\n<li>VER\u0130TAS B\u00dcROSU<\/li>\n<li>DET NORSKE VER\u0130TAS<\/li>\n<li>ALMAN LLOYD<\/li>\n<li>N\u0130PPON KA\u0130J\u0130 KYOKA\u0130<\/li>\n<li>RUSYA SEVK\u0130YAT KAYDI<\/li>\n<li>R\u0130NA<\/li>\n<\/ul>\n","protected":false},"excerpt":{"rendered":"<p>Sa\u011fl\u0131k, G\u00fcvenlik ve \u00c7evre Politikas\u0131 Mavi Deniz ve \u00e7al\u0131\u015fanlar\u0131 olarak &#8220;HSE&#8221;yi gelecek nesillere emanet edilmi\u015f bir \u015fey olarak g\u00f6r\u00fcyoruz. Y\u00f6netimimizin [&hellip;]<\/p>\n","protected":false},"author":1,"featured_media":0,"parent":26723,"menu_order":0,"comment_status":"closed","ping_status":"closed","template":"","meta":{"site-sidebar-layout":"default","site-content-layout":"","ast-site-content-layout":"default","site-content-style":"default","site-sidebar-style":"default","ast-global-header-display":"","ast-banner-title-visibility":"","ast-main-header-display":"","ast-hfb-above-header-display":"","ast-hfb-below-header-display":"","ast-hfb-mobile-header-display":"","site-post-title":"","ast-breadcrumbs-content":"","ast-featured-img":"","footer-sml-layout":"","ast-disable-related-posts":"","theme-transparent-header-meta":"","adv-header-id-meta":"","stick-header-meta":"","header-above-stick-meta":"","header-main-stick-meta":"","header-below-stick-meta":"","astra-migrate-meta-layouts":"default","ast-page-background-enabled":"default","ast-page-background-meta":{"desktop":{"background-color":"var(--ast-global-color-5)","background-image":"","background-repeat":"repeat","background-position":"center center","background-size":"auto","background-attachment":"scroll","background-type":"","background-media":"","overlay-type":"","overlay-color":"","overlay-opacity":"","overlay-gradient":""},"tablet":{"background-color":"","background-image":"","background-repeat":"repeat","background-position":"center center","background-size":"auto","background-attachment":"scroll","background-type":"","background-media":"","overlay-type":"","overlay-color":"","overlay-opacity":"","overlay-gradient":""},"mobile":{"background-color":"","background-image":"","background-repeat":"repeat","background-position":"center center","background-size":"auto","background-attachment":"scroll","background-type":"","background-media":"","overlay-type":"","overlay-color":"","overlay-opacity":"","overlay-gradient":""}},"ast-content-background-meta":{"desktop":{"background-color":"var(--ast-global-color-4)","background-image":"","background-repeat":"repeat","background-position":"center center","background-size":"auto","background-attachment":"scroll","background-type":"","background-media":"","overlay-type":"","overlay-color":"","overlay-opacity":"","overlay-gradient":""},"tablet":{"background-color":"var(--ast-global-color-4)","background-image":"","background-repeat":"repeat","background-position":"center center","background-size":"auto","background-attachment":"scroll","background-type":"","background-media":"","overlay-type":"","overlay-color":"","overlay-opacity":"","overlay-gradient":""},"mobile":{"background-color":"var(--ast-global-color-4)","background-image":"","background-repeat":"repeat","background-position":"center center","background-size":"auto","background-attachment":"scroll","background-type":"","background-media":"","overlay-type":"","overlay-color":"","overlay-opacity":"","overlay-gradient":""}},"footnotes":""},"class_list":["post-26792","page","type-page","status-publish","hentry"],"_links":{"self":[{"href":"https:\/\/mavideniz.com.tr\/tr\/wp-json\/wp\/v2\/pages\/26792","targetHints":{"allow":["GET"]}}],"collection":[{"href":"https:\/\/mavideniz.com.tr\/tr\/wp-json\/wp\/v2\/pages"}],"about":[{"href":"https:\/\/mavideniz.com.tr\/tr\/wp-json\/wp\/v2\/types\/page"}],"author":[{"embeddable":true,"href":"https:\/\/mavideniz.com.tr\/tr\/wp-json\/wp\/v2\/users\/1"}],"replies":[{"embeddable":true,"href":"https:\/\/mavideniz.com.tr\/tr\/wp-json\/wp\/v2\/comments?post=26792"}],"version-history":[{"count":0,"href":"https:\/\/mavideniz.com.tr\/tr\/wp-json\/wp\/v2\/pages\/26792\/revisions"}],"up":[{"embeddable":true,"href":"https:\/\/mavideniz.com.tr\/tr\/wp-json\/wp\/v2\/pages\/26723"}],"wp:attachment":[{"href":"https:\/\/mavideniz.com.tr\/tr\/wp-json\/wp\/v2\/media?parent=26792"}],"curies":[{"name":"wp","href":"https:\/\/api.w.org\/{rel}","templated":true}]}}