{"id":26801,"date":"2021-09-19T12:16:54","date_gmt":"2021-09-19T12:16:54","guid":{"rendered":"https:\/\/mavideniz.com.tr\/?page_id=26801"},"modified":"2022-09-17T17:15:00","modified_gmt":"2022-09-17T17:15:00","slug":"surdurulebilir-uretim-hizmetler","status":"publish","type":"page","link":"https:\/\/mavideniz.com.tr\/tr\/hakkimizda\/surdurulebilir-uretim-hizmetler\/","title":{"rendered":"S\u00fcrd\u00fcr\u00fclebilir \u00dcretim + Hizmetler"},"content":{"rendered":"\n<p>S\u00fcrd\u00fcr\u00fclebilir \u00fcr\u00fcn ve hizmetler finansal getirilerin yan\u0131 s\u0131ra \u00f6l\u00e7\u00fclebilir sosyal veya \u00e7evresel avantajlar \u00fcreterek hissedarlar ve toplum i\u00e7in uzun vadeli de\u011fer yarat\u0131r. T\u00fcm de\u011fer zincirimizle ve dairesel bir ekonomiye katk\u0131m\u0131zla. Yenilik\u00e7i \u00e7\u00f6z\u00fcmlerimiz daha g\u00fcvenli, daha s\u00fcrd\u00fcr\u00fclebilir \u00fcr\u00fcnler tasarlamam\u0131z\u0131 ve \u00fcretmemizi, at\u0131\u011f\u0131 azaltmam\u0131z\u0131, \u00e7evresel riskleri en aza indirmemizi, sa\u011fl\u0131k ve g\u00fcvenli\u011fi art\u0131rmam\u0131z\u0131 ve tedarik zincirleri aras\u0131nda izlenebilirli\u011fi ve s\u00fcrd\u00fcr\u00fclebilirli\u011fi g\u00f6stermemizi sa\u011flar.<\/p>\n<p>Mavi Deniz g\u00fc\u00e7l\u00fc \u00fcr\u00fcnler, makineler, tesisler, ekipmanlar ve gemiler \u00fcretir. Yenilik\u00e7i lojistik s\u00fcre\u00e7leri, modern \u00fcretim teknolojileri ve verimli \u00fcretim sistemleri kullanan nitelikli elemanlar, \u00fcretim s\u00fcrecinde en y\u00fcksek kalite, verimlilik ve \u00e7evresel s\u00fcrd\u00fcr\u00fclebilirlik standartlar\u0131yla tek tip standartlar belirliyorlar.<\/p>\n","protected":false},"excerpt":{"rendered":"<p>S\u00fcrd\u00fcr\u00fclebilir \u00fcr\u00fcn ve hizmetler finansal getirilerin yan\u0131 s\u0131ra \u00f6l\u00e7\u00fclebilir sosyal veya \u00e7evresel avantajlar \u00fcreterek hissedarlar ve toplum i\u00e7in uzun vadeli [&hellip;]<\/p>\n","protected":false},"author":1,"featured_media":0,"parent":26723,"menu_order":0,"comment_status":"closed","ping_status":"closed","template":"","meta":{"site-sidebar-layout":"default","site-content-layout":"","ast-site-content-layout":"default","site-content-style":"default","site-sidebar-style":"default","ast-global-header-display":"","ast-banner-title-visibility":"","ast-main-header-display":"","ast-hfb-above-header-display":"","ast-hfb-below-header-display":"","ast-hfb-mobile-header-display":"","site-post-title":"","ast-breadcrumbs-content":"","ast-featured-img":"","footer-sml-layout":"","ast-disable-related-posts":"","theme-transparent-header-meta":"","adv-header-id-meta":"","stick-header-meta":"","header-above-stick-meta":"","header-main-stick-meta":"","header-below-stick-meta":"","astra-migrate-meta-layouts":"default","ast-page-background-enabled":"default","ast-page-background-meta":{"desktop":{"background-color":"var(--ast-global-color-5)","background-image":"","background-repeat":"repeat","background-position":"center center","background-size":"auto","background-attachment":"scroll","background-type":"","background-media":"","overlay-type":"","overlay-color":"","overlay-opacity":"","overlay-gradient":""},"tablet":{"background-color":"","background-image":"","background-repeat":"repeat","background-position":"center center","background-size":"auto","background-attachment":"scroll","background-type":"","background-media":"","overlay-type":"","overlay-color":"","overlay-opacity":"","overlay-gradient":""},"mobile":{"background-color":"","background-image":"","background-repeat":"repeat","background-position":"center center","background-size":"auto","background-attachment":"scroll","background-type":"","background-media":"","overlay-type":"","overlay-color":"","overlay-opacity":"","overlay-gradient":""}},"ast-content-background-meta":{"desktop":{"background-color":"var(--ast-global-color-4)","background-image":"","background-repeat":"repeat","background-position":"center center","background-size":"auto","background-attachment":"scroll","background-type":"","background-media":"","overlay-type":"","overlay-color":"","overlay-opacity":"","overlay-gradient":""},"tablet":{"background-color":"var(--ast-global-color-4)","background-image":"","background-repeat":"repeat","background-position":"center center","background-size":"auto","background-attachment":"scroll","background-type":"","background-media":"","overlay-type":"","overlay-color":"","overlay-opacity":"","overlay-gradient":""},"mobile":{"background-color":"var(--ast-global-color-4)","background-image":"","background-repeat":"repeat","background-position":"center center","background-size":"auto","background-attachment":"scroll","background-type":"","background-media":"","overlay-type":"","overlay-color":"","overlay-opacity":"","overlay-gradient":""}},"footnotes":""},"class_list":["post-26801","page","type-page","status-publish","hentry"],"_links":{"self":[{"href":"https:\/\/mavideniz.com.tr\/tr\/wp-json\/wp\/v2\/pages\/26801","targetHints":{"allow":["GET"]}}],"collection":[{"href":"https:\/\/mavideniz.com.tr\/tr\/wp-json\/wp\/v2\/pages"}],"about":[{"href":"https:\/\/mavideniz.com.tr\/tr\/wp-json\/wp\/v2\/types\/page"}],"author":[{"embeddable":true,"href":"https:\/\/mavideniz.com.tr\/tr\/wp-json\/wp\/v2\/users\/1"}],"replies":[{"embeddable":true,"href":"https:\/\/mavideniz.com.tr\/tr\/wp-json\/wp\/v2\/comments?post=26801"}],"version-history":[{"count":0,"href":"https:\/\/mavideniz.com.tr\/tr\/wp-json\/wp\/v2\/pages\/26801\/revisions"}],"up":[{"embeddable":true,"href":"https:\/\/mavideniz.com.tr\/tr\/wp-json\/wp\/v2\/pages\/26723"}],"wp:attachment":[{"href":"https:\/\/mavideniz.com.tr\/tr\/wp-json\/wp\/v2\/media?parent=26801"}],"curies":[{"name":"wp","href":"https:\/\/api.w.org\/{rel}","templated":true}]}}