{"id":26802,"date":"2021-09-19T12:31:50","date_gmt":"2021-09-19T12:31:50","guid":{"rendered":"https:\/\/mavideniz.com.tr\/?page_id=26802"},"modified":"2024-04-09T14:30:44","modified_gmt":"2024-04-09T14:30:44","slug":"dunya-capinda-referanslarimiz","status":"publish","type":"page","link":"https:\/\/mavideniz.com.tr\/tr\/hakkimizda\/dunya-capinda-referanslarimiz\/","title":{"rendered":"D\u00fcnya \u00c7ap\u0131nda Referanslar\u0131m\u0131z"},"content":{"rendered":"<h1 style=\"text-align: center;\">S\u0130Z BURADASINIZ.<br \/>\nB\u0130Z HER YERDEY\u0130Z.<\/h1>\n<h2>Mavi Deniz d\u00fcnya \u00e7ap\u0131nda 55&#8217;ten fazla \u00fclkeye ekipman, \u00fcr\u00fcn, gemi ve hizmet \u00fcretiyor ve sa\u011fl\u0131yor.<\/h2>\n<div id=\"mapsvg-23840\" data-id=\"23840\" class=\"mapsvg\" data-autoload=\"true\" data-load-db=\"true\" data-loading-text=\"Loading map...\" style=\"width: 100%; height: 0; padding-bottom: 48.25%\"><\/div>\n<p>MAV\u0130 DEN\u0130Z \u00c7evre Koruma Hizmetleri Kooperatifi, g\u00f6revimiz su b\u00f6lgelerimizin, denizlerin, okyanuslar\u0131n, nehirlerin, g\u00f6llerin, barajlar\u0131n, g\u00f6llerin, akarsular\u0131n, akarsular\u0131n ve plajlar\u0131n ekosistemlerini korumak ve korumak.<\/p>\n<p>\u0130stanbul, T\u00fcrkiye&#8217;de faaliyet g\u00f6steren MAV\u0130 DEN\u0130Z , agresif ve \u00f6zel olarak i\u015fletme \u015firketi taraf\u0131ndan tutuluyor. \u0130lk y\u0131llarda ba\u015fl\u0131ca faaliyet, \u0130stanbul, Pendik&#8217;te bulunan bir tersane olan BASARAN gurup \u00e7at\u0131s\u0131 alt\u0131nda gemi in\u015fa ve gemi onar\u0131m \u00e7al\u0131\u015fmalar\u0131ndan olu\u015fuyordu. MAV\u0130 DEN\u0130Z, petrol kurtarma gemileri i\u00e7in pazarda d\u00fcnya lideri konumunda bulunuyor. Tersanede ayn\u0131 zamanda D\u00fcnya&#8217;daki tarama pazar\u0131 i\u00e7in kesici emme tornavida ve \u00e7ok ama\u00e7l\u0131 \u015fifre \u00e7\u00f6z\u00fcc\u00fcler de yap\u0131yoruz.<\/p>\n<p>Bu yararl\u0131 i\u015fbirli\u011fi sayesinde \u015firket, mevcut petrol kurtarma ve tepki piyasas\u0131n\u0131n g\u00fc\u00e7l\u00fc ve s\u0131n\u0131rlamalar\u0131 hakk\u0131nda de\u011ferli bir deneyim ve anlay\u0131\u015f kazand\u0131.<\/p>\n","protected":false},"excerpt":{"rendered":"<p>S\u0130Z BURADASINIZ. B\u0130Z HER YERDEY\u0130Z. Mavi Deniz d\u00fcnya \u00e7ap\u0131nda 55&#8217;ten fazla \u00fclkeye ekipman, \u00fcr\u00fcn, gemi ve hizmet \u00fcretiyor ve sa\u011fl\u0131yor. [&hellip;]<\/p>\n","protected":false},"author":1,"featured_media":0,"parent":26723,"menu_order":0,"comment_status":"closed","ping_status":"closed","template":"","meta":{"site-sidebar-layout":"default","site-content-layout":"","ast-site-content-layout":"default","site-content-style":"default","site-sidebar-style":"default","ast-global-header-display":"","ast-banner-title-visibility":"","ast-main-header-display":"","ast-hfb-above-header-display":"","ast-hfb-below-header-display":"","ast-hfb-mobile-header-display":"","site-post-title":"","ast-breadcrumbs-content":"","ast-featured-img":"","footer-sml-layout":"","ast-disable-related-posts":"","theme-transparent-header-meta":"","adv-header-id-meta":"","stick-header-meta":"","header-above-stick-meta":"","header-main-stick-meta":"","header-below-stick-meta":"","astra-migrate-meta-layouts":"default","ast-page-background-enabled":"default","ast-page-background-meta":{"desktop":{"background-color":"var(--ast-global-color-5)","background-image":"","background-repeat":"repeat","background-position":"center center","background-size":"auto","background-attachment":"scroll","background-type":"","background-media":"","overlay-type":"","overlay-color":"","overlay-opacity":"","overlay-gradient":""},"tablet":{"background-color":"","background-image":"","background-repeat":"repeat","background-position":"center center","background-size":"auto","background-attachment":"scroll","background-type":"","background-media":"","overlay-type":"","overlay-color":"","overlay-opacity":"","overlay-gradient":""},"mobile":{"background-color":"","background-image":"","background-repeat":"repeat","background-position":"center center","background-size":"auto","background-attachment":"scroll","background-type":"","background-media":"","overlay-type":"","overlay-color":"","overlay-opacity":"","overlay-gradient":""}},"ast-content-background-meta":{"desktop":{"background-color":"var(--ast-global-color-4)","background-image":"","background-repeat":"repeat","background-position":"center center","background-size":"auto","background-attachment":"scroll","background-type":"","background-media":"","overlay-type":"","overlay-color":"","overlay-opacity":"","overlay-gradient":""},"tablet":{"background-color":"var(--ast-global-color-4)","background-image":"","background-repeat":"repeat","background-position":"center center","background-size":"auto","background-attachment":"scroll","background-type":"","background-media":"","overlay-type":"","overlay-color":"","overlay-opacity":"","overlay-gradient":""},"mobile":{"background-color":"var(--ast-global-color-4)","background-image":"","background-repeat":"repeat","background-position":"center center","background-size":"auto","background-attachment":"scroll","background-type":"","background-media":"","overlay-type":"","overlay-color":"","overlay-opacity":"","overlay-gradient":""}},"footnotes":""},"class_list":["post-26802","page","type-page","status-publish","hentry"],"_links":{"self":[{"href":"https:\/\/mavideniz.com.tr\/tr\/wp-json\/wp\/v2\/pages\/26802","targetHints":{"allow":["GET"]}}],"collection":[{"href":"https:\/\/mavideniz.com.tr\/tr\/wp-json\/wp\/v2\/pages"}],"about":[{"href":"https:\/\/mavideniz.com.tr\/tr\/wp-json\/wp\/v2\/types\/page"}],"author":[{"embeddable":true,"href":"https:\/\/mavideniz.com.tr\/tr\/wp-json\/wp\/v2\/users\/1"}],"replies":[{"embeddable":true,"href":"https:\/\/mavideniz.com.tr\/tr\/wp-json\/wp\/v2\/comments?post=26802"}],"version-history":[{"count":0,"href":"https:\/\/mavideniz.com.tr\/tr\/wp-json\/wp\/v2\/pages\/26802\/revisions"}],"up":[{"embeddable":true,"href":"https:\/\/mavideniz.com.tr\/tr\/wp-json\/wp\/v2\/pages\/26723"}],"wp:attachment":[{"href":"https:\/\/mavideniz.com.tr\/tr\/wp-json\/wp\/v2\/media?parent=26802"}],"curies":[{"name":"wp","href":"https:\/\/api.w.org\/{rel}","templated":true}]}}