{"id":26810,"date":"2021-09-19T14:22:59","date_gmt":"2021-09-19T14:22:59","guid":{"rendered":"https:\/\/mavideniz.com.tr\/?page_id=26810"},"modified":"2024-03-06T17:25:29","modified_gmt":"2024-03-06T17:25:29","slug":"emici-bom-yag-kimyasal-genel","status":"publish","type":"page","link":"https:\/\/mavideniz.com.tr\/tr\/urunler\/emiciler-yag-kimyasal-universal\/emici-bom-yag-kimyasal-genel\/","title":{"rendered":"Emici Sosis | Ya\u011f &#8211; Kimyasal &#8211; Evrensel"},"content":{"rendered":"\n<p>Emici Sosis sadece petrol ve evrensel kimyasallar kullanmak i\u00e7in tasarlanm\u0131\u015ft\u0131r. Emici Sosis bir s\u0131z\u0131nt\u0131y\u0131 temizlemenin en h\u0131zl\u0131 yoludur. Emici Sosis farkl\u0131 a\u011f\u0131rl\u0131k ve malzemelerde mevcuttur. Ya\u011f Emici Sosis, Evrensel Emici Sosis ve Kimyasal Emici Sosis, h\u0131zl\u0131 kapiler hareketi ve m\u00fckemmel emici kapasite ve bekletme sa\u011flar.<\/p>\n<p>Mavi Deniz Ya\u011f Emici Sosis; derelerden, g\u00f6llerden, limanlardan, nehirlerden veya k\u0131y\u0131 \u015feridinden s\u0131zan k\u00fc\u00e7\u00fck ve orta b\u00fcy\u00fckl\u00fckteki petrol\/kimyasallar\u0131 geri getirmenin ekonomik bir yoludur. Petrol Emici Sosis h\u0131zla yay\u0131l\u0131r ve \u00e7ekilir ve \u00e7e\u015fitli deniz ve end\u00fcstriyel uygulamalar i\u00e7in farkl\u0131 boyutlarda kullan\u0131labilir.<\/p>\n<p>Petrol Emici Sosis, herhangi bir uzunlukta bariyer olu\u015fturmak i\u00e7in klipler i\u00e7erir. Her u\u00e7ta ba\u011flay\u0131c\u0131lar, \u00e7ok say\u0131da bomban\u0131n ba\u011flanmas\u0131na izin vererek, s\u00fcrekli bir koruma zinciri olu\u015fturarak bir s\u0131z\u0131nt\u0131n\u0131n kontrol alt\u0131na al\u0131nmas\u0131n\u0131 ve emilmesini sa\u011flar. Bu petrol emici sosis s\u00fcresiz olarak b\u0131rak\u0131labilir ve petrol\u00fcn geni\u015fletilmi\u015f alan\u0131n d\u0131\u015f\u0131na \u00e7\u0131kmas\u0131na izin vermez.<\/p>\n<p>Ya\u011f Emici Sosis U veya J formuna sahip iki k\u00fc\u00e7\u00fck tekne aras\u0131nda kullan\u0131labilir ve deniz y\u00fczeyindeki petrol at\u0131klar\u0131 kolayca toplanabilir ve emilebilir.<\/p>\n<p>Petrol Emici Sosis, petrol esasl\u0131 s\u0131v\u0131lar\u0131 ve p\u00fcsk\u00fcrt\u00fclm\u00fc\u015f suyu emmek \u00fczere tasarlanm\u0131\u015ft\u0131r. Az su, s\u0131v\u0131 d\u00f6k\u00fclmesi ve bitki i\u00e7i kullan\u0131m i\u00e7in ya\u011f emme sosis tavsiye edilir. M\u00fckemmel boru hatlar\u0131, tersaneler, gemi ve yat setleri, fabrikalar, sanayi tesisleri, y\u00fckleme limanlar\u0131, makine ve bak\u0131m d\u00fckkanlar\u0131, itfaiyeler, belediye s\u0131z\u0131nt\u0131 tepkisi veya s\u0131v\u0131, kimyasal veya petrol s\u0131z\u0131nt\u0131lar\u0131 meydana gelir. Ya\u011f Emici Sosis her zaman kolayca yerle\u015ftirilip geri al\u0131n\u0131r. A\u011f\u0131r ve hafif ya\u011flar i\u00e7in mavi veya beyaz renklerde mevcuttur.<\/p>\n<p>Evrensel Emici sosis tesisinizin herhangi bir yerindeki ya\u011flar\u0131, so\u011futucular\u0131, \u00e7\u00f6z\u00fcc\u00fcleri ve su bazl\u0131 s\u0131v\u0131lar\u0131 temizlemek i\u00e7in tasarlanm\u0131\u015ft\u0131r. Makine \u00e7evresinde, s\u0131zd\u0131ran borular veya montajlar alt\u0131nda, da\u011f\u0131n\u0131k trafik alanlar\u0131nda, genel bak\u0131m projeleri i\u00e7in ilk tercihiniz i\u00e7 mekan s\u0131z\u0131nt\u0131s\u0131 kontrol\u00fc. Ayr\u0131ca, Evrensel Emici Boom gri renk maskeleri d\u00f6k\u00fcl\u00fcr ve lekeler &#8211; tam doymadan \u00f6nce emici alma d\u00fcrt\u00fcs\u00fcne kar\u015f\u0131 koyman\u0131za yard\u0131mc\u0131 olur. A\u011f\u0131r ve hafif ya\u011flar i\u00e7in gri renkte mevcuttur.<\/p>\n<p>Kimyasal Emici Boom y\u00fcksek emilimli Melt\u00fcfekli polipropilen bir baz yapt\u0131. Kimyasal Emici Boom \u00e7e\u015fitli formatlarda mevcuttur, hafiftir ve nominal olarak tozsuzdur. Kimyasal Emilim Sosis, at\u0131klar\u0131n at\u0131lmas\u0131 i\u00e7in gereken miktar\u0131 en aza indiren y\u00fcksek bir emilim kapasitesine sahiptir. Kimyasal emici Boom, \u00f6zel asitler, bazlar, so\u011futucular, petrol bazl\u0131 s\u0131v\u0131lar, agresif olmayan kimyasallar ve su bazl\u0131 \u00e7\u00f6z\u00fcmler de dahil olmak \u00fczere \u00e7ok \u00e7e\u015fitli s\u0131v\u0131lar\u0131 emen i\u00e7in uygundur. A\u011f\u0131r ve hafif Kimyasallar i\u00e7in sar\u0131 renkte mevcuttur.<\/p>\n<h4><strong>\u00d6zellikler<\/strong><\/h4>\n<ul>\n<li>Ya\u011f Emici Sosis, Dik Olmayan Par\u00e7ac\u0131klard\u0131r ve ka\u00e7amaz ve su ve ekipmanlar\u0131 kirletemez.<\/li>\n<li>Emici sosis Daha Uzun D\u0131\u015f Ya\u015fam\u0131 Vard\u0131r: Hem suya hem de ya\u011fa daha fazla maruz kalma.<\/li>\n<li>Ya\u011f Emici Sosisin A\u011f\u0131rl\u0131klar\u0131n\u0131n 25 kat\u0131na kadar so\u011furabilir: S\u0131v\u0131 d\u00f6k\u00fclmelerinin maliyet a\u00e7\u0131s\u0131ndan verimli bir \u015fekilde temizlenmesi.<\/li>\n<li>Hidrofobik, suyu sadece petrol bazl\u0131 s\u0131v\u0131lar\u0131 se\u00e7erek emmeye iter.<\/li>\n<li>Ya\u011f Emici Sosis, Uygulama ve \u00c7\u0131karma \u0130\u015flemlerinin Kolayl\u0131\u011f\u0131: Hafif. \u0130dare etmesi kolay.<\/li>\n<li>\u00dcst\u00fcn Bekletme: S\u0131v\u0131lar d\u00f6k\u00fclmenin tekrar\u0131n\u0131 \u00f6nlemek i\u00e7in s\u0131k\u0131ca tutulur.<\/li>\n<li>S\u00fcresiz Olarak Kayd\u0131r: Doygunluktan \u00f6nce ve sonra y\u00fczen kal\u0131n.<\/li>\n<\/ul>\n\n","protected":false},"excerpt":{"rendered":"<p>Emici Sosis sadece petrol ve evrensel kimyasallar kullanmak i\u00e7in tasarlanm\u0131\u015ft\u0131r. Emici Sosis bir s\u0131z\u0131nt\u0131y\u0131 temizlemenin en h\u0131zl\u0131 yoludur. Emici Sosis [&hellip;]<\/p>\n","protected":false},"author":1,"featured_media":0,"parent":26808,"menu_order":0,"comment_status":"closed","ping_status":"closed","template":"","meta":{"site-sidebar-layout":"default","site-content-layout":"","ast-site-content-layout":"default","site-content-style":"default","site-sidebar-style":"default","ast-global-header-display":"","ast-banner-title-visibility":"","ast-main-header-display":"","ast-hfb-above-header-display":"","ast-hfb-below-header-display":"","ast-hfb-mobile-header-display":"","site-post-title":"","ast-breadcrumbs-content":"","ast-featured-img":"","footer-sml-layout":"","ast-disable-related-posts":"","theme-transparent-header-meta":"","adv-header-id-meta":"","stick-header-meta":"","header-above-stick-meta":"","header-main-stick-meta":"","header-below-stick-meta":"","astra-migrate-meta-layouts":"default","ast-page-background-enabled":"default","ast-page-background-meta":{"desktop":{"background-color":"var(--ast-global-color-5)","background-image":"","background-repeat":"repeat","background-position":"center center","background-size":"auto","background-attachment":"scroll","background-type":"","background-media":"","overlay-type":"","overlay-color":"","overlay-opacity":"","overlay-gradient":""},"tablet":{"background-color":"","background-image":"","background-repeat":"repeat","background-position":"center center","background-size":"auto","background-attachment":"scroll","background-type":"","background-media":"","overlay-type":"","overlay-color":"","overlay-opacity":"","overlay-gradient":""},"mobile":{"background-color":"","background-image":"","background-repeat":"repeat","background-position":"center center","background-size":"auto","background-attachment":"scroll","background-type":"","background-media":"","overlay-type":"","overlay-color":"","overlay-opacity":"","overlay-gradient":""}},"ast-content-background-meta":{"desktop":{"background-color":"var(--ast-global-color-4)","background-image":"","background-repeat":"repeat","background-position":"center center","background-size":"auto","background-attachment":"scroll","background-type":"","background-media":"","overlay-type":"","overlay-color":"","overlay-opacity":"","overlay-gradient":""},"tablet":{"background-color":"var(--ast-global-color-4)","background-image":"","background-repeat":"repeat","background-position":"center center","background-size":"auto","background-attachment":"scroll","background-type":"","background-media":"","overlay-type":"","overlay-color":"","overlay-opacity":"","overlay-gradient":""},"mobile":{"background-color":"var(--ast-global-color-4)","background-image":"","background-repeat":"repeat","background-position":"center center","background-size":"auto","background-attachment":"scroll","background-type":"","background-media":"","overlay-type":"","overlay-color":"","overlay-opacity":"","overlay-gradient":""}},"footnotes":""},"class_list":["post-26810","page","type-page","status-publish","hentry"],"_links":{"self":[{"href":"https:\/\/mavideniz.com.tr\/tr\/wp-json\/wp\/v2\/pages\/26810","targetHints":{"allow":["GET"]}}],"collection":[{"href":"https:\/\/mavideniz.com.tr\/tr\/wp-json\/wp\/v2\/pages"}],"about":[{"href":"https:\/\/mavideniz.com.tr\/tr\/wp-json\/wp\/v2\/types\/page"}],"author":[{"embeddable":true,"href":"https:\/\/mavideniz.com.tr\/tr\/wp-json\/wp\/v2\/users\/1"}],"replies":[{"embeddable":true,"href":"https:\/\/mavideniz.com.tr\/tr\/wp-json\/wp\/v2\/comments?post=26810"}],"version-history":[{"count":0,"href":"https:\/\/mavideniz.com.tr\/tr\/wp-json\/wp\/v2\/pages\/26810\/revisions"}],"up":[{"embeddable":true,"href":"https:\/\/mavideniz.com.tr\/tr\/wp-json\/wp\/v2\/pages\/26808"}],"wp:attachment":[{"href":"https:\/\/mavideniz.com.tr\/tr\/wp-json\/wp\/v2\/media?parent=26810"}],"curies":[{"name":"wp","href":"https:\/\/api.w.org\/{rel}","templated":true}]}}