{"id":26814,"date":"2021-09-19T15:20:08","date_gmt":"2021-09-19T15:20:08","guid":{"rendered":"https:\/\/mavideniz.com.tr\/?page_id=26814"},"modified":"2022-09-18T15:31:52","modified_gmt":"2022-09-18T15:31:52","slug":"emici-granul-yag-kimyasal-universal","status":"publish","type":"page","link":"https:\/\/mavideniz.com.tr\/tr\/urunler\/emiciler-yag-kimyasal-universal\/emici-granul-yag-kimyasal-universal\/","title":{"rendered":"Emici Gran\u00fcl | Ya\u011f + Kimyasal + \u00dcniversal"},"content":{"rendered":"\n<p>Biogran\u00fcler, ya\u011f emici gran\u00fcllerdir, y\u00fcksek kaliteli, sebze bazl\u0131 gran\u00fcl sorbentlerden \u00fcretilen bir ya\u011f emicidir. \u00dcretim i\u015flemi hem oleophilik (hidrokarbonlar\u0131 emme) hem de hidrofobik ( su p\u00fcsk\u00fcrtme ) olan bir \u00fcr\u00fcn \u00fcretir. Ya\u011f Emici Gran\u00fcller, hidrokarbonlar\u0131 h\u0131zl\u0131 bir \u015fekilde emer ve temas halinde petrol\u00fc kaps\u00fcller. Ya\u011f\u0131 emer ama suyu de\u011fil b\u00f6ylece su veya kuru y\u00fczeylerde kullanabilir. Bu da Petrol Emici Gran\u00fclleri a\u00e7\u0131k su ve arazi uygulamalar\u0131nda hidrokarbon temizli\u011fi i\u00e7in ideal hale getiriyor. Ya\u011f Emici Gran\u00fcller, y\u00fczey gerilimi yoluyla petrol\u00fc emmek yerine temasta hidrokarbonlar\u0131 absorbe eden veya kaps\u00fclleyen hafif, biyobozunmaz bir \u00fcr\u00fcnd\u00fcr.<\/p>\n<p><strong>\u00d6zellikler<\/strong><\/p>\n<ul>\n<li>Ya\u011f Emici Gran\u00fcller A\u011f\u0131rl\u0131\u011f\u0131n\u0131n 8-12 Kat\u0131na Kadar Emebilir, s\u0131v\u0131lar\u0131n maliyet a\u00e7\u0131s\u0131ndan verimli bir \u015fekilde emilimi.<\/li>\n<li>Hidrofobik, suyu sadece petrol ve di\u011fer ili\u015fkili s\u0131v\u0131lar\u0131 se\u00e7erek emmeye iter.<\/li>\n<li>Y\u00fczen Ya\u011f Emici Gran\u00fcller en az 51 g\u00fcn boyunca suyun \u00fcst\u00fcnde y\u00fczebilir.<\/li>\n<li>Organik, %100 do\u011fal, toksik olmayan ve biyolojik olarak ayr\u0131\u015ft\u0131r\u0131labilir<\/li>\n<li>Biyobozunma, baz\u0131 hidrokarbonlar\u0131n zarars\u0131z yan \u00fcr\u00fcnlere biyolojik olarak ayr\u0131\u015fmas\u0131n\u0131 sa\u011flar.<\/li>\n<li>Ya\u011f Emici Gran\u00fcller Ekonomiktir, rekabet\u00e7i \u00fcr\u00fcnlerden \u00e7ok daha az at\u0131k hacmi \u00fcretir.<\/li>\n<li>Petrol emme Gran\u00fclleri, \u00f6zel e\u011fitim veya ekipman olmadan kullan\u0131m\u0131 kolayd\u0131r; a\u00e7\u0131n ve uygulay\u0131n.<\/li>\n<li>Herhangi bir y\u00fczey tipinde, karada veya suda uygulanan \u00e7ok y\u00f6nl\u00fc, geleneksel emilimlere g\u00f6re en geni\u015f s\u0131v\u0131 \u00e7e\u015fitlili\u011fini emer.<\/li>\n<li>Yan\u0131labilirlik, Is\u0131 veya aleve maruz kald\u0131\u011f\u0131nda an\u0131nda yanmaz; bir duman kurmak zordur.<\/li>\n<li>Ya\u011f Emici Gran\u00fcller S\u0131zd\u0131rmazd\u0131rlar. temizlikte daha az damlayan emilmi\u015f s\u0131v\u0131y\u0131 tutun.<\/li>\n<li>Buhar bask\u0131lay\u0131c\u0131, yan\u0131c\u0131 buharlar\u0131 %90 azalt\u0131r.<\/li>\n<li>H\u0131zl\u0131 H\u0131z, Temizleme i\u00e7in ar\u0131za s\u00fcresini azalt\u0131r.<\/li>\n<li>D\u00fc\u015f\u00fck Abartma, Silika i\u00e7ermez.<\/li>\n<li>D\u00fc\u015f\u00fck K\u00fcl \u0130\u00e7eri\u011fi, Yak\u0131ld\u0131\u011f\u0131nda Sadece %2 K\u00fcl Kal\u0131nt\u0131s\u0131 B\u0131rak\u0131r.<\/li>\n<li>\u00dcst\u00fcn Bekletme, S\u0131v\u0131lar d\u00f6k\u00fclmenin tekrarlanmas\u0131n\u0131 \u00f6nlemek i\u00e7in s\u0131k\u0131ca tutulur.<\/li>\n<li>160 kirletici \u00fczerinde denenen evrensel \u00fcr\u00fcn ( her t\u00fcrl\u00fc hidrokarbon, boya, herbisit, pestisit, asit, kan, hayvan ya\u011f\u0131 )<\/li>\n<\/ul>\n\n","protected":false},"excerpt":{"rendered":"<p>Biogran\u00fcler, ya\u011f emici gran\u00fcllerdir, y\u00fcksek kaliteli, sebze bazl\u0131 gran\u00fcl sorbentlerden \u00fcretilen bir ya\u011f emicidir. \u00dcretim i\u015flemi hem oleophilik (hidrokarbonlar\u0131 emme) [&hellip;]<\/p>\n","protected":false},"author":1,"featured_media":0,"parent":26808,"menu_order":0,"comment_status":"closed","ping_status":"closed","template":"","meta":{"site-sidebar-layout":"default","site-content-layout":"","ast-site-content-layout":"default","site-content-style":"default","site-sidebar-style":"default","ast-global-header-display":"","ast-banner-title-visibility":"","ast-main-header-display":"","ast-hfb-above-header-display":"","ast-hfb-below-header-display":"","ast-hfb-mobile-header-display":"","site-post-title":"","ast-breadcrumbs-content":"","ast-featured-img":"","footer-sml-layout":"","ast-disable-related-posts":"","theme-transparent-header-meta":"","adv-header-id-meta":"","stick-header-meta":"","header-above-stick-meta":"","header-main-stick-meta":"","header-below-stick-meta":"","astra-migrate-meta-layouts":"default","ast-page-background-enabled":"default","ast-page-background-meta":{"desktop":{"background-color":"var(--ast-global-color-5)","background-image":"","background-repeat":"repeat","background-position":"center center","background-size":"auto","background-attachment":"scroll","background-type":"","background-media":"","overlay-type":"","overlay-color":"","overlay-opacity":"","overlay-gradient":""},"tablet":{"background-color":"","background-image":"","background-repeat":"repeat","background-position":"center center","background-size":"auto","background-attachment":"scroll","background-type":"","background-media":"","overlay-type":"","overlay-color":"","overlay-opacity":"","overlay-gradient":""},"mobile":{"background-color":"","background-image":"","background-repeat":"repeat","background-position":"center center","background-size":"auto","background-attachment":"scroll","background-type":"","background-media":"","overlay-type":"","overlay-color":"","overlay-opacity":"","overlay-gradient":""}},"ast-content-background-meta":{"desktop":{"background-color":"var(--ast-global-color-4)","background-image":"","background-repeat":"repeat","background-position":"center center","background-size":"auto","background-attachment":"scroll","background-type":"","background-media":"","overlay-type":"","overlay-color":"","overlay-opacity":"","overlay-gradient":""},"tablet":{"background-color":"var(--ast-global-color-4)","background-image":"","background-repeat":"repeat","background-position":"center center","background-size":"auto","background-attachment":"scroll","background-type":"","background-media":"","overlay-type":"","overlay-color":"","overlay-opacity":"","overlay-gradient":""},"mobile":{"background-color":"var(--ast-global-color-4)","background-image":"","background-repeat":"repeat","background-position":"center center","background-size":"auto","background-attachment":"scroll","background-type":"","background-media":"","overlay-type":"","overlay-color":"","overlay-opacity":"","overlay-gradient":""}},"footnotes":""},"class_list":["post-26814","page","type-page","status-publish","hentry"],"_links":{"self":[{"href":"https:\/\/mavideniz.com.tr\/tr\/wp-json\/wp\/v2\/pages\/26814","targetHints":{"allow":["GET"]}}],"collection":[{"href":"https:\/\/mavideniz.com.tr\/tr\/wp-json\/wp\/v2\/pages"}],"about":[{"href":"https:\/\/mavideniz.com.tr\/tr\/wp-json\/wp\/v2\/types\/page"}],"author":[{"embeddable":true,"href":"https:\/\/mavideniz.com.tr\/tr\/wp-json\/wp\/v2\/users\/1"}],"replies":[{"embeddable":true,"href":"https:\/\/mavideniz.com.tr\/tr\/wp-json\/wp\/v2\/comments?post=26814"}],"version-history":[{"count":0,"href":"https:\/\/mavideniz.com.tr\/tr\/wp-json\/wp\/v2\/pages\/26814\/revisions"}],"up":[{"embeddable":true,"href":"https:\/\/mavideniz.com.tr\/tr\/wp-json\/wp\/v2\/pages\/26808"}],"wp:attachment":[{"href":"https:\/\/mavideniz.com.tr\/tr\/wp-json\/wp\/v2\/media?parent=26814"}],"curies":[{"name":"wp","href":"https:\/\/api.w.org\/{rel}","templated":true}]}}