{"id":26824,"date":"2021-09-19T16:44:46","date_gmt":"2021-09-19T16:44:46","guid":{"rendered":"https:\/\/mavideniz.com.tr\/?page_id=26824"},"modified":"2025-08-30T21:34:17","modified_gmt":"2025-08-30T21:34:17","slug":"emici-yastik-yag-kimyasal","status":"publish","type":"page","link":"https:\/\/mavideniz.com.tr\/tr\/urunler\/emiciler-yag-kimyasal-universal\/emici-yastik-yag-kimyasal\/","title":{"rendered":"Emici Yast\u0131k | Ya\u011f &#8211; Kimyasal"},"content":{"rendered":"\n<p>Emici Yast\u0131k, daha y\u00fcksek y\u00fczey alan\u0131 nedeniyle \u00e7oraptan daha h\u0131zl\u0131 emilime sahiptir. \u00d6zellikle su yakalama havzalar\u0131, tulumlar ve \u015feritlerle birlikte uygun. Kanalizasyon, sumplar, hendekler, kabarmalar, kuyular ve s\u0131z\u0131nt\u0131 makineleri gibi kapal\u0131 alanlarda b\u00fcy\u00fck miktarda s\u0131v\u0131 ya\u011f emer. S\u0131z\u0131nt\u0131y\u0131 durdurur. Kullan\u0131\u015fl\u0131 i\u00e7 mekan\/d\u0131\u015f mekan kullan\u0131m\u0131. Emici Yast\u0131k, \u015feritlerle \u00e7evrili s\u0131v\u0131 d\u00f6k\u00fclmesini temizlemek i\u00e7in kullan\u0131labilir.<\/p>\n<p>Mavi Deniz&#8217;in Emici Yast\u0131\u011f\u0131 kimyasallar, sadece ya\u011f ve evrensel olarak kullan\u0131labilir. Emici Yast\u0131k bir s\u0131z\u0131nt\u0131y\u0131 temizlemenin en h\u0131zl\u0131 yoludur. Absorbent Pad farkl\u0131 a\u011f\u0131rl\u0131k ve malzeme yelpazesinde mevcuttur. Ya\u011f Emici Yast\u0131k, Evrensel Emici Yast\u0131k ve Kimyasal Emici Yast\u0131k malzemesi h\u0131zl\u0131 kapiler hareketi ve m\u00fckemmel emici kapasite ve bekletme sa\u011flar.<\/p>\n<p>Ya\u011f Emici Yast\u0131k, petrol bazl\u0131 s\u0131v\u0131lar\u0131 ve p\u00fcsk\u00fcrt\u00fclm\u00fc\u015f suyu emecek \u015fekilde tasarlanm\u0131\u015ft\u0131r. Ya\u011f Emici Yast\u0131k k\u00fc\u00e7\u00fck su \u00fcst\u00fc petrol s\u0131z\u0131nt\u0131lar\u0131 ve fabrika i\u00e7i kullan\u0131m ile \u00f6nerilir. Boru hatlar\u0131, tersaneler, gemiler, yatlar, g\u00fcverteler, fabrikalar, sanayi tesisleri, y\u00fckleme limanlar\u0131, makine ve bak\u0131m d\u00fckkanlar\u0131, itfaiye daireleri, belediye s\u0131z\u0131nt\u0131 tepkisi veya s\u0131v\u0131, kimyasal veya petrol s\u0131z\u0131nt\u0131s\u0131 olan her yerde m\u00fckemmel. Ya\u011f Emici Yast\u0131k her zaman kolayca yerle\u015ftirilir ve geri al\u0131n\u0131r. A\u011f\u0131r ve hafif ya\u011flar i\u00e7in mavi veya beyaz renklerde mevcuttur.<\/p>\n<p>Evrensel Emici Yast\u0131k tasar\u0131mlar\u0131 tesisinizin herhangi bir yerinde temiz ya\u011flar\u0131, so\u011futucular\u0131, \u00e7\u00f6z\u00fcc\u00fcleri ve su bazl\u0131 s\u0131v\u0131lar\u0131 emer. Makine \u00e7evresinde, s\u0131zd\u0131ran borular veya montajlar alt\u0131nda, da\u011f\u0131n\u0131k trafik alanlar\u0131nda, genel bak\u0131m projeleri i\u00e7in ilk tercihiniz i\u00e7 mekan s\u0131z\u0131nt\u0131s\u0131 kontrol\u00fc. Ayr\u0131ca, Evrensel Emici Yast\u0131k&#8217;\u0131n gri renkli maskeleri d\u00f6k\u00fcl\u00fcr ve lekeler &#8211; tam doymadan \u00f6nce emici alma d\u00fcrt\u00fcs\u00fcne kar\u015f\u0131 koyman\u0131za yard\u0131mc\u0131 olur. A\u011f\u0131r ve hafif ya\u011flar i\u00e7in gri renkte mevcuttur.<\/p>\n<p>Kimyasal Emici Yast\u0131k, \u00e7ok emici erimi\u015f polipropilen bir baz yapt\u0131. Kimyasal Emici Yast\u0131k, hafif ve nominal olarak tozsuz \u00e7e\u015fitli formatlarda mevcuttur. Kimyasal Emici Yast\u0131k, at\u0131klar\u0131n at\u0131lmas\u0131 i\u00e7in gereken at\u0131k miktar\u0131n\u0131 en aza indiren y\u00fcksek bir emilim kapasitesine sahiptir. Kimyasal emici Yast\u0131k \u00f6zel asitler, bazlar, so\u011futucular, petrol bazl\u0131 s\u0131v\u0131lar, agresif olmayan kimyasallar ve su bazl\u0131 \u00e7\u00f6z\u00fcmler de dahil olmak \u00fczere \u00e7ok \u00e7e\u015fitli s\u0131v\u0131lar\u0131 emen i\u00e7in uygundur. A\u011f\u0131r ve hafif Kimyasallar i\u00e7in sar\u0131 renkte mevcuttur.<\/p>\n<h4><strong>\u00d6zellikler<\/strong><\/h4>\n<ul>\n<li>Emici Yast\u0131k Emilim G\u00fcc\u00fcne sahiptir, a\u011f\u0131rl\u0131\u011f\u0131n\u0131n 25 kat\u0131na kadar ya\u011f ve di\u011fer ilgili s\u0131v\u0131lar\u0131 emer.<\/li>\n<li>Hidrofobik, suyu sadece petrol ve di\u011fer ili\u015fkili s\u0131v\u0131lar\u0131 se\u00e7erek emmeye iter.<\/li>\n<li>Emici Yast\u0131k Hafif, da\u011f\u0131t\u0131m\u0131 ve kullan\u0131m\u0131 kolay.<\/li>\n<li>H\u0131zl\u0131 H\u0131z, Temizleme i\u00e7in ar\u0131za s\u00fcresini azalt\u0131r.<\/li>\n<li>Emici Yast\u0131k \u00dcst\u00fcn Tutma. S\u0131v\u0131lar bir s\u0131z\u0131nt\u0131n\u0131n tekrar\u0131n\u0131 \u00f6nlemek i\u00e7in s\u0131k\u0131ca tutulur.<\/li>\n<li>D\u00fc\u015f\u00fck K\u00fcl \u0130\u00e7eri\u011fi, \u0130nan\u0131lmaz, at\u0131k ak\u0131\u015f\u0131n\u0131z\u0131 minimize eder<\/li>\n<\/ul>\n<div class=\"wptm_table tablesorter-bootstrap \" data-id=\"181\" data-hightlight=\"0\"><div class=\"wptm_buttons buttons_wptmTbl181\"><\/div><div class=\"wptmresponsive dataTables-wptmtable wptmtable \" id=\"wptmtable181\" data-tableid=\"wptmTbl181\"><table data-count-header=\"1\"  data-format-decimal_count=\"0\" data-format-decimal_symbol=\".\" data-format-symbol_position=\"0\" data-format-thousand_symbol=\",\"  data-format-currency_symbol=\"$\"  data-name-style=\"181_1759658202.css\" data-format=\"YYYY-MM-DD\" id=\"wptmTbl181\" data-id=\"181\" data-responsive=\"false\" data-hideCols=\"false\"  data-type=\"html\" data-paging=\"false\" data-searching=\"true\"  data-ordering=\"false\" data-table-breakpoint=\"980\" data-scroll-x=\"true\" data-scroll-collapse=\"true\" data-align=\"center\" data-range=\"[]\" data-hideColumn=\"[0,0,0,0]\"  data-colwidths=\"[285,285,285,285]\"  data-colwidths_desktop=[]  data-colwidths_tablet=[]  data-colwidths_mobile=[]  class=\"wptm_main_table  disablePager hideScrollHeader\"><colgroup><col data-dtr=\"0\" data-dtc=\"0\" class=\"dtc0\"><col data-dtr=\"0\" data-dtc=\"1\" class=\"dtc1\"><col data-dtr=\"0\" data-dtc=\"2\" class=\"dtc2\"><col data-dtr=\"0\" data-dtc=\"3\" class=\"dtc3\"><\/colgroup><thead><tr class=\"wptm-header-cells-index\"><th rowspan=\"1\" colspan=\"1\" data-dtr=\"0\" data-dtc=\"0\" class=\"dtr0 dtc0\"><\/th><th rowspan=\"1\" colspan=\"1\" data-dtr=\"0\" data-dtc=\"1\" class=\"dtr0 dtc1\"><\/th><th rowspan=\"1\" colspan=\"1\" data-dtr=\"0\" data-dtc=\"2\" class=\"dtr0 dtc2\"><\/th><th rowspan=\"1\" colspan=\"1\" data-dtr=\"0\" data-dtc=\"3\" class=\"dtr0 dtc3\"><\/th><\/tr><tr class=\" row0\"><th   data-priority=\"0\" class=\"dtr0 dtc0\"><\/th><th   data-priority=\"0\" class=\"dtr0 dtc1\">Mavi Pillow 2<\/th><th   data-priority=\"0\" class=\"dtr0 dtc2\">Mavi Pillow 6,5<\/th><th   data-priority=\"0\" class=\"dtr0 dtc3\">Mavi Pllow 13<\/th><\/thead><tbody><tr class=\" row1\"><td    class=\"dtr1 dtc0\">Absorption Capacity<\/td><td    class=\"dtr1 dtc1\">2 lt<\/td><td    class=\"dtr1 dtc2\">6,5 lt<\/td><td    class=\"dtr1 dtc3\">9 lt<\/td><\/tr><tr class=\" row2\"><td    class=\"dtr2 dtc0\">Quantity in Pack<\/td><td    class=\"dtr2 dtc1\">15 pcs<\/td><td    class=\"dtr2 dtc2\">10 pcs<\/td><td    class=\"dtr2 dtc3\">10 pcs<\/td><\/tr><tr class=\" row3\"><td    class=\"dtr3 dtc0\">Size<\/td><td    class=\"dtr3 dtc1\">17 x 38 cm<\/td><td    class=\"dtr3 dtc2\">30 x 50<\/td><td    class=\"dtr3 dtc3\">40x50<\/td><\/tr><tr class=\" row4\"><td    class=\"dtr4 dtc0\">Colour + Type<\/td><td  colspan=\"3\"   class=\"dtr4 dtc1\">White = Oil Only | Blue = Oil Only | Grey = Universal | Yellow = Chemical<\/td><td  style=\"display: none\"   class=\"dtr4 dtc2\"><\/td><td  style=\"display: none\"   class=\"dtr4 dtc3\"><\/td><\/tr><\/tbody><tfoot><tr><td class=\"dtr4 dtc0\" style=\"height: 0;\"><\/td><td class=\"dtr4 dtc1\" style=\"height: 0;\"><\/td><td class=\"dtr4 dtc2\" style=\"height: 0;\"><\/td><td class=\"dtr4 dtc3\" style=\"height: 0;\"><\/td><\/tr><\/tfoot><\/table><\/div><style>#wptmtable181 .dataTables_wrapper > .dataTables_scroll {max-height:500px;overflow: auto;}<\/style><script>window.wptm_ajaxurl = 'https:\/\/mavideniz.com.tr\/wp-admin\/admin-ajax.php?juwpfisadmin=false&action=Wptm&'; window.wptm_front = 'https:\/\/mavideniz.com.tr\/wp-content\/plugins\/wp-table-manager\/app\/site\/assets\/'; window.wptm_style = 'https:\/\/mavideniz.com.tr\/wp-content\/uploads\/wptm\/';<\/script><\/div><style><\/style>\n","protected":false},"excerpt":{"rendered":"<p>Emici Yast\u0131k, daha y\u00fcksek y\u00fczey alan\u0131 nedeniyle \u00e7oraptan daha h\u0131zl\u0131 emilime sahiptir. \u00d6zellikle su yakalama havzalar\u0131, tulumlar ve \u015feritlerle birlikte [&hellip;]<\/p>\n","protected":false},"author":1,"featured_media":0,"parent":26808,"menu_order":0,"comment_status":"closed","ping_status":"closed","template":"","meta":{"site-sidebar-layout":"default","site-content-layout":"","ast-site-content-layout":"default","site-content-style":"default","site-sidebar-style":"default","ast-global-header-display":"","ast-banner-title-visibility":"","ast-main-header-display":"","ast-hfb-above-header-display":"","ast-hfb-below-header-display":"","ast-hfb-mobile-header-display":"","site-post-title":"","ast-breadcrumbs-content":"","ast-featured-img":"","footer-sml-layout":"","ast-disable-related-posts":"","theme-transparent-header-meta":"","adv-header-id-meta":"","stick-header-meta":"","header-above-stick-meta":"","header-main-stick-meta":"","header-below-stick-meta":"","astra-migrate-meta-layouts":"default","ast-page-background-enabled":"default","ast-page-background-meta":{"desktop":{"background-color":"var(--ast-global-color-5)","background-image":"","background-repeat":"repeat","background-position":"center center","background-size":"auto","background-attachment":"scroll","background-type":"","background-media":"","overlay-type":"","overlay-color":"","overlay-opacity":"","overlay-gradient":""},"tablet":{"background-color":"","background-image":"","background-repeat":"repeat","background-position":"center center","background-size":"auto","background-attachment":"scroll","background-type":"","background-media":"","overlay-type":"","overlay-color":"","overlay-opacity":"","overlay-gradient":""},"mobile":{"background-color":"","background-image":"","background-repeat":"repeat","background-position":"center center","background-size":"auto","background-attachment":"scroll","background-type":"","background-media":"","overlay-type":"","overlay-color":"","overlay-opacity":"","overlay-gradient":""}},"ast-content-background-meta":{"desktop":{"background-color":"var(--ast-global-color-4)","background-image":"","background-repeat":"repeat","background-position":"center center","background-size":"auto","background-attachment":"scroll","background-type":"","background-media":"","overlay-type":"","overlay-color":"","overlay-opacity":"","overlay-gradient":""},"tablet":{"background-color":"var(--ast-global-color-4)","background-image":"","background-repeat":"repeat","background-position":"center center","background-size":"auto","background-attachment":"scroll","background-type":"","background-media":"","overlay-type":"","overlay-color":"","overlay-opacity":"","overlay-gradient":""},"mobile":{"background-color":"var(--ast-global-color-4)","background-image":"","background-repeat":"repeat","background-position":"center center","background-size":"auto","background-attachment":"scroll","background-type":"","background-media":"","overlay-type":"","overlay-color":"","overlay-opacity":"","overlay-gradient":""}},"footnotes":""},"class_list":["post-26824","page","type-page","status-publish","hentry"],"_links":{"self":[{"href":"https:\/\/mavideniz.com.tr\/tr\/wp-json\/wp\/v2\/pages\/26824","targetHints":{"allow":["GET"]}}],"collection":[{"href":"https:\/\/mavideniz.com.tr\/tr\/wp-json\/wp\/v2\/pages"}],"about":[{"href":"https:\/\/mavideniz.com.tr\/tr\/wp-json\/wp\/v2\/types\/page"}],"author":[{"embeddable":true,"href":"https:\/\/mavideniz.com.tr\/tr\/wp-json\/wp\/v2\/users\/1"}],"replies":[{"embeddable":true,"href":"https:\/\/mavideniz.com.tr\/tr\/wp-json\/wp\/v2\/comments?post=26824"}],"version-history":[{"count":0,"href":"https:\/\/mavideniz.com.tr\/tr\/wp-json\/wp\/v2\/pages\/26824\/revisions"}],"up":[{"embeddable":true,"href":"https:\/\/mavideniz.com.tr\/tr\/wp-json\/wp\/v2\/pages\/26808"}],"wp:attachment":[{"href":"https:\/\/mavideniz.com.tr\/tr\/wp-json\/wp\/v2\/media?parent=26824"}],"curies":[{"name":"wp","href":"https:\/\/api.w.org\/{rel}","templated":true}]}}