{"id":26829,"date":"2021-09-19T16:53:52","date_gmt":"2021-09-19T16:53:52","guid":{"rendered":"https:\/\/mavideniz.com.tr\/?page_id=26829"},"modified":"2022-09-18T16:40:02","modified_gmt":"2022-09-18T16:40:02","slug":"emici-rulo-yag-kimyasal","status":"publish","type":"page","link":"https:\/\/mavideniz.com.tr\/tr\/urunler\/emiciler-yag-kimyasal-universal\/emici-rulo-yag-kimyasal\/","title":{"rendered":"Emici Rulo | Ya\u011f + Kimyasal"},"content":{"rendered":"\n<p>Emici Rulo tasar\u0131mlar\u0131m\u0131z sadece kimyasallar, sadece ya\u011f ve evrensel ama\u00e7l\u0131 olarak kullan\u0131lmak i\u00e7indir. Emici Rulo, \u00f6ncelikli olarak bitki i\u00e7i kullan\u0131m veya \u00e7al\u0131\u015fanlar\u0131n petrol veya d\u00f6k\u00fclmeleri takip edebildi\u011fi her yerde kullan\u0131l\u0131yor. Emici Rulo, petrol petrol bazl\u0131 akarsuyu toprak veya su y\u00fczeyinden se\u00e7ici olarak emer. Emici Rulo, geni\u015f arazi veya su alanlar\u0131na h\u0131zla yerle\u015ftirilebilir ve belirli alanlara uyacak \u015fekilde k\u0131rp\u0131labilir. Emici Rulo makine i\u00e7inde ve \u00e7evresinde kolayca &#8220;pads&#8221; olarak ayr\u0131labilir. Emici Rulo \u00e7al\u0131\u015fma alan\u0131n\u0131 temiz tutabilir.<\/p>\n<p>Emici Rulo bir s\u0131z\u0131nt\u0131y\u0131 temizlemenin en h\u0131zl\u0131 yoludur. Emici Rulo farkl\u0131 a\u011f\u0131rl\u0131k ve malzeme aral\u0131klar\u0131nda kullan\u0131labilir. Ya\u011f Emici Rulo, Evrensel Emici Rulo ve Kimyasal Emici Rulo kuma\u015f\u0131 h\u0131zl\u0131 kapiler aksiyon ve m\u00fckemmel emici kapasite ve bekletme sa\u011flar.<\/p>\n<p>Ya\u011f Emici Rulo, petrol bazl\u0131 s\u0131v\u0131lar\u0131 ve p\u00fcsk\u00fcrt\u00fclm\u00fc\u015f suyu emmek i\u00e7in tasarlanm\u0131\u015ft\u0131r. Ya\u011f Emici Rulo k\u00fc\u00e7\u00fck su \u00fcst\u00fc petrol s\u0131z\u0131nt\u0131lar\u0131 ve bitki i\u00e7i kullan\u0131m ile \u00f6nerilir. Boru hatlar\u0131, tersaneler, gemiler, yatlar, g\u00fcverteler, fabrikalar, sanayi tesisleri, y\u00fckleme limanlar\u0131, makine ve bak\u0131m d\u00fckkanlar\u0131, itfaiye daireleri, belediye s\u0131z\u0131nt\u0131 tepkisi veya s\u0131v\u0131, kimyasal veya petrol s\u0131z\u0131nt\u0131s\u0131 olan her yerde m\u00fckemmel. Ya\u011f Emici Rulo her zaman kolayca yerle\u015ftirilir ve geri al\u0131n\u0131r. A\u011f\u0131r ve hafif ya\u011flar i\u00e7in mavi veya beyaz renklerde mevcuttur.<\/p>\n<p>Tesisinizin herhangi bir yerinde temiz ya\u011flar\u0131, so\u011futucular\u0131, \u00e7\u00f6z\u00fcc\u00fcleri ve su bazl\u0131 s\u0131v\u0131lar\u0131 emmek i\u00e7in emici Rulo tasar\u0131mlar\u0131. Makine \u00e7evresinde, s\u0131zd\u0131ran borular veya montajlar alt\u0131nda, da\u011f\u0131n\u0131k trafik alanlar\u0131nda, genel bak\u0131m projeleri i\u00e7in ilk tercihiniz i\u00e7 mekan s\u0131z\u0131nt\u0131s\u0131 kontrol\u00fc. Ayr\u0131ca, Universal Emici Rulo gri renk maskeleri d\u00f6k\u00fcl\u00fcr ve lekeler &#8211; tam doymadan \u00f6nce emici alma d\u00fcrt\u00fcs\u00fcne kar\u015f\u0131 koyman\u0131za yard\u0131mc\u0131 olur. A\u011f\u0131r ve hafif ya\u011flar i\u00e7in gri renkte mevcuttur.<\/p>\n<p>Kimyasal Emilim Rulo y\u00fcksek derecede emilen erime-\u00fcflenen polipropilen bir baz yapt\u0131. Kimyasal Emici Rulo, hafif ve nominal olarak tozsuz \u00e7e\u015fitli formatlarda mevcuttur. Kimyasal Emilim Rol\u00fc, at\u0131klar\u0131n yok edilme miktar\u0131n\u0131 en aza indiren y\u00fcksek bir emilim kapasitesine sahiptir. Kimyasal emici Ped, \u00f6zel asitler, bazlar, so\u011futucular, petrol bazl\u0131 s\u0131v\u0131lar, agresif olmayan kimyasallar ve su bazl\u0131 \u00e7\u00f6z\u00fcmler de dahil olmak \u00fczere \u00e7ok \u00e7e\u015fitli s\u0131v\u0131lar\u0131 absorbe etmek i\u00e7in uygundur. A\u011f\u0131r ve hafif Kimyasallar i\u00e7in sar\u0131 renkte mevcuttur.<\/p>\n<p><strong>\u00d6zellikler<\/strong><\/p>\n<ul>\n<li>Antistatik<\/li>\n<li>Hidrofobik<\/li>\n<li>Emici Yuvarlama A\u011f\u0131rl\u0131\u011f\u0131n\u0131n 25 Kat\u0131na Kadar Emip S\u0131v\u0131lar\u0131n Maliyet a\u00e7\u0131s\u0131ndan verimli bir \u015fekilde emilmesini sa\u011flar.<\/li>\n<li>Hidrofobik, suyu sadece petrol ve di\u011fer ili\u015fkili s\u0131v\u0131lar\u0131 se\u00e7erek emmeye iter.<\/li>\n<li>Emici Rulo, D\u00fc\u015f\u00fck K\u00fcl \u0130\u00e7eri\u011fine Sahiptir, \u0130nan\u0131lmaz, at\u0131k ak\u0131\u015f\u0131n\u0131z\u0131 minimize eder.<\/li>\n<li>Tozsuz, hayati makine par\u00e7alar\u0131nda kirlenme yok.<\/li>\n<li>Emici Rulo, temizleme i\u00e7in ar\u0131za s\u00fcresini azaltan H\u0131zl\u0131 H\u0131z&#8217;d\u0131r.<\/li>\n<li>\u00dcst\u00fcn Bekletme, S\u0131v\u0131lar d\u00f6k\u00fclmenin tekrarlanmas\u0131n\u0131 \u00f6nlemek i\u00e7in s\u0131k\u0131ca tutulur.<\/li>\n<li>Emici Rulo, Makine Dostu. Malzeme herhangi bir dar noktaya s\u0131\u011facak \u015fekilde kolayca kesilebilir.<\/li>\n<\/ul>\n\n","protected":false},"excerpt":{"rendered":"<p>Emici Rulo tasar\u0131mlar\u0131m\u0131z sadece kimyasallar, sadece ya\u011f ve evrensel ama\u00e7l\u0131 olarak kullan\u0131lmak i\u00e7indir. Emici Rulo, \u00f6ncelikli olarak bitki i\u00e7i kullan\u0131m [&hellip;]<\/p>\n","protected":false},"author":1,"featured_media":0,"parent":26808,"menu_order":0,"comment_status":"closed","ping_status":"closed","template":"","meta":{"site-sidebar-layout":"default","site-content-layout":"","ast-site-content-layout":"default","site-content-style":"default","site-sidebar-style":"default","ast-global-header-display":"","ast-banner-title-visibility":"","ast-main-header-display":"","ast-hfb-above-header-display":"","ast-hfb-below-header-display":"","ast-hfb-mobile-header-display":"","site-post-title":"","ast-breadcrumbs-content":"","ast-featured-img":"","footer-sml-layout":"","ast-disable-related-posts":"","theme-transparent-header-meta":"","adv-header-id-meta":"","stick-header-meta":"","header-above-stick-meta":"","header-main-stick-meta":"","header-below-stick-meta":"","astra-migrate-meta-layouts":"default","ast-page-background-enabled":"default","ast-page-background-meta":{"desktop":{"background-color":"var(--ast-global-color-5)","background-image":"","background-repeat":"repeat","background-position":"center center","background-size":"auto","background-attachment":"scroll","background-type":"","background-media":"","overlay-type":"","overlay-color":"","overlay-opacity":"","overlay-gradient":""},"tablet":{"background-color":"","background-image":"","background-repeat":"repeat","background-position":"center center","background-size":"auto","background-attachment":"scroll","background-type":"","background-media":"","overlay-type":"","overlay-color":"","overlay-opacity":"","overlay-gradient":""},"mobile":{"background-color":"","background-image":"","background-repeat":"repeat","background-position":"center center","background-size":"auto","background-attachment":"scroll","background-type":"","background-media":"","overlay-type":"","overlay-color":"","overlay-opacity":"","overlay-gradient":""}},"ast-content-background-meta":{"desktop":{"background-color":"var(--ast-global-color-4)","background-image":"","background-repeat":"repeat","background-position":"center center","background-size":"auto","background-attachment":"scroll","background-type":"","background-media":"","overlay-type":"","overlay-color":"","overlay-opacity":"","overlay-gradient":""},"tablet":{"background-color":"var(--ast-global-color-4)","background-image":"","background-repeat":"repeat","background-position":"center center","background-size":"auto","background-attachment":"scroll","background-type":"","background-media":"","overlay-type":"","overlay-color":"","overlay-opacity":"","overlay-gradient":""},"mobile":{"background-color":"var(--ast-global-color-4)","background-image":"","background-repeat":"repeat","background-position":"center center","background-size":"auto","background-attachment":"scroll","background-type":"","background-media":"","overlay-type":"","overlay-color":"","overlay-opacity":"","overlay-gradient":""}},"footnotes":""},"class_list":["post-26829","page","type-page","status-publish","hentry"],"_links":{"self":[{"href":"https:\/\/mavideniz.com.tr\/tr\/wp-json\/wp\/v2\/pages\/26829","targetHints":{"allow":["GET"]}}],"collection":[{"href":"https:\/\/mavideniz.com.tr\/tr\/wp-json\/wp\/v2\/pages"}],"about":[{"href":"https:\/\/mavideniz.com.tr\/tr\/wp-json\/wp\/v2\/types\/page"}],"author":[{"embeddable":true,"href":"https:\/\/mavideniz.com.tr\/tr\/wp-json\/wp\/v2\/users\/1"}],"replies":[{"embeddable":true,"href":"https:\/\/mavideniz.com.tr\/tr\/wp-json\/wp\/v2\/comments?post=26829"}],"version-history":[{"count":0,"href":"https:\/\/mavideniz.com.tr\/tr\/wp-json\/wp\/v2\/pages\/26829\/revisions"}],"up":[{"embeddable":true,"href":"https:\/\/mavideniz.com.tr\/tr\/wp-json\/wp\/v2\/pages\/26808"}],"wp:attachment":[{"href":"https:\/\/mavideniz.com.tr\/tr\/wp-json\/wp\/v2\/media?parent=26829"}],"curies":[{"name":"wp","href":"https:\/\/api.w.org\/{rel}","templated":true}]}}