{"id":26833,"date":"2021-09-19T17:04:53","date_gmt":"2021-09-19T17:04:53","guid":{"rendered":"https:\/\/mavideniz.com.tr\/?page_id=26833"},"modified":"2024-04-08T17:57:34","modified_gmt":"2024-04-08T17:57:34","slug":"emici-mini-bom-yag-kimyasal","status":"publish","type":"page","link":"https:\/\/mavideniz.com.tr\/tr\/urunler\/emiciler-yag-kimyasal-universal\/emici-mini-bom-yag-kimyasal\/","title":{"rendered":"Emici Mini Sosis | Ya\u011f &#8211; Kimyasal"},"content":{"rendered":"\n<p>Emici \u00c7orab\u0131 temel olarak end\u00fcstriyel ama\u00e7lar i\u00e7in, bitkilerde, terminallerde, havaalanlar\u0131nda veya nehirlerde, plajlarda deniz kullan\u0131m\u0131 i\u00e7in. Emici \u00c7orap, s\u0131v\u0131 d\u00f6k\u00fclmesinin yay\u0131lmas\u0131n\u0131 \u00f6nlemek i\u00e7in s\u0131v\u0131 etraf\u0131nda bariyer olu\u015fturmak i\u00e7in ideal, t\u00fcp \u015feklinde bir sorbent format\u0131d\u0131r. Emici \u00c7orap Yumu\u015fak ve esnektir, damlayan makinelerin veya k\u00f6\u015felerin etraf\u0131na kolayca yerle\u015ftirilerek s\u0131v\u0131 emer ve i\u00e7erir. Emici \u00c7orap, \u00f6ncelikle makine ve s\u0131z\u0131nt\u0131lar\u0131n oldu\u011fu her yer i\u00e7in tasarlanm\u0131\u015ft\u0131r.<\/p>\n<p>Emici \u00c7orab\u0131m\u0131z sadece kimyasallar, sadece ya\u011f ve evrensel kullan\u0131m i\u00e7in tasarlanm\u0131\u015ft\u0131r. Emici \u00e7orap bir s\u0131z\u0131nt\u0131y\u0131 temizlemenin en h\u0131zl\u0131 yoludur. Emici \u00c7orap farkl\u0131 a\u011f\u0131rl\u0131k ve malzeme yelpazesinde mevcuttur. Ya\u011f Emici \u00c7orap, Evrensel Emici \u00c7orap ve Kimyasal Emici \u00c7orap malzemesi h\u0131zl\u0131 kapiler hareketi ve m\u00fckemmel emici kapasite ve bekletme sa\u011flar.<\/p>\n<p>Petrol emici \u00e7orap, petrol bazl\u0131 s\u0131v\u0131lar\u0131 ve p\u00fcsk\u00fcrt\u00fclm\u00fc\u015f suyu emecek \u015fekilde tasarlanm\u0131\u015ft\u0131r. Petrol Emici \u00c7orap k\u00fc\u00e7\u00fck su \u00fcst\u00fc petrol s\u0131z\u0131nt\u0131lar\u0131 ve bitki i\u00e7i kullan\u0131m \u00f6nerilir. Boru hatlar\u0131, tersaneler, gemiler, yatlar, g\u00fcverteler, fabrikalar, sanayi tesisleri, y\u00fckleme limanlar\u0131, makine ve bak\u0131m d\u00fckkanlar\u0131, itfaiye daireleri, belediye s\u0131z\u0131nt\u0131 tepkisi veya s\u0131v\u0131, kimyasal veya petrol s\u0131z\u0131nt\u0131s\u0131 olan her yerde m\u00fckemmel. Ya\u011f emici \u00e7orap her zaman kolayca yerle\u015ftirilir ve geri al\u0131n\u0131r. A\u011f\u0131r ve hafif ya\u011flar i\u00e7in mavi veya beyaz renklerde mevcuttur.<\/p>\n<p>Evrensel Emici \u00c7orap tasar\u0131mlar\u0131 tesisinizin herhangi bir yerinde ya\u011flar\u0131, so\u011futucular\u0131, \u00e7\u00f6z\u00fcc\u00fcleri ve su bazl\u0131 s\u0131v\u0131lar\u0131 temizlemek i\u00e7in emilir. Makine \u00e7evresinde, s\u0131zd\u0131ran borular veya montajlar alt\u0131nda, da\u011f\u0131n\u0131k trafik alanlar\u0131nda, genel bak\u0131m projeleri i\u00e7in ilk tercihiniz i\u00e7 mekan s\u0131z\u0131nt\u0131s\u0131 kontrol\u00fc. Ayr\u0131ca, Evrensel Emici \u00c7orap gri renk maskeleri d\u00f6k\u00fcl\u00fcr ve lekeler &#8211; tam doymadan \u00f6nce emici alma d\u00fcrt\u00fcs\u00fcne kar\u015f\u0131 koyman\u0131za yard\u0131mc\u0131 olur. A\u011f\u0131r ve hafif ya\u011flar i\u00e7in gri renkte mevcuttur.<\/p>\n<p>Kimyasal Emilim \u00c7orbas\u0131 y\u00fcksek derecede emilen erimi\u015f polipropilen bir baz yapt\u0131. Kimyasal emici \u00e7orap bir\u00e7ok formatta, hafif ve nominal olarak tozsuz olarak mevcuttur. Kimyasal Emilim \u00c7orab\u0131, at\u0131klar\u0131n at\u0131lmas\u0131 i\u00e7in gereken miktar\u0131 en aza indiren y\u00fcksek bir emilim kapasitesine sahiptir. Emici kimyasal \u00c7orap, \u00f6zel asitler, bazlar, so\u011futucular, petrol bazl\u0131 s\u0131v\u0131lar, agresif olmayan kimyasallar ve sulu-bazl\u0131 \u00e7\u00f6z\u00fcmler de dahil olmak \u00fczere \u00e7ok \u00e7e\u015fitli s\u0131v\u0131lar\u0131 absorbe etmek i\u00e7in uygundur. A\u011f\u0131r ve hafif Kimyasallar i\u00e7in sar\u0131 renkte mevcuttur.<\/p>\n<h4><strong>\u00d6zellikler<\/strong><\/h4>\n<ul>\n<li>Emici \u00c7orap Emilim G\u00fcc\u00fc vard\u0131r, a\u011f\u0131rl\u0131\u011f\u0131n\u0131n 25 kat\u0131na kadar ya\u011f ve di\u011fer ilgili s\u0131v\u0131lar\u0131 emer.<\/li>\n<li>Emici \u00c7oraplar Ekonomiktir ve \u00c7orap rutin bak\u0131m programlar\u0131 i\u00e7in idealdir.<\/li>\n<li>Emici \u00c7oraplar Dayan\u0131kl\u0131d\u0131r; polipropilen cilt, g\u00fcc\u00fc art\u0131r\u0131r ve tozu azalt\u0131r.<\/li>\n<li>Emici \u00c7oraplar Kal\u0131pl\u0131d\u0131r ve \u00c7oraplar s\u0131z\u0131nt\u0131lar\u0131 yakalamak i\u00e7in makine tabanlar\u0131na uygundur.<\/li>\n<li>Da\u011f\u0131n\u0131k temizlik yok. eskisini al\u0131p yenisini koy<\/li>\n<li>D\u00fc\u015f\u00fck K\u00fcl \u0130\u00e7eri\u011fi, Yenilmez \u00c7oraplar yak\u0131t harmanlamas\u0131 i\u00e7in idealdir<\/li>\n<\/ul>\n\n","protected":false},"excerpt":{"rendered":"<p>Emici \u00c7orab\u0131 temel olarak end\u00fcstriyel ama\u00e7lar i\u00e7in, bitkilerde, terminallerde, havaalanlar\u0131nda veya nehirlerde, plajlarda deniz kullan\u0131m\u0131 i\u00e7in. Emici \u00c7orap, s\u0131v\u0131 d\u00f6k\u00fclmesinin [&hellip;]<\/p>\n","protected":false},"author":1,"featured_media":0,"parent":26808,"menu_order":0,"comment_status":"closed","ping_status":"closed","template":"","meta":{"site-sidebar-layout":"default","site-content-layout":"","ast-site-content-layout":"default","site-content-style":"default","site-sidebar-style":"default","ast-global-header-display":"","ast-banner-title-visibility":"","ast-main-header-display":"","ast-hfb-above-header-display":"","ast-hfb-below-header-display":"","ast-hfb-mobile-header-display":"","site-post-title":"","ast-breadcrumbs-content":"","ast-featured-img":"","footer-sml-layout":"","ast-disable-related-posts":"","theme-transparent-header-meta":"","adv-header-id-meta":"","stick-header-meta":"","header-above-stick-meta":"","header-main-stick-meta":"","header-below-stick-meta":"","astra-migrate-meta-layouts":"default","ast-page-background-enabled":"default","ast-page-background-meta":{"desktop":{"background-color":"var(--ast-global-color-5)","background-image":"","background-repeat":"repeat","background-position":"center center","background-size":"auto","background-attachment":"scroll","background-type":"","background-media":"","overlay-type":"","overlay-color":"","overlay-opacity":"","overlay-gradient":""},"tablet":{"background-color":"","background-image":"","background-repeat":"repeat","background-position":"center center","background-size":"auto","background-attachment":"scroll","background-type":"","background-media":"","overlay-type":"","overlay-color":"","overlay-opacity":"","overlay-gradient":""},"mobile":{"background-color":"","background-image":"","background-repeat":"repeat","background-position":"center center","background-size":"auto","background-attachment":"scroll","background-type":"","background-media":"","overlay-type":"","overlay-color":"","overlay-opacity":"","overlay-gradient":""}},"ast-content-background-meta":{"desktop":{"background-color":"var(--ast-global-color-4)","background-image":"","background-repeat":"repeat","background-position":"center center","background-size":"auto","background-attachment":"scroll","background-type":"","background-media":"","overlay-type":"","overlay-color":"","overlay-opacity":"","overlay-gradient":""},"tablet":{"background-color":"var(--ast-global-color-4)","background-image":"","background-repeat":"repeat","background-position":"center center","background-size":"auto","background-attachment":"scroll","background-type":"","background-media":"","overlay-type":"","overlay-color":"","overlay-opacity":"","overlay-gradient":""},"mobile":{"background-color":"var(--ast-global-color-4)","background-image":"","background-repeat":"repeat","background-position":"center center","background-size":"auto","background-attachment":"scroll","background-type":"","background-media":"","overlay-type":"","overlay-color":"","overlay-opacity":"","overlay-gradient":""}},"footnotes":""},"class_list":["post-26833","page","type-page","status-publish","hentry"],"_links":{"self":[{"href":"https:\/\/mavideniz.com.tr\/tr\/wp-json\/wp\/v2\/pages\/26833","targetHints":{"allow":["GET"]}}],"collection":[{"href":"https:\/\/mavideniz.com.tr\/tr\/wp-json\/wp\/v2\/pages"}],"about":[{"href":"https:\/\/mavideniz.com.tr\/tr\/wp-json\/wp\/v2\/types\/page"}],"author":[{"embeddable":true,"href":"https:\/\/mavideniz.com.tr\/tr\/wp-json\/wp\/v2\/users\/1"}],"replies":[{"embeddable":true,"href":"https:\/\/mavideniz.com.tr\/tr\/wp-json\/wp\/v2\/comments?post=26833"}],"version-history":[{"count":0,"href":"https:\/\/mavideniz.com.tr\/tr\/wp-json\/wp\/v2\/pages\/26833\/revisions"}],"up":[{"embeddable":true,"href":"https:\/\/mavideniz.com.tr\/tr\/wp-json\/wp\/v2\/pages\/26808"}],"wp:attachment":[{"href":"https:\/\/mavideniz.com.tr\/tr\/wp-json\/wp\/v2\/media?parent=26833"}],"curies":[{"name":"wp","href":"https:\/\/api.w.org\/{rel}","templated":true}]}}