{"id":26844,"date":"2021-09-19T17:28:24","date_gmt":"2021-09-19T17:28:24","guid":{"rendered":"https:\/\/mavideniz.com.tr\/?page_id=26844"},"modified":"2022-09-18T19:59:53","modified_gmt":"2022-09-18T19:59:53","slug":"sahil-temizleyici-traktor-cekicili-makine","status":"publish","type":"page","link":"https:\/\/mavideniz.com.tr\/tr\/urunler\/plaj-temizleyici-plaj-temizleme-makinesi\/sahil-temizleyici-traktor-cekicili-makine\/","title":{"rendered":"Trakt\u00f6rle \u00c7ekilen Sahil Temizleyicisi"},"content":{"rendered":"\n<p>Mavi Deniz&#8217;in Trakt\u00f6rle \u00c7ekilen Sahil Temizleme Makinesi, Sahil Temizleyici, b\u00fcy\u00fck, orta, k\u00fc\u00e7\u00fck ve benzersiz plajlar\u0131n kesin temizlik sonu\u00e7lar\u0131 ile maliyet a\u00e7\u0131s\u0131ndan etkin ve aktif. \u00c7ekici Sahil Temizleme Makinemiz, Sahil Temizleyici, temizlemek i\u00e7in her t\u00fcrl\u00fc kumla kullan\u0131labilir. Mavi Deniz&#8217;in Plaj Temizleme makinesi, plajlarda \u00e7\u00f6p, sigara izmariti, deniz yosunlar\u0131, su veya plaj, ta\u015f ve petrol s\u0131z\u0131nt\u0131lar\u0131n\u0131 geride b\u0131rakmadan verimli bir \u015fekilde toplayabilir. Hepsi tek seferlik bir operasyonda.<\/p>\n<p><strong>\u00d6zellikler<\/strong><\/p>\n<ul>\n<li>Tek Ki\u015filik Operasyon<\/li>\n<li>\u0130ki Bantl\u0131 Elek<\/li>\n<li>Farkl\u0131 tipte sonland\u0131r\u0131c\u0131lar<\/li>\n<li>\u00dczerinde veya arka deposunda<\/li>\n<li>Farkl\u0131 eleme bant t\u00fcrleri<\/li>\n<li>Yayl\u0131 T\u0131rm\u0131k farkl\u0131 \u00e7e\u015fitleri<\/li>\n<li>D\u00fc\u015f\u00fck bak\u0131m<\/li>\n<li>Kolay Y\u00fckleme<\/li>\n<li>Kamera<\/li>\n<\/ul>\n<p><strong>\u0130ste\u011fe ba\u011fl\u0131<\/strong><\/p>\n<ul>\n<li>Yedek Par\u00e7alar<\/li>\n<li>Yayl\u0131 t\u0131rm\u0131k<\/li>\n<li>Ekran Kafesi (Kaba) | \u0130yi | Paslanmaz )<\/li>\n<li>\u00c7al\u0131\u015fma \u0131\u015f\u0131\u011f\u0131<\/li>\n<li>PVC Kapa\u011f\u0131<\/li>\n<li>Trakt\u00f6r i\u00e7in koruyucu<\/li>\n<\/ul>\n\n","protected":false},"excerpt":{"rendered":"<p>Mavi Deniz&#8217;in Trakt\u00f6rle \u00c7ekilen Sahil Temizleme Makinesi, Sahil Temizleyici, b\u00fcy\u00fck, orta, k\u00fc\u00e7\u00fck ve benzersiz plajlar\u0131n kesin temizlik sonu\u00e7lar\u0131 ile maliyet [&hellip;]<\/p>\n","protected":false},"author":1,"featured_media":0,"parent":26837,"menu_order":0,"comment_status":"closed","ping_status":"closed","template":"","meta":{"site-sidebar-layout":"default","site-content-layout":"","ast-site-content-layout":"default","site-content-style":"default","site-sidebar-style":"default","ast-global-header-display":"","ast-banner-title-visibility":"","ast-main-header-display":"","ast-hfb-above-header-display":"","ast-hfb-below-header-display":"","ast-hfb-mobile-header-display":"","site-post-title":"","ast-breadcrumbs-content":"","ast-featured-img":"","footer-sml-layout":"","ast-disable-related-posts":"","theme-transparent-header-meta":"","adv-header-id-meta":"","stick-header-meta":"","header-above-stick-meta":"","header-main-stick-meta":"","header-below-stick-meta":"","astra-migrate-meta-layouts":"default","ast-page-background-enabled":"default","ast-page-background-meta":{"desktop":{"background-color":"var(--ast-global-color-5)","background-image":"","background-repeat":"repeat","background-position":"center center","background-size":"auto","background-attachment":"scroll","background-type":"","background-media":"","overlay-type":"","overlay-color":"","overlay-opacity":"","overlay-gradient":""},"tablet":{"background-color":"","background-image":"","background-repeat":"repeat","background-position":"center center","background-size":"auto","background-attachment":"scroll","background-type":"","background-media":"","overlay-type":"","overlay-color":"","overlay-opacity":"","overlay-gradient":""},"mobile":{"background-color":"","background-image":"","background-repeat":"repeat","background-position":"center center","background-size":"auto","background-attachment":"scroll","background-type":"","background-media":"","overlay-type":"","overlay-color":"","overlay-opacity":"","overlay-gradient":""}},"ast-content-background-meta":{"desktop":{"background-color":"var(--ast-global-color-4)","background-image":"","background-repeat":"repeat","background-position":"center center","background-size":"auto","background-attachment":"scroll","background-type":"","background-media":"","overlay-type":"","overlay-color":"","overlay-opacity":"","overlay-gradient":""},"tablet":{"background-color":"var(--ast-global-color-4)","background-image":"","background-repeat":"repeat","background-position":"center center","background-size":"auto","background-attachment":"scroll","background-type":"","background-media":"","overlay-type":"","overlay-color":"","overlay-opacity":"","overlay-gradient":""},"mobile":{"background-color":"var(--ast-global-color-4)","background-image":"","background-repeat":"repeat","background-position":"center center","background-size":"auto","background-attachment":"scroll","background-type":"","background-media":"","overlay-type":"","overlay-color":"","overlay-opacity":"","overlay-gradient":""}},"footnotes":""},"class_list":["post-26844","page","type-page","status-publish","hentry"],"_links":{"self":[{"href":"https:\/\/mavideniz.com.tr\/tr\/wp-json\/wp\/v2\/pages\/26844","targetHints":{"allow":["GET"]}}],"collection":[{"href":"https:\/\/mavideniz.com.tr\/tr\/wp-json\/wp\/v2\/pages"}],"about":[{"href":"https:\/\/mavideniz.com.tr\/tr\/wp-json\/wp\/v2\/types\/page"}],"author":[{"embeddable":true,"href":"https:\/\/mavideniz.com.tr\/tr\/wp-json\/wp\/v2\/users\/1"}],"replies":[{"embeddable":true,"href":"https:\/\/mavideniz.com.tr\/tr\/wp-json\/wp\/v2\/comments?post=26844"}],"version-history":[{"count":0,"href":"https:\/\/mavideniz.com.tr\/tr\/wp-json\/wp\/v2\/pages\/26844\/revisions"}],"up":[{"embeddable":true,"href":"https:\/\/mavideniz.com.tr\/tr\/wp-json\/wp\/v2\/pages\/26837"}],"wp:attachment":[{"href":"https:\/\/mavideniz.com.tr\/tr\/wp-json\/wp\/v2\/media?parent=26844"}],"curies":[{"name":"wp","href":"https:\/\/api.w.org\/{rel}","templated":true}]}}