{"id":26847,"date":"2021-09-19T17:45:14","date_gmt":"2021-09-19T17:45:14","guid":{"rendered":"https:\/\/mavideniz.com.tr\/?page_id=26847"},"modified":"2022-09-18T20:21:22","modified_gmt":"2022-09-18T20:21:22","slug":"kum-elemeli-sahil-temizleyici","status":"publish","type":"page","link":"https:\/\/mavideniz.com.tr\/tr\/urunler\/plaj-temizleyici-plaj-temizleme-makinesi\/kum-elemeli-sahil-temizleyici\/","title":{"rendered":"Kum Elemeli Sahil Temizleyici"},"content":{"rendered":"<p><span style=\"font-size: inherit;\"><\/span><\/p>\n<p>Kum Eleme Plaj Temizleyici kuru kum ve yumu\u015fak y\u00fczeyler \u00fczerine tasarlanm\u0131\u015ft\u0131r. Kum ve at\u0131k, temizleyicinin tutma b\u0131\u00e7a\u011f\u0131yla, kum tepeciklerinin arkas\u0131na b\u0131rak\u0131lan titre\u015fimli a\u011f ele\u011fi \u00fczerinde toplan\u0131r ve at\u0131klar, \u00e7o\u011funlukla temizleyicinin arkas\u0131nda bulunan bir toplama haznesinde toplan\u0131r. Kum ve altl\u0131k eleme band\u0131na y\u00fckseldi\u011fi i\u00e7in, elekler kumun elekten ge\u00e7erek sahile geri d\u00f6nmesi i\u00e7in zaman tan\u0131mlanmal\u0131d\u0131r.<\/p>\n<p>Kald\u0131r\u0131lan malzemelerin boyutu, kurulu ekrandaki deliklerle y\u00f6netilir. Kum S\u0131k\u0131\u015ft\u0131r\u0131c\u0131 Plaj Temizleyici Standart 3\/8&#8243; (5 mm) veya 3\/4&#8243; (20 mm) ekran\u0131yla, mevcut toprak ko\u015fullar\u0131na uyum sa\u011flamak i\u00e7in se\u00e7ebilece\u011finiz farkl\u0131 boyutlardaki elekler kullan\u0131r.<\/p>\n<p>Kum Plaj\u0131 Temizleyici; deniz kabuklar\u0131, ta\u015flar, sigara izmaritleri, s\u00fcr\u00fcnen \u00e7imler, hayvan d\u0131\u015fk\u0131lar\u0131, k\u0131r\u0131k cam, dallar, \u015fi\u015fe kapaklar\u0131 ve di\u011fer \u00e7\u00f6p kutular\u0131 gibi k\u00fc\u00e7\u00fck ve orta boy plajlardan k\u00fc\u00e7\u00fck malzemeleri \u00e7\u0131karmak i\u00e7in m\u00fckemmel bir \u00e7\u00f6z\u00fcmd\u00fcr.<\/p>\n\n","protected":false},"excerpt":{"rendered":"<p>Kum Eleme Plaj Temizleyici kuru kum ve yumu\u015fak y\u00fczeyler \u00fczerine tasarlanm\u0131\u015ft\u0131r. Kum ve at\u0131k, temizleyicinin tutma b\u0131\u00e7a\u011f\u0131yla, kum tepeciklerinin arkas\u0131na [&hellip;]<\/p>\n","protected":false},"author":1,"featured_media":0,"parent":26837,"menu_order":0,"comment_status":"closed","ping_status":"closed","template":"","meta":{"site-sidebar-layout":"default","site-content-layout":"","ast-site-content-layout":"default","site-content-style":"default","site-sidebar-style":"default","ast-global-header-display":"","ast-banner-title-visibility":"","ast-main-header-display":"","ast-hfb-above-header-display":"","ast-hfb-below-header-display":"","ast-hfb-mobile-header-display":"","site-post-title":"","ast-breadcrumbs-content":"","ast-featured-img":"","footer-sml-layout":"","ast-disable-related-posts":"","theme-transparent-header-meta":"","adv-header-id-meta":"","stick-header-meta":"","header-above-stick-meta":"","header-main-stick-meta":"","header-below-stick-meta":"","astra-migrate-meta-layouts":"default","ast-page-background-enabled":"default","ast-page-background-meta":{"desktop":{"background-color":"var(--ast-global-color-5)","background-image":"","background-repeat":"repeat","background-position":"center center","background-size":"auto","background-attachment":"scroll","background-type":"","background-media":"","overlay-type":"","overlay-color":"","overlay-opacity":"","overlay-gradient":""},"tablet":{"background-color":"","background-image":"","background-repeat":"repeat","background-position":"center center","background-size":"auto","background-attachment":"scroll","background-type":"","background-media":"","overlay-type":"","overlay-color":"","overlay-opacity":"","overlay-gradient":""},"mobile":{"background-color":"","background-image":"","background-repeat":"repeat","background-position":"center center","background-size":"auto","background-attachment":"scroll","background-type":"","background-media":"","overlay-type":"","overlay-color":"","overlay-opacity":"","overlay-gradient":""}},"ast-content-background-meta":{"desktop":{"background-color":"var(--ast-global-color-4)","background-image":"","background-repeat":"repeat","background-position":"center center","background-size":"auto","background-attachment":"scroll","background-type":"","background-media":"","overlay-type":"","overlay-color":"","overlay-opacity":"","overlay-gradient":""},"tablet":{"background-color":"var(--ast-global-color-4)","background-image":"","background-repeat":"repeat","background-position":"center center","background-size":"auto","background-attachment":"scroll","background-type":"","background-media":"","overlay-type":"","overlay-color":"","overlay-opacity":"","overlay-gradient":""},"mobile":{"background-color":"var(--ast-global-color-4)","background-image":"","background-repeat":"repeat","background-position":"center center","background-size":"auto","background-attachment":"scroll","background-type":"","background-media":"","overlay-type":"","overlay-color":"","overlay-opacity":"","overlay-gradient":""}},"footnotes":""},"class_list":["post-26847","page","type-page","status-publish","hentry"],"_links":{"self":[{"href":"https:\/\/mavideniz.com.tr\/tr\/wp-json\/wp\/v2\/pages\/26847","targetHints":{"allow":["GET"]}}],"collection":[{"href":"https:\/\/mavideniz.com.tr\/tr\/wp-json\/wp\/v2\/pages"}],"about":[{"href":"https:\/\/mavideniz.com.tr\/tr\/wp-json\/wp\/v2\/types\/page"}],"author":[{"embeddable":true,"href":"https:\/\/mavideniz.com.tr\/tr\/wp-json\/wp\/v2\/users\/1"}],"replies":[{"embeddable":true,"href":"https:\/\/mavideniz.com.tr\/tr\/wp-json\/wp\/v2\/comments?post=26847"}],"version-history":[{"count":0,"href":"https:\/\/mavideniz.com.tr\/tr\/wp-json\/wp\/v2\/pages\/26847\/revisions"}],"up":[{"embeddable":true,"href":"https:\/\/mavideniz.com.tr\/tr\/wp-json\/wp\/v2\/pages\/26837"}],"wp:attachment":[{"href":"https:\/\/mavideniz.com.tr\/tr\/wp-json\/wp\/v2\/media?parent=26847"}],"curies":[{"name":"wp","href":"https:\/\/api.w.org\/{rel}","templated":true}]}}