{"id":26855,"date":"2021-09-19T18:21:49","date_gmt":"2021-09-19T18:21:49","guid":{"rendered":"https:\/\/mavideniz.com.tr\/?page_id=26855"},"modified":"2022-09-24T17:57:58","modified_gmt":"2022-09-24T17:57:58","slug":"yuzdurme-cantasi-havayla-kaldirma-cantasi","status":"publish","type":"page","link":"https:\/\/mavideniz.com.tr\/tr\/urunler\/yuzdurme-torbasi-yuk-testi-su-torbasi\/yuzdurme-cantasi-havayla-kaldirma-cantasi\/","title":{"rendered":"Y\u00fczd\u00fcrme Balonu + Havayla Kald\u0131rma Balonu"},"content":{"rendered":"<p><br \/>\n<strong>Y\u00fczd\u00fcrme Balonu- Kapal\u0131 Alt<\/strong><\/p>\n<p>A\u011f\u0131r Hizmet Y\u00fczd\u00fcrme Balonu, Havayla Kald\u0131rma Balonu, d\u00fcnya \u00e7ap\u0131nda bat\u0131k cisimleri kald\u0131rmak, gemi kurtarma, deniz yap\u0131s\u0131 stabilizasyonu, su alt\u0131 ekipman\u0131 ta\u015f\u0131ma, boru hatt\u0131 ve ekipman \u00e7ekme yedek acil durumlarda y\u00fczd\u00fcrme balonu olarak kullan\u0131l\u0131r.<\/p>\n<p>Tamamen Kapal\u0131 Kald\u0131rma Balonu tarz\u0131 Model, su y\u00fczeyindeki y\u00fckleri desteklemek i\u00e7in kullan\u0131lan g\u00f6zya\u015f\u0131 damlas\u0131 \u015feklinde bir \u015fi\u015fme y\u00fczd\u00fcrme Balonu \u00fcnitesidir. \u00dcst kald\u0131rma plakas\u0131n\u0131n ortas\u0131na monte edilmi\u015f bir aktif havaland\u0131rma tahliye\/bo\u015faltma valfi ile donat\u0131lm\u0131\u015f Hava Kald\u0131rma Balonu. Bu yayl\u0131 valf, a\u015f\u0131r\u0131 bas\u0131n\u00e7 alt\u0131nda otomatik olarak a\u00e7\u0131lacak \u015fekilde ayarlanm\u0131\u015ft\u0131r.<\/p>\n<p>10 ton kapasiteye kadar t\u00fcm kald\u0131rma Balonlar\u0131, di\u015fli bir konekt\u00f6r ve hava ge\u00e7irmez bir kapak ile birlikte gelir. Bu alt ba\u011flant\u0131 par\u00e7as\u0131n\u0131n kullan\u0131lmas\u0131, kald\u0131rma \u00e7antas\u0131n\u0131n kapat\u0131lmas\u0131na veya alt k\u0131sm\u0131n\u0131n a\u00e7\u0131lmas\u0131na olanak tan\u0131r.<\/p>\n<p><strong>Kapal\u0131 Model kald\u0131rma \u00e7antas\u0131 \u00f6zellikleri \u015funlard\u0131r:<\/strong><\/p>\n<ul>\n<li>K\u00fc\u00e7\u00fck paketleme alan\u0131nda b\u00fcy\u00fck kald\u0131rma kapasitesi.<\/li>\n<li>Invert\u00f6r Hatt\u0131 Ba\u011flant\u0131 Noktas\u0131 ile donat\u0131lm\u0131\u015ft\u0131r.<\/li>\n<li>T\u00fcm diki\u015fler RF kaynakl\u0131d\u0131r.<\/li>\n<li>Tek bir kald\u0131rma\/ba\u011flant\u0131 noktas\u0131 i\u00e7in uygun vidal\u0131 pim kelep\u00e7eleri ve ana ba\u011flant\u0131lar.<\/li>\n<li>\u015ei\u015firme valfli \u00bd\u201d veya 3\/4\u201d NPT doldurma portu mevcuttur.<\/li>\n<li>Sertifikalar ve Kay\u0131t Defteri ile Kullan\u0131m K\u0131lavuzu.<\/li>\n<li>Y\u00fcksek Ak\u0131\u015fl\u0131 Tahliye\/bo\u015faltma valfi ters \u00e7evrilebilir ve alttan kald\u0131rma Balonu stili i\u00e7in manuel bo\u015faltma konumuna ayarlanabilir.<\/li>\n<li>S\u0131n\u0131f Y\u00fck \/ hacim sertifikas\u0131 \/ mevcut kapasitenin do\u011frulanmas\u0131.<\/li>\n<\/ul>\n<p><strong>Uygulama \u015funlar\u0131 i\u00e7erir, ancak bunlarla s\u0131n\u0131rl\u0131 de\u011fildir:<\/strong><\/p>\n<ul>\n<li>Derin ve S\u0131\u011f Su Kurtarma<\/li>\n<li>\u00c7ekme<\/li>\n<li>Rekreasyonel Dal\u0131\u015f<\/li>\n<li>Acil Kurtarma<\/li>\n<li>Genel Flotasyon<\/li>\n<li>Statik Y\u00fczd\u00fcrme yard\u0131m\u0131<\/li>\n<li>Boru veya Kablo Y\u00fczd\u00fcrme<\/li>\n<li>Su Alt\u0131 \u0130n\u015faat\u0131<\/li>\n<\/ul>\n\n<p><strong>Y\u00fczd\u00fcrme &#8211; Duba Stili<\/strong><\/p>\n<p>Duba Sitili Kald\u0131rma Hava Yast\u0131\u011f\u0131, s\u0131\u011f sularda kurtarma, teknenin \u00e7eki\u015fini azaltma veya y\u00fczeye yak\u0131n bir nesneyi kald\u0131rma i\u00e7in ideal, kapal\u0131, silindirik bir y\u00fczd\u00fcrme Balonudur.. Asans\u00f6r Hava Yast\u0131\u011f\u0131, kablo ve boru hatt\u0131 operasyonlar\u0131nda ve uzun \u00e7ekmelerin planland\u0131\u011f\u0131 yerlerde paha bi\u00e7ilmezdir. Y\u00fczd\u00fcrme Balonular\u0131 az bak\u0131m gerektirir ve temizlenmesi kolayd\u0131r. T\u00fcm diki\u015fler g\u00fc\u00e7, dayan\u0131kl\u0131l\u0131k ve su ge\u00e7irmez b\u00fct\u00fcnl\u00fck i\u00e7in kaynaklanm\u0131\u015ft\u0131r. Kald\u0131rma \u00e7antas\u0131 ko\u015fum, maksimum stabilite sa\u011flarken \u00e7antay\u0131 yatay konumda tutar.<\/p>\n<p>Tamamen Kapal\u0131 Kald\u0131rma Balonu stili Pontoon Tarz\u0131 Kald\u0131rma \u00c7antas\u0131, uygun say\u0131da otomatik hava tahliye valfi, prangalara sahip sertifikal\u0131 bir kald\u0131rma donan\u0131m\u0131 ve doldurma a\u011f\u0131zlar\u0131 dahil olmak \u00fczere tamamen donat\u0131lm\u0131\u015ft\u0131r.<\/p>\n<p><strong>Duba Model kald\u0131rma \u00e7antas\u0131 \u00f6zellikleri:<\/strong><\/p>\n<ul>\n<li>Y\u00fcksek mukavemetli PVC kapl\u0131 polyester kuma\u015ftan yap\u0131lm\u0131\u015ft\u0131r.<\/li>\n<li>K\u00fc\u00e7\u00fck paketleme alan\u0131nda b\u00fcy\u00fck kald\u0131rma kapasitesi.<\/li>\n<li>T\u00fcm diki\u015fler RF kaynakl\u0131d\u0131r.<\/li>\n<li>\u00c7ok y\u00f6nl\u00fc ve kararl\u0131 \u015fekil.<\/li>\n<li>1\/2\u201d veya 3\/4\u201d NPT doldurma a\u011fz\u0131 ve \u015fi\u015firme valfleri mevcuttur.<\/li>\n<li>Sertifikalar ve Kay\u0131t Defteri ile Kullan\u0131m K\u0131lavuzu.<\/li>\n<li>Y\u00fcksek Ak\u0131\u015fl\u0131 Otomatik Hava Tahliye valfleri.<\/li>\n<li>\u00d6zel boyutlar mevcuttur.<\/li>\n<\/ul>\n<p><strong>Uygulamalar \u015funlar\u0131 i\u00e7erir, ancak bunlarla s\u0131n\u0131rl\u0131 de\u011fildir:<\/strong><\/p>\n<ul>\n<li>Derin ve S\u0131\u011f Su Kurtarma<\/li>\n<li>\u00c7ekme<\/li>\n<li>Rekreasyonel Dal\u0131\u015f<\/li>\n<li>Acil Kurtarma<\/li>\n<li>Genel Flotasyon<\/li>\n<li>Statik Y\u00fczd\u00fcrme Yard\u0131m\u0131<\/li>\n<li>Boru veya Kablo Y\u00fczd\u00fcrme<\/li>\n<li>Su Alt\u0131 \u0130n\u015faat\u0131<\/li>\n<\/ul>\n<div class=\"wptm_table tablesorter-bootstrap \" data-id=\"123\" data-hightlight=\"0\"><div class=\"wptm_buttons buttons_wptmTbl123\"><\/div><div class=\"wptmresponsive dataTables-wptmtable wptmtable \" id=\"wptmtable123\" data-tableid=\"wptmTbl123\"><table data-count-header=\"1\"  data-format-decimal_count=\"0\" data-format-decimal_symbol=\".\" data-format-symbol_position=\"0\" data-format-thousand_symbol=\",\"  data-format-currency_symbol=\"$\"  data-name-style=\"123_1759713326.css\" data-format=\"YYYY-MM-DD\" id=\"wptmTbl123\" data-id=\"123\" data-responsive=\"false\" data-hideCols=\"false\"  data-type=\"html\" data-paging=\"false\" data-searching=\"true\"  data-ordering=\"false\" data-table-breakpoint=\"980\" data-scroll-x=\"true\" data-scroll-collapse=\"true\" data-align=\"center\" data-range=\"[]\" data-hideColumn=\"[0,0,0,0,0]\"  data-colwidths=\"[228,228,228,228,228]\"  data-colwidths_desktop=[]  data-colwidths_tablet=[]  data-colwidths_mobile=[]  class=\"wptm_main_table  disablePager hideScrollHeader\"><colgroup><col data-dtr=\"0\" data-dtc=\"0\" class=\"dtc0\"><col data-dtr=\"0\" data-dtc=\"1\" class=\"dtc1\"><col data-dtr=\"0\" data-dtc=\"2\" class=\"dtc2\"><col data-dtr=\"0\" data-dtc=\"3\" class=\"dtc3\"><col data-dtr=\"0\" data-dtc=\"4\" class=\"dtc4\"><\/colgroup><thead><tr class=\"wptm-header-cells-index\"><th rowspan=\"1\" colspan=\"1\" data-dtr=\"0\" data-dtc=\"0\" class=\"dtr0 dtc0\"><\/th><th rowspan=\"1\" colspan=\"1\" data-dtr=\"0\" data-dtc=\"1\" class=\"dtr0 dtc1\"><\/th><th rowspan=\"1\" colspan=\"1\" data-dtr=\"0\" data-dtc=\"2\" class=\"dtr0 dtc2\"><\/th><th rowspan=\"1\" colspan=\"1\" data-dtr=\"0\" data-dtc=\"3\" class=\"dtr0 dtc3\"><\/th><th rowspan=\"1\" colspan=\"1\" data-dtr=\"0\" data-dtc=\"4\" class=\"dtr0 dtc4\"><\/th><\/tr><tr class=\" row0\"><th   data-priority=\"0\" class=\"dtr0 dtc0\"><\/th><th   data-priority=\"0\" class=\"dtr0 dtc1\">Capacity ( T )<\/th><th   data-priority=\"0\" class=\"dtr0 dtc2\">Diameter ( M )<\/th><th   data-priority=\"0\" class=\"dtr0 dtc3\">Lenght ( M )<\/th><th   data-priority=\"0\" class=\"dtr0 dtc4\">Weight ( KG )<\/th><\/thead><tbody><tr class=\" row1\"><td    class=\"dtr1 dtc0\">ALB 0.25<\/td><td    class=\"dtr1 dtc1\">0.25<\/td><td    class=\"dtr1 dtc2\">1<\/td><td    class=\"dtr1 dtc3\">1.4<\/td><td    class=\"dtr1 dtc4\">5<\/td><\/tr><tr class=\" row2\"><td    class=\"dtr2 dtc0\">ALB 0.5<\/td><td    class=\"dtr2 dtc1\">0.5<\/td><td    class=\"dtr2 dtc2\">1.2<\/td><td    class=\"dtr2 dtc3\">1.8<\/td><td    class=\"dtr2 dtc4\">8<\/td><\/tr><tr class=\" row3\"><td    class=\"dtr3 dtc0\">ALB 1<\/td><td    class=\"dtr3 dtc1\">1<\/td><td    class=\"dtr3 dtc2\">1.5<\/td><td    class=\"dtr3 dtc3\">2<\/td><td    class=\"dtr3 dtc4\">12<\/td><\/tr><tr class=\" row4\"><td    class=\"dtr4 dtc0\">ALB 2<\/td><td    class=\"dtr4 dtc1\">2<\/td><td    class=\"dtr4 dtc2\">1.8<\/td><td    class=\"dtr4 dtc3\">2.5<\/td><td    class=\"dtr4 dtc4\">25<\/td><\/tr><tr class=\" row5\"><td    class=\"dtr5 dtc0\">ALB 3<\/td><td    class=\"dtr5 dtc1\">3<\/td><td    class=\"dtr5 dtc2\">2<\/td><td    class=\"dtr5 dtc3\">3.3<\/td><td    class=\"dtr5 dtc4\">35<\/td><\/tr><tr class=\" row6\"><td    class=\"dtr6 dtc0\">ALB 5<\/td><td    class=\"dtr6 dtc1\">5<\/td><td    class=\"dtr6 dtc2\">2<\/td><td    class=\"dtr6 dtc3\">3.8<\/td><td    class=\"dtr6 dtc4\">40<\/td><\/tr><tr class=\" row7\"><td    class=\"dtr7 dtc0\">ALB 10<\/td><td    class=\"dtr7 dtc1\">10<\/td><td    class=\"dtr7 dtc2\">2.4<\/td><td    class=\"dtr7 dtc3\">4.5<\/td><td    class=\"dtr7 dtc4\">75<\/td><\/tr><tr class=\" row8\"><td    class=\"dtr8 dtc0\">ALB 15<\/td><td    class=\"dtr8 dtc1\">15<\/td><td    class=\"dtr8 dtc2\">2.7<\/td><td    class=\"dtr8 dtc3\">5.4<\/td><td    class=\"dtr8 dtc4\">115<\/td><\/tr><tr class=\" row9\"><td    class=\"dtr9 dtc0\">ALB 20<\/td><td    class=\"dtr9 dtc1\">20<\/td><td    class=\"dtr9 dtc2\">3.2<\/td><td    class=\"dtr9 dtc3\">5.5<\/td><td    class=\"dtr9 dtc4\">120<\/td><\/tr><tr class=\" row10\"><td    class=\"dtr10 dtc0\">ALB 25<\/td><td    class=\"dtr10 dtc1\">25<\/td><td    class=\"dtr10 dtc2\">3.8<\/td><td    class=\"dtr10 dtc3\">6<\/td><td    class=\"dtr10 dtc4\">175<\/td><\/tr><tr class=\" row11\"><td    class=\"dtr11 dtc0\">ALB 35<\/td><td    class=\"dtr11 dtc1\">35<\/td><td    class=\"dtr11 dtc2\">4.2<\/td><td    class=\"dtr11 dtc3\">6.5<\/td><td    class=\"dtr11 dtc4\">220<\/td><\/tr><tr class=\" row12\"><td    class=\"dtr12 dtc0\">ALB 50<\/td><td    class=\"dtr12 dtc1\">50<\/td><td    class=\"dtr12 dtc2\">5<\/td><td    class=\"dtr12 dtc3\">7.5<\/td><td    class=\"dtr12 dtc4\">400<\/td><\/tr><\/tbody><tfoot><tr><td class=\"dtr12 dtc0\" style=\"height: 0;\"><\/td><td class=\"dtr12 dtc1\" style=\"height: 0;\"><\/td><td class=\"dtr12 dtc2\" style=\"height: 0;\"><\/td><td class=\"dtr12 dtc3\" style=\"height: 0;\"><\/td><td class=\"dtr12 dtc4\" style=\"height: 0;\"><\/td><\/tr><\/tfoot><\/table><\/div><style>#wptmtable123 .dataTables_wrapper > .dataTables_scroll {max-height:500px;overflow: auto;}<\/style><script>window.wptm_ajaxurl = 'https:\/\/mavideniz.com.tr\/wp-admin\/admin-ajax.php?juwpfisadmin=false&action=Wptm&'; window.wptm_front = 'https:\/\/mavideniz.com.tr\/wp-content\/plugins\/wp-table-manager\/app\/site\/assets\/'; window.wptm_style = 'https:\/\/mavideniz.com.tr\/wp-content\/uploads\/wptm\/';<\/script><\/div><style><\/style>\n","protected":false},"excerpt":{"rendered":"<p>Y\u00fczd\u00fcrme Balonu- Kapal\u0131 Alt A\u011f\u0131r Hizmet Y\u00fczd\u00fcrme Balonu, Havayla Kald\u0131rma Balonu, d\u00fcnya \u00e7ap\u0131nda bat\u0131k cisimleri kald\u0131rmak, gemi kurtarma, deniz yap\u0131s\u0131 [&hellip;]<\/p>\n","protected":false},"author":1,"featured_media":0,"parent":26853,"menu_order":0,"comment_status":"closed","ping_status":"closed","template":"","meta":{"site-sidebar-layout":"default","site-content-layout":"","ast-site-content-layout":"default","site-content-style":"default","site-sidebar-style":"default","ast-global-header-display":"","ast-banner-title-visibility":"","ast-main-header-display":"","ast-hfb-above-header-display":"","ast-hfb-below-header-display":"","ast-hfb-mobile-header-display":"","site-post-title":"","ast-breadcrumbs-content":"","ast-featured-img":"","footer-sml-layout":"","ast-disable-related-posts":"","theme-transparent-header-meta":"","adv-header-id-meta":"","stick-header-meta":"","header-above-stick-meta":"","header-main-stick-meta":"","header-below-stick-meta":"","astra-migrate-meta-layouts":"default","ast-page-background-enabled":"default","ast-page-background-meta":{"desktop":{"background-color":"var(--ast-global-color-5)","background-image":"","background-repeat":"repeat","background-position":"center center","background-size":"auto","background-attachment":"scroll","background-type":"","background-media":"","overlay-type":"","overlay-color":"","overlay-opacity":"","overlay-gradient":""},"tablet":{"background-color":"","background-image":"","background-repeat":"repeat","background-position":"center center","background-size":"auto","background-attachment":"scroll","background-type":"","background-media":"","overlay-type":"","overlay-color":"","overlay-opacity":"","overlay-gradient":""},"mobile":{"background-color":"","background-image":"","background-repeat":"repeat","background-position":"center center","background-size":"auto","background-attachment":"scroll","background-type":"","background-media":"","overlay-type":"","overlay-color":"","overlay-opacity":"","overlay-gradient":""}},"ast-content-background-meta":{"desktop":{"background-color":"var(--ast-global-color-4)","background-image":"","background-repeat":"repeat","background-position":"center center","background-size":"auto","background-attachment":"scroll","background-type":"","background-media":"","overlay-type":"","overlay-color":"","overlay-opacity":"","overlay-gradient":""},"tablet":{"background-color":"var(--ast-global-color-4)","background-image":"","background-repeat":"repeat","background-position":"center center","background-size":"auto","background-attachment":"scroll","background-type":"","background-media":"","overlay-type":"","overlay-color":"","overlay-opacity":"","overlay-gradient":""},"mobile":{"background-color":"var(--ast-global-color-4)","background-image":"","background-repeat":"repeat","background-position":"center center","background-size":"auto","background-attachment":"scroll","background-type":"","background-media":"","overlay-type":"","overlay-color":"","overlay-opacity":"","overlay-gradient":""}},"footnotes":""},"class_list":["post-26855","page","type-page","status-publish","hentry"],"_links":{"self":[{"href":"https:\/\/mavideniz.com.tr\/tr\/wp-json\/wp\/v2\/pages\/26855","targetHints":{"allow":["GET"]}}],"collection":[{"href":"https:\/\/mavideniz.com.tr\/tr\/wp-json\/wp\/v2\/pages"}],"about":[{"href":"https:\/\/mavideniz.com.tr\/tr\/wp-json\/wp\/v2\/types\/page"}],"author":[{"embeddable":true,"href":"https:\/\/mavideniz.com.tr\/tr\/wp-json\/wp\/v2\/users\/1"}],"replies":[{"embeddable":true,"href":"https:\/\/mavideniz.com.tr\/tr\/wp-json\/wp\/v2\/comments?post=26855"}],"version-history":[{"count":0,"href":"https:\/\/mavideniz.com.tr\/tr\/wp-json\/wp\/v2\/pages\/26855\/revisions"}],"up":[{"embeddable":true,"href":"https:\/\/mavideniz.com.tr\/tr\/wp-json\/wp\/v2\/pages\/26853"}],"wp:attachment":[{"href":"https:\/\/mavideniz.com.tr\/tr\/wp-json\/wp\/v2\/media?parent=26855"}],"curies":[{"name":"wp","href":"https:\/\/api.w.org\/{rel}","templated":true}]}}