{"id":26870,"date":"2021-09-19T19:16:01","date_gmt":"2021-09-19T19:16:01","guid":{"rendered":"https:\/\/mavideniz.com.tr\/?page_id=26870"},"modified":"2022-09-19T23:18:06","modified_gmt":"2022-09-19T23:18:06","slug":"silindirik-samandira","status":"publish","type":"page","link":"https:\/\/mavideniz.com.tr\/tr\/urunler\/samandira\/silindirik-samandira\/","title":{"rendered":"Silindirik \u015eamand\u0131ra"},"content":{"rendered":"<p><br \/>\nA\u011f\u0131r demirleme uygulamalar\u0131, i\u015faretleme, bal\u0131k \u00e7iftlikleri i\u00e7in kullan\u0131lmak \u00fczere tasarlanm\u0131\u015f Silindirik \u015eamand\u0131ra. Bu Silindirik \u015eamand\u0131ra, kendinden renkli bir poli\u00fcretan d\u0131\u015f kaplama i\u00e7inde kaps\u00fcllenmi\u015f bir polietilen k\u00f6p\u00fck \u00e7ekirdekten imal edilmi\u015ftir; poli\u00fcretan k\u00f6p\u00fck, delinen \u015famand\u0131ran\u0131n suyu emmemesini sa\u011flayarak \u00fcr\u00fcn\u00fcn \u00f6mr\u00fcn\u00fc uzat\u0131r ve bak\u0131m maliyetlerini d\u00fc\u015f\u00fcr\u00fcr. Esnek malzeme, y\u00fcksek darbe emme kapasitesi ile \u015famand\u0131ralar\u0131n kendi kendini usturma\u00e7a g\u00f6revi sa\u011fl\u0131yor. Silindirik \u015eamand\u0131ra hem a\u015f\u0131nmaya hem de ultraviyole bozunmaya kar\u015f\u0131 dayan\u0131kl\u0131d\u0131r.<\/p>\n<p><strong>\u00dc\u00e7 ana tip silindirik \u015famand\u0131ra \u00fcretiyoruz:<\/strong><\/p>\n<p>Standart Silindirik \u015eamand\u0131ra, m\u00fc\u015fterinin G\u00fcvenli \u00c7al\u0131\u015fma Y\u00fck\u00fcne uyacak \u015fekilde tasarlanm\u0131\u015f bir Merkezi gerdirme eleman\u0131na sahip \u00c7\u0131kar\u0131labilir bir \u00e7atal plakas\u0131na\/g\u00f6ze sahiptir.<\/p>\n<p>Zincir Ge\u00e7i\u015fli Silindirik \u015eamand\u0131ra, zincirin ge\u00e7mesi i\u00e7in bir Merkezi boruya sahiptir. \u015eamand\u0131ray\u0131 zincire sabitleyen bir u\u00e7ta veya her ikisinde zincir kilitleme cihaz\u0131.<\/p>\n<p>\u0130\u015faretleme ve toplama g\u00f6revleri i\u00e7in Pick-up Silindirik \u015eamand\u0131ra.<\/p>\n<p><strong>Standart Silindirik \u015eamand\u0131ra<\/strong><br \/>\n<div class=\"wptm_table tablesorter-bootstrap \" data-id=\"7\" data-hightlight=\"0\"><div class=\"wptm_buttons buttons_wptmTbl7\"><\/div><div class=\"wptmresponsive dataTables-wptmtable wptmtable \" id=\"wptmtable7\" data-tableid=\"wptmTbl7\"><table data-count-header=\"1\"  data-format-decimal_count=\"0\" data-format-decimal_symbol=\".\" data-format-symbol_position=\"0\" data-format-thousand_symbol=\",\"  data-format-currency_symbol=\"$\"  data-name-style=\"7_1759659775.css\" data-format=\"YYYY-MM-DD\" id=\"wptmTbl7\" data-id=\"7\" data-responsive=\"false\" data-hideCols=\"false\"  data-type=\"html\" data-paging=\"false\" data-searching=\"true\"  data-ordering=\"false\" data-table-breakpoint=\"980\" data-scroll-x=\"true\" data-scroll-collapse=\"true\" data-align=\"center\" data-range=\"[]\" data-hideColumn=\"[0,0,0,0,0,0]\"  data-colwidths=\"[190,190,190,190,190,190]\"  data-colwidths_desktop=[]  data-colwidths_tablet=[]  data-colwidths_mobile=[]  class=\"wptm_main_table  disablePager hideScrollHeader\"><colgroup><col data-dtr=\"0\" data-dtc=\"0\" class=\"dtc0\"><col data-dtr=\"0\" data-dtc=\"1\" class=\"dtc1\"><col data-dtr=\"0\" data-dtc=\"2\" class=\"dtc2\"><col data-dtr=\"0\" data-dtc=\"3\" class=\"dtc3\"><col data-dtr=\"0\" data-dtc=\"4\" class=\"dtc4\"><col data-dtr=\"0\" data-dtc=\"5\" class=\"dtc5\"><\/colgroup><thead><tr class=\"wptm-header-cells-index\"><th rowspan=\"1\" colspan=\"1\" data-dtr=\"0\" data-dtc=\"0\" class=\"dtr0 dtc0\"><\/th><th rowspan=\"1\" colspan=\"1\" data-dtr=\"0\" data-dtc=\"1\" class=\"dtr0 dtc1\"><\/th><th rowspan=\"1\" colspan=\"1\" data-dtr=\"0\" data-dtc=\"2\" class=\"dtr0 dtc2\"><\/th><th rowspan=\"1\" colspan=\"1\" data-dtr=\"0\" data-dtc=\"3\" class=\"dtr0 dtc3\"><\/th><th rowspan=\"1\" colspan=\"1\" data-dtr=\"0\" data-dtc=\"4\" class=\"dtr0 dtc4\"><\/th><th rowspan=\"1\" colspan=\"1\" data-dtr=\"0\" data-dtc=\"5\" class=\"dtr0 dtc5\"><\/th><\/tr><tr class=\" row0\"><th   data-priority=\"0\" class=\"dtr0 dtc0\"><\/th><th   data-priority=\"0\" class=\"dtr0 dtc1\">Buoyancy (kg)<\/th><th   data-priority=\"0\" class=\"dtr0 dtc2\">Length of Body (mm)<\/th><th   data-priority=\"0\" class=\"dtr0 dtc3\">Length Overall (mm)<\/th><th   data-priority=\"0\" class=\"dtr0 dtc4\">Diameter (mm)<\/th><th   data-priority=\"0\" class=\"dtr0 dtc5\">Weight (kg)<\/th><\/thead><tbody><tr class=\" row1\"><td    class=\"dtr1 dtc0\">CB 1000<\/td><td    class=\"dtr1 dtc1\">1000<\/td><td    class=\"dtr1 dtc2\">1550<\/td><td    class=\"dtr1 dtc3\">2200<\/td><td    class=\"dtr1 dtc4\">1080<\/td><td    class=\"dtr1 dtc5\">375<\/td><\/tr><tr class=\" row2\"><td    class=\"dtr2 dtc0\">CB 1250<\/td><td    class=\"dtr2 dtc1\">1250<\/td><td    class=\"dtr2 dtc2\">1550<\/td><td    class=\"dtr2 dtc3\">2200<\/td><td    class=\"dtr2 dtc4\">1160<\/td><td    class=\"dtr2 dtc5\">380<\/td><\/tr><tr class=\" row3\"><td    class=\"dtr3 dtc0\">CB 1500<\/td><td    class=\"dtr3 dtc1\">1500<\/td><td    class=\"dtr3 dtc2\">2000<\/td><td    class=\"dtr3 dtc3\">2600<\/td><td    class=\"dtr3 dtc4\">1130<\/td><td    class=\"dtr3 dtc5\">445<\/td><\/tr><tr class=\" row4\"><td    class=\"dtr4 dtc0\">CB 2000<\/td><td    class=\"dtr4 dtc1\">2000<\/td><td    class=\"dtr4 dtc2\">2000<\/td><td    class=\"dtr4 dtc3\">2600<\/td><td    class=\"dtr4 dtc4\">1290<\/td><td    class=\"dtr4 dtc5\">485<\/td><\/tr><tr class=\" row5\"><td    class=\"dtr5 dtc0\">CB 2500<\/td><td    class=\"dtr5 dtc1\">2500<\/td><td    class=\"dtr5 dtc2\">2000<\/td><td    class=\"dtr5 dtc3\">2600<\/td><td    class=\"dtr5 dtc4\">1400<\/td><td    class=\"dtr5 dtc5\">515<\/td><\/tr><tr class=\" row6\"><td    class=\"dtr6 dtc0\">CB 2900<\/td><td    class=\"dtr6 dtc1\">2900<\/td><td    class=\"dtr6 dtc2\">2000<\/td><td    class=\"dtr6 dtc3\">2600<\/td><td    class=\"dtr6 dtc4\">1510<\/td><td    class=\"dtr6 dtc5\">595<\/td><\/tr><tr class=\" row7\"><td    class=\"dtr7 dtc0\">CB 3500<\/td><td    class=\"dtr7 dtc1\">3500<\/td><td    class=\"dtr7 dtc2\">2000<\/td><td    class=\"dtr7 dtc3\">2600<\/td><td    class=\"dtr7 dtc4\">1630<\/td><td    class=\"dtr7 dtc5\">625<\/td><\/tr><tr class=\" row8\"><td    class=\"dtr8 dtc0\">CB 3900<\/td><td    class=\"dtr8 dtc1\">3900<\/td><td    class=\"dtr8 dtc2\">2000<\/td><td    class=\"dtr8 dtc3\">2600<\/td><td    class=\"dtr8 dtc4\">1700<\/td><td    class=\"dtr8 dtc5\">650<\/td><\/tr><tr class=\" row9\"><td    class=\"dtr9 dtc0\">Options<\/td><td  colspan=\"5\"   class=\"dtr9 dtc1\">Bail Eye - Clevis Eye - Swivel - Chain locking Plate - Single Locking Pin<\/td><td  style=\"display: none\"   class=\"dtr9 dtc2\"><\/td><td  style=\"display: none\"   class=\"dtr9 dtc3\"><\/td><td  style=\"display: none\"   class=\"dtr9 dtc4\"><\/td><td  style=\"display: none\"   class=\"dtr9 dtc5\"><\/td><\/tr><\/tbody><tfoot><tr><td class=\"dtr9 dtc0\" style=\"height: 0;\"><\/td><td class=\"dtr9 dtc1\" style=\"height: 0;\"><\/td><td class=\"dtr9 dtc2\" style=\"height: 0;\"><\/td><td class=\"dtr9 dtc3\" style=\"height: 0;\"><\/td><td class=\"dtr9 dtc4\" style=\"height: 0;\"><\/td><td class=\"dtr9 dtc5\" style=\"height: 0;\"><\/td><\/tr><\/tfoot><\/table><\/div><style>#wptmtable7 .dataTables_wrapper > .dataTables_scroll {max-height:500px;overflow: auto;}<\/style><script>window.wptm_ajaxurl = 'https:\/\/mavideniz.com.tr\/wp-admin\/admin-ajax.php?juwpfisadmin=false&action=Wptm&'; window.wptm_front = 'https:\/\/mavideniz.com.tr\/wp-content\/plugins\/wp-table-manager\/app\/site\/assets\/'; window.wptm_style = 'https:\/\/mavideniz.com.tr\/wp-content\/uploads\/wptm\/';<\/script><\/div><style><\/style><\/p>\n<p><strong>Silindirik \u015famand\u0131ralar aras\u0131nda zincir<br \/>\n<\/strong><div class=\"wptm_table tablesorter-bootstrap \" data-id=\"6\" data-hightlight=\"0\"><div class=\"wptm_buttons buttons_wptmTbl6\"><\/div><div class=\"wptmresponsive dataTables-wptmtable wptmtable \" id=\"wptmtable6\" data-tableid=\"wptmTbl6\"><table data-count-header=\"1\"  data-format-decimal_count=\"0\" data-format-decimal_symbol=\".\" data-format-symbol_position=\"0\" data-format-thousand_symbol=\",\"  data-format-currency_symbol=\"$\"  data-name-style=\"6_1759659756.css\" data-format=\"YYYY-MM-DD\" id=\"wptmTbl6\" data-id=\"6\" data-responsive=\"false\" data-hideCols=\"false\"  data-type=\"html\" data-paging=\"false\" data-searching=\"true\"  data-ordering=\"false\" data-table-breakpoint=\"980\" data-scroll-x=\"true\" data-scroll-collapse=\"true\" data-align=\"center\" data-range=\"[]\" data-hideColumn=\"[0,0,0,0,0,0]\"  data-colwidths=\"[190,190,190,190,190,190]\"  data-colwidths_desktop=[]  data-colwidths_tablet=[]  data-colwidths_mobile=[]  class=\"wptm_main_table  disablePager hideScrollHeader\"><colgroup><col data-dtr=\"0\" data-dtc=\"0\" class=\"dtc0\"><col data-dtr=\"0\" data-dtc=\"1\" class=\"dtc1\"><col data-dtr=\"0\" data-dtc=\"2\" class=\"dtc2\"><col data-dtr=\"0\" data-dtc=\"3\" class=\"dtc3\"><col data-dtr=\"0\" data-dtc=\"4\" class=\"dtc4\"><col data-dtr=\"0\" data-dtc=\"5\" class=\"dtc5\"><\/colgroup><thead><tr class=\"wptm-header-cells-index\"><th rowspan=\"1\" colspan=\"1\" data-dtr=\"0\" data-dtc=\"0\" class=\"dtr0 dtc0\"><\/th><th rowspan=\"1\" colspan=\"1\" data-dtr=\"0\" data-dtc=\"1\" class=\"dtr0 dtc1\"><\/th><th rowspan=\"1\" colspan=\"1\" data-dtr=\"0\" data-dtc=\"2\" class=\"dtr0 dtc2\"><\/th><th rowspan=\"1\" colspan=\"1\" data-dtr=\"0\" data-dtc=\"3\" class=\"dtr0 dtc3\"><\/th><th rowspan=\"1\" colspan=\"1\" data-dtr=\"0\" data-dtc=\"4\" class=\"dtr0 dtc4\"><\/th><th rowspan=\"1\" colspan=\"1\" data-dtr=\"0\" data-dtc=\"5\" class=\"dtr0 dtc5\"><\/th><\/tr><tr class=\" row0\"><th   data-priority=\"0\" class=\"dtr0 dtc0\"><\/th><th   data-priority=\"0\" class=\"dtr0 dtc1\">Buoyancy (kg)<\/th><th   data-priority=\"0\" class=\"dtr0 dtc2\">Length of Body (mm)<\/th><th   data-priority=\"0\" class=\"dtr0 dtc3\">Length Overall (mm)<\/th><th   data-priority=\"0\" class=\"dtr0 dtc4\">Diameter (mm)<\/th><th   data-priority=\"0\" class=\"dtr0 dtc5\">Weight (kg)<\/th><\/thead><tbody><tr class=\" row1\"><td    class=\"dtr1 dtc0\">CTCB 1500<\/td><td    class=\"dtr1 dtc1\">1500<\/td><td    class=\"dtr1 dtc2\">2000<\/td><td    class=\"dtr1 dtc3\">2600<\/td><td    class=\"dtr1 dtc4\">1200<\/td><td    class=\"dtr1 dtc5\">520<\/td><\/tr><tr class=\" row2\"><td    class=\"dtr2 dtc0\">CTCB 1750<\/td><td    class=\"dtr2 dtc1\">1750<\/td><td    class=\"dtr2 dtc2\">2000<\/td><td    class=\"dtr2 dtc3\">2600<\/td><td    class=\"dtr2 dtc4\">1260<\/td><td    class=\"dtr2 dtc5\">545<\/td><\/tr><tr class=\" row3\"><td    class=\"dtr3 dtc0\">CTCB 2000<\/td><td    class=\"dtr3 dtc1\">2000<\/td><td    class=\"dtr3 dtc2\">2000<\/td><td    class=\"dtr3 dtc3\">2600<\/td><td    class=\"dtr3 dtc4\">1400<\/td><td    class=\"dtr3 dtc5\">560<\/td><\/tr><tr class=\" row4\"><td    class=\"dtr4 dtc0\">CTCB 2250<\/td><td    class=\"dtr4 dtc1\">2250<\/td><td    class=\"dtr4 dtc2\">2000<\/td><td    class=\"dtr4 dtc3\">2600<\/td><td    class=\"dtr4 dtc4\">1450<\/td><td    class=\"dtr4 dtc5\">580<\/td><\/tr><tr class=\" row5\"><td    class=\"dtr5 dtc0\">CTCB 2500<\/td><td    class=\"dtr5 dtc1\">2500<\/td><td    class=\"dtr5 dtc2\">2000<\/td><td    class=\"dtr5 dtc3\">2600<\/td><td    class=\"dtr5 dtc4\">1500<\/td><td    class=\"dtr5 dtc5\">610<\/td><\/tr><tr class=\" row6\"><td    class=\"dtr6 dtc0\">CTCB 2750<\/td><td    class=\"dtr6 dtc1\">2750<\/td><td    class=\"dtr6 dtc2\">2000<\/td><td    class=\"dtr6 dtc3\">2600<\/td><td    class=\"dtr6 dtc4\">1560<\/td><td    class=\"dtr6 dtc5\">630<\/td><\/tr><tr class=\" row7\"><td    class=\"dtr7 dtc0\">CTCB 3000<\/td><td    class=\"dtr7 dtc1\">3000<\/td><td    class=\"dtr7 dtc2\">2000<\/td><td    class=\"dtr7 dtc3\">2600<\/td><td    class=\"dtr7 dtc4\">1680<\/td><td    class=\"dtr7 dtc5\">660<\/td><\/tr><tr class=\" row8\"><td    class=\"dtr8 dtc0\">CTCB 3500<\/td><td    class=\"dtr8 dtc1\">3500<\/td><td    class=\"dtr8 dtc2\">2000<\/td><td    class=\"dtr8 dtc3\">2600<\/td><td    class=\"dtr8 dtc4\">1900<\/td><td    class=\"dtr8 dtc5\">750<\/td><\/tr><tr class=\" row9\"><td    class=\"dtr9 dtc0\">Options<\/td><td  colspan=\"5\"   class=\"dtr9 dtc1\">Bail Eye - Clevis Eye - Swivel - Chain locking Plate - Single Locking Pin<\/td><td  style=\"display: none\"   class=\"dtr9 dtc2\"><\/td><td  style=\"display: none\"   class=\"dtr9 dtc3\"><\/td><td  style=\"display: none\"   class=\"dtr9 dtc4\"><\/td><td  style=\"display: none\"   class=\"dtr9 dtc5\"><\/td><\/tr><\/tbody><tfoot><tr><td class=\"dtr9 dtc0\" style=\"height: 0;\"><\/td><td class=\"dtr9 dtc1\" style=\"height: 0;\"><\/td><td class=\"dtr9 dtc2\" style=\"height: 0;\"><\/td><td class=\"dtr9 dtc3\" style=\"height: 0;\"><\/td><td class=\"dtr9 dtc4\" style=\"height: 0;\"><\/td><td class=\"dtr9 dtc5\" style=\"height: 0;\"><\/td><\/tr><\/tfoot><\/table><\/div><style>#wptmtable6 .dataTables_wrapper > .dataTables_scroll {max-height:500px;overflow: auto;}<\/style><script>window.wptm_ajaxurl = 'https:\/\/mavideniz.com.tr\/wp-admin\/admin-ajax.php?juwpfisadmin=false&action=Wptm&'; window.wptm_front = 'https:\/\/mavideniz.com.tr\/wp-content\/plugins\/wp-table-manager\/app\/site\/assets\/'; window.wptm_style = 'https:\/\/mavideniz.com.tr\/wp-content\/uploads\/wptm\/';<\/script><\/div><style><\/style><\/p>\n<p><strong>Kald\u0131rma Tipi Silindirik \u015eamand\u0131ra<\/strong><br \/>\n<div class=\"wptm_table tablesorter-bootstrap \" data-id=\"9\" data-hightlight=\"0\"><div class=\"wptm_buttons buttons_wptmTbl9\"><\/div><div class=\"wptmresponsive dataTables-wptmtable wptmtable \" id=\"wptmtable9\" data-tableid=\"wptmTbl9\"><table data-count-header=\"1\"  data-format-decimal_count=\"0\" data-format-decimal_symbol=\".\" data-format-symbol_position=\"0\" data-format-thousand_symbol=\",\"  data-format-currency_symbol=\"$\"  data-name-style=\"9_1759659800.css\" data-format=\"YYYY-MM-DD\" id=\"wptmTbl9\" data-id=\"9\" data-responsive=\"false\" data-hideCols=\"false\"  data-type=\"html\" data-paging=\"false\" data-searching=\"true\"  data-ordering=\"false\" data-table-breakpoint=\"980\" data-scroll-x=\"true\" data-scroll-collapse=\"true\" data-align=\"center\" data-range=\"[]\" data-hideColumn=\"[0,0,0,0,0,0]\"  data-colwidths=\"[190,190,190,190,190,190]\"  data-colwidths_desktop=[]  data-colwidths_tablet=[]  data-colwidths_mobile=[]  class=\"wptm_main_table  disablePager hideScrollHeader\"><colgroup><col data-dtr=\"0\" data-dtc=\"0\" class=\"dtc0\"><col data-dtr=\"0\" data-dtc=\"1\" class=\"dtc1\"><col data-dtr=\"0\" data-dtc=\"2\" class=\"dtc2\"><col data-dtr=\"0\" data-dtc=\"3\" class=\"dtc3\"><col data-dtr=\"0\" data-dtc=\"4\" class=\"dtc4\"><col data-dtr=\"0\" data-dtc=\"5\" class=\"dtc5\"><\/colgroup><thead><tr class=\"wptm-header-cells-index\"><th rowspan=\"1\" colspan=\"1\" data-dtr=\"0\" data-dtc=\"0\" class=\"dtr0 dtc0\"><\/th><th rowspan=\"1\" colspan=\"1\" data-dtr=\"0\" data-dtc=\"1\" class=\"dtr0 dtc1\"><\/th><th rowspan=\"1\" colspan=\"1\" data-dtr=\"0\" data-dtc=\"2\" class=\"dtr0 dtc2\"><\/th><th rowspan=\"1\" colspan=\"1\" data-dtr=\"0\" data-dtc=\"3\" class=\"dtr0 dtc3\"><\/th><th rowspan=\"1\" colspan=\"1\" data-dtr=\"0\" data-dtc=\"4\" class=\"dtr0 dtc4\"><\/th><th rowspan=\"1\" colspan=\"1\" data-dtr=\"0\" data-dtc=\"5\" class=\"dtr0 dtc5\"><\/th><\/tr><tr class=\" row0\"><th   data-priority=\"0\" class=\"dtr0 dtc0\"><\/th><th   data-priority=\"0\" class=\"dtr0 dtc1\">Buoyancy (kg)<\/th><th   data-priority=\"0\" class=\"dtr0 dtc2\">Length of Body (mm)<\/th><th   data-priority=\"0\" class=\"dtr0 dtc3\">Length Overall (mm)<\/th><th   data-priority=\"0\" class=\"dtr0 dtc4\">Diameter (mm)<\/th><th   data-priority=\"0\" class=\"dtr0 dtc5\">SWL (T)<\/th><\/thead><tbody><tr class=\" row1\"><td    class=\"dtr1 dtc0\">PUCB 90<\/td><td    class=\"dtr1 dtc1\">90<\/td><td    class=\"dtr1 dtc2\">660<\/td><td    class=\"dtr1 dtc3\">1000<\/td><td    class=\"dtr1 dtc4\">515<\/td><td    class=\"dtr1 dtc5\">1.2<\/td><\/tr><tr class=\" row2\"><td    class=\"dtr2 dtc0\">PUCB 225<\/td><td    class=\"dtr2 dtc1\">225<\/td><td    class=\"dtr2 dtc2\">910<\/td><td    class=\"dtr2 dtc3\">1570<\/td><td    class=\"dtr2 dtc4\">690<\/td><td    class=\"dtr2 dtc5\">15<\/td><\/tr><tr class=\" row3\"><td    class=\"dtr3 dtc0\">PUCB 400<\/td><td    class=\"dtr3 dtc1\">400<\/td><td    class=\"dtr3 dtc2\">910<\/td><td    class=\"dtr3 dtc3\">1570<\/td><td    class=\"dtr3 dtc4\">900<\/td><td    class=\"dtr3 dtc5\">15<\/td><\/tr><tr class=\" row4\"><td    class=\"dtr4 dtc0\">PUCB 800<\/td><td    class=\"dtr4 dtc1\">800<\/td><td    class=\"dtr4 dtc2\">910<\/td><td    class=\"dtr4 dtc3\">1570<\/td><td    class=\"dtr4 dtc4\">1150<\/td><td    class=\"dtr4 dtc5\">15<\/td><\/tr><tr class=\" row5\"><td    class=\"dtr5 dtc0\">Options<\/td><td  colspan=\"5\"   class=\"dtr5 dtc1\">Bail Eye - Clevis Eye - Swivel - Chain locking Plate - Single Locking Pin<\/td><td  style=\"display: none\"   class=\"dtr5 dtc2\"><\/td><td  style=\"display: none\"   class=\"dtr5 dtc3\"><\/td><td  style=\"display: none\"   class=\"dtr5 dtc4\"><\/td><td  style=\"display: none\"   class=\"dtr5 dtc5\"><\/td><\/tr><\/tbody><tfoot><tr><td class=\"dtr5 dtc0\" style=\"height: 0;\"><\/td><td class=\"dtr5 dtc1\" style=\"height: 0;\"><\/td><td class=\"dtr5 dtc2\" style=\"height: 0;\"><\/td><td class=\"dtr5 dtc3\" style=\"height: 0;\"><\/td><td class=\"dtr5 dtc4\" style=\"height: 0;\"><\/td><td class=\"dtr5 dtc5\" style=\"height: 0;\"><\/td><\/tr><\/tfoot><\/table><\/div><style>#wptmtable9 .dataTables_wrapper > .dataTables_scroll {max-height:500px;overflow: auto;}<\/style><script>window.wptm_ajaxurl = 'https:\/\/mavideniz.com.tr\/wp-admin\/admin-ajax.php?juwpfisadmin=false&action=Wptm&'; window.wptm_front = 'https:\/\/mavideniz.com.tr\/wp-content\/plugins\/wp-table-manager\/app\/site\/assets\/'; window.wptm_style = 'https:\/\/mavideniz.com.tr\/wp-content\/uploads\/wptm\/';<\/script><\/div><style><\/style><\/p>\n","protected":false},"excerpt":{"rendered":"<p>A\u011f\u0131r demirleme uygulamalar\u0131, i\u015faretleme, bal\u0131k \u00e7iftlikleri i\u00e7in kullan\u0131lmak \u00fczere tasarlanm\u0131\u015f Silindirik \u015eamand\u0131ra. Bu Silindirik \u015eamand\u0131ra, kendinden renkli bir poli\u00fcretan d\u0131\u015f [&hellip;]<\/p>\n","protected":false},"author":1,"featured_media":0,"parent":26868,"menu_order":0,"comment_status":"closed","ping_status":"closed","template":"","meta":{"site-sidebar-layout":"default","site-content-layout":"","ast-site-content-layout":"default","site-content-style":"default","site-sidebar-style":"default","ast-global-header-display":"","ast-banner-title-visibility":"","ast-main-header-display":"","ast-hfb-above-header-display":"","ast-hfb-below-header-display":"","ast-hfb-mobile-header-display":"","site-post-title":"","ast-breadcrumbs-content":"","ast-featured-img":"","footer-sml-layout":"","ast-disable-related-posts":"","theme-transparent-header-meta":"","adv-header-id-meta":"","stick-header-meta":"","header-above-stick-meta":"","header-main-stick-meta":"","header-below-stick-meta":"","astra-migrate-meta-layouts":"default","ast-page-background-enabled":"default","ast-page-background-meta":{"desktop":{"background-color":"var(--ast-global-color-5)","background-image":"","background-repeat":"repeat","background-position":"center center","background-size":"auto","background-attachment":"scroll","background-type":"","background-media":"","overlay-type":"","overlay-color":"","overlay-opacity":"","overlay-gradient":""},"tablet":{"background-color":"","background-image":"","background-repeat":"repeat","background-position":"center center","background-size":"auto","background-attachment":"scroll","background-type":"","background-media":"","overlay-type":"","overlay-color":"","overlay-opacity":"","overlay-gradient":""},"mobile":{"background-color":"","background-image":"","background-repeat":"repeat","background-position":"center center","background-size":"auto","background-attachment":"scroll","background-type":"","background-media":"","overlay-type":"","overlay-color":"","overlay-opacity":"","overlay-gradient":""}},"ast-content-background-meta":{"desktop":{"background-color":"var(--ast-global-color-4)","background-image":"","background-repeat":"repeat","background-position":"center center","background-size":"auto","background-attachment":"scroll","background-type":"","background-media":"","overlay-type":"","overlay-color":"","overlay-opacity":"","overlay-gradient":""},"tablet":{"background-color":"var(--ast-global-color-4)","background-image":"","background-repeat":"repeat","background-position":"center center","background-size":"auto","background-attachment":"scroll","background-type":"","background-media":"","overlay-type":"","overlay-color":"","overlay-opacity":"","overlay-gradient":""},"mobile":{"background-color":"var(--ast-global-color-4)","background-image":"","background-repeat":"repeat","background-position":"center center","background-size":"auto","background-attachment":"scroll","background-type":"","background-media":"","overlay-type":"","overlay-color":"","overlay-opacity":"","overlay-gradient":""}},"footnotes":""},"class_list":["post-26870","page","type-page","status-publish","hentry"],"_links":{"self":[{"href":"https:\/\/mavideniz.com.tr\/tr\/wp-json\/wp\/v2\/pages\/26870","targetHints":{"allow":["GET"]}}],"collection":[{"href":"https:\/\/mavideniz.com.tr\/tr\/wp-json\/wp\/v2\/pages"}],"about":[{"href":"https:\/\/mavideniz.com.tr\/tr\/wp-json\/wp\/v2\/types\/page"}],"author":[{"embeddable":true,"href":"https:\/\/mavideniz.com.tr\/tr\/wp-json\/wp\/v2\/users\/1"}],"replies":[{"embeddable":true,"href":"https:\/\/mavideniz.com.tr\/tr\/wp-json\/wp\/v2\/comments?post=26870"}],"version-history":[{"count":0,"href":"https:\/\/mavideniz.com.tr\/tr\/wp-json\/wp\/v2\/pages\/26870\/revisions"}],"up":[{"embeddable":true,"href":"https:\/\/mavideniz.com.tr\/tr\/wp-json\/wp\/v2\/pages\/26868"}],"wp:attachment":[{"href":"https:\/\/mavideniz.com.tr\/tr\/wp-json\/wp\/v2\/media?parent=26870"}],"curies":[{"name":"wp","href":"https:\/\/api.w.org\/{rel}","templated":true}]}}