{"id":26872,"date":"2021-09-19T20:42:14","date_gmt":"2021-09-19T20:42:14","guid":{"rendered":"https:\/\/mavideniz.com.tr\/?page_id=26872"},"modified":"2022-09-19T23:18:09","modified_gmt":"2022-09-19T23:18:09","slug":"navigasyon-samandirasi-iala","status":"publish","type":"page","link":"https:\/\/mavideniz.com.tr\/tr\/urunler\/samandira\/navigasyon-samandirasi-iala\/","title":{"rendered":"Navigasyon \u015eamand\u0131ras\u0131 | IALA"},"content":{"rendered":"\n<p>Mavi Deniz&#8217;in denizcilik sistemleri operasyonu, \u00e7ok \u00e7e\u015fitli \u00e7aplarda ve net y\u00fczd\u00fcrmelerde \u201c\u00c7elik\u201d Seyir \u015eamand\u0131ralar\u0131 veya \u201cesnek polietilen k\u00f6p\u00fck\u201d Seyir \u015eamand\u0131ralar\u0131 sunmaktad\u0131r. \u015eamand\u0131ra g\u00f6vdeleri, deniz fenerleri, g\u00fcne\u015f enerjili veya kuru piller, radar reflekt\u00f6rleri dahil ancak bunlarla s\u0131n\u0131rl\u0131 olmamak \u00fczere, kendi ba\u015flar\u0131na veya ilave navigasyon ekipman\u0131 ile tedarik edebilir &#8211; IALA uyumlu, az bak\u0131m gerektiren, sa\u011flam \u015famand\u0131ralar 1,25 ila 3,6 aras\u0131nda. m \u00e7ap\u0131ndad\u0131r ve geleneksel \u00e7elik \u015famand\u0131ralara ger\u00e7ek\u00e7i bir alternatif sunar. Bu mod\u00fcler \u015famand\u0131ralar daha hafiftir, kolayca ta\u015f\u0131n\u0131r, daha az bak\u0131m yap\u0131l\u0131r ve daha k\u00fc\u00e7\u00fck destek gemileri kullan\u0131larak kullan\u0131l\u0131r. G\u00f6vde b\u00f6l\u00fcmleri ve \u00fcst yap\u0131, &#8216;UV&#8217;ye dayan\u0131kl\u0131, Virgin Polietilenden \u00fcretilmi\u015ftir. \u00dcst yap\u0131, benzersiz bir &#8220;ikiz kaplama&#8221; yap\u0131m tekni\u011fi kullan\u0131larak yap\u0131l\u0131rken, G\u00f6vde b\u00f6l\u00fcmleri batmay\u0131 \u00f6nleyen suya dayan\u0131kl\u0131 k\u00f6p\u00fckle doldurulur. G\u00f6vde b\u00f6l\u00fcmleri, ba\u011flama ve kald\u0131rma halkalar\u0131n\u0131 i\u00e7eren tamamen entegre bir HDG \u00e7elik \u00e7ekirde\u011fin etraf\u0131na yerle\u015ftirilmi\u015ftir. D\u00fcz tabanl\u0131 tasar\u0131m\u0131, \u015eamand\u0131ralar\u0131n kolayca dik \u015fekilde saklanmas\u0131n\u0131 ve &#8220;kuruma&#8221; durumlar\u0131na uyarlanabilmesini sa\u011flar. G\u00f6vde b\u00f6l\u00fcmleri de darbeye kar\u015f\u0131 dayan\u0131kl\u0131d\u0131r ve s\u0131n\u0131rl\u0131 bir &#8220;kendini usturma\u00e7a&#8221; konumu sa\u011flar.<\/p>\n<p>Yeni tasarlanan UHMWPE Navigasyon \u015eamand\u0131ram\u0131z uygun maliyetli, uzun \u00f6m\u00fcrl\u00fc ve \u00e7evre dostudur. UHMWPE \u015famand\u0131ras\u0131 \u00e7arp\u0131\u015fma kuvvetini maksimum d\u00fczeyde emebilir, bu da \u015famand\u0131ralar\u0131n deformasyon olmadan geri esnemesine verimli bir \u015fekilde yard\u0131mc\u0131 olur. B\u00fcy\u00fck esneklik ve esneme direnci ile UHMWPE malzemesinin y\u0131rt\u0131lmas\u0131 zordur. UHMWPE \u015famand\u0131ra, \u00e7arp\u0131\u015fma kuvvetini maksimum d\u00fczeyde emebilir ve \u015famand\u0131ralar\u0131n deformasyon olmadan geri s\u0131\u00e7ramas\u0131na etkili bir \u015fekilde yard\u0131mc\u0131 olabilir. \u015eamand\u0131ran\u0131n i\u00e7inde benzersiz bir \u00e7elik yap\u0131 desteklenir ve y\u00fcksek yo\u011funluklu poli\u00fcretan k\u00f6p\u00fck, \u015famand\u0131ran\u0131n y\u00fcksek mukavemetini ve m\u00fckemmel s\u0131zd\u0131rmazl\u0131\u011f\u0131n\u0131 koruyacak \u015fekilde \u015famand\u0131ralara g\u00fc\u00e7l\u00fc bir destekle doldurulur. \u00dcst yap\u0131 korozyon \u00f6nleyici i\u015flemden ge\u00e7irilmi\u015ftir ve hizmet \u00f6mr\u00fc 20 y\u0131ldan fazla olabilir; Ba\u011flama halkalar\u0131 ve kald\u0131rma halkalar\u0131 \u00f6zel olarak tasarlanm\u0131\u015f olup, k\u0131r\u0131lma y\u00fckleri 60 tona ula\u015fabilir. Uluslararas\u0131 deniz feneri yetkilileri Birli\u011fi, d\u00fcnyan\u0131n \u015famand\u0131ra sistemini birle\u015ftirmek i\u00e7in kuruldu. Navigasyon \u015eamand\u0131ram\u0131z IALA sistemleri i\u00e7in geli\u015ftirilmi\u015ftir. IALA sistemleri, \u015famand\u0131ra, yanal,&nbsp; kardinal y\u00fczey suyu, gizli tehlike ve bireysel t\u00fcrleridir. IALA \u015famand\u0131ra sistemi, A ve B olmak \u00fczere iki b\u00f6lgeye ayr\u0131lm\u0131\u015ft\u0131r.<\/p>\n<p><strong>\u00d6zellikler<\/strong><\/p>\n<ul>\n<li>Plastik \u015famand\u0131ra 10 y\u0131lda boyaya ihtiya\u00e7 duymaz.<\/li>\n<li>\u015eamand\u0131ra, \u00e7evreye hi\u00e7bir kirlilik i\u00e7ermeyen, Avrupa&#8217;dan ithal edilen \u00e7evre dostu pigmentler taraf\u0131ndan yap\u0131lan kendinden renklidir.<\/li>\n<li>On y\u0131l boyamaya gerek yok.<\/li>\n<li>Kuyruk borusunun i\u00e7indeki balast a\u011f\u0131rl\u0131klar\u0131 ve korozyon \u00f6nleyici i\u015flemden ge\u00e7irilmi\u015ftir.<\/li>\n<li>UV kararl\u0131l\u0131\u011f\u0131<\/li>\n<li>Uzun Hizmet \u00d6mr\u00fc<\/li>\n<li>Hafif<\/li>\n<\/ul>\n<div class=\"wptm_table tablesorter-bootstrap \" data-id=\"8\" data-hightlight=\"0\"><div class=\"wptm_buttons buttons_wptmTbl8\"><\/div><div class=\"wptmresponsive dataTables-wptmtable wptmtable \" id=\"wptmtable8\" data-tableid=\"wptmTbl8\"><table data-count-header=\"1\"  data-format-decimal_count=\"0\" data-format-decimal_symbol=\".\" data-format-symbol_position=\"0\" data-format-thousand_symbol=\",\"  data-format-currency_symbol=\"$\"  data-name-style=\"8_1759659792.css\" data-format=\"YYYY-MM-DD\" id=\"wptmTbl8\" data-id=\"8\" data-responsive=\"false\" data-hideCols=\"false\"  data-type=\"html\" data-paging=\"false\" data-searching=\"true\"  data-ordering=\"false\" data-table-breakpoint=\"980\" data-scroll-x=\"true\" data-scroll-collapse=\"true\" data-align=\"center\" data-range=\"[]\" data-hideColumn=\"[0,0,0,0,0,0,0,0,0]\"  data-colwidths=\"[126,126,126,126,126,126,126,126,126]\"  data-colwidths_desktop=[]  data-colwidths_tablet=[]  data-colwidths_mobile=[]  class=\"wptm_main_table  disablePager hideScrollHeader\"><colgroup><col data-dtr=\"0\" data-dtc=\"0\" class=\"dtc0\"><col data-dtr=\"0\" data-dtc=\"1\" class=\"dtc1\"><col data-dtr=\"0\" data-dtc=\"2\" class=\"dtc2\"><col data-dtr=\"0\" data-dtc=\"3\" class=\"dtc3\"><col data-dtr=\"0\" data-dtc=\"4\" class=\"dtc4\"><col data-dtr=\"0\" data-dtc=\"5\" class=\"dtc5\"><col data-dtr=\"0\" data-dtc=\"6\" class=\"dtc6\"><col data-dtr=\"0\" data-dtc=\"7\" class=\"dtc7\"><col data-dtr=\"0\" data-dtc=\"8\" class=\"dtc8\"><\/colgroup><thead><tr class=\"wptm-header-cells-index\"><th rowspan=\"1\" colspan=\"1\" data-dtr=\"0\" data-dtc=\"0\" class=\"dtr0 dtc0\"><\/th><th rowspan=\"1\" colspan=\"1\" data-dtr=\"0\" data-dtc=\"1\" class=\"dtr0 dtc1\"><\/th><th rowspan=\"1\" colspan=\"1\" data-dtr=\"0\" data-dtc=\"2\" class=\"dtr0 dtc2\"><\/th><th rowspan=\"1\" colspan=\"1\" data-dtr=\"0\" data-dtc=\"3\" class=\"dtr0 dtc3\"><\/th><th rowspan=\"1\" colspan=\"1\" data-dtr=\"0\" data-dtc=\"4\" class=\"dtr0 dtc4\"><\/th><th rowspan=\"1\" colspan=\"1\" data-dtr=\"0\" data-dtc=\"5\" class=\"dtr0 dtc5\"><\/th><th rowspan=\"1\" colspan=\"1\" data-dtr=\"0\" data-dtc=\"6\" class=\"dtr0 dtc6\"><\/th><th rowspan=\"1\" colspan=\"1\" data-dtr=\"0\" data-dtc=\"7\" class=\"dtr0 dtc7\"><\/th><th rowspan=\"1\" colspan=\"1\" data-dtr=\"0\" data-dtc=\"8\" class=\"dtr0 dtc8\"><\/th><\/tr><tr class=\" row0\"><th   data-priority=\"0\" class=\"dtr0 dtc0\"><\/th><th   data-priority=\"0\" class=\"dtr0 dtc1\">NB 800<\/th><th   data-priority=\"0\" class=\"dtr0 dtc2\">NB 1200<\/th><th   data-priority=\"0\" class=\"dtr0 dtc3\">NB 1500<\/th><th   data-priority=\"0\" class=\"dtr0 dtc4\">NB 1800<\/th><th   data-priority=\"0\" class=\"dtr0 dtc5\">NB 2100<\/th><th   data-priority=\"0\" class=\"dtr0 dtc6\">NB 2400<\/th><th   data-priority=\"0\" class=\"dtr0 dtc7\">NB 3050<\/th><th   data-priority=\"0\" class=\"dtr0 dtc8\">NB 3500<\/th><\/thead><tbody><tr class=\" row1\"><td    class=\"dtr1 dtc0\"> Material<\/td><td  colspan=\"8\"   class=\"dtr1 dtc1\">UHWPE \/ Polyethylene \/ Steel<\/td><td  style=\"display: none\"   class=\"dtr1 dtc2\"><\/td><td  style=\"display: none\"   class=\"dtr1 dtc3\"><\/td><td  style=\"display: none\"   class=\"dtr1 dtc4\"><\/td><td  style=\"display: none\"   class=\"dtr1 dtc5\"><\/td><td  style=\"display: none\"   class=\"dtr1 dtc6\"><\/td><td  style=\"display: none\"   class=\"dtr1 dtc7\"><\/td><td  style=\"display: none\"   class=\"dtr1 dtc8\"><\/td><\/tr><tr class=\" row2\"><td    class=\"dtr2 dtc0\">Width<\/td><td    class=\"dtr2 dtc1\">800 mm<\/td><td    class=\"dtr2 dtc2\">1200 mm<\/td><td    class=\"dtr2 dtc3\">1500 mm<\/td><td    class=\"dtr2 dtc4\">1800 mm<\/td><td    class=\"dtr2 dtc5\">2100 mm<\/td><td    class=\"dtr2 dtc6\">2400 mm<\/td><td    class=\"dtr2 dtc7\">3050 mm<\/td><td    class=\"dtr2 dtc8\">3500 mm<\/td><\/tr><tr class=\" row3\"><td    class=\"dtr3 dtc0\">Bouying Depth<\/td><td    class=\"dtr3 dtc1\">1.5 m - 10 m<\/td><td    class=\"dtr3 dtc2\">2 m - 20 m<\/td><td    class=\"dtr3 dtc3\">4 m - 20 m<\/td><td    class=\"dtr3 dtc4\">6 m - 30 m<\/td><td    class=\"dtr3 dtc5\">8 m - 40 m<\/td><td    class=\"dtr3 dtc6\">10 m - 50 m<\/td><td    class=\"dtr3 dtc7\">15 m - 60 m<\/td><td    class=\"dtr3 dtc8\">20 m - 70 m<\/td><\/tr><tr class=\" row4\"><td    class=\"dtr4 dtc0\">Focal Plane Height<\/td><td    class=\"dtr4 dtc1\">1.5 m - 10 m<\/td><td    class=\"dtr4 dtc2\">2 m - 20 m<\/td><td    class=\"dtr4 dtc3\">4 m - 20 m<\/td><td    class=\"dtr4 dtc4\">6 m - 30 m<\/td><td    class=\"dtr4 dtc5\">3515 mm<\/td><td    class=\"dtr4 dtc6\">4525 mm<\/td><td    class=\"dtr4 dtc7\">5160 mm<\/td><td    class=\"dtr4 dtc8\">6090 mm<\/td><\/tr><tr class=\" row5\"><td    class=\"dtr5 dtc0\">Free Board<\/td><td    class=\"dtr5 dtc1\">450 mm<\/td><td    class=\"dtr5 dtc2\">510 mm<\/td><td    class=\"dtr5 dtc3\">630 mm<\/td><td    class=\"dtr5 dtc4\">720 mm<\/td><td    class=\"dtr5 dtc5\">800 mm<\/td><td    class=\"dtr5 dtc6\">975 mm<\/td><td    class=\"dtr5 dtc7\">1115 mm<\/td><td    class=\"dtr5 dtc8\">1240 mm<\/td><\/tr><tr class=\" row6\"><td    class=\"dtr6 dtc0\">Height<\/td><td    class=\"dtr6 dtc1\">2900 mm<\/td><td    class=\"dtr6 dtc2\">3380 mm<\/td><td    class=\"dtr6 dtc3\">4100 mm<\/td><td    class=\"dtr6 dtc4\">1685 mm<\/td><td    class=\"dtr6 dtc5\">5755 mm<\/td><td    class=\"dtr6 dtc6\">6930 mm<\/td><td    class=\"dtr6 dtc7\">7610 mm<\/td><td    class=\"dtr6 dtc8\">8250 mm<\/td><\/tr><tr class=\" row7\"><td    class=\"dtr7 dtc0\">Weight<\/td><td    class=\"dtr7 dtc1\">195 kg<\/td><td    class=\"dtr7 dtc2\">550 kg<\/td><td    class=\"dtr7 dtc3\">680 kg<\/td><td    class=\"dtr7 dtc4\">1685 kg<\/td><td    class=\"dtr7 dtc5\">1900 kg<\/td><td    class=\"dtr7 dtc6\">2975 kg<\/td><td    class=\"dtr7 dtc7\">3490 kg<\/td><td    class=\"dtr7 dtc8\">3860 kg<\/td><\/tr><tr class=\" row8\"><td    class=\"dtr8 dtc0\">Reserve Buoyancy<\/td><td    class=\"dtr8 dtc1\">Up to 0.2 T<\/td><td    class=\"dtr8 dtc2\">Up to 0.5 T<\/td><td    class=\"dtr8 dtc3\">Up to 1 T<\/td><td    class=\"dtr8 dtc4\">Up to 1.5 T<\/td><td    class=\"dtr8 dtc5\">Up to 2.4 T<\/td><td    class=\"dtr8 dtc6\">Up to 4 T<\/td><td    class=\"dtr8 dtc7\">Up to 7.6 T<\/td><td    class=\"dtr8 dtc8\">Up to 11 T<\/td><\/tr><tr class=\" row9\"><td    class=\"dtr9 dtc0\">Colour<\/td><td  colspan=\"8\"   class=\"dtr9 dtc1\">IALA Colours Red \/ Green \/ White \/ Yellow<\/td><td  style=\"display: none\"   class=\"dtr9 dtc2\"><\/td><td  style=\"display: none\"   class=\"dtr9 dtc3\"><\/td><td  style=\"display: none\"   class=\"dtr9 dtc4\"><\/td><td  style=\"display: none\"   class=\"dtr9 dtc5\"><\/td><td  style=\"display: none\"   class=\"dtr9 dtc6\"><\/td><td  style=\"display: none\"   class=\"dtr9 dtc7\"><\/td><td  style=\"display: none\"   class=\"dtr9 dtc8\"><\/td><\/tr><tr class=\" row10\"><td    class=\"dtr10 dtc0\">Options<\/td><td  colspan=\"8\"   class=\"dtr10 dtc1\">AIS \/ Solar panels \/ Radar reflectors<\/td><td  style=\"display: none\"   class=\"dtr10 dtc2\"><\/td><td  style=\"display: none\"   class=\"dtr10 dtc3\"><\/td><td  style=\"display: none\"   class=\"dtr10 dtc4\"><\/td><td  style=\"display: none\"   class=\"dtr10 dtc5\"><\/td><td  style=\"display: none\"   class=\"dtr10 dtc6\"><\/td><td  style=\"display: none\"   class=\"dtr10 dtc7\"><\/td><td  style=\"display: none\"   class=\"dtr10 dtc8\"><\/td><\/tr><\/tbody><tfoot><tr><td class=\"dtr10 dtc0\" style=\"height: 0;\"><\/td><td class=\"dtr10 dtc1\" style=\"height: 0;\"><\/td><td class=\"dtr10 dtc2\" style=\"height: 0;\"><\/td><td class=\"dtr10 dtc3\" style=\"height: 0;\"><\/td><td class=\"dtr10 dtc4\" style=\"height: 0;\"><\/td><td class=\"dtr10 dtc5\" style=\"height: 0;\"><\/td><td class=\"dtr10 dtc6\" style=\"height: 0;\"><\/td><td class=\"dtr10 dtc7\" style=\"height: 0;\"><\/td><td class=\"dtr10 dtc8\" style=\"height: 0;\"><\/td><\/tr><\/tfoot><\/table><\/div><style>#wptmtable8 .dataTables_wrapper > .dataTables_scroll {max-height:500px;overflow: auto;}<\/style><script>window.wptm_ajaxurl = 'https:\/\/mavideniz.com.tr\/wp-admin\/admin-ajax.php?juwpfisadmin=false&action=Wptm&'; window.wptm_front = 'https:\/\/mavideniz.com.tr\/wp-content\/plugins\/wp-table-manager\/app\/site\/assets\/'; window.wptm_style = 'https:\/\/mavideniz.com.tr\/wp-content\/uploads\/wptm\/';<\/script><\/div><style><\/style>\n","protected":false},"excerpt":{"rendered":"<p>Mavi Deniz&#8217;in denizcilik sistemleri operasyonu, \u00e7ok \u00e7e\u015fitli \u00e7aplarda ve net y\u00fczd\u00fcrmelerde \u201c\u00c7elik\u201d Seyir \u015eamand\u0131ralar\u0131 veya \u201cesnek polietilen k\u00f6p\u00fck\u201d Seyir \u015eamand\u0131ralar\u0131 [&hellip;]<\/p>\n","protected":false},"author":1,"featured_media":0,"parent":26868,"menu_order":0,"comment_status":"closed","ping_status":"closed","template":"","meta":{"site-sidebar-layout":"default","site-content-layout":"","ast-site-content-layout":"default","site-content-style":"default","site-sidebar-style":"default","ast-global-header-display":"","ast-banner-title-visibility":"","ast-main-header-display":"","ast-hfb-above-header-display":"","ast-hfb-below-header-display":"","ast-hfb-mobile-header-display":"","site-post-title":"","ast-breadcrumbs-content":"","ast-featured-img":"","footer-sml-layout":"","ast-disable-related-posts":"","theme-transparent-header-meta":"","adv-header-id-meta":"","stick-header-meta":"","header-above-stick-meta":"","header-main-stick-meta":"","header-below-stick-meta":"","astra-migrate-meta-layouts":"default","ast-page-background-enabled":"default","ast-page-background-meta":{"desktop":{"background-color":"var(--ast-global-color-5)","background-image":"","background-repeat":"repeat","background-position":"center center","background-size":"auto","background-attachment":"scroll","background-type":"","background-media":"","overlay-type":"","overlay-color":"","overlay-opacity":"","overlay-gradient":""},"tablet":{"background-color":"","background-image":"","background-repeat":"repeat","background-position":"center center","background-size":"auto","background-attachment":"scroll","background-type":"","background-media":"","overlay-type":"","overlay-color":"","overlay-opacity":"","overlay-gradient":""},"mobile":{"background-color":"","background-image":"","background-repeat":"repeat","background-position":"center center","background-size":"auto","background-attachment":"scroll","background-type":"","background-media":"","overlay-type":"","overlay-color":"","overlay-opacity":"","overlay-gradient":""}},"ast-content-background-meta":{"desktop":{"background-color":"var(--ast-global-color-4)","background-image":"","background-repeat":"repeat","background-position":"center center","background-size":"auto","background-attachment":"scroll","background-type":"","background-media":"","overlay-type":"","overlay-color":"","overlay-opacity":"","overlay-gradient":""},"tablet":{"background-color":"var(--ast-global-color-4)","background-image":"","background-repeat":"repeat","background-position":"center center","background-size":"auto","background-attachment":"scroll","background-type":"","background-media":"","overlay-type":"","overlay-color":"","overlay-opacity":"","overlay-gradient":""},"mobile":{"background-color":"var(--ast-global-color-4)","background-image":"","background-repeat":"repeat","background-position":"center center","background-size":"auto","background-attachment":"scroll","background-type":"","background-media":"","overlay-type":"","overlay-color":"","overlay-opacity":"","overlay-gradient":""}},"footnotes":""},"class_list":["post-26872","page","type-page","status-publish","hentry"],"_links":{"self":[{"href":"https:\/\/mavideniz.com.tr\/tr\/wp-json\/wp\/v2\/pages\/26872","targetHints":{"allow":["GET"]}}],"collection":[{"href":"https:\/\/mavideniz.com.tr\/tr\/wp-json\/wp\/v2\/pages"}],"about":[{"href":"https:\/\/mavideniz.com.tr\/tr\/wp-json\/wp\/v2\/types\/page"}],"author":[{"embeddable":true,"href":"https:\/\/mavideniz.com.tr\/tr\/wp-json\/wp\/v2\/users\/1"}],"replies":[{"embeddable":true,"href":"https:\/\/mavideniz.com.tr\/tr\/wp-json\/wp\/v2\/comments?post=26872"}],"version-history":[{"count":0,"href":"https:\/\/mavideniz.com.tr\/tr\/wp-json\/wp\/v2\/pages\/26872\/revisions"}],"up":[{"embeddable":true,"href":"https:\/\/mavideniz.com.tr\/tr\/wp-json\/wp\/v2\/pages\/26868"}],"wp:attachment":[{"href":"https:\/\/mavideniz.com.tr\/tr\/wp-json\/wp\/v2\/media?parent=26872"}],"curies":[{"name":"wp","href":"https:\/\/api.w.org\/{rel}","templated":true}]}}