{"id":26876,"date":"2021-09-19T20:44:55","date_gmt":"2021-09-19T20:44:55","guid":{"rendered":"https:\/\/mavideniz.com.tr\/?page_id=26876"},"modified":"2022-09-19T23:18:12","modified_gmt":"2022-09-19T23:18:12","slug":"boru-samandirasi-hortum-samandirasi","status":"publish","type":"page","link":"https:\/\/mavideniz.com.tr\/tr\/urunler\/samandira\/boru-samandirasi-hortum-samandirasi\/","title":{"rendered":"Hortum + Boru Y\u00fczd\u00fcr\u00fcc\u00fc"},"content":{"rendered":"\n<p>Boru Y\u00fczd\u00fcrc\u00fc, poli\u00fcretan dolgulu polietilenden rotasyonel kal\u0131plama ile \u00fcretilmi\u015f, sabit et kal\u0131nl\u0131\u011f\u0131na, m\u00fckemmel darbe dayan\u0131m\u0131na ve y\u00fcksek dayan\u0131kl\u0131l\u0131\u011fa sahip silindirik bir y\u00fczd\u00fcr\u00fcc\u00fcd\u00fcr. Pozitif y\u00fczd\u00fcrme sa\u011flamak i\u00e7in boru hatt\u0131 d\u00f6\u015feme i\u015flemleri i\u00e7in HDPE Boru, \u00c7elik Boru ve Kau\u00e7uk Hortum kullanmak \u00fczere tasarlanm\u0131\u015f Boru Y\u00fczd\u00fcr\u00fcc\u00fc \u015eamand\u0131rad\u0131r.<\/p>\n<p><strong>\u00d6zellikler<\/strong><\/p>\n<ul>\n<li>Hafif ve b\u00fcy\u00fck y\u00fczd\u00fcrme<\/li>\n<li>\u015eok direnci, UV, kimyasal diren\u00e7<\/li>\n<li>Kurulumu kolay ve bak\u0131m\u0131 i\u00e7in d\u00fc\u015f\u00fck maliyetli<\/li>\n<li>H\u0131zl\u0131 montaj<\/li>\n<li>Is\u0131ya dayan\u0131kl\u0131: -60-80 \u2103<\/li>\n<li>Renk: sar\u0131, turuncu, k\u0131rm\u0131z\u0131<\/li>\n<li>Aksesuarlar: vidalar, pullar, somunlar, ara par\u00e7alar<\/li>\n<li>D\u0131\u015f y\u00fczey: p\u00fcr\u00fczs\u00fcz veya nerv\u00fcrl\u00fc.<\/li>\n<\/ul>\n<div class=\"wptm_table tablesorter-bootstrap \" data-id=\"10\" data-hightlight=\"0\"><div class=\"wptm_buttons buttons_wptmTbl10\"><\/div><div class=\"wptmresponsive dataTables-wptmtable wptmtable \" id=\"wptmtable10\" data-tableid=\"wptmTbl10\"><table data-count-header=\"1\"  data-format-decimal_count=\"0\" data-format-decimal_symbol=\".\" data-format-symbol_position=\"0\" data-format-thousand_symbol=\",\"  data-format-currency_symbol=\"$\"  data-name-style=\"10_1759659829.css\" data-format=\"YYYY-MM-DD\" id=\"wptmTbl10\" data-id=\"10\" data-responsive=\"false\" data-hideCols=\"false\"  data-type=\"html\" data-paging=\"false\" data-searching=\"true\"  data-ordering=\"false\" data-table-breakpoint=\"980\" data-scroll-x=\"true\" data-scroll-collapse=\"true\" data-align=\"center\" data-range=\"[]\" data-hideColumn=\"[0,0,0,0]\"  data-colwidths=\"[285,285,285,285]\"  data-colwidths_desktop=[]  data-colwidths_tablet=[]  data-colwidths_mobile=[]  class=\"wptm_main_table  disablePager hideScrollHeader\"><colgroup><col data-dtr=\"0\" data-dtc=\"0\" class=\"dtc0\"><col data-dtr=\"0\" data-dtc=\"1\" class=\"dtc1\"><col data-dtr=\"0\" data-dtc=\"2\" class=\"dtc2\"><col data-dtr=\"0\" data-dtc=\"3\" class=\"dtc3\"><\/colgroup><thead><tr class=\"wptm-header-cells-index\"><th rowspan=\"1\" colspan=\"1\" data-dtr=\"0\" data-dtc=\"0\" class=\"dtr0 dtc0\"><\/th><th rowspan=\"1\" colspan=\"1\" data-dtr=\"0\" data-dtc=\"1\" class=\"dtr0 dtc1\"><\/th><th rowspan=\"1\" colspan=\"1\" data-dtr=\"0\" data-dtc=\"2\" class=\"dtr0 dtc2\"><\/th><th rowspan=\"1\" colspan=\"1\" data-dtr=\"0\" data-dtc=\"3\" class=\"dtr0 dtc3\"><\/th><\/tr><tr class=\" row0\"><th   data-priority=\"0\" class=\"dtr0 dtc0\">Hose I.D (mm)<\/th><th   data-priority=\"0\" class=\"dtr0 dtc1\">Floater I.D.(mm)<\/th><th   data-priority=\"0\" class=\"dtr0 dtc2\">Floater O.D.(mm)<\/th><th   data-priority=\"0\" class=\"dtr0 dtc3\">Floater Length\t(mm)<\/th><\/thead><tbody><tr class=\" row1\"><td    class=\"dtr1 dtc0\">200<\/td><td    class=\"dtr1 dtc1\">220<\/td><td    class=\"dtr1 dtc2\">500<\/td><td    class=\"dtr1 dtc3\">800<\/td><\/tr><tr class=\" row2\"><td    class=\"dtr2 dtc0\">285<\/td><td    class=\"dtr2 dtc1\">300<\/td><td    class=\"dtr2 dtc2\">700<\/td><td    class=\"dtr2 dtc3\">1200<\/td><\/tr><tr class=\" row3\"><td    class=\"dtr3 dtc0\">350<\/td><td    class=\"dtr3 dtc1\">375<\/td><td    class=\"dtr3 dtc2\">1100<\/td><td    class=\"dtr3 dtc3\">1100<\/td><\/tr><tr class=\" row4\"><td    class=\"dtr4 dtc0\">400<\/td><td    class=\"dtr4 dtc1\">414<\/td><td    class=\"dtr4 dtc2\">1100<\/td><td    class=\"dtr4 dtc3\">1200<\/td><\/tr><tr class=\" row5\"><td    class=\"dtr5 dtc0\">414<\/td><td    class=\"dtr5 dtc1\">430<\/td><td    class=\"dtr5 dtc2\">1200<\/td><td    class=\"dtr5 dtc3\">1200<\/td><\/tr><tr class=\" row6\"><td    class=\"dtr6 dtc0\">450<\/td><td    class=\"dtr6 dtc1\">480<\/td><td    class=\"dtr6 dtc2\">1300<\/td><td    class=\"dtr6 dtc3\">1300<\/td><\/tr><tr class=\" row7\"><td    class=\"dtr7 dtc0\">500<\/td><td    class=\"dtr7 dtc1\">530<\/td><td    class=\"dtr7 dtc2\">1400<\/td><td    class=\"dtr7 dtc3\">1500<\/td><\/tr><tr class=\" row8\"><td    class=\"dtr8 dtc0\">550<\/td><td    class=\"dtr8 dtc1\">580<\/td><td    class=\"dtr8 dtc2\">1400<\/td><td    class=\"dtr8 dtc3\">1600<\/td><\/tr><tr class=\" row9\"><td    class=\"dtr9 dtc0\">600<\/td><td    class=\"dtr9 dtc1\">630<\/td><td    class=\"dtr9 dtc2\">1400<\/td><td    class=\"dtr9 dtc3\">1700<\/td><\/tr><tr class=\" row10\"><td    class=\"dtr10 dtc0\">650<\/td><td    class=\"dtr10 dtc1\">680<\/td><td    class=\"dtr10 dtc2\">1480<\/td><td    class=\"dtr10 dtc3\">1800<\/td><\/tr><tr class=\" row11\"><td    class=\"dtr11 dtc0\">700<\/td><td    class=\"dtr11 dtc1\">730<\/td><td    class=\"dtr11 dtc2\">1600<\/td><td    class=\"dtr11 dtc3\">1900<\/td><\/tr><tr class=\" row12\"><td    class=\"dtr12 dtc0\">750<\/td><td    class=\"dtr12 dtc1\">780<\/td><td    class=\"dtr12 dtc2\">1600<\/td><td    class=\"dtr12 dtc3\">2000<\/td><\/tr><tr class=\" row13\"><td    class=\"dtr13 dtc0\">800<\/td><td    class=\"dtr13 dtc1\">830<\/td><td    class=\"dtr13 dtc2\">1800<\/td><td    class=\"dtr13 dtc3\">2000<\/td><\/tr><\/tbody><tfoot><tr><td class=\"dtr13 dtc0\" style=\"height: 0;\"><\/td><td class=\"dtr13 dtc1\" style=\"height: 0;\"><\/td><td class=\"dtr13 dtc2\" style=\"height: 0;\"><\/td><td class=\"dtr13 dtc3\" style=\"height: 0;\"><\/td><\/tr><\/tfoot><\/table><\/div><style>#wptmtable10 .dataTables_wrapper > .dataTables_scroll {max-height:500px;overflow: auto;}<\/style><script>window.wptm_ajaxurl = 'https:\/\/mavideniz.com.tr\/wp-admin\/admin-ajax.php?juwpfisadmin=false&action=Wptm&'; window.wptm_front = 'https:\/\/mavideniz.com.tr\/wp-content\/plugins\/wp-table-manager\/app\/site\/assets\/'; window.wptm_style = 'https:\/\/mavideniz.com.tr\/wp-content\/uploads\/wptm\/';<\/script><\/div><style><\/style>\n","protected":false},"excerpt":{"rendered":"<p>Boru Y\u00fczd\u00fcrc\u00fc, poli\u00fcretan dolgulu polietilenden rotasyonel kal\u0131plama ile \u00fcretilmi\u015f, sabit et kal\u0131nl\u0131\u011f\u0131na, m\u00fckemmel darbe dayan\u0131m\u0131na ve y\u00fcksek dayan\u0131kl\u0131l\u0131\u011fa sahip silindirik [&hellip;]<\/p>\n","protected":false},"author":1,"featured_media":0,"parent":26868,"menu_order":0,"comment_status":"closed","ping_status":"closed","template":"","meta":{"site-sidebar-layout":"default","site-content-layout":"","ast-site-content-layout":"default","site-content-style":"default","site-sidebar-style":"default","ast-global-header-display":"","ast-banner-title-visibility":"","ast-main-header-display":"","ast-hfb-above-header-display":"","ast-hfb-below-header-display":"","ast-hfb-mobile-header-display":"","site-post-title":"","ast-breadcrumbs-content":"","ast-featured-img":"","footer-sml-layout":"","ast-disable-related-posts":"","theme-transparent-header-meta":"","adv-header-id-meta":"","stick-header-meta":"","header-above-stick-meta":"","header-main-stick-meta":"","header-below-stick-meta":"","astra-migrate-meta-layouts":"default","ast-page-background-enabled":"default","ast-page-background-meta":{"desktop":{"background-color":"var(--ast-global-color-5)","background-image":"","background-repeat":"repeat","background-position":"center center","background-size":"auto","background-attachment":"scroll","background-type":"","background-media":"","overlay-type":"","overlay-color":"","overlay-opacity":"","overlay-gradient":""},"tablet":{"background-color":"","background-image":"","background-repeat":"repeat","background-position":"center center","background-size":"auto","background-attachment":"scroll","background-type":"","background-media":"","overlay-type":"","overlay-color":"","overlay-opacity":"","overlay-gradient":""},"mobile":{"background-color":"","background-image":"","background-repeat":"repeat","background-position":"center center","background-size":"auto","background-attachment":"scroll","background-type":"","background-media":"","overlay-type":"","overlay-color":"","overlay-opacity":"","overlay-gradient":""}},"ast-content-background-meta":{"desktop":{"background-color":"var(--ast-global-color-4)","background-image":"","background-repeat":"repeat","background-position":"center center","background-size":"auto","background-attachment":"scroll","background-type":"","background-media":"","overlay-type":"","overlay-color":"","overlay-opacity":"","overlay-gradient":""},"tablet":{"background-color":"var(--ast-global-color-4)","background-image":"","background-repeat":"repeat","background-position":"center center","background-size":"auto","background-attachment":"scroll","background-type":"","background-media":"","overlay-type":"","overlay-color":"","overlay-opacity":"","overlay-gradient":""},"mobile":{"background-color":"var(--ast-global-color-4)","background-image":"","background-repeat":"repeat","background-position":"center center","background-size":"auto","background-attachment":"scroll","background-type":"","background-media":"","overlay-type":"","overlay-color":"","overlay-opacity":"","overlay-gradient":""}},"footnotes":""},"class_list":["post-26876","page","type-page","status-publish","hentry"],"_links":{"self":[{"href":"https:\/\/mavideniz.com.tr\/tr\/wp-json\/wp\/v2\/pages\/26876","targetHints":{"allow":["GET"]}}],"collection":[{"href":"https:\/\/mavideniz.com.tr\/tr\/wp-json\/wp\/v2\/pages"}],"about":[{"href":"https:\/\/mavideniz.com.tr\/tr\/wp-json\/wp\/v2\/types\/page"}],"author":[{"embeddable":true,"href":"https:\/\/mavideniz.com.tr\/tr\/wp-json\/wp\/v2\/users\/1"}],"replies":[{"embeddable":true,"href":"https:\/\/mavideniz.com.tr\/tr\/wp-json\/wp\/v2\/comments?post=26876"}],"version-history":[{"count":0,"href":"https:\/\/mavideniz.com.tr\/tr\/wp-json\/wp\/v2\/pages\/26876\/revisions"}],"up":[{"embeddable":true,"href":"https:\/\/mavideniz.com.tr\/tr\/wp-json\/wp\/v2\/pages\/26868"}],"wp:attachment":[{"href":"https:\/\/mavideniz.com.tr\/tr\/wp-json\/wp\/v2\/media?parent=26876"}],"curies":[{"name":"wp","href":"https:\/\/api.w.org\/{rel}","templated":true}]}}