{"id":26878,"date":"2021-09-19T20:50:00","date_gmt":"2021-09-19T20:50:00","guid":{"rendered":"https:\/\/mavideniz.com.tr\/?page_id=26878"},"modified":"2022-09-19T23:18:15","modified_gmt":"2022-09-19T23:18:15","slug":"celik-demirleme-samandirasi","status":"publish","type":"page","link":"https:\/\/mavideniz.com.tr\/tr\/urunler\/samandira\/celik-demirleme-samandirasi\/","title":{"rendered":"\u00c7elik Demirleme \u015eamand\u0131ras\u0131"},"content":{"rendered":"\n<p>\u00c7elik Demirleme \u015eamand\u0131ras\u0131, gemilerin ekonomik olarak en uygun \u015fekilde montajlanmas\u0131 i\u00e7in \u00f6zel olarak tasarland\u0131.<\/p>\n<p>\u00c7elik Motor \u015eamand\u0131ras\u0131 dayan\u0131kl\u0131, y\u00fcksek kaliteli \u00e7elikten \u00fcretilmi\u015ftir ve \u00c7elik Demirleme \u015eamand\u0131ras\u0131, ile donat\u0131lm\u0131\u015ft\u0131r. \u00c7elik Ba\u011flama \u015eamand\u0131ras\u0131, bekleme veya (bo\u015faltma) prosed\u00fcrlerinden ge\u00e7en gemiler i\u00e7in sa\u011flam bir ba\u011flama \u00e7\u00f6z\u00fcm\u00fc sunar . \u00c7apa zincirinin izleme birimine do\u011frudan ba\u011flant\u0131s\u0131, demirlemenin g\u00fcvenli\u011fini, istikrar\u0131n\u0131 ve s\u00fcrd\u00fcr\u00fclebilirli\u011fini g\u00fc\u00e7lendirir.<\/p>\n<p>\u00c7elik Motorlu \u015eamand\u0131ra son derece a\u015f\u0131nd\u0131r\u0131c\u0131 ortamlarda bile dayan\u0131kl\u0131l\u0131k sunar. Steel Mooring Buoy&#8217;un birka\u00e7 (dahili) kanca par\u00e7as\u0131 \u00f6zel kaplamalar, \u00e7al\u0131l\u0131klar, ya\u011f ve paslanmaz \u00e7eliktir.<\/p>\n<p>\u00c7elik Ba\u011flama \u015eamand\u0131ralar\u0131, \u00f6zel gereksinimlere ve ko\u015fullara g\u00f6re farkl\u0131 boyutlarda mevcuttur.<\/p>\n<p><strong>Demirleme \u015eamand\u0131ras\u0131, G\u00f6vde<\/strong><\/p>\n<p>Ba\u011flama \u015eamand\u0131ras\u0131 g\u00f6vdesi genellikle deniz taban\u0131na ba\u011fl\u0131 statik ayaklar \u00fczerinde, (kapal\u0131) y\u00fckleme tankerine ba\u011fl\u0131 su seviyesinin \u00fczerinde d\u00f6nen bir par\u00e7a ile desteklenir. \u0130ki b\u00f6l\u00fcm, &#8220;ana yatak&#8221; olarak adland\u0131r\u0131lan bir makaral\u0131 yatak ile birbirine ba\u011flanm\u0131\u015ft\u0131r. Bu d\u00fczenleme sayesinde, demirlemi\u015f tanker r\u00fczgar g\u00fcl\u00fc \u015famand\u0131ra etraf\u0131nda serbest\u00e7e hareket ettirebilir ve sabit bir pozisyon bulabilir.<\/p>\n<p><strong>Yans\u0131tma \u015eamand\u0131ras\u0131, Yans\u0131tma ve ba\u011flant\u0131 par\u00e7alar\u0131<\/strong><\/p>\n<p>Demirlemeler \u015famand\u0131ray\u0131 deniz taban\u0131na sabitler. Ba\u011flama \u015eamand\u0131ras\u0131 tasar\u0131m\u0131, ge\u00e7erli r\u00fczgar, dalga, mevcut ko\u015fullar ve tanker boyutlar\u0131 verilen \u015famand\u0131ran\u0131n davran\u0131\u015f\u0131n\u0131 hesaba katmal\u0131d\u0131r. Bu, \u00e7e\u015fitli ba\u011flama aya\u011f\u0131 bile\u015fenlerinin optimum ba\u011flama d\u00fczenini ve kapsam\u0131n\u0131 belirler. Ankraj noktalar\u0131 b\u00fcy\u00fck \u00f6l\u00e7\u00fcde yerel toprak ko\u015fullar\u0131na ba\u011fl\u0131d\u0131r.<\/p>\n<p><strong>Ba\u011flama \u015eamand\u0131ras\u0131, Ba\u011flama bile\u015fenleri<\/strong><\/p>\n<ul>\n<li>\u00c7apalar veya kaz\u0131klar &#8211; Demirlemeyi deniz taban\u0131na ba\u011flamak i\u00e7in.<\/li>\n<li>\u015eamand\u0131raya batan veya ba\u011flant\u0131 zinciri eklemi (SPM)<\/li>\n<li>Ba\u011flant\u0131 zinciri<\/li>\n<li>Zincirleri \u015famand\u0131raya takmak i\u00e7in.<\/li>\n<li>\u0130\u015f g\u00fcc\u00fc<\/li>\n<\/ul>\n\n","protected":false},"excerpt":{"rendered":"<p>\u00c7elik Demirleme \u015eamand\u0131ras\u0131, gemilerin ekonomik olarak en uygun \u015fekilde montajlanmas\u0131 i\u00e7in \u00f6zel olarak tasarland\u0131. \u00c7elik Motor \u015eamand\u0131ras\u0131 dayan\u0131kl\u0131, y\u00fcksek kaliteli [&hellip;]<\/p>\n","protected":false},"author":1,"featured_media":0,"parent":26868,"menu_order":0,"comment_status":"closed","ping_status":"closed","template":"","meta":{"site-sidebar-layout":"default","site-content-layout":"","ast-site-content-layout":"default","site-content-style":"default","site-sidebar-style":"default","ast-global-header-display":"","ast-banner-title-visibility":"","ast-main-header-display":"","ast-hfb-above-header-display":"","ast-hfb-below-header-display":"","ast-hfb-mobile-header-display":"","site-post-title":"","ast-breadcrumbs-content":"","ast-featured-img":"","footer-sml-layout":"","ast-disable-related-posts":"","theme-transparent-header-meta":"","adv-header-id-meta":"","stick-header-meta":"","header-above-stick-meta":"","header-main-stick-meta":"","header-below-stick-meta":"","astra-migrate-meta-layouts":"default","ast-page-background-enabled":"default","ast-page-background-meta":{"desktop":{"background-color":"var(--ast-global-color-5)","background-image":"","background-repeat":"repeat","background-position":"center center","background-size":"auto","background-attachment":"scroll","background-type":"","background-media":"","overlay-type":"","overlay-color":"","overlay-opacity":"","overlay-gradient":""},"tablet":{"background-color":"","background-image":"","background-repeat":"repeat","background-position":"center center","background-size":"auto","background-attachment":"scroll","background-type":"","background-media":"","overlay-type":"","overlay-color":"","overlay-opacity":"","overlay-gradient":""},"mobile":{"background-color":"","background-image":"","background-repeat":"repeat","background-position":"center center","background-size":"auto","background-attachment":"scroll","background-type":"","background-media":"","overlay-type":"","overlay-color":"","overlay-opacity":"","overlay-gradient":""}},"ast-content-background-meta":{"desktop":{"background-color":"var(--ast-global-color-4)","background-image":"","background-repeat":"repeat","background-position":"center center","background-size":"auto","background-attachment":"scroll","background-type":"","background-media":"","overlay-type":"","overlay-color":"","overlay-opacity":"","overlay-gradient":""},"tablet":{"background-color":"var(--ast-global-color-4)","background-image":"","background-repeat":"repeat","background-position":"center center","background-size":"auto","background-attachment":"scroll","background-type":"","background-media":"","overlay-type":"","overlay-color":"","overlay-opacity":"","overlay-gradient":""},"mobile":{"background-color":"var(--ast-global-color-4)","background-image":"","background-repeat":"repeat","background-position":"center center","background-size":"auto","background-attachment":"scroll","background-type":"","background-media":"","overlay-type":"","overlay-color":"","overlay-opacity":"","overlay-gradient":""}},"footnotes":""},"class_list":["post-26878","page","type-page","status-publish","hentry"],"_links":{"self":[{"href":"https:\/\/mavideniz.com.tr\/tr\/wp-json\/wp\/v2\/pages\/26878","targetHints":{"allow":["GET"]}}],"collection":[{"href":"https:\/\/mavideniz.com.tr\/tr\/wp-json\/wp\/v2\/pages"}],"about":[{"href":"https:\/\/mavideniz.com.tr\/tr\/wp-json\/wp\/v2\/types\/page"}],"author":[{"embeddable":true,"href":"https:\/\/mavideniz.com.tr\/tr\/wp-json\/wp\/v2\/users\/1"}],"replies":[{"embeddable":true,"href":"https:\/\/mavideniz.com.tr\/tr\/wp-json\/wp\/v2\/comments?post=26878"}],"version-history":[{"count":0,"href":"https:\/\/mavideniz.com.tr\/tr\/wp-json\/wp\/v2\/pages\/26878\/revisions"}],"up":[{"embeddable":true,"href":"https:\/\/mavideniz.com.tr\/tr\/wp-json\/wp\/v2\/pages\/26868"}],"wp:attachment":[{"href":"https:\/\/mavideniz.com.tr\/tr\/wp-json\/wp\/v2\/media?parent=26878"}],"curies":[{"name":"wp","href":"https:\/\/api.w.org\/{rel}","templated":true}]}}