{"id":26889,"date":"2021-09-25T14:31:52","date_gmt":"2021-09-25T14:31:52","guid":{"rendered":"https:\/\/mavideniz.com.tr\/?page_id=26889"},"modified":"2022-09-25T07:47:21","modified_gmt":"2022-09-25T07:47:21","slug":"sisme-savak","status":"publish","type":"page","link":"https:\/\/mavideniz.com.tr\/tr\/urunler\/baraj-nehir-temizleyicileri\/sisme-savak\/","title":{"rendered":"\u015ei\u015fme \u015eavak Bariyeri"},"content":{"rendered":"\n<p>Mavi Deniz; \u015ei\u015fme \u015eavak Bariyeri i\u00e7me suyu arz\u0131, hidroelektrik g\u00fcc\u00fc, Sulama, Sel kontrol\u00fc, Su so\u011futma, E\u011flence, Yeralt\u0131 sular\u0131n\u0131 yeniden \u015farj etme, Navigasyon kanallar\u0131, tar\u0131m, sanayi, at\u0131k su, tatl\u0131 &#8211; deniz suyunun ayr\u0131lmas\u0131 ve gelgit deniz sorunlar\u0131n\u0131 \u00e7\u00f6zmek i\u00e7in tasarlanm\u0131\u015ft\u0131r.<\/p>\n<p>Lastik baraj bariyeri, nehirlerin y\u00f6netimi ve servisi i\u00e7in merkezi ovalarda uygulanabilir g\u00f6r\u00fcnmektedir, beton barajlar\u0131n depolama kapasitesini ve suyun y\u00f6nlendirilmesini ve depolanmas\u0131n\u0131 artt\u0131rmaktad\u0131r. Da\u011fl\u0131k b\u00f6lgenin benzersiz durumu ve ko\u015fullar\u0131 nedeniyle, kau\u00e7uk barajlar di\u011fer su y\u00f6netim sistemleri i\u00e7in uygun bir alternatiftir.<\/p>\n<p>\u015ei\u015firilebilir Lastik Bariyer Bariyerinin Kontrol Paneli, her bir lastik baraj i\u00e7in gereklidir. \u015ei\u015firilebilir Lastik Baraj\u0131m\u0131z, m\u00fc\u015fteri veya proje gereksinimlerine g\u00f6re de\u011fi\u015febilen ve su seviyesi \u015fi\u015firme ve s\u00f6nmesini tespit etmek i\u00e7in ultrasonik sens\u00f6r\u00fc kullanabilen tam otomatik veya manuel bir sistem olabilir. \u015ei\u015fme Baraj y\u00fcksekli\u011fi 6m&#8217;ye kadar \u00e7\u0131kabilmektedir.<\/p>\n<p><strong>\u00d6zellikleri<\/strong><\/p>\n<ul>\n<li>D\u00fc\u015f\u00fck al\u0131m maliyeti<\/li>\n<li>Lastik baraj g\u00fcvenli ve kullan\u0131c\u0131 dostu \u00e7al\u0131\u015fma<\/li>\n<li>UV ile i\u015flenmi\u015f y\u00fcksek kaliteli EPDM, buzlanmaya ve sert iklimlere kar\u015f\u0131 dayan\u0131kl\u0131d\u0131r.<\/li>\n<li>Bu barajlar\u0131n su, kirleticiler, tuzlu ve alkali sular, toksik kal\u0131nt\u0131lar, kanalizasyon ve asitler gibi \u00e7evresel fakt\u00f6rlere kar\u015f\u0131 direnci<\/li>\n<li>D\u00fc\u015f\u00fck bak\u0131m ve servis gereksinimleri ve d\u00fc\u015f\u00fck i\u015fletme maliyeti<\/li>\n<li>\u00c7e\u015fitli uluslararas\u0131 uygulamalara g\u00f6re 30 ila 40 y\u0131ll\u0131k ya\u015fam beklentisi<\/li>\n<li>Herhangi bir ya\u011f ve ya\u011flay\u0131c\u0131 olmadan \u00e7al\u0131\u015fmas\u0131 nedeniyle \u00e7evreye olumsuz etkisi yoktur.<\/li>\n<li>LED ayd\u0131nlatma<\/li>\n<li>Ta\u015fan suda titre\u015fim olu\u015fumuna kar\u015f\u0131 y\u00fcksek diren\u00e7, vulkanize olmayan b\u00f6lmeler taraf\u0131ndan gerekti\u011finde art\u0131r\u0131l\u0131r.<\/li>\n<\/ul>\n","protected":false},"excerpt":{"rendered":"<p>Mavi Deniz; \u015ei\u015fme \u015eavak Bariyeri i\u00e7me suyu arz\u0131, hidroelektrik g\u00fcc\u00fc, Sulama, Sel kontrol\u00fc, Su so\u011futma, E\u011flence, Yeralt\u0131 sular\u0131n\u0131 yeniden \u015farj [&hellip;]<\/p>\n","protected":false},"author":1,"featured_media":0,"parent":26882,"menu_order":0,"comment_status":"closed","ping_status":"closed","template":"","meta":{"site-sidebar-layout":"default","site-content-layout":"","ast-site-content-layout":"default","site-content-style":"default","site-sidebar-style":"default","ast-global-header-display":"","ast-banner-title-visibility":"","ast-main-header-display":"","ast-hfb-above-header-display":"","ast-hfb-below-header-display":"","ast-hfb-mobile-header-display":"","site-post-title":"","ast-breadcrumbs-content":"","ast-featured-img":"","footer-sml-layout":"","ast-disable-related-posts":"","theme-transparent-header-meta":"","adv-header-id-meta":"","stick-header-meta":"","header-above-stick-meta":"","header-main-stick-meta":"","header-below-stick-meta":"","astra-migrate-meta-layouts":"default","ast-page-background-enabled":"default","ast-page-background-meta":{"desktop":{"background-color":"var(--ast-global-color-5)","background-image":"","background-repeat":"repeat","background-position":"center center","background-size":"auto","background-attachment":"scroll","background-type":"","background-media":"","overlay-type":"","overlay-color":"","overlay-opacity":"","overlay-gradient":""},"tablet":{"background-color":"","background-image":"","background-repeat":"repeat","background-position":"center center","background-size":"auto","background-attachment":"scroll","background-type":"","background-media":"","overlay-type":"","overlay-color":"","overlay-opacity":"","overlay-gradient":""},"mobile":{"background-color":"","background-image":"","background-repeat":"repeat","background-position":"center center","background-size":"auto","background-attachment":"scroll","background-type":"","background-media":"","overlay-type":"","overlay-color":"","overlay-opacity":"","overlay-gradient":""}},"ast-content-background-meta":{"desktop":{"background-color":"var(--ast-global-color-4)","background-image":"","background-repeat":"repeat","background-position":"center center","background-size":"auto","background-attachment":"scroll","background-type":"","background-media":"","overlay-type":"","overlay-color":"","overlay-opacity":"","overlay-gradient":""},"tablet":{"background-color":"var(--ast-global-color-4)","background-image":"","background-repeat":"repeat","background-position":"center center","background-size":"auto","background-attachment":"scroll","background-type":"","background-media":"","overlay-type":"","overlay-color":"","overlay-opacity":"","overlay-gradient":""},"mobile":{"background-color":"var(--ast-global-color-4)","background-image":"","background-repeat":"repeat","background-position":"center center","background-size":"auto","background-attachment":"scroll","background-type":"","background-media":"","overlay-type":"","overlay-color":"","overlay-opacity":"","overlay-gradient":""}},"footnotes":""},"class_list":["post-26889","page","type-page","status-publish","hentry"],"_links":{"self":[{"href":"https:\/\/mavideniz.com.tr\/tr\/wp-json\/wp\/v2\/pages\/26889","targetHints":{"allow":["GET"]}}],"collection":[{"href":"https:\/\/mavideniz.com.tr\/tr\/wp-json\/wp\/v2\/pages"}],"about":[{"href":"https:\/\/mavideniz.com.tr\/tr\/wp-json\/wp\/v2\/types\/page"}],"author":[{"embeddable":true,"href":"https:\/\/mavideniz.com.tr\/tr\/wp-json\/wp\/v2\/users\/1"}],"replies":[{"embeddable":true,"href":"https:\/\/mavideniz.com.tr\/tr\/wp-json\/wp\/v2\/comments?post=26889"}],"version-history":[{"count":0,"href":"https:\/\/mavideniz.com.tr\/tr\/wp-json\/wp\/v2\/pages\/26889\/revisions"}],"up":[{"embeddable":true,"href":"https:\/\/mavideniz.com.tr\/tr\/wp-json\/wp\/v2\/pages\/26882"}],"wp:attachment":[{"href":"https:\/\/mavideniz.com.tr\/tr\/wp-json\/wp\/v2\/media?parent=26889"}],"curies":[{"name":"wp","href":"https:\/\/api.w.org\/{rel}","templated":true}]}}