{"id":26900,"date":"2021-09-25T17:25:51","date_gmt":"2021-09-25T17:25:51","guid":{"rendered":"https:\/\/mavideniz.com.tr\/?page_id=26900"},"modified":"2022-09-25T08:57:11","modified_gmt":"2022-09-25T08:57:11","slug":"kiyi-cop-konveyoru","status":"publish","type":"page","link":"https:\/\/mavideniz.com.tr\/tr\/urunler\/baraj-nehir-temizleyicileri\/kiyi-cop-konveyoru\/","title":{"rendered":"K\u0131y\u0131 At\u0131k Konvey\u00f6r\u00fc"},"content":{"rendered":"\n<p>K\u0131y\u0131 konvey\u00f6r\u00fc, su, deniz, k\u0131y\u0131 ve kara aras\u0131nda hasad\u0131 bo\u015faltmak i\u00e7in tasar\u0131mlar. Deniz, k\u0131y\u0131 ve kara aras\u0131ndaki \u00e7\u00f6pleri y\u00fcksek, deniz kenar\u0131 veya set \u00fcst\u00fc yerlerden bo\u015faltmak i\u00e7in tasarlanm\u0131\u015f K\u0131y\u0131 Konvey\u00f6r\u00fc.<\/p>\n<p>Yabani otlar\u0131 suda ya\u015fayan ot hasat makinesinden veya suda ya\u015fayan nakliye mavnas\u0131ndan k\u0131y\u0131 konvey\u00f6r\u00fcne bo\u015faltmak ve ayr\u0131ca k\u0131y\u0131 konvey\u00f6r\u00fcnden bertaraf edilmek \u00fczere bekleyen bir damperli kamyona veya at\u0131k konteynerine y\u00fcklemek i\u00e7in K\u0131y\u0131 Konvey\u00f6r\u00fc tertibat\u0131.<\/p>\n<p>At\u0131k toplay\u0131c\u0131s\u0131ndan veya at\u0131k nakliye mavnas\u0131ndan \u00e7\u00f6p bo\u015faltmak i\u00e7in kullan\u0131lan \u0130skele Ta\u015f\u0131y\u0131c\u0131 derlemesi ve ayr\u0131ca iskele ta\u015f\u0131y\u0131c\u0131s\u0131ndan da at\u0131k i\u00e7in bekleyen bir at\u0131k kamyonuna veya at\u0131k konteynerine y\u00fcklenme<\/p>\n<p><strong>\u00d6zellikler<\/strong><\/p>\n<ul>\n<li>Ot Bi\u00e7erd\u00f6ver, nakliye mavnas\u0131 ve \u00e7\u00f6p s\u00fcp\u00fcr\u00fcc\u00fc i\u00e7in \u00f6zel ba\u011flant\u0131 kaplinleri.<\/li>\n<li>Sahil montaj\u0131 ve sahil konvey\u00f6r montaj\u0131 i\u00e7in \u00f6zel ba\u011flant\u0131 kaplinleri.<\/li>\n<li>\u00c7\u00f6p toplay\u0131c\u0131y\u0131 h\u0131zl\u0131 bo\u015faltma, mavna ta\u015f\u0131ma ve hasat edilen yabani otlar\u0131 bir kamyona veya bir y\u0131\u011f\u0131na y\u00fckleme<\/li>\n<li>\u0130kinci veya daha fazla konvey\u00f6r desteklenir.<\/li>\n<li>Tekerlekli ta\u015f\u0131ma imkan\u0131 bir pikap veya trakt\u00f6r ile kolayca \u00e7ekilebilir.<\/li>\n<li>Bi\u00e7erd\u00f6verden, nakliye mavnas\u0131ndan veya bo\u015faltma olarak \u00e7\u00f6p s\u0131y\u0131r\u0131c\u0131dan g\u00fc\u00e7 \u00e7ekmek i\u00e7in hidrolik, h\u0131zl\u0131 ba\u011flant\u0131larla donat\u0131lm\u0131\u015ft\u0131r.<\/li>\n<li>Hidrolik g\u00fc\u00e7 paketi ile donat\u0131lm\u0131\u015f<\/li>\n<li>Gereksinimleriniz i\u00e7in \u00f6zel boyutlar ve \u00f6zellikler mevcuttur.<\/li>\n<\/ul>\n<div class=\"wptm_table tablesorter-bootstrap \" data-id=\"66\" data-hightlight=\"0\"><div class=\"wptm_buttons buttons_wptmTbl66\"><\/div><div class=\"wptmresponsive dataTables-wptmtable wptmtable \" id=\"wptmtable66\" data-tableid=\"wptmTbl66\"><table data-count-header=\"1\"  data-format-decimal_count=\"0\" data-format-decimal_symbol=\".\" data-format-symbol_position=\"0\" data-format-thousand_symbol=\",\"  data-format-currency_symbol=\"$\"  data-name-style=\"66_1759710600.css\" data-format=\"YYYY-MM-DD\" id=\"wptmTbl66\" data-id=\"66\" data-responsive=\"false\" data-hideCols=\"false\"  data-type=\"html\" data-paging=\"false\" data-searching=\"true\"  data-ordering=\"false\" data-table-breakpoint=\"980\" data-scroll-x=\"true\" data-scroll-collapse=\"true\" data-align=\"center\" data-range=\"[]\" data-hideColumn=\"[0,0,0,0,0]\"  data-colwidths=\"[228,228,228,228,228]\"  data-colwidths_desktop=[]  data-colwidths_tablet=[]  data-colwidths_mobile=[]  class=\"wptm_main_table  disablePager hideScrollHeader\"><colgroup><col data-dtr=\"0\" data-dtc=\"0\" class=\"dtc0\"><col data-dtr=\"0\" data-dtc=\"1\" class=\"dtc1\"><col data-dtr=\"0\" data-dtc=\"2\" class=\"dtc2\"><col data-dtr=\"0\" data-dtc=\"3\" class=\"dtc3\"><col data-dtr=\"0\" data-dtc=\"4\" class=\"dtc4\"><\/colgroup><thead><tr class=\"wptm-header-cells-index\"><th rowspan=\"1\" colspan=\"1\" data-dtr=\"0\" data-dtc=\"0\" class=\"dtr0 dtc0\"><\/th><th rowspan=\"1\" colspan=\"1\" data-dtr=\"0\" data-dtc=\"1\" class=\"dtr0 dtc1\"><\/th><th rowspan=\"1\" colspan=\"1\" data-dtr=\"0\" data-dtc=\"2\" class=\"dtr0 dtc2\"><\/th><th rowspan=\"1\" colspan=\"1\" data-dtr=\"0\" data-dtc=\"3\" class=\"dtr0 dtc3\"><\/th><th rowspan=\"1\" colspan=\"1\" data-dtr=\"0\" data-dtc=\"4\" class=\"dtr0 dtc4\"><\/th><\/tr><tr class=\" row0\"><th   data-priority=\"0\" class=\"dtr0 dtc0\"><\/th><th   data-priority=\"0\" class=\"dtr0 dtc1\">Shore Small<\/th><th   data-priority=\"0\" class=\"dtr0 dtc2\">Shore Medium<\/th><th   data-priority=\"0\" class=\"dtr0 dtc3\">Shore Large<\/th><th   data-priority=\"0\" class=\"dtr0 dtc4\">Shore XL<\/th><\/thead><tbody><tr class=\" row1\"><td    class=\"dtr1 dtc0\">Duty - Transfer Material<\/td><td  colspan=\"4\"   class=\"dtr1 dtc1\">BioMass, Aquatic Weed, Trash, Litter, Garbage, Sargassum<\/td><td  style=\"display: none\"   class=\"dtr1 dtc2\"><\/td><td  style=\"display: none\"   class=\"dtr1 dtc3\"><\/td><td  style=\"display: none\"   class=\"dtr1 dtc4\"><\/td><\/tr><tr class=\" row2\"><td    class=\"dtr2 dtc0\">Conveyor Belt Lenght<\/td><td    class=\"dtr2 dtc1\">8 m<\/td><td    class=\"dtr2 dtc2\">8 m<\/td><td    class=\"dtr2 dtc3\">9 m<\/td><td    class=\"dtr2 dtc4\">11 m<\/td><\/tr><tr class=\" row3\"><td    class=\"dtr3 dtc0\">Conveyor Belt  Width<\/td><td    class=\"dtr3 dtc1\">0,9 m<\/td><td    class=\"dtr3 dtc2\">1 m<\/td><td    class=\"dtr3 dtc3\">1,2 m<\/td><td    class=\"dtr3 dtc4\">1.5 m<\/td><\/tr><tr class=\" row4\"><td    class=\"dtr4 dtc0\">Conveyor Belt Sidewall Height<\/td><td    class=\"dtr4 dtc1\">50 cm<\/td><td    class=\"dtr4 dtc2\">50 cm<\/td><td    class=\"dtr4 dtc3\">50 cm<\/td><td    class=\"dtr4 dtc4\">50 cm<\/td><\/tr><tr class=\" row5\"><td    class=\"dtr5 dtc0\">Discharge Height<\/td><td    class=\"dtr5 dtc1\">4 m<\/td><td    class=\"dtr5 dtc2\">4 m<\/td><td    class=\"dtr5 dtc3\">4.5 m<\/td><td    class=\"dtr5 dtc4\">5,4 m<\/td><\/tr><tr class=\" row6\"><td    class=\"dtr6 dtc0\">Shore Conveyor Material<\/td><td    class=\"dtr6 dtc1\">Steel<\/td><td    class=\"dtr6 dtc2\">Steel<\/td><td    class=\"dtr6 dtc3\">Steel<\/td><td    class=\"dtr6 dtc4\">Steel<\/td><\/tr><tr class=\" row7\"><td    class=\"dtr7 dtc0\">Conveyor Belt Material<\/td><td  colspan=\"4\"   class=\"dtr7 dtc1\">Heavy Duty Steel Mesh (Standard) | Heavy Duty Galvanized Steel Mesh (Optional) | Heavy Duty Stainless Steel Mesh (Optional)<\/td><td  style=\"display: none\"   class=\"dtr7 dtc2\"><\/td><td  style=\"display: none\"   class=\"dtr7 dtc3\"><\/td><td  style=\"display: none\"   class=\"dtr7 dtc4\"><\/td><\/tr><tr class=\" row8\"><td    class=\"dtr8 dtc0\">Conveyor Drive Unit<\/td><td    class=\"dtr8 dtc1\">Hydraulic Motors<\/td><td    class=\"dtr8 dtc2\">Hydraulic Motors<\/td><td    class=\"dtr8 dtc3\">Hydraulic Motors<\/td><td    class=\"dtr8 dtc4\">Hydraulic Motors<\/td><\/tr><tr class=\" row9\"><td    class=\"dtr9 dtc0\">Trailer Wheel System<\/td><td    class=\"dtr9 dtc1\">Yes<\/td><td    class=\"dtr9 dtc2\">Yes<\/td><td    class=\"dtr9 dtc3\">Yes<\/td><td    class=\"dtr9 dtc4\">Yes<\/td><\/tr><tr class=\" row10\"><td    class=\"dtr10 dtc0\">Power Pack (Optional)<\/td><td    class=\"dtr10 dtc1\">13 HP - Built-In  or Portable<\/td><td    class=\"dtr10 dtc2\">13 HP - Built-In  or Portable<\/td><td    class=\"dtr10 dtc3\">13 HP - Built-In  or Portable<\/td><td    class=\"dtr10 dtc4\">13 HP - Built-In  or Portable<\/td><\/tr><tr class=\" row11\"><td    class=\"dtr11 dtc0\">Wing (Optional)<\/td><td  colspan=\"4\"   class=\"dtr11 dtc1\">2 x Adjustable guide-wings for stationary harvesting<\/td><td  style=\"display: none\"   class=\"dtr11 dtc2\"><\/td><td  style=\"display: none\"   class=\"dtr11 dtc3\"><\/td><td  style=\"display: none\"   class=\"dtr11 dtc4\"><\/td><\/tr><\/tbody><tfoot><tr><td class=\"dtr11 dtc0\" style=\"height: 0;\"><\/td><td class=\"dtr11 dtc1\" style=\"height: 0;\"><\/td><td class=\"dtr11 dtc2\" style=\"height: 0;\"><\/td><td class=\"dtr11 dtc3\" style=\"height: 0;\"><\/td><td class=\"dtr11 dtc4\" style=\"height: 0;\"><\/td><\/tr><\/tfoot><\/table><\/div><style>#wptmtable66 .dataTables_wrapper > .dataTables_scroll {max-height:500px;overflow: auto;}<\/style><script>window.wptm_ajaxurl = 'https:\/\/mavideniz.com.tr\/wp-admin\/admin-ajax.php?juwpfisadmin=false&action=Wptm&'; window.wptm_front = 'https:\/\/mavideniz.com.tr\/wp-content\/plugins\/wp-table-manager\/app\/site\/assets\/'; window.wptm_style = 'https:\/\/mavideniz.com.tr\/wp-content\/uploads\/wptm\/';<\/script><\/div><style><\/style>\n","protected":false},"excerpt":{"rendered":"<p>K\u0131y\u0131 konvey\u00f6r\u00fc, su, deniz, k\u0131y\u0131 ve kara aras\u0131nda hasad\u0131 bo\u015faltmak i\u00e7in tasar\u0131mlar. Deniz, k\u0131y\u0131 ve kara aras\u0131ndaki \u00e7\u00f6pleri y\u00fcksek, deniz [&hellip;]<\/p>\n","protected":false},"author":1,"featured_media":0,"parent":26882,"menu_order":0,"comment_status":"closed","ping_status":"closed","template":"","meta":{"site-sidebar-layout":"default","site-content-layout":"","ast-site-content-layout":"default","site-content-style":"default","site-sidebar-style":"default","ast-global-header-display":"","ast-banner-title-visibility":"","ast-main-header-display":"","ast-hfb-above-header-display":"","ast-hfb-below-header-display":"","ast-hfb-mobile-header-display":"","site-post-title":"","ast-breadcrumbs-content":"","ast-featured-img":"","footer-sml-layout":"","ast-disable-related-posts":"","theme-transparent-header-meta":"","adv-header-id-meta":"","stick-header-meta":"","header-above-stick-meta":"","header-main-stick-meta":"","header-below-stick-meta":"","astra-migrate-meta-layouts":"default","ast-page-background-enabled":"default","ast-page-background-meta":{"desktop":{"background-color":"var(--ast-global-color-5)","background-image":"","background-repeat":"repeat","background-position":"center center","background-size":"auto","background-attachment":"scroll","background-type":"","background-media":"","overlay-type":"","overlay-color":"","overlay-opacity":"","overlay-gradient":""},"tablet":{"background-color":"","background-image":"","background-repeat":"repeat","background-position":"center center","background-size":"auto","background-attachment":"scroll","background-type":"","background-media":"","overlay-type":"","overlay-color":"","overlay-opacity":"","overlay-gradient":""},"mobile":{"background-color":"","background-image":"","background-repeat":"repeat","background-position":"center center","background-size":"auto","background-attachment":"scroll","background-type":"","background-media":"","overlay-type":"","overlay-color":"","overlay-opacity":"","overlay-gradient":""}},"ast-content-background-meta":{"desktop":{"background-color":"var(--ast-global-color-4)","background-image":"","background-repeat":"repeat","background-position":"center center","background-size":"auto","background-attachment":"scroll","background-type":"","background-media":"","overlay-type":"","overlay-color":"","overlay-opacity":"","overlay-gradient":""},"tablet":{"background-color":"var(--ast-global-color-4)","background-image":"","background-repeat":"repeat","background-position":"center center","background-size":"auto","background-attachment":"scroll","background-type":"","background-media":"","overlay-type":"","overlay-color":"","overlay-opacity":"","overlay-gradient":""},"mobile":{"background-color":"var(--ast-global-color-4)","background-image":"","background-repeat":"repeat","background-position":"center center","background-size":"auto","background-attachment":"scroll","background-type":"","background-media":"","overlay-type":"","overlay-color":"","overlay-opacity":"","overlay-gradient":""}},"footnotes":""},"class_list":["post-26900","page","type-page","status-publish","hentry"],"_links":{"self":[{"href":"https:\/\/mavideniz.com.tr\/tr\/wp-json\/wp\/v2\/pages\/26900","targetHints":{"allow":["GET"]}}],"collection":[{"href":"https:\/\/mavideniz.com.tr\/tr\/wp-json\/wp\/v2\/pages"}],"about":[{"href":"https:\/\/mavideniz.com.tr\/tr\/wp-json\/wp\/v2\/types\/page"}],"author":[{"embeddable":true,"href":"https:\/\/mavideniz.com.tr\/tr\/wp-json\/wp\/v2\/users\/1"}],"replies":[{"embeddable":true,"href":"https:\/\/mavideniz.com.tr\/tr\/wp-json\/wp\/v2\/comments?post=26900"}],"version-history":[{"count":0,"href":"https:\/\/mavideniz.com.tr\/tr\/wp-json\/wp\/v2\/pages\/26900\/revisions"}],"up":[{"embeddable":true,"href":"https:\/\/mavideniz.com.tr\/tr\/wp-json\/wp\/v2\/pages\/26882"}],"wp:attachment":[{"href":"https:\/\/mavideniz.com.tr\/tr\/wp-json\/wp\/v2\/media?parent=26900"}],"curies":[{"name":"wp","href":"https:\/\/api.w.org\/{rel}","templated":true}]}}