{"id":26913,"date":"2021-09-25T18:38:11","date_gmt":"2021-09-25T18:38:11","guid":{"rendered":"https:\/\/mavideniz.com.tr\/?page_id=26913"},"modified":"2021-11-12T19:45:33","modified_gmt":"2021-11-12T19:45:33","slug":"cop-elek-temizleme-makinesi","status":"publish","type":"page","link":"https:\/\/mavideniz.com.tr\/tr\/urunler\/baraj-nehir-temizleyicileri\/su-alma-izgaralari\/cop-elek-temizleme-makinesi\/","title":{"rendered":"\u00c7\u00f6p, Elek Temizleme Makinesi"},"content":{"rendered":"\n<p>Mavi Deniz, \u00c7ubuk Eleklerde enkaz birikiminin tipik oldu\u011fu ve a\u015fa\u011f\u0131 ak\u0131\u015f ekipman\u0131n\u0131n korunmas\u0131n\u0131n gerekli oldu\u011fu her t\u00fcrl\u00fc uygulamada kullan\u0131lmak \u00fczere tasarlanm\u0131\u015ft\u0131r. At\u0131ksu ar\u0131tma tesislerinde, i\u00e7me suyu ar\u0131tma tesislerinde, pompa istasyonlar\u0131nda, emme santrallerinde, i\u00e7 \u0131slah i\u015flerinde kullan\u0131m i\u00e7in idealdir.<\/p>\n<p>\u00c7\u00f6p t\u0131rm\u0131\u011f\u0131 temizleme kafas\u0131, bir silecek kenar\u0131n\u0131n sabitlendi\u011fi k\u00f6\u015feli bir \u00e7elik profilden olu\u015fur ve \u00c7\u00f6p Raf\u0131n\u0131n kapsaml\u0131 bir \u015fekilde temizlenmesini ve en k\u00fc\u00e7\u00fck d\u00f6k\u00fcnt\u00fc par\u00e7alar\u0131n\u0131 bile temizlemesini sa\u011flar. Temizleme t\u0131rm\u0131\u011f\u0131 \u00e7elik \u00e7ubuklar\u0131n aras\u0131na girmedi\u011fi i\u00e7in \u00c7\u00f6p Raf\u0131 \u00e7ubuklar\u0131n\u0131n m\u00fckemmel hizalanmas\u0131 gerekli de\u011fildir.<\/p>\n<p>Temizleyici Bom, \u00f6m\u00fcr boyu ya\u011flamaya ra\u011fmen gerekli d\u00f6n\u00fc\u015f\u00fc sa\u011flamak i\u00e7in flan\u015f yataklar\u0131 ile iki aks taraf\u0131ndan destek stand\u0131na ba\u011flan\u0131r ve bu flan\u015f yataklar\u0131 ayr\u0131ca gres\u00f6rl\u00fcklerle donat\u0131lm\u0131\u015ft\u0131r. Her iki kol da son derece y\u00fcksek burulma mukavemeti sunan a\u011f\u0131r duvarl\u0131 \u00e7elik borudan imal edilmi\u015ftir.<\/p>\n<p><strong>\u00c7al\u0131\u015fan \u00c7\u00f6p Sepeti Temizleyici;<\/strong><\/p>\n<ul>\n<li>Kablolu Raf Makinas\u0131<\/li>\n<li>Hidrolik Kumandal\u0131 Raf Makinas\u0131<\/li>\n<\/ul>\n<p>Kablo ile \u00e7al\u0131\u015fan s\u0131ralama makineleri bir operat\u00f6r taraf\u0131ndan manuel olarak ve operat\u00f6r olmadan otomatik olarak \u00e7al\u0131\u015ft\u0131r\u0131labilir. \u00c7\u00f6p t\u0131rm\u0131klama makinesi, her seferinde bir b\u00f6l\u00fcm olmak \u00fczere t\u00fcm \u00e7\u00f6p raflar\u0131n\u0131 temizlemek i\u00e7in yap\u0131y\u0131 ge\u00e7mek i\u00e7in g\u00fcverteye monte raylar \u00fczerinde hareket eder. Temizlik, enkaz tutucunun kablolarla indirilmesi ve kontrol edilmesiyle ger\u00e7ekle\u015ftirilir. Moloz, t\u0131rm\u0131kla hareket eden bir \u00e7\u00f6p vagonu veya \u00e7\u00f6p kutusuna veya bir \u00e7\u00f6p ta\u015f\u0131ma (konvey\u00f6r) sistemine t\u0131rm\u0131klanabilir.<\/p>\n<p>Hidrolikle \u00e7al\u0131\u015fan s\u0131ralama makineleri bir operat\u00f6r taraf\u0131ndan manuel olarak ve operat\u00f6r olmadan otomatik olarak \u00e7al\u0131\u015ft\u0131r\u0131labilir. \u00c7\u00f6p, hidrolik t\u0131rm\u0131k taraf\u0131ndan \u00e7\u00f6p raf\u0131ndan yukar\u0131 kald\u0131r\u0131l\u0131r ve manuel olarak kald\u0131r\u0131lmak \u00fczere g\u00fcverteye veya bir \u00e7\u00f6p ta\u015f\u0131ma sistemine bo\u015falt\u0131l\u0131r. Bu tip \u00e7\u00f6p t\u0131rm\u0131\u011f\u0131 hem otomatik hem de manuel olarak \u00e7al\u0131\u015facak \u015fekilde tasarlanm\u0131\u015ft\u0131r. Hidrolik g\u00fc\u00e7 sistemi, a\u015f\u0131r\u0131 y\u00fck korumas\u0131 sa\u011flayan Bas\u0131n\u00e7 tahliye valfleri ile servo motorlar\u0131 ger\u00e7ekle\u015ftirmek i\u00e7in gerekli ya\u011f bas\u0131nc\u0131n\u0131 sa\u011flayan, \u00f6zel olarak form\u00fcle edilmi\u015f, \u00e7evre a\u00e7\u0131s\u0131ndan g\u00fcvenli hidrolik ya\u011f\u0131 kullan\u0131r.<\/p>\n<p><strong>\u00c7\u00f6p T\u0131rm\u0131\u011f\u0131 Bom Tasar\u0131m\u0131<\/strong><\/p>\n<ul>\n<li>Tek kollu kolon tipi temizleme makinesi<\/li>\n<li>Tek kollu temizleme makinesi<\/li>\n<li>\u00c7ift kollu temizleme makinesi<\/li>\n<li>\u00c7ift kollu Teleskopik temizleme makinesi<\/li>\n<li>\u00c7ift kollu, \u00e7ift Pistonlu temizleme makinesi<\/li>\n<\/ul>\n<p><strong>\u00d6zellikler | \u0130ste\u011fe ba\u011fl\u0131<\/strong><\/p>\n<ul>\n<li>Kep\u00e7e t\u0131rm\u0131kl\u0131 pergel vin\u00e7 vinci,<\/li>\n<li>Hidrolik ve elektrik kontrollerin t\u00fcm\u00fc, hava ko\u015fullar\u0131na dayan\u0131kl\u0131 kontrol kabininin i\u00e7ine yerle\u015ftirilmi\u015ftir.<\/li>\n<li>Konvey\u00f6r gerektirmez. Taranm\u0131\u015f \u00e7\u00f6pleri do\u011frudan bir kamyona bo\u015faltabilir.<\/li>\n<li>Gerekirse, otomatik ve s\u00fcrekli \u00c7\u00f6p Raf\u0131 temizli\u011fi<\/li>\n<li>Drive aparat\u0131 su alt\u0131na kurulmaz ve bak\u0131m\u0131 kolayd\u0131r.<\/li>\n<li>Elek, su kanal\u0131 \u00fczerindeki t\u00fcm geni\u015fli\u011fi kaplayarak daha geni\u015f bir eleme geni\u015fli\u011fi ve y\u00fcksek verimli performans sa\u011flar.<\/li>\n<li>M\u00fc\u015fterinin talebi \u00fczerine birden fazla su kanal\u0131n\u0131 kapatmak i\u00e7in seyahat tipi de mevcuttur.<\/li>\n<li>Teleskopik kol sert \u00e7er\u00e7eve yap\u0131s\u0131ndad\u0131r. Bu kat\u0131 konfig\u00fcrasyon, daha k\u00fc\u00e7\u00fck a\u011f eleklerin kullan\u0131lmas\u0131na da olanak tan\u0131r.<\/li>\n<li>T\u0131rm\u0131k noktas\u0131, tortuyu s\u0131y\u0131rmak i\u00e7in istenen herhangi bir derinli\u011fe ayarlanabilir.<\/li>\n<li>Denge a\u011f\u0131rl\u0131\u011f\u0131na sahip benzersiz bir kol kayd\u0131rma mekanizmas\u0131, daha sessiz ve d\u00fc\u015f\u00fck enerjili \u00e7al\u0131\u015fma sunar.<\/li>\n<li>Su kanal\u0131n\u0131n \u00fczerine tahrik aparat\u0131 tak\u0131l\u0131r ve t\u0131rm\u0131kl\u0131 kol da suyun \u00fczerinde konumland\u0131r\u0131larak kolay kontrol ve bak\u0131ma olanak sa\u011flar.<\/li>\n<li>PLC Kontrol\u00fc<\/li>\n<\/ul>\n<div class=\"wptm_table tablesorter-bootstrap \" data-id=\"115\" data-hightlight=\"0\"><div class=\"wptm_buttons buttons_wptmTbl115\"><\/div><div class=\"wptmresponsive dataTables-wptmtable wptmtable \" id=\"wptmtable115\" data-tableid=\"wptmTbl115\"><table data-count-header=\"1\"  data-format-decimal_count=\"0\" data-format-decimal_symbol=\".\" data-format-symbol_position=\"0\" data-format-thousand_symbol=\",\"  data-format-currency_symbol=\"$\"  data-name-style=\"115_1759711643.css\" data-format=\"YYYY-MM-DD\" id=\"wptmTbl115\" data-id=\"115\" data-responsive=\"false\" data-hideCols=\"false\"  data-type=\"html\" data-paging=\"false\" data-searching=\"true\"  data-ordering=\"false\" data-table-breakpoint=\"980\" data-scroll-x=\"true\" data-scroll-collapse=\"true\" data-align=\"center\" data-range=\"[]\" data-hideColumn=\"[0,0]\"  data-colwidths=\"[540,540]\"  data-colwidths_desktop=[]  data-colwidths_tablet=[]  data-colwidths_mobile=[]  class=\"wptm_main_table  disablePager hideScrollHeader\"><colgroup><col data-dtr=\"0\" data-dtc=\"0\" class=\"dtc0\"><col data-dtr=\"0\" data-dtc=\"1\" class=\"dtc1\"><\/colgroup><thead><tr class=\"wptm-header-cells-index\"><th rowspan=\"1\" colspan=\"1\" data-dtr=\"0\" data-dtc=\"0\" class=\"dtr0 dtc0\"><\/th><th rowspan=\"1\" colspan=\"1\" data-dtr=\"0\" data-dtc=\"1\" class=\"dtr0 dtc1\"><\/th><\/tr><tr class=\" row0\"><th   data-priority=\"0\" class=\"dtr0 dtc0\"><\/th><th   data-priority=\"0\" class=\"dtr0 dtc1\">Trash Rack Cleaner<\/th><\/thead><tbody><tr class=\" row1\"><td    class=\"dtr1 dtc0\">Trash Rake Type<\/td><td    class=\"dtr1 dtc1\">Cable | Hydraulic<\/td><\/tr><tr class=\" row2\"><td    class=\"dtr2 dtc0\">Trash Rake Head<\/td><td    class=\"dtr2 dtc1\">Mobile | Fixed<\/td><\/tr><tr class=\" row3\"><td    class=\"dtr3 dtc0\">Trash Rake Head Width<\/td><td    class=\"dtr3 dtc1\">Up to 7 m<\/td><\/tr><tr class=\" row4\"><td    class=\"dtr4 dtc0\">Raking Depth<\/td><td    class=\"dtr4 dtc1\">,<\/td><\/tr><tr class=\" row5\"><td    class=\"dtr5 dtc0\">Rake Boom Design<\/td><td    class=\"dtr5 dtc1\">Single | Double | Telescopic<\/td><\/tr><tr class=\" row6\"><td    class=\"dtr6 dtc0\">Min. Bar space<\/td><td    class=\"dtr6 dtc1\">10 mm<\/td><\/tr><tr class=\" row7\"><td    class=\"dtr7 dtc0\">Driven by<\/td><td    class=\"dtr7 dtc1\">Electric or Hydraulic<\/td><\/tr><tr class=\" row8\"><td    class=\"dtr8 dtc0\">Working Angle<\/td><td    class=\"dtr8 dtc1\">30 \u2013 75\u00b0<\/td><\/tr><tr class=\" row9\"><td    class=\"dtr9 dtc0\">Material<\/td><td    class=\"dtr9 dtc1\">Stainless Steel | Aluminum | Hot-dip galvanization<\/td><\/tr><tr class=\" row10\"><td    class=\"dtr10 dtc0\">Mesh Size<\/td><td    class=\"dtr10 dtc1\">2 mm to 50 mm<\/td><\/tr><tr class=\" row11\"><td    class=\"dtr11 dtc0\">Angle of Installation<\/td><td    class=\"dtr11 dtc1\">min. 30 degrees recommend<\/td><\/tr><tr class=\" row12\"><td    class=\"dtr12 dtc0\">Lifting Finger Space or Bar<\/td><td    class=\"dtr12 dtc1\">Every 3 mt<\/td><\/tr><tr class=\" row13\"><td    class=\"dtr13 dtc0\">Lifting Capacity<\/td><td    class=\"dtr13 dtc1\">Up to 2200 kg<\/td><\/tr><\/tbody><tfoot><tr><td class=\"dtr13 dtc0\" style=\"height: 0;\"><\/td><td class=\"dtr13 dtc1\" style=\"height: 0;\"><\/td><\/tr><\/tfoot><\/table><\/div><style>#wptmtable115 .dataTables_wrapper > .dataTables_scroll {max-height:500px;overflow: auto;}<\/style><script>window.wptm_ajaxurl = 'https:\/\/mavideniz.com.tr\/wp-admin\/admin-ajax.php?juwpfisadmin=false&action=Wptm&'; window.wptm_front = 'https:\/\/mavideniz.com.tr\/wp-content\/plugins\/wp-table-manager\/app\/site\/assets\/'; window.wptm_style = 'https:\/\/mavideniz.com.tr\/wp-content\/uploads\/wptm\/';<\/script><\/div><style><\/style>\n","protected":false},"excerpt":{"rendered":"<p>Mavi Deniz, \u00c7ubuk Eleklerde enkaz birikiminin tipik oldu\u011fu ve a\u015fa\u011f\u0131 ak\u0131\u015f ekipman\u0131n\u0131n korunmas\u0131n\u0131n gerekli oldu\u011fu her t\u00fcrl\u00fc uygulamada kullan\u0131lmak \u00fczere [&hellip;]<\/p>\n","protected":false},"author":1,"featured_media":0,"parent":26911,"menu_order":0,"comment_status":"closed","ping_status":"closed","template":"","meta":{"site-sidebar-layout":"default","site-content-layout":"","ast-site-content-layout":"default","site-content-style":"default","site-sidebar-style":"default","ast-global-header-display":"","ast-banner-title-visibility":"","ast-main-header-display":"","ast-hfb-above-header-display":"","ast-hfb-below-header-display":"","ast-hfb-mobile-header-display":"","site-post-title":"","ast-breadcrumbs-content":"","ast-featured-img":"","footer-sml-layout":"","ast-disable-related-posts":"","theme-transparent-header-meta":"","adv-header-id-meta":"","stick-header-meta":"","header-above-stick-meta":"","header-main-stick-meta":"","header-below-stick-meta":"","astra-migrate-meta-layouts":"default","ast-page-background-enabled":"default","ast-page-background-meta":{"desktop":{"background-color":"var(--ast-global-color-5)","background-image":"","background-repeat":"repeat","background-position":"center center","background-size":"auto","background-attachment":"scroll","background-type":"","background-media":"","overlay-type":"","overlay-color":"","overlay-opacity":"","overlay-gradient":""},"tablet":{"background-color":"","background-image":"","background-repeat":"repeat","background-position":"center center","background-size":"auto","background-attachment":"scroll","background-type":"","background-media":"","overlay-type":"","overlay-color":"","overlay-opacity":"","overlay-gradient":""},"mobile":{"background-color":"","background-image":"","background-repeat":"repeat","background-position":"center center","background-size":"auto","background-attachment":"scroll","background-type":"","background-media":"","overlay-type":"","overlay-color":"","overlay-opacity":"","overlay-gradient":""}},"ast-content-background-meta":{"desktop":{"background-color":"var(--ast-global-color-4)","background-image":"","background-repeat":"repeat","background-position":"center center","background-size":"auto","background-attachment":"scroll","background-type":"","background-media":"","overlay-type":"","overlay-color":"","overlay-opacity":"","overlay-gradient":""},"tablet":{"background-color":"var(--ast-global-color-4)","background-image":"","background-repeat":"repeat","background-position":"center center","background-size":"auto","background-attachment":"scroll","background-type":"","background-media":"","overlay-type":"","overlay-color":"","overlay-opacity":"","overlay-gradient":""},"mobile":{"background-color":"var(--ast-global-color-4)","background-image":"","background-repeat":"repeat","background-position":"center center","background-size":"auto","background-attachment":"scroll","background-type":"","background-media":"","overlay-type":"","overlay-color":"","overlay-opacity":"","overlay-gradient":""}},"footnotes":""},"class_list":["post-26913","page","type-page","status-publish","hentry"],"_links":{"self":[{"href":"https:\/\/mavideniz.com.tr\/tr\/wp-json\/wp\/v2\/pages\/26913","targetHints":{"allow":["GET"]}}],"collection":[{"href":"https:\/\/mavideniz.com.tr\/tr\/wp-json\/wp\/v2\/pages"}],"about":[{"href":"https:\/\/mavideniz.com.tr\/tr\/wp-json\/wp\/v2\/types\/page"}],"author":[{"embeddable":true,"href":"https:\/\/mavideniz.com.tr\/tr\/wp-json\/wp\/v2\/users\/1"}],"replies":[{"embeddable":true,"href":"https:\/\/mavideniz.com.tr\/tr\/wp-json\/wp\/v2\/comments?post=26913"}],"version-history":[{"count":0,"href":"https:\/\/mavideniz.com.tr\/tr\/wp-json\/wp\/v2\/pages\/26913\/revisions"}],"up":[{"embeddable":true,"href":"https:\/\/mavideniz.com.tr\/tr\/wp-json\/wp\/v2\/pages\/26911"}],"wp:attachment":[{"href":"https:\/\/mavideniz.com.tr\/tr\/wp-json\/wp\/v2\/media?parent=26913"}],"curies":[{"name":"wp","href":"https:\/\/api.w.org\/{rel}","templated":true}]}}