{"id":26917,"date":"2021-09-25T18:42:01","date_gmt":"2021-09-25T18:42:01","guid":{"rendered":"https:\/\/mavideniz.com.tr\/?page_id=26917"},"modified":"2022-09-25T10:53:50","modified_gmt":"2022-09-25T10:53:50","slug":"hareketli-su-izgaralari","status":"publish","type":"page","link":"https:\/\/mavideniz.com.tr\/tr\/urunler\/baraj-nehir-temizleyicileri\/su-alma-izgaralari\/hareketli-su-izgaralari\/","title":{"rendered":"Hareketli Su Izgaralar\u0131"},"content":{"rendered":"\n<p>Mavi Deniz hareketli su \u0131zgaras\u0131 hidroelektrik santraller, Su Tesisleri, End\u00fcstriyel Soyutlay\u0131c\u0131lar, Bal\u0131k\u00e7\u0131l\u0131k, Dahili Drenaj Panolar\u0131, Petrol &amp; Gaz, Petrokimya ve Su Reg\u00fclat\u00f6rlerinde Kurulu\u015flar\u0131nda \u00e7al\u0131\u015facak \u015fekilde tasarlanm\u0131\u015ft\u0131r.<\/p>\n<p>Izgara t\u0131kan\u0131kl\u0131klar\u0131 ve d\u00fc\u015f\u00fck ak\u0131\u015f, \u00e7o\u011fu hidro santralde t\u00fcrbin duru\u015f s\u00fcresinin veya d\u00fc\u015f\u00fck performans\u0131n ba\u015fl\u0131ca nedenidir. Mavi Deniz hareketli su \u0131sgaras\u0131, enerji \u00fcretimini art\u0131rabilir ve i\u015fletme maliyetlerini d\u00fc\u015f\u00fcren ve daha y\u00fcksek yat\u0131r\u0131m getirisi sa\u011flayan t\u0131kan\u0131kl\u0131klar\u0131 temizlemek i\u00e7in daha az zaman harcanabilir.<\/p>\n<p>Hareketli su \u0131zgaras\u0131, hidroelektrik sistemlerinin ve su giri\u015flerinin her zaman mevcut olan maksimum ak\u0131\u015f\u0131 ald\u0131\u011f\u0131 kendi kendini temizleyen bir sistemdir. hareketli su \u0131zgaras\u0131, su y\u00fczeyindeki \u00e7\u00f6p veya d\u00f6k\u00fcnt\u00fcleri tutar ve \u00e7\u00f6p sepetine veya y\u00fczeyine d\u00fc\u015fer ve t\u00fcm i\u015fler tam otomatik veya yar\u0131 otomatik olarak yap\u0131labilir.<\/p>\n<p><strong>Tipik uygulamalar :<\/strong><\/p>\n<ul>\n<li>So\u011futma kulesi havzalar\u0131 i\u00e7in hareketli su \u0131zgaras\u0131<\/li>\n<li>Dikey veya yatay ekranlar i\u00e7in hareketli su \u0131zgaras\u0131<\/li>\n<li>Enkaz kald\u0131rmak i\u00e7in hareketli su \u0131zgaras\u0131<\/li>\n<li>Bal\u0131k Ekranlar\u0131 i\u00e7in hareketli su \u0131zgaras\u0131<\/li>\n<li>Nehirler, g\u00f6ller vb. gibi do\u011fal su uygulamalar\u0131 i\u00e7in hareketli Su Filtresi.<\/li>\n<li>Ya\u011fmur suyu i\u00e7in hareketli su \u0131zgaras\u0131<\/li>\n<li>Ar\u0131tma Tesisi Korumas\u0131 i\u00e7in hareketli su \u0131zgaras\u0131<\/li>\n<li>Pompa\/T\u00fcrbin Korumas\u0131 i\u00e7in Hareket Eden Su Ele\u011fi<\/li>\n<li>S\u0131v\u0131\/Kat\u0131 Ay\u0131rma i\u00e7in hareketli su \u0131zgaras\u0131<\/li>\n<li>N\u00fckleer santral i\u00e7in hareketli su \u0131zgaras\u0131<\/li>\n<li>Su al\u0131m\u0131 i\u00e7in hareketli su \u0131zgaras\u0131<\/li>\n<li>Baraj i\u00e7in hareketli su \u0131zgaras\u0131<\/li>\n<\/ul>\n<p><strong>\u00d6zellikler | Se\u00e7enekler<\/strong><\/p>\n<ul>\n<li>\u0130htiya\u00e7lar\u0131n\u0131z i\u00e7in hareketli su \u0131zgaras\u0131 i\u00e7in \u00f6zel boyut ve kapasite.<\/li>\n<li>Hizmetler, b\u00fcy\u00fck \u00f6l\u00e7ekli hareketli su \u0131zgaralar\u0131n\u0131n tasar\u0131m\u0131n\u0131 ve kurulumunu i\u00e7erir.<\/li>\n<li>Zorlu bal\u0131k tipleri ve y\u0131lan bal\u0131\u011f\u0131 tarama gereksinimlerini kar\u015f\u0131lay\u0131n<\/li>\n<li>Sualt\u0131 Rulmanlar\u0131 veya Di\u015flileri Yok<\/li>\n<li>Ger\u00e7ek zamanl\u0131 olarak PLC panelinde veya uzaktan izleme ve kontrol, m\u00fc\u015fterinin istedi\u011fi \u00f6zelliklere uymas\u0131 i\u00e7in mevcuttur, ekran\u0131n \u00e7al\u0131\u015fma h\u0131z\u0131n\u0131n otomatik kontrol\u00fc dahil olmak \u00fczere hem merkezi kontrol hem de yerel kontrol sistemi sa\u011flar, su seviyesi dedekt\u00f6r\u00fc ile aray\u00fcz olu\u015fturur giri\u015f taraf\u0131 ve k\u0131\u00e7 taraf\u0131 aras\u0131ndaki fark.<\/li>\n<li>\u00c7oklu Ak\u0131\u015f Deste\u011fi<\/li>\n<li>Uzun S\u00fcreler Kullan\u0131lmadan Kalabilir, Ancak Bir F\u0131rt\u0131na veya Ya\u011fmur Durumunda G\u00fcvenilir Bir \u015eekilde \u00c7al\u0131\u015fmaya Ba\u015flayabilir<\/li>\n<li>Hareketli Su Elek Mekanizmas\u0131, \u00c7ok B\u00fcy\u00fck veya Hacimli \u00e7\u00f6plerin i\u015flenmesine izin verir.<\/li>\n<li>Suya ya\u011f kirlili\u011fi yok<\/li>\n<li>Elektrik g\u00fcc\u00fc veya motor g\u00fcc\u00fc ile tahrik edilir<\/li>\n<li>Anormal a\u015f\u0131r\u0131 y\u00fck, tasarlanan y\u00fckten daha fazla devreye girdi\u011finde \u00e7al\u0131\u015fmay\u0131 hemen durdurmak i\u00e7in bir g\u00fcvenlik cihaz\u0131 sa\u011flan\u0131r ve \u00e7al\u0131\u015ft\u0131r\u0131l\u0131r.<\/li>\n<li>Her bir memenin daha az \u00f6rt\u00fc\u015fen alan\u0131 ile s\u00fczge\u00e7 a\u011f\u0131n\u0131 tamamen etkili bir \u015fekilde y\u0131kamak i\u00e7in ad\u0131ms\u0131z de\u011fi\u015fken enjeksiyon a\u00e7\u0131s\u0131na ayarlanm\u0131\u015f \u00f6zel p\u00fcsk\u00fcrtme memeleri benimsenmi\u015ftir.<\/li>\n<li>Dikey veya yatay kurulum m\u00fcmk\u00fcn<\/li>\n<li>Yeni veya mevcut giri\u015f uygulamalar\u0131nda daha y\u00fcksek performans<\/li>\n<li>Kurulumu, bak\u0131m\u0131 ve \u00c7al\u0131\u015ft\u0131rmas\u0131 kolay<\/li>\n<\/ul>\n<div class=\"wptm_table tablesorter-bootstrap \" data-id=\"116\" data-hightlight=\"0\"><div class=\"wptm_buttons buttons_wptmTbl116\"><\/div><div class=\"wptmresponsive dataTables-wptmtable wptmtable \" id=\"wptmtable116\" data-tableid=\"wptmTbl116\"><table data-count-header=\"1\"  data-format-decimal_count=\"0\" data-format-decimal_symbol=\".\" data-format-symbol_position=\"0\" data-format-thousand_symbol=\",\"  data-format-currency_symbol=\"$\"  data-name-style=\"116_1759711712.css\" data-format=\"YYYY-MM-DD\" id=\"wptmTbl116\" data-id=\"116\" data-responsive=\"false\" data-hideCols=\"false\"  data-type=\"html\" data-paging=\"false\" data-searching=\"true\"  data-ordering=\"false\" data-table-breakpoint=\"980\" data-scroll-x=\"true\" data-scroll-collapse=\"true\" data-align=\"center\" data-range=\"[]\" data-hideColumn=\"[0,0]\"  data-colwidths=\"[540,540]\"  data-colwidths_desktop=[]  data-colwidths_tablet=[]  data-colwidths_mobile=[]  class=\"wptm_main_table  disablePager hideScrollHeader\"><colgroup><col data-dtr=\"0\" data-dtc=\"0\" class=\"dtc0\"><col data-dtr=\"0\" data-dtc=\"1\" class=\"dtc1\"><\/colgroup><thead><tr class=\"wptm-header-cells-index\"><th rowspan=\"1\" colspan=\"1\" data-dtr=\"0\" data-dtc=\"0\" class=\"dtr0 dtc0\"><\/th><th rowspan=\"1\" colspan=\"1\" data-dtr=\"0\" data-dtc=\"1\" class=\"dtr0 dtc1\"><\/th><\/tr><tr class=\" row0\"><th   data-priority=\"0\" class=\"dtr0 dtc0\"><\/th><th   data-priority=\"0\" class=\"dtr0 dtc1\">Traveling Water Screen + Self Cleaning Trash rack<\/th><\/thead><tbody><tr class=\" row1\"><td    class=\"dtr1 dtc0\"> Height<\/td><td    class=\"dtr1 dtc1\">Up to 4 m<\/td><\/tr><tr class=\" row2\"><td    class=\"dtr2 dtc0\">Width<\/td><td    class=\"dtr2 dtc1\">Up to 30 mt<\/td><\/tr><tr class=\" row3\"><td    class=\"dtr3 dtc0\">Driven by<\/td><td    class=\"dtr3 dtc1\">Electric or Hydraulic<\/td><\/tr><tr class=\" row4\"><td    class=\"dtr4 dtc0\">Case, Screen Material<\/td><td    class=\"dtr4 dtc1\">Stainless Steel | Aluminum | Hot-dip galvanization<\/td><\/tr><tr class=\" row5\"><td    class=\"dtr5 dtc0\">Mesh Size<\/td><td    class=\"dtr5 dtc1\">2 mm to 50 mm<\/td><\/tr><tr class=\" row6\"><td    class=\"dtr6 dtc0\">Angle of Installation<\/td><td    class=\"dtr6 dtc1\">min. 30 degrees recommend<\/td><\/tr><tr class=\" row7\"><td    class=\"dtr7 dtc0\">Lifting Finger Space or Bar<\/td><td    class=\"dtr7 dtc1\">Every 3 mt<\/td><\/tr><tr class=\" row8\"><td    class=\"dtr8 dtc0\">Lifting Capacity<\/td><td    class=\"dtr8 dtc1\">Up to 2200 kg<\/td><\/tr><\/tbody><tfoot><tr><td class=\"dtr8 dtc0\" style=\"height: 0;\"><\/td><td class=\"dtr8 dtc1\" style=\"height: 0;\"><\/td><\/tr><\/tfoot><\/table><\/div><style>#wptmtable116 .dataTables_wrapper > .dataTables_scroll {max-height:500px;overflow: auto;}<\/style><script>window.wptm_ajaxurl = 'https:\/\/mavideniz.com.tr\/wp-admin\/admin-ajax.php?juwpfisadmin=false&action=Wptm&'; window.wptm_front = 'https:\/\/mavideniz.com.tr\/wp-content\/plugins\/wp-table-manager\/app\/site\/assets\/'; window.wptm_style = 'https:\/\/mavideniz.com.tr\/wp-content\/uploads\/wptm\/';<\/script><\/div><style><\/style>\n","protected":false},"excerpt":{"rendered":"<p>Mavi Deniz hareketli su \u0131zgaras\u0131 hidroelektrik santraller, Su Tesisleri, End\u00fcstriyel Soyutlay\u0131c\u0131lar, Bal\u0131k\u00e7\u0131l\u0131k, Dahili Drenaj Panolar\u0131, Petrol &amp; Gaz, Petrokimya ve [&hellip;]<\/p>\n","protected":false},"author":1,"featured_media":0,"parent":26911,"menu_order":0,"comment_status":"closed","ping_status":"closed","template":"","meta":{"site-sidebar-layout":"default","site-content-layout":"","ast-site-content-layout":"default","site-content-style":"default","site-sidebar-style":"default","ast-global-header-display":"","ast-banner-title-visibility":"","ast-main-header-display":"","ast-hfb-above-header-display":"","ast-hfb-below-header-display":"","ast-hfb-mobile-header-display":"","site-post-title":"","ast-breadcrumbs-content":"","ast-featured-img":"","footer-sml-layout":"","ast-disable-related-posts":"","theme-transparent-header-meta":"","adv-header-id-meta":"","stick-header-meta":"","header-above-stick-meta":"","header-main-stick-meta":"","header-below-stick-meta":"","astra-migrate-meta-layouts":"default","ast-page-background-enabled":"default","ast-page-background-meta":{"desktop":{"background-color":"var(--ast-global-color-5)","background-image":"","background-repeat":"repeat","background-position":"center center","background-size":"auto","background-attachment":"scroll","background-type":"","background-media":"","overlay-type":"","overlay-color":"","overlay-opacity":"","overlay-gradient":""},"tablet":{"background-color":"","background-image":"","background-repeat":"repeat","background-position":"center center","background-size":"auto","background-attachment":"scroll","background-type":"","background-media":"","overlay-type":"","overlay-color":"","overlay-opacity":"","overlay-gradient":""},"mobile":{"background-color":"","background-image":"","background-repeat":"repeat","background-position":"center center","background-size":"auto","background-attachment":"scroll","background-type":"","background-media":"","overlay-type":"","overlay-color":"","overlay-opacity":"","overlay-gradient":""}},"ast-content-background-meta":{"desktop":{"background-color":"var(--ast-global-color-4)","background-image":"","background-repeat":"repeat","background-position":"center center","background-size":"auto","background-attachment":"scroll","background-type":"","background-media":"","overlay-type":"","overlay-color":"","overlay-opacity":"","overlay-gradient":""},"tablet":{"background-color":"var(--ast-global-color-4)","background-image":"","background-repeat":"repeat","background-position":"center center","background-size":"auto","background-attachment":"scroll","background-type":"","background-media":"","overlay-type":"","overlay-color":"","overlay-opacity":"","overlay-gradient":""},"mobile":{"background-color":"var(--ast-global-color-4)","background-image":"","background-repeat":"repeat","background-position":"center center","background-size":"auto","background-attachment":"scroll","background-type":"","background-media":"","overlay-type":"","overlay-color":"","overlay-opacity":"","overlay-gradient":""}},"footnotes":""},"class_list":["post-26917","page","type-page","status-publish","hentry"],"_links":{"self":[{"href":"https:\/\/mavideniz.com.tr\/tr\/wp-json\/wp\/v2\/pages\/26917","targetHints":{"allow":["GET"]}}],"collection":[{"href":"https:\/\/mavideniz.com.tr\/tr\/wp-json\/wp\/v2\/pages"}],"about":[{"href":"https:\/\/mavideniz.com.tr\/tr\/wp-json\/wp\/v2\/types\/page"}],"author":[{"embeddable":true,"href":"https:\/\/mavideniz.com.tr\/tr\/wp-json\/wp\/v2\/users\/1"}],"replies":[{"embeddable":true,"href":"https:\/\/mavideniz.com.tr\/tr\/wp-json\/wp\/v2\/comments?post=26917"}],"version-history":[{"count":0,"href":"https:\/\/mavideniz.com.tr\/tr\/wp-json\/wp\/v2\/pages\/26917\/revisions"}],"up":[{"embeddable":true,"href":"https:\/\/mavideniz.com.tr\/tr\/wp-json\/wp\/v2\/pages\/26911"}],"wp:attachment":[{"href":"https:\/\/mavideniz.com.tr\/tr\/wp-json\/wp\/v2\/media?parent=26917"}],"curies":[{"name":"wp","href":"https:\/\/api.w.org\/{rel}","templated":true}]}}