{"id":26922,"date":"2021-09-26T11:38:50","date_gmt":"2021-09-26T11:38:50","guid":{"rendered":"https:\/\/mavideniz.com.tr\/?page_id=26922"},"modified":"2022-09-25T11:11:38","modified_gmt":"2022-09-25T11:11:38","slug":"sintine-suyu-aritma-sistemi","status":"publish","type":"page","link":"https:\/\/mavideniz.com.tr\/tr\/urunler\/cevre-tesisleri-aritma-sistemi\/sintine-suyu-aritma-sistemi\/","title":{"rendered":"Sintine Suyu Ar\u0131tma Sistemi"},"content":{"rendered":"\n<p>Ya\u011fl\u0131 Su Ay\u0131r\u0131c\u0131 ya\u011f\u0131, ya\u011fl\u0131 su kar\u0131\u015f\u0131mlar\u0131 ve em\u00fclsiyondan ay\u0131rmak i\u00e7in tasarland\u0131.<\/p>\n<p>MARPOL Y\u00d6NETMEL\u0130\u011e\u0130 EK I, geminin yasal olarak denize bo\u015faltabilece\u011fi sintine suyundaki ya\u011f i\u00e7eri\u011fini s\u0131n\u0131rlar. Marpol y\u00f6netmeli\u011fi, t\u00fcm gemi ve teknelerin, Ya\u011fl\u0131 Su Ay\u0131r\u0131c\u0131 olarak bilinen bir ya\u011f tahliye izleme ve kontrol sistemine ve ya\u011f filtreleme ekipman\u0131na sahip olmas\u0131n\u0131 gerektirir.<\/p>\n<p><strong>Ya\u011fl\u0131 Su Ay\u0131r\u0131c\u0131 esas olarak \u00fc\u00e7 segmentten olu\u015fur<\/strong><\/p>\n<ul>\n<li>Ay\u0131r\u0131c\u0131 birim<\/li>\n<li>Filtre \u00dcnitesi<\/li>\n<li>Ya\u011f \u0130\u00e7eri\u011fi \u0130zleme ve Kontrol \u00dcnitesi<\/li>\n<\/ul>\n<p><strong>\u00d6zellikler<\/strong><\/p>\n<ul>\n<li>Ya\u011fl\u0131 Su Ay\u0131r\u0131c\u0131 kompakt bir tasar\u0131md\u0131r<\/li>\n<li>Ya\u011fl\u0131 Su Ay\u0131r\u0131c\u0131 otomatik ya\u011f tahliyesidir<\/li>\n<li>Suda Ya\u011f Alarm Monit\u00f6r\u00fc<\/li>\n<li>Ya\u011fl\u0131 Su Ay\u0131r\u0131c\u0131 Otomatik kapanabilir veya y\u00f6n de\u011fi\u015ftirme vanas\u0131 seti<\/li>\n<li>Ya\u011fl\u0131 Su Ay\u0131r\u0131c\u0131 H\u0131zl\u0131 teslimat ve yedek par\u00e7a hizmetidir<\/li>\n<\/ul>\n<p><strong>Sintine Suyu Ay\u0131r\u0131c\u0131 a\u015fa\u011f\u0131dakilere uygun olarak sertifikaland\u0131r\u0131lmal\u0131d\u0131r:<\/strong><\/p>\n<ul>\n<li>IMO &#8211; \u00c7\u00f6z\u00fcn\u00fcrl\u00fck MEPC 107(49) 60(33).<\/li>\n<li>IMO &#8211; MARPOL 73\/78 Ek IV&#8217;\u00fcn Uygulanmas\u0131 i\u00e7in G\u00f6zden Ge\u00e7irilmi\u015f y\u00f6nergeler<\/li>\n<li>Lloyd Register \/ ABD Sahil G\u00fcvenlik (USCG)<\/li>\n<li>MED Onay Mod\u00fcl\u00fc B &amp; F<\/li>\n<\/ul>\n<div class=\"wptm_table tablesorter-bootstrap \" data-id=\"120\" data-hightlight=\"0\"><div class=\"wptm_buttons buttons_wptmTbl120\"><\/div><div class=\"wptmresponsive dataTables-wptmtable wptmtable \" id=\"wptmtable120\" data-tableid=\"wptmTbl120\"><table data-count-header=\"1\"  data-format-decimal_count=\"0\" data-format-decimal_symbol=\".\" data-format-symbol_position=\"0\" data-format-thousand_symbol=\",\"  data-format-currency_symbol=\"$\"  data-name-style=\"120_1759712939.css\" data-format=\"YYYY-MM-DD\" id=\"wptmTbl120\" data-id=\"120\" data-responsive=\"false\" data-hideCols=\"false\"  data-type=\"html\" data-paging=\"false\" data-searching=\"true\"  data-ordering=\"false\" data-table-breakpoint=\"980\" data-scroll-x=\"true\" data-scroll-collapse=\"true\" data-align=\"center\" data-range=\"[]\" data-hideColumn=\"[0,0,0,0]\"  data-colwidths=\"[285,285,285,285]\"  data-colwidths_desktop=[]  data-colwidths_tablet=[]  data-colwidths_mobile=[]  class=\"wptm_main_table  disablePager hideScrollHeader\"><colgroup><col data-dtr=\"0\" data-dtc=\"0\" class=\"dtc0\"><col data-dtr=\"0\" data-dtc=\"1\" class=\"dtc1\"><col data-dtr=\"0\" data-dtc=\"2\" class=\"dtc2\"><col data-dtr=\"0\" data-dtc=\"3\" class=\"dtc3\"><\/colgroup><thead><tr class=\"wptm-header-cells-index\"><th rowspan=\"1\" colspan=\"1\" data-dtr=\"0\" data-dtc=\"0\" class=\"dtr0 dtc0\"><\/th><th rowspan=\"1\" colspan=\"1\" data-dtr=\"0\" data-dtc=\"1\" class=\"dtr0 dtc1\"><\/th><th rowspan=\"1\" colspan=\"1\" data-dtr=\"0\" data-dtc=\"2\" class=\"dtr0 dtc2\"><\/th><th rowspan=\"1\" colspan=\"1\" data-dtr=\"0\" data-dtc=\"3\" class=\"dtr0 dtc3\"><\/th><\/tr><tr class=\" row0\"><th   data-priority=\"0\" class=\"dtr0 dtc0\"><\/th><th   data-priority=\"0\" class=\"dtr0 dtc1\">BOWS 750<\/th><th   data-priority=\"0\" class=\"dtr0 dtc2\">BOWS 1000<\/th><th   data-priority=\"0\" class=\"dtr0 dtc3\">BOWS 2000<\/th><\/thead><tbody><tr class=\" row1\"><td    class=\"dtr1 dtc0\">Capacity ( lt \/ H )<\/td><td    class=\"dtr1 dtc1\">750<\/td><td    class=\"dtr1 dtc2\">1000<\/td><td    class=\"dtr1 dtc3\">1500<\/td><\/tr><tr class=\" row2\"><td    class=\"dtr2 dtc0\">Electric Consumption ( KW )<\/td><td    class=\"dtr2 dtc1\">0.37<\/td><td    class=\"dtr2 dtc2\">0.75<\/td><td    class=\"dtr2 dtc3\">0.95<\/td><\/tr><tr class=\" row3\"><td    class=\"dtr3 dtc0\">Operational Weight ( kg )<\/td><td    class=\"dtr3 dtc1\">760<\/td><td    class=\"dtr3 dtc2\">1160<\/td><td    class=\"dtr3 dtc3\">1360<\/td><\/tr><tr class=\" row4\"><td    class=\"dtr4 dtc0\">Dimension<\/td><td    class=\"dtr4 dtc1\">6000 x 5000 x 1320<\/td><td    class=\"dtr4 dtc2\">7000 x 6000 x 1500<\/td><td    class=\"dtr4 dtc3\">7500 x 7000 x 1600<\/td><\/tr><\/tbody><tfoot><tr><td class=\"dtr4 dtc0\" style=\"height: 0;\"><\/td><td class=\"dtr4 dtc1\" style=\"height: 0;\"><\/td><td class=\"dtr4 dtc2\" style=\"height: 0;\"><\/td><td class=\"dtr4 dtc3\" style=\"height: 0;\"><\/td><\/tr><\/tfoot><\/table><\/div><style>#wptmtable120 .dataTables_wrapper > .dataTables_scroll {max-height:500px;overflow: auto;}<\/style><script>window.wptm_ajaxurl = 'https:\/\/mavideniz.com.tr\/wp-admin\/admin-ajax.php?juwpfisadmin=false&action=Wptm&'; window.wptm_front = 'https:\/\/mavideniz.com.tr\/wp-content\/plugins\/wp-table-manager\/app\/site\/assets\/'; window.wptm_style = 'https:\/\/mavideniz.com.tr\/wp-content\/uploads\/wptm\/';<\/script><\/div><style><\/style>\n","protected":false},"excerpt":{"rendered":"<p>Ya\u011fl\u0131 Su Ay\u0131r\u0131c\u0131 ya\u011f\u0131, ya\u011fl\u0131 su kar\u0131\u015f\u0131mlar\u0131 ve em\u00fclsiyondan ay\u0131rmak i\u00e7in tasarland\u0131. MARPOL Y\u00d6NETMEL\u0130\u011e\u0130 EK I, geminin yasal olarak denize [&hellip;]<\/p>\n","protected":false},"author":1,"featured_media":0,"parent":26919,"menu_order":0,"comment_status":"closed","ping_status":"closed","template":"","meta":{"site-sidebar-layout":"default","site-content-layout":"","ast-site-content-layout":"default","site-content-style":"default","site-sidebar-style":"default","ast-global-header-display":"","ast-banner-title-visibility":"","ast-main-header-display":"","ast-hfb-above-header-display":"","ast-hfb-below-header-display":"","ast-hfb-mobile-header-display":"","site-post-title":"","ast-breadcrumbs-content":"","ast-featured-img":"","footer-sml-layout":"","ast-disable-related-posts":"","theme-transparent-header-meta":"","adv-header-id-meta":"","stick-header-meta":"","header-above-stick-meta":"","header-main-stick-meta":"","header-below-stick-meta":"","astra-migrate-meta-layouts":"default","ast-page-background-enabled":"default","ast-page-background-meta":{"desktop":{"background-color":"var(--ast-global-color-5)","background-image":"","background-repeat":"repeat","background-position":"center center","background-size":"auto","background-attachment":"scroll","background-type":"","background-media":"","overlay-type":"","overlay-color":"","overlay-opacity":"","overlay-gradient":""},"tablet":{"background-color":"","background-image":"","background-repeat":"repeat","background-position":"center center","background-size":"auto","background-attachment":"scroll","background-type":"","background-media":"","overlay-type":"","overlay-color":"","overlay-opacity":"","overlay-gradient":""},"mobile":{"background-color":"","background-image":"","background-repeat":"repeat","background-position":"center center","background-size":"auto","background-attachment":"scroll","background-type":"","background-media":"","overlay-type":"","overlay-color":"","overlay-opacity":"","overlay-gradient":""}},"ast-content-background-meta":{"desktop":{"background-color":"var(--ast-global-color-4)","background-image":"","background-repeat":"repeat","background-position":"center center","background-size":"auto","background-attachment":"scroll","background-type":"","background-media":"","overlay-type":"","overlay-color":"","overlay-opacity":"","overlay-gradient":""},"tablet":{"background-color":"var(--ast-global-color-4)","background-image":"","background-repeat":"repeat","background-position":"center center","background-size":"auto","background-attachment":"scroll","background-type":"","background-media":"","overlay-type":"","overlay-color":"","overlay-opacity":"","overlay-gradient":""},"mobile":{"background-color":"var(--ast-global-color-4)","background-image":"","background-repeat":"repeat","background-position":"center center","background-size":"auto","background-attachment":"scroll","background-type":"","background-media":"","overlay-type":"","overlay-color":"","overlay-opacity":"","overlay-gradient":""}},"footnotes":""},"class_list":["post-26922","page","type-page","status-publish","hentry"],"_links":{"self":[{"href":"https:\/\/mavideniz.com.tr\/tr\/wp-json\/wp\/v2\/pages\/26922","targetHints":{"allow":["GET"]}}],"collection":[{"href":"https:\/\/mavideniz.com.tr\/tr\/wp-json\/wp\/v2\/pages"}],"about":[{"href":"https:\/\/mavideniz.com.tr\/tr\/wp-json\/wp\/v2\/types\/page"}],"author":[{"embeddable":true,"href":"https:\/\/mavideniz.com.tr\/tr\/wp-json\/wp\/v2\/users\/1"}],"replies":[{"embeddable":true,"href":"https:\/\/mavideniz.com.tr\/tr\/wp-json\/wp\/v2\/comments?post=26922"}],"version-history":[{"count":0,"href":"https:\/\/mavideniz.com.tr\/tr\/wp-json\/wp\/v2\/pages\/26922\/revisions"}],"up":[{"embeddable":true,"href":"https:\/\/mavideniz.com.tr\/tr\/wp-json\/wp\/v2\/pages\/26919"}],"wp:attachment":[{"href":"https:\/\/mavideniz.com.tr\/tr\/wp-json\/wp\/v2\/media?parent=26922"}],"curies":[{"name":"wp","href":"https:\/\/api.w.org\/{rel}","templated":true}]}}