{"id":26926,"date":"2021-09-26T12:17:55","date_gmt":"2021-09-26T12:17:55","guid":{"rendered":"https:\/\/mavideniz.com.tr\/?page_id=26926"},"modified":"2026-04-19T14:10:24","modified_gmt":"2026-04-19T14:10:24","slug":"gemi-pis-su-aritma","status":"publish","type":"page","link":"https:\/\/mavideniz.com.tr\/tr\/urunler\/cevre-tesisleri-aritma-sistemi\/gemi-pis-su-aritma\/","title":{"rendered":"Gemi &#8211; Pis Su Ar\u0131tma"},"content":{"rendered":"<p><\/p><div class=\"wonderpluginslider-container\" id=\"wonderpluginslider-container-23\" style=\"max-width:1140px;margin:0 auto;padding-left:0px;padding-right:0px;padding-top:0px;padding-bottom:10px;\"><div class=\"wonderpluginslider\" id=\"wonderpluginslider-23\" data-sliderid=\"23\" data-width=\"1140\" data-height=\"550\" data-skin=\"stylish\" data-usejsforfullbrowserwidth=\"false\" data-fullbrowserwidth=\"false\" data-playmutedandinlinewhenautoplay=\"false\" data-playsinline=\"false\" data-addextraattributes=\"false\" data-autoplay=\"true\" data-randomplay=\"false\" data-loadimageondemand=\"false\" data-transitiononfirstslide=\"false\" data-autoplayvideo=\"false\" data-isresponsive=\"true\" data-fullwidth=\"false\" data-isfullscreen=\"false\" data-ratioresponsive=\"true\" data-showtext=\"true\" data-showtimer=\"false\" data-showbottomshadow=\"false\" data-navshowpreview=\"false\" data-textautohide=\"true\" data-pauseonmouseover=\"false\" data-lightboxresponsive=\"true\" data-lightboxshownavigation=\"false\" data-lightboxshowtitle=\"true\" data-lightboxshowdescription=\"false\" data-texteffectresponsive=\"true\" data-donotinit=\"false\" data-addinitscript=\"false\" data-lightboxfullscreenmode=\"false\" data-lightboxcloseonoverlay=\"true\" data-lightboxvideohidecontrols=\"false\" data-lightboxnogroup=\"false\" data-shownav=\"true\" data-navthumbresponsive=\"false\" data-navshowfeaturedarrow=\"true\" data-inityoutube=\"true\" data-initvimeo=\"true\" data-navshowplaypause=\"true\" data-navshowarrow=\"true\" data-navshowbuttons=\"true\" data-lightboxshowsocial=\"false\" data-lightboxshowfacebook=\"true\" data-lightboxshowtwitter=\"true\" data-lightboxshowpinterest=\"true\" data-lightboxsocialrotateeffect=\"true\" data-showsocial=\"false\" data-showfacebook=\"true\" data-showtwitter=\"true\" data-showpinterest=\"true\" data-socialrotateeffect=\"true\" data-disableinlinecss=\"false\" data-triggerresize=\"false\" data-lightboxautoslide=\"false\" data-lightboxshowtimer=\"true\" data-lightboxshowplaybutton=\"false\" data-lightboxalwaysshownavarrows=\"false\" data-lightboxshowtitleprefix=\"true\" data-titleusealt=\"false\" data-outputtext=\"false\" data-titletag=\"h1\" data-descriptiontag=\"h2\" data-scalemode=\"fill\" data-arrowstyle=\"none\" data-transition=\"\" data-loop=\"0\" data-border=\"0\" data-slideinterval=\"5000\" data-arrowimage=\"arrows-32-32-0.png\" data-arrowwidth=\"32\" data-arrowheight=\"32\" data-arrowtop=\"50\" data-arrowmargin=\"8\" data-ga4account=\"\" data-googleanalyticsaccount=\"\" data-navplaypauseimage=\"navplaypause-20-20-1.png\" data-navarrowimage=\"navarrows-20-20-1.png\" data-navstyle=\"numbering\" data-navimage=\"bullet-24-24-0.png\" data-navwidth=\"20\" data-navheight=\"20\" data-navspacing=\"4\" data-navmarginx=\"16\" data-navmarginy=\"16\" data-navposition=\"bottomright\" data-navthumbnavigationstyle=\"arrow\" data-navthumbnavigationarrowimage=\"carouselarrows-32-32-0.png\" data-navthumbnavigationarrowimagewidth=\"32\" data-navthumbnavigationarrowimageheight=\"32\" data-playvideoimage=\"playvideo-64-64-0.png\" data-playvideoimagewidth=\"64\" data-playvideoimageheight=\"64\" data-lightboxthumbwidth=\"90\" data-lightboxthumbheight=\"60\" data-lightboxthumbtopmargin=\"12\" data-lightboxthumbbottommargin=\"4\" data-lightboxbarheight=\"64\" data-lightboxtitlebottomcss=\"color:#333; font-size:14px; font-family:Armata,sans-serif,Arial; overflow:hidden; text-align:left;\" data-lightboxdescriptionbottomcss=\"color:#333; font-size:12px; font-family:Arial,Helvetica,sans-serif; overflow:hidden; text-align:left; margin:4px 0px 0px; padding: 0px;\" data-textformat=\"None\" data-textpositionstatic=\"bottom\" data-textpositiondynamic=\"bottomleft\" data-paddingleft=\"0\" data-paddingright=\"0\" data-paddingtop=\"0\" data-paddingbottom=\"10\" data-texteffectresponsivesize=\"640\" data-textleftrightpercentforstatic=\"40\" data-fadeduration=\"1000\" data-crossfadeduration=\"1000\" data-fadeoutfadeinduration=\"2000\" data-slideduration=\"1000\" data-cssslideduration=\"1000\" data-elasticduration=\"1000\" data-sliceduration=\"1500\" data-blindsduration=\"1500\" data-blocksduration=\"1500\" data-shuffleduration=\"1500\" data-tilesduration=\"2000\" data-kenburnsduration=\"5000\" data-flipduration=\"1500\" data-flipwithzoomduration=\"2000\" data-threedduration=\"1500\" data-threedhorizontalduration=\"1500\" data-threedwithzoomduration=\"2500\" data-threedhorizontalwithzoomduration=\"2200\" data-threedflipduration=\"1500\" data-threedflipwithzoomduration=\"2000\" data-threedtilesduration=\"2000\" data-threedfallback=\"flip\" data-threedhorizontalfallback=\"flip\" data-threedwithzoomfallback=\"flipwithzoom\" data-threedhorizontalwithzoomfallback=\"flipwithzoom\" data-threedflipfallback=\"flip\" data-threedflipwithzoomfallback=\"flipwithzoom\" data-threedtilesfallback=\"tiles\" data-ratiomediumscreen=\"900\" data-ratiomediumheight=\"1.6\" data-ratiosmallscreen=\"640\" data-ratiosmallheight=\"2.4\" data-socialmode=\"mouseover\" data-socialposition=\"position:absolute;top:8px;right:8px;\" data-socialpositionsmallscreen=\"position:absolute;top:8px;right:8px;\" data-socialdirection=\"horizontal\" data-socialbuttonsize=\"32\" data-socialbuttonfontsize=\"18\" data-navthumbcolumn=\"5\" data-navthumbtitleheight=\"18\" data-navthumbtitlewidth=\"120\" data-navthumbresponsivemode=\"samesize\" data-navthumbstyle=\"imageandtitle\" data-navthumbmediumsize=\"900\" data-navthumbmediumwidth=\"64\" data-navthumbmediumheight=\"64\" data-navthumbmediumcolumn=\"4\" data-navthumbmediumtitleheight=\"18\" data-navthumbmediumtitlewidth=\"120\" data-navthumbsmallsize=\"600\" data-navthumbsmallwidth=\"48\" data-navthumbsmallheight=\"48\" data-navthumbsmallcolumn=\"3\" data-navthumbsmalltitleheight=\"18\" data-navthumbsmalltitlewidth=\"120\" data-lightboxsocialposition=\"position:absolute;top:100%;right:0;\" data-lightboxsocialpositionsmallscreen=\"position:absolute;top:100%;right:0;left:0;\" data-lightboxsocialdirection=\"horizontal\" data-lightboxsocialbuttonsize=\"32\" data-lightboxsocialbuttonfontsize=\"18\" data-lightboxtitlestyle=\"bottom\" data-lightboximagepercentage=\"75\" data-lightboxdefaultvideovolume=\"1\" data-lightboxoverlaybgcolor=\"#000\" data-lightboxoverlayopacity=\"0.9\" data-lightboxbgcolor=\"#fff\" data-lightboxtitleprefix=\"%NUM \/ %TOTAL\" data-lightboxtitleinsidecss=\"color:#fff; font-size:16px; font-family:Arial,Helvetica,sans-serif; overflow:hidden; text-align:left;\" data-lightboxdescriptioninsidecss=\"color:#fff; font-size:12px; font-family:Arial,Helvetica,sans-serif; overflow:hidden; text-align:left; margin:4px 0px 0px; padding: 0px;\" data-lightboxtitleoutsidecss=\"color:#fff; font-size:18px; font-family:Arial,Helvetica,sans-serif; overflow:hidden; text-align:center; margin: 8px;\" data-lightboxdescriptionoutsidecss=\"color:#fff; font-size:14px; font-family:Arial,Helvetica,sans-serif; overflow:hidden; text-align:center; margin:8px; padding: 0px;\" data-triggerresizedelay=\"100\" data-lightboxslideinterval=\"5000\" data-lightboxtimerposition=\"bottom\" data-lightboxtimercolor=\"#dc572e\" data-lightboxtimeropacity=\"1\" data-lightboxbordersize=\"8\" data-lightboxborderradius=\"0\" data-textcss=\"display:block; padding:12px; text-align:left;\" data-textbgcss=\"display:block; position:absolute; top:0px; left:0px; width:100%; height:100%; background-color:#333333; opacity:0.6; filter:alpha(opacity=60);\" data-titlecss='display:block; position:relative; font:bold 14px \"Lucida Sans Unicode\",\"Lucida Grande\",sans-serif,Arial; color:#fff;' data-descriptioncss='display:block; position:relative; font:12px \"Lucida Sans Unicode\",\"Lucida Grande\",sans-serif,Arial; color:#fff; margin-top:8px;' data-buttoncss=\"display:block; position:relative; margin-top:8px;\" data-titlecssresponsive=\"font-size:12px;\" data-descriptioncssresponsive=\"font-size:12px;\" data-buttoncssresponsive=\"\" data-jsfolder=\"https:\/\/mavideniz.com.tr\/wp-content\/plugins\/wonderplugin-slider\/engine\/\" style=\"display:none;\"><ul class=\"amazingslider-slides\" style=\"display:none;\"><li><img decoding=\"async\" class=\"amazingslider-img-elem amazingsliderimg\" src=\"https:\/\/mavideniz.com.tr\/wp-content\/uploads\/Products\/Environmental-Facilities-Treatments\/Marine-Sewage-Treatment\/Marine-Sewage-Treatment.jpg\" alt=\"Marine Sewage Treatment\" title=\"Marine Sewage Treatment\" data-description=\"\"><\/li><\/ul><\/div><\/div><div id=\"amazingslider_customtexteffect_23\" style=\"display:none;\" data-texteffect='{\"None\":{\"textstyle\":\"none\",\"textpositionstatic\":\"bottom\",\"textautohide\":true,\"textpositionmarginstatic\":0,\"textpositiondynamic\":\"bottomleft\",\"textpositionmarginleft\":24,\"textpositionmarginright\":24,\"textpositionmargintop\":24,\"textpositionmarginbottom\":24,\"texteffect\":\"slide\",\"texteffecteasing\":\"easeOutCubic\",\"texteffectduration\":600,\"texteffectslidedirection\":\"left\",\"texteffectslidedistance\":30,\"texteffectdelay\":500,\"texteffectseparate\":false,\"texteffect1\":\"slide\",\"texteffectslidedirection1\":\"right\",\"texteffectslidedistance1\":120,\"texteffecteasing1\":\"easeOutCubic\",\"texteffectduration1\":600,\"texteffectdelay1\":1000,\"texteffect2\":\"slide\",\"texteffectslidedirection2\":\"right\",\"texteffectslidedistance2\":120,\"texteffecteasing2\":\"easeOutCubic\",\"texteffectduration2\":600,\"texteffectdelay2\":1500,\"textcss\":\"display:block; padding:12px; text-align:left;\",\"textbgcss\":\"display:block; position:absolute; top:0px; left:0px; width:100%; height:100%; background-color:#333333; opacity:0.6; filter:alpha(opacity=60);\",\"titlecss\":\"display:block; position:relative; font:bold 14px \\\"Lucida Sans Unicode\\\",\\\"Lucida Grande\\\",sans-serif,Arial; color:#fff;\",\"descriptioncss\":\"display:block; position:relative; font:12px \\\"Lucida Sans Unicode\\\",\\\"Lucida Grande\\\",sans-serif,Arial; color:#fff; margin-top:8px;\",\"buttoncss\":\"display:block; position:relative; margin-top:8px;\",\"texteffectresponsive\":true,\"texteffectresponsivesize\":640,\"titlecssresponsive\":\"font-size:12px;\",\"descriptioncssresponsive\":\"font-size:12px;\",\"buttoncssresponsive\":\"\",\"addgooglefonts\":false,\"googlefonts\":\"\",\"textleftrightpercentforstatic\":40},\"White title\":{\"textstyle\":\"dynamic\",\"textpositionstatic\":\"bottom\",\"textautohide\":true,\"textpositionmarginstatic\":0,\"textpositiondynamic\":\"bottomleft\",\"textpositionmarginleft\":24,\"textpositionmarginright\":24,\"textpositionmargintop\":24,\"textpositionmarginbottom\":24,\"texteffect\":\"slide\",\"texteffecteasing\":\"easeOutCubic\",\"texteffectduration\":600,\"texteffectslidedirection\":\"left\",\"texteffectslidedistance\":30,\"texteffectdelay\":500,\"texteffectseparate\":true,\"texteffect1\":\"slide\",\"texteffectslidedirection1\":\"right\",\"texteffectslidedistance1\":120,\"texteffecteasing1\":\"easeOutCubic\",\"texteffectduration1\":600,\"texteffectdelay1\":1000,\"texteffect2\":\"slide\",\"texteffectslidedirection2\":\"right\",\"texteffectslidedistance2\":120,\"texteffecteasing2\":\"easeOutCubic\",\"texteffectduration2\":600,\"texteffectdelay2\":1500,\"textcss\":\"display:block; padding:8px 16px; text-align:left;\",\"textbgcss\":\"display:none;\",\"titlecss\":\"display:table; position:relative; font:24px \\\"Lucida Sans Unicode\\\",\\\"Lucida Grande\\\",sans-serif,Arial; color:#fff; white-space:nowrap;\",\"descriptioncss\":\"display:block; position:relative; font:12px \\\"Lucida Sans Unicode\\\",\\\"Lucida Grande\\\",sans-serif,Arial; color:#333;  background-color:#fff; margin-top:10px; padding:10px;\",\"buttoncss\":\"display:block; position:relative; margin-top:10px;\",\"texteffectresponsive\":true,\"texteffectresponsivesize\":640,\"titlecssresponsive\":\"font-size:12px;\",\"descriptioncssresponsive\":\"font-size:12px;\",\"buttoncssresponsive\":\"\",\"addgooglefonts\":false,\"googlefonts\":\"\",\"textleftrightpercentforstatic\":40},\"Blue box\":{\"textstyle\":\"dynamic\",\"textpositionstatic\":\"bottom\",\"textautohide\":true,\"textpositionmarginstatic\":0,\"textpositiondynamic\":\"bottomleft\",\"textpositionmarginleft\":24,\"textpositionmarginright\":24,\"textpositionmargintop\":24,\"textpositionmarginbottom\":24,\"texteffect\":\"slide\",\"texteffecteasing\":\"easeOutCubic\",\"texteffectduration\":600,\"texteffectslidedirection\":\"bottom\",\"texteffectslidedistance\":10,\"texteffectdelay\":800,\"texteffectseparate\":true,\"texteffect1\":\"slide\",\"texteffectslidedirection1\":\"bottom\",\"texteffectslidedistance1\":10,\"texteffecteasing1\":\"easeOutCubic\",\"texteffectduration1\":800,\"texteffectdelay1\":1000,\"texteffect2\":\"slide\",\"texteffectslidedirection2\":\"bottom\",\"texteffectslidedistance2\":10,\"texteffecteasing2\":\"easeOutCubic\",\"texteffectduration2\":800,\"texteffectdelay2\":1500,\"textcss\":\"display:block; padding:16px 16px; text-align:left;\",\"textbgcss\":\"display:none;\",\"titlecss\":\"display:table; position:relative; font:16px \\\"Lucida Sans Unicode\\\",\\\"Lucida Grande\\\",sans-serif,Arial; color:#fff; white-space:nowrap; background-color:#00ccff; padding:10px;\",\"descriptioncss\":\"display:block; position:relative; font:14px \\\"Lucida Sans Unicode\\\",\\\"Lucida Grande\\\",sans-serif,Arial; color:#00ccff;  background-color:#fff; margin-top:10px; padding:10px;\",\"buttoncss\":\"display:block; position:relative; margin-top:10px;\",\"texteffectresponsive\":true,\"texteffectresponsivesize\":640,\"titlecssresponsive\":\"font-size:12px;\",\"descriptioncssresponsive\":\"font-size:12px;\",\"buttoncssresponsive\":\"\",\"addgooglefonts\":false,\"googlefonts\":\"\",\"textleftrightpercentforstatic\":40},\"Custom - 990\":{\"textcss\":\"display:block; padding:0px 0px; text-align:left;\",\"textbgcss\":\"display:none;\",\"titlecss\":\"display:table; position:relative; font:28px \\\"Lucida Sans Unicode\\\",\\\"Lucida Grande\\\",sans-serif,Arial; color:#fff; white-space:nowrap; padding:0px;\",\"descriptioncss\":\"display:block; position:relative; font:28px \\\"Lucida Sans Unicode\\\",\\\"Lucida Grande\\\",sans-serif,Arial; color:#00ccff; margin-top:10px; padding:0px;\",\"buttoncss\":\"display:block; position:relative; margin-top:10px;\",\"texteffectresponsive\":true,\"texteffectresponsivesize\":640,\"titlecssresponsive\":\"font-size:12px;\",\"descriptioncssresponsive\":\"font-size:12px;\",\"buttoncssresponsive\":\"\",\"textleftrightpercentforstatic\":40,\"textpositionstatic\":\"bottom\",\"textpositiondynamic\":\"bottomleft\",\"textautohide\":true,\"textstyle\":\"dynamic\",\"textpositionmarginstatic\":0,\"textpositionmarginleft\":24,\"textpositionmarginright\":24,\"textpositionmargintop\":24,\"textpositionmarginbottom\":24,\"texteffect\":\"slide\",\"texteffecteasing\":\"easeOutCubic\",\"texteffectduration\":600,\"texteffectslidedirection\":\"bottom\",\"texteffectslidedistance\":10,\"texteffectdelay\":800,\"texteffectseparate\":true,\"texteffect1\":\"slide\",\"texteffectslidedirection1\":\"bottom\",\"texteffectslidedistance1\":10,\"texteffecteasing1\":\"easeOutCubic\",\"texteffectduration1\":800,\"texteffectdelay1\":1000,\"texteffect2\":\"slide\",\"texteffectslidedirection2\":\"bottom\",\"texteffectslidedistance2\":10,\"texteffecteasing2\":\"easeOutCubic\",\"texteffectduration2\":800,\"texteffectdelay2\":1500,\"addgooglefonts\":false,\"googlefonts\":\"\"}}'><\/div><script>function wonderslider_23_appendcss(csscode) {var head=document.head || document.getElementsByTagName(\"head\")[0];var style=document.createElement(\"style\");head.appendChild(style);style.type=\"text\/css\";if (style.styleSheet){style.styleSheet.cssText=csscode;} else {style.appendChild(document.createTextNode(csscode));}};wonderslider_23_appendcss(\"#wonderpluginslider-23 .star-rating { \tdisplay: inline-block; }\");<\/script><br>\nHem deniz hem de kara i\u00e7in onaylanan Deniz Pis Su Ar\u0131tma. Herhangi bir tatl\u0131 ve tuzlu su kombinasyonu, WC\/Du\u015flar, tuvaletler, \u00e7ama\u015f\u0131rhane, mutfak.\n<p>Bir gemide \u00fcretilen pis sular\u0131 atmak, kendisini ve nakliye \u015firketini a\u011f\u0131r bir para cezas\u0131ndan kurtarmak istiyorsa, azami \u00f6zen g\u00f6stermesi gereken birka\u00e7 g\u00f6revden biridir. Gemide olu\u015fan pis sular \u00e7ok uzun s\u00fcre gemide depolanamaz ve bu nedenle denize de\u015farj edilmesi gerekir.<\/p>\n<p>Pissu denize bo\u015falt\u0131labilse de, pis suyun bo\u015falt\u0131lmas\u0131 ile ilgili baz\u0131 d\u00fczenlemelere uyulmas\u0131 gerekti\u011finden do\u011frudan denize de\u015farj edemeyiz. Denizdeki pis su genellikle tuvalet, pisuar ve klozetlerden \u00e7\u0131kan at\u0131klard\u0131r. Kurallar, kanalizasyonun ancak ar\u0131t\u0131ld\u0131ktan sonra deniz suyuna bo\u015falt\u0131labilece\u011fini ve geminin en yak\u0131n karadan d\u00f6rt deniz mili mesafesi oldu\u011funu s\u00f6yl\u00fcyor.<\/p>\n<p>Ancak kanalizasyon ar\u0131t\u0131lmazsa en yak\u0131n karadan 12 deniz mili uza\u011fa bo\u015falt\u0131labilir. Ayr\u0131ca, tahliye edilen at\u0131k su, g\u00f6r\u00fcn\u00fcr y\u00fczen kat\u0131 maddeler \u00fcretmemeli veya \u00e7evredeki suda herhangi bir renk bozulmas\u0131na neden olmamal\u0131d\u0131r. Kanalizasyon de\u015farj y\u00f6netmeliklerinin detaylar\u0131 MARPOL Ek IV\u2019te bulunabilir.<\/p>\n<p><strong>Deniz Pis Su Ar\u0131tma Tesisi a\u015fa\u011f\u0131dakilere uygun olarak sertifikaland\u0131r\u0131lm\u0131\u015ft\u0131r:<\/strong><\/p>\n<ul>\n<li>USCG, 33 CFR B\u00f6l\u00fcm 159 kapsam\u0131nda<\/li>\n<li>IMO \u2013 \u00c7\u00f6z\u00fcn\u00fcrl\u00fck MEPC (VI)<\/li>\n<li>IMO \u2013 MARPOL 73\/78 Ek IV\u2019\u00fcn Uygulanmas\u0131 i\u00e7in G\u00f6zden Ge\u00e7irilmi\u015f K\u0131lavuzlar<\/li>\n<li>Lloyd Register<\/li>\n<\/ul>\n<div class=\"wptm_table tablesorter-bootstrap \" data-id=\"117\" data-hightlight=\"0\"><div class=\"wptm_buttons buttons_wptmTbl117\"><\/div><div class=\"wptmresponsive dataTables-wptmtable wptmtable \" id=\"wptmtable117\" data-tableid=\"wptmTbl117\"><table data-count-header=\"1\" data-format-decimal_count=\"0\" data-format-decimal_symbol=\".\" data-format-symbol_position=\"0\" data-format-thousand_symbol=\",\" data-format-currency_symbol=\"$\" data-name-style=\"117_1759712741.css\" data-format=\"YYYY-MM-DD\" id=\"wptmTbl117\" data-id=\"117\" data-responsive=\"false\" data-hidecols=\"false\" data-type=\"html\" data-paging=\"false\" data-searching=\"true\" data-ordering=\"false\" data-table-breakpoint=\"980\" data-scroll-x=\"true\" data-scroll-collapse=\"true\" data-align=\"center\" data-range=\"[]\" data-hidecolumn=\"[0,0,0,0,0,0,0,0]\" data-colwidths=\"[142,142,142,142,142,142,142,142]\" data-colwidths_desktop=\"[]\" data-colwidths_tablet=\"[]\" data-colwidths_mobile=\"[]\" class=\"wptm_main_table  disablePager hideScrollHeader\"><colgroup><col data-dtr=\"0\" data-dtc=\"0\" class=\"dtc0\"><col data-dtr=\"0\" data-dtc=\"1\" class=\"dtc1\"><col data-dtr=\"0\" data-dtc=\"2\" class=\"dtc2\"><col data-dtr=\"0\" data-dtc=\"3\" class=\"dtc3\"><col data-dtr=\"0\" data-dtc=\"4\" class=\"dtc4\"><col data-dtr=\"0\" data-dtc=\"5\" class=\"dtc5\"><col data-dtr=\"0\" data-dtc=\"6\" class=\"dtc6\"><col data-dtr=\"0\" data-dtc=\"7\" class=\"dtc7\"><\/colgroup><thead><tr class=\"wptm-header-cells-index\"><th rowspan=\"1\" colspan=\"1\" data-dtr=\"0\" data-dtc=\"0\" class=\"dtr0 dtc0\"><\/th><th rowspan=\"1\" colspan=\"1\" data-dtr=\"0\" data-dtc=\"1\" class=\"dtr0 dtc1\"><\/th><th rowspan=\"1\" colspan=\"1\" data-dtr=\"0\" data-dtc=\"2\" class=\"dtr0 dtc2\"><\/th><th rowspan=\"1\" colspan=\"1\" data-dtr=\"0\" data-dtc=\"3\" class=\"dtr0 dtc3\"><\/th><th rowspan=\"1\" colspan=\"1\" data-dtr=\"0\" data-dtc=\"4\" class=\"dtr0 dtc4\"><\/th><th rowspan=\"1\" colspan=\"1\" data-dtr=\"0\" data-dtc=\"5\" class=\"dtr0 dtc5\"><\/th><th rowspan=\"1\" colspan=\"1\" data-dtr=\"0\" data-dtc=\"6\" class=\"dtr0 dtc6\"><\/th><th rowspan=\"1\" colspan=\"1\" data-dtr=\"0\" data-dtc=\"7\" class=\"dtr0 dtc7\"><\/th><\/tr><tr class=\" row0\"><th data-priority=\"0\" class=\"dtr0 dtc0\"><\/th><th data-priority=\"0\" class=\"dtr0 dtc1\">BSTP 15<\/th><th data-priority=\"0\" class=\"dtr0 dtc2\">BSTP 25<\/th><th data-priority=\"0\" class=\"dtr0 dtc3\">BSTP 30<\/th><th data-priority=\"0\" class=\"dtr0 dtc4\">BSTP 50<\/th><th data-priority=\"0\" class=\"dtr0 dtc5\">BSTP 65<\/th><th data-priority=\"0\" class=\"dtr0 dtc6\">BSTP 80<\/th><th data-priority=\"0\" class=\"dtr0 dtc7\">BSTP 105<\/th><\/tr><\/thead><tbody><tr class=\" row1\"><td class=\"dtr1 dtc0\">Person<\/td><td class=\"dtr1 dtc1\">15<\/td><td class=\"dtr1 dtc2\">25<\/td><td class=\"dtr1 dtc3\">30<\/td><td class=\"dtr1 dtc4\">50<\/td><td class=\"dtr1 dtc5\">65<\/td><td class=\"dtr1 dtc6\">80<\/td><td class=\"dtr1 dtc7\">105<\/td><\/tr><tr class=\" row2\"><td class=\"dtr2 dtc0\">Hydraulic Load ( lt\/day )<\/td><td class=\"dtr2 dtc1\">1380<\/td><td class=\"dtr2 dtc2\">2000<\/td><td class=\"dtr2 dtc3\">2600<\/td><td class=\"dtr2 dtc4\">4000<\/td><td class=\"dtr2 dtc5\">5400<\/td><td class=\"dtr2 dtc6\">6700<\/td><td class=\"dtr2 dtc7\">8700<\/td><\/tr><tr class=\" row3\"><td class=\"dtr3 dtc0\">BOD5 Load ( kg\/day )<\/td><td class=\"dtr3 dtc1\">759<\/td><td class=\"dtr3 dtc2\">1100<\/td><td class=\"dtr3 dtc3\">1430<\/td><td class=\"dtr3 dtc4\">2200<\/td><td class=\"dtr3 dtc5\">2970<\/td><td class=\"dtr3 dtc6\">3685<\/td><td class=\"dtr3 dtc7\">4785<\/td><\/tr><tr class=\" row4\"><td class=\"dtr4 dtc0\">Electric Consumption (KW) <\/td><td class=\"dtr4 dtc1\">2.38<\/td><td class=\"dtr4 dtc2\">2.58<\/td><td class=\"dtr4 dtc3\">2.58<\/td><td class=\"dtr4 dtc4\">2.75<\/td><td class=\"dtr4 dtc5\">3.1<\/td><td class=\"dtr4 dtc6\">4.2<\/td><td class=\"dtr4 dtc7\">4.2<\/td><\/tr><tr class=\" row5\"><td class=\"dtr5 dtc0\">Operational Weight ( kg )<\/td><td class=\"dtr5 dtc1\">3200<\/td><td class=\"dtr5 dtc2\">3695<\/td><td class=\"dtr5 dtc3\">4425<\/td><td class=\"dtr5 dtc4\">6630<\/td><td class=\"dtr5 dtc5\">9476<\/td><td class=\"dtr5 dtc6\">10295<\/td><td class=\"dtr5 dtc7\">14130<\/td><\/tr><tr class=\" row6\"><td class=\"dtr6 dtc0\">Dimension<\/td><td class=\"dtr6 dtc1\">1538 x 2580 x 1320<\/td><td class=\"dtr6 dtc2\">1818 x 2249 x 1699<\/td><td class=\"dtr6 dtc3\">1926 x 2349 x 1809<\/td><td class=\"dtr6 dtc4\">2068 x 2619 x 2049<\/td><td class=\"dtr6 dtc5\">2021 x 3528 x 1904<\/td><td class=\"dtr6 dtc6\">2021 x 3527 x 2040<\/td><td class=\"dtr6 dtc7\">2200 x 4701 x2096<\/td><\/tr><\/tbody><tfoot><tr><td class=\"dtr6 dtc0\" style=\"height: 0;\"><\/td><td class=\"dtr6 dtc1\" style=\"height: 0;\"><\/td><td class=\"dtr6 dtc2\" style=\"height: 0;\"><\/td><td class=\"dtr6 dtc3\" style=\"height: 0;\"><\/td><td class=\"dtr6 dtc4\" style=\"height: 0;\"><\/td><td class=\"dtr6 dtc5\" style=\"height: 0;\"><\/td><td class=\"dtr6 dtc6\" style=\"height: 0;\"><\/td><td class=\"dtr6 dtc7\" style=\"height: 0;\"><\/td><\/tr><\/tfoot><\/table><\/div><style>#wptmtable117 .dataTables_wrapper > .dataTables_scroll {max-height:500px;overflow: auto;}<\/style><script>window.wptm_ajaxurl = 'https:\/\/mavideniz.com.tr\/wp-admin\/admin-ajax.php?juwpfisadmin=false&action=Wptm&'; window.wptm_front = 'https:\/\/mavideniz.com.tr\/wp-content\/plugins\/wp-table-manager\/app\/site\/assets\/'; window.wptm_style = 'https:\/\/mavideniz.com.tr\/wp-content\/uploads\/wptm\/';<\/script><\/div><style><\/style>\n","protected":false},"excerpt":{"rendered":"<p>Hem deniz hem de kara i\u00e7in onaylanan Deniz Pis Su Ar\u0131tma. Herhangi bir tatl\u0131 ve tuzlu su kombinasyonu, WC\/Du\u015flar, tuvaletler, [&hellip;]<\/p>\n","protected":false},"author":1,"featured_media":0,"parent":26919,"menu_order":0,"comment_status":"closed","ping_status":"closed","template":"","meta":{"site-sidebar-layout":"default","site-content-layout":"","ast-site-content-layout":"default","site-content-style":"default","site-sidebar-style":"default","ast-global-header-display":"","ast-banner-title-visibility":"","ast-main-header-display":"","ast-hfb-above-header-display":"","ast-hfb-below-header-display":"","ast-hfb-mobile-header-display":"","site-post-title":"","ast-breadcrumbs-content":"","ast-featured-img":"","footer-sml-layout":"","ast-disable-related-posts":"","theme-transparent-header-meta":"","adv-header-id-meta":"","stick-header-meta":"","header-above-stick-meta":"","header-main-stick-meta":"","header-below-stick-meta":"","astra-migrate-meta-layouts":"default","ast-page-background-enabled":"default","ast-page-background-meta":{"desktop":{"background-color":"var(--ast-global-color-5)","background-image":"","background-repeat":"repeat","background-position":"center center","background-size":"auto","background-attachment":"scroll","background-type":"","background-media":"","overlay-type":"","overlay-color":"","overlay-opacity":"","overlay-gradient":""},"tablet":{"background-color":"","background-image":"","background-repeat":"repeat","background-position":"center center","background-size":"auto","background-attachment":"scroll","background-type":"","background-media":"","overlay-type":"","overlay-color":"","overlay-opacity":"","overlay-gradient":""},"mobile":{"background-color":"","background-image":"","background-repeat":"repeat","background-position":"center center","background-size":"auto","background-attachment":"scroll","background-type":"","background-media":"","overlay-type":"","overlay-color":"","overlay-opacity":"","overlay-gradient":""}},"ast-content-background-meta":{"desktop":{"background-color":"var(--ast-global-color-4)","background-image":"","background-repeat":"repeat","background-position":"center center","background-size":"auto","background-attachment":"scroll","background-type":"","background-media":"","overlay-type":"","overlay-color":"","overlay-opacity":"","overlay-gradient":""},"tablet":{"background-color":"var(--ast-global-color-4)","background-image":"","background-repeat":"repeat","background-position":"center center","background-size":"auto","background-attachment":"scroll","background-type":"","background-media":"","overlay-type":"","overlay-color":"","overlay-opacity":"","overlay-gradient":""},"mobile":{"background-color":"var(--ast-global-color-4)","background-image":"","background-repeat":"repeat","background-position":"center center","background-size":"auto","background-attachment":"scroll","background-type":"","background-media":"","overlay-type":"","overlay-color":"","overlay-opacity":"","overlay-gradient":""}},"footnotes":""},"class_list":["post-26926","page","type-page","status-publish","hentry"],"_links":{"self":[{"href":"https:\/\/mavideniz.com.tr\/tr\/wp-json\/wp\/v2\/pages\/26926","targetHints":{"allow":["GET"]}}],"collection":[{"href":"https:\/\/mavideniz.com.tr\/tr\/wp-json\/wp\/v2\/pages"}],"about":[{"href":"https:\/\/mavideniz.com.tr\/tr\/wp-json\/wp\/v2\/types\/page"}],"author":[{"embeddable":true,"href":"https:\/\/mavideniz.com.tr\/tr\/wp-json\/wp\/v2\/users\/1"}],"replies":[{"embeddable":true,"href":"https:\/\/mavideniz.com.tr\/tr\/wp-json\/wp\/v2\/comments?post=26926"}],"version-history":[{"count":1,"href":"https:\/\/mavideniz.com.tr\/tr\/wp-json\/wp\/v2\/pages\/26926\/revisions"}],"predecessor-version":[{"id":659375,"href":"https:\/\/mavideniz.com.tr\/tr\/wp-json\/wp\/v2\/pages\/26926\/revisions\/659375"}],"up":[{"embeddable":true,"href":"https:\/\/mavideniz.com.tr\/tr\/wp-json\/wp\/v2\/pages\/26919"}],"wp:attachment":[{"href":"https:\/\/mavideniz.com.tr\/tr\/wp-json\/wp\/v2\/media?parent=26926"}],"curies":[{"name":"wp","href":"https:\/\/api.w.org\/{rel}","templated":true}]}}