{"id":26930,"date":"2021-09-26T12:23:40","date_gmt":"2021-09-26T12:23:40","guid":{"rendered":"https:\/\/mavideniz.com.tr\/?page_id=26930"},"modified":"2022-09-25T11:40:12","modified_gmt":"2022-09-25T11:40:12","slug":"marpol-atik-kabul-tesisi","status":"publish","type":"page","link":"https:\/\/mavideniz.com.tr\/tr\/urunler\/cevre-tesisleri-aritma-sistemi\/marpol-atik-kabul-tesisi\/","title":{"rendered":"Marpol At\u0131k Kabul Tesisi"},"content":{"rendered":"\n<p>At\u0131k Kabul \u0130stasyonu, limanlara y\u00fckleme\/bo\u015faltma amac\u0131yla gelen gemilerin sintine suyu, at\u0131ksu, \u00e7amur, \u015fev, at\u0131k ya\u011f ve \u00e7\u00f6plerinin al\u0131narak Gemilerden ve At\u0131klardan Toplama At\u0131klar\u0131na g\u00f6re farkl\u0131 konteynerlere ayr\u0131\u015ft\u0131r\u0131ld\u0131\u011f\u0131 bir tesistir. Kontrol Y\u00f6netmeli\u011fi\u201d. MARPOL Ek-I kapsam\u0131nda At\u0131k Kabul \u0130stasyonumuzda sintine suyu tahliye edilecek; Tesisimizde kalan at\u0131ksu ar\u0131t\u0131lacakt\u0131r. (Su Kirlili\u011fi Kontrol\u00fc Y\u00f6netmeli\u011fi) h\u00fck\u00fcmlerine g\u00f6re (Su Kirlili\u011fi Kontrol\u00fc Y\u00f6netmeli\u011fi) h\u00fck\u00fcmlerine g\u00f6re de\u015farj edilecektir S.K.K.Y. Lisansl\u0131 tesislerde \u00e7amur, at\u0131k ya\u011f ve suyu al\u0131nm\u0131\u015f sintine suyu bertaraf edilecektir.<\/p>\n<p>MARPOL Ek-V&#8217;ye tabi olan \u00e7\u00f6p at\u0131klar\u0131 kat\u0131 at\u0131k deposu proses alan\u0131na g\u00f6nderilecektir.<\/p>\n<p><strong>\u0130\u015fleme tesisi iki b\u00f6l\u00fcme ayr\u0131l\u0131r:<\/strong><\/p>\n<p>Kat\u0131 at\u0131k b\u00f6l\u00fcm\u00fc, gemiden toplanan t\u00fcm evsel at\u0131klar\u0131n ayr\u0131ca ayr\u0131\u015ft\u0131r\u0131ld\u0131\u011f\u0131 ve y\u00fcksek kaliteli geri d\u00f6n\u00fc\u015ft\u00fcr\u00fclebilir malzeme \u00fcretmek i\u00e7in i\u015flendi\u011fi yerdir. T\u00fcm at\u0131klar\u0131n bir konvey\u00f6r bant \u00fczerinde gitti\u011fi ve ayr\u0131ca \u00e7e\u015fitli kategorilere ayr\u0131ld\u0131\u011f\u0131 bir Malzeme Geri Kazan\u0131m Tesisimiz (MRF) var; ka\u011f\u0131t, karton, plastik, teneke kutular, cam \u015fi\u015feler ve &#8220;geri d\u00f6n\u00fc\u015ft\u00fcr\u00fclemeyen kontamine at\u0131klar&#8221;.<\/p>\n<p>Uygulanabilir oldu\u011funda geri d\u00f6n\u00fc\u015ft\u00fcr\u00fclemeyen kontamine at\u0131k, tahliye edilen baca gaz\u0131n\u0131n kat\u0131 ulusal ve uluslararas\u0131 emisyon seviyelerini kar\u015f\u0131lamas\u0131n\u0131 sa\u011flayan gaz temizleme kuleleri ile donat\u0131lm\u0131\u015f at\u0131k yakma f\u0131r\u0131nlar\u0131na konur. Yakma f\u0131r\u0131nlar\u0131, son derece kat\u0131 olan Avrupa Birli\u011fi \u00e7evre standartlar\u0131na uygundur.<\/p>\n<div class=\"wptm_table tablesorter-bootstrap \" data-id=\"118\" data-hightlight=\"0\"><div class=\"wptm_buttons buttons_wptmTbl118\"><\/div><div class=\"wptmresponsive dataTables-wptmtable wptmtable \" id=\"wptmtable118\" data-tableid=\"wptmTbl118\"><table data-count-header=\"1\"  data-format-decimal_count=\"0\" data-format-decimal_symbol=\".\" data-format-symbol_position=\"0\" data-format-thousand_symbol=\",\"  data-format-currency_symbol=\"$\"  data-name-style=\"118_1759712804.css\" data-format=\"YYYY-MM-DD\" id=\"wptmTbl118\" data-id=\"118\" data-responsive=\"false\" data-hideCols=\"false\"  data-type=\"html\" data-paging=\"false\" data-searching=\"true\"  data-ordering=\"false\" data-table-breakpoint=\"980\" data-scroll-x=\"true\" data-scroll-collapse=\"true\" data-align=\"center\" data-range=\"[]\" data-hideColumn=\"[0,0,0,0,0,0,0]\"  data-colwidths=\"[162,162,162,162,162,162,162]\"  data-colwidths_desktop=[]  data-colwidths_tablet=[]  data-colwidths_mobile=[]  class=\"wptm_main_table  disablePager hideScrollHeader\"><colgroup><col data-dtr=\"0\" data-dtc=\"0\" class=\"dtc0\"><col data-dtr=\"0\" data-dtc=\"1\" class=\"dtc1\"><col data-dtr=\"0\" data-dtc=\"2\" class=\"dtc2\"><col data-dtr=\"0\" data-dtc=\"3\" class=\"dtc3\"><col data-dtr=\"0\" data-dtc=\"4\" class=\"dtc4\"><col data-dtr=\"0\" data-dtc=\"5\" class=\"dtc5\"><col data-dtr=\"0\" data-dtc=\"6\" class=\"dtc6\"><\/colgroup><thead><tr class=\"wptm-header-cells-index\"><th rowspan=\"1\" colspan=\"1\" data-dtr=\"0\" data-dtc=\"0\" class=\"dtr0 dtc0\"><\/th><th rowspan=\"1\" colspan=\"1\" data-dtr=\"0\" data-dtc=\"1\" class=\"dtr0 dtc1\"><\/th><th rowspan=\"1\" colspan=\"1\" data-dtr=\"0\" data-dtc=\"2\" class=\"dtr0 dtc2\"><\/th><th rowspan=\"1\" colspan=\"1\" data-dtr=\"0\" data-dtc=\"3\" class=\"dtr0 dtc3\"><\/th><th rowspan=\"1\" colspan=\"1\" data-dtr=\"0\" data-dtc=\"4\" class=\"dtr0 dtc4\"><\/th><th rowspan=\"1\" colspan=\"1\" data-dtr=\"0\" data-dtc=\"5\" class=\"dtr0 dtc5\"><\/th><th rowspan=\"1\" colspan=\"1\" data-dtr=\"0\" data-dtc=\"6\" class=\"dtr0 dtc6\"><\/th><\/tr><tr class=\" row0\"><th   data-priority=\"0\" class=\"dtr0 dtc0\"><\/th><th   data-priority=\"0\" class=\"dtr0 dtc1\">TP 1<\/th><th   data-priority=\"0\" class=\"dtr0 dtc2\">TP 5<\/th><th   data-priority=\"0\" class=\"dtr0 dtc3\">TP 10<\/th><th   data-priority=\"0\" class=\"dtr0 dtc4\">TP 15<\/th><th   data-priority=\"0\" class=\"dtr0 dtc5\">TP 20<\/th><th   data-priority=\"0\" class=\"dtr0 dtc6\">TP 25<\/th><\/thead><tbody><tr class=\" row1\"><td    class=\"dtr1 dtc0\">Capacity<\/td><td    class=\"dtr1 dtc1\">1 m3\/hr<\/td><td    class=\"dtr1 dtc2\">5 m3\/hr<\/td><td    class=\"dtr1 dtc3\">10 m3\/hr<\/td><td    class=\"dtr1 dtc4\">15 m3\/hr<\/td><td    class=\"dtr1 dtc5\">20 m3\/hr<\/td><td    class=\"dtr1 dtc6\">25 m3\/hr<\/td><\/tr><tr class=\" row2\"><td    class=\"dtr2 dtc0\">Storage Tanks<\/td><td  colspan=\"6\"   class=\"dtr2 dtc1\">1 m3 to 2.000 m3 ( Optional )<\/td><td  style=\"display: none\"   class=\"dtr2 dtc2\"><\/td><td  style=\"display: none\"   class=\"dtr2 dtc3\"><\/td><td  style=\"display: none\"   class=\"dtr2 dtc4\"><\/td><td  style=\"display: none\"   class=\"dtr2 dtc5\"><\/td><td  style=\"display: none\"   class=\"dtr2 dtc6\"><\/td><\/tr><\/tbody><tfoot><tr><td class=\"dtr2 dtc0\" style=\"height: 0;\"><\/td><td class=\"dtr2 dtc1\" style=\"height: 0;\"><\/td><td class=\"dtr2 dtc2\" style=\"height: 0;\"><\/td><td class=\"dtr2 dtc3\" style=\"height: 0;\"><\/td><td class=\"dtr2 dtc4\" style=\"height: 0;\"><\/td><td class=\"dtr2 dtc5\" style=\"height: 0;\"><\/td><td class=\"dtr2 dtc6\" style=\"height: 0;\"><\/td><\/tr><\/tfoot><\/table><\/div><style>#wptmtable118 .dataTables_wrapper > .dataTables_scroll {max-height:500px;overflow: auto;}<\/style><script>window.wptm_ajaxurl = 'https:\/\/mavideniz.com.tr\/wp-admin\/admin-ajax.php?juwpfisadmin=false&action=Wptm&'; window.wptm_front = 'https:\/\/mavideniz.com.tr\/wp-content\/plugins\/wp-table-manager\/app\/site\/assets\/'; window.wptm_style = 'https:\/\/mavideniz.com.tr\/wp-content\/uploads\/wptm\/';<\/script><\/div><style><\/style>\n","protected":false},"excerpt":{"rendered":"<p>At\u0131k Kabul \u0130stasyonu, limanlara y\u00fckleme\/bo\u015faltma amac\u0131yla gelen gemilerin sintine suyu, at\u0131ksu, \u00e7amur, \u015fev, at\u0131k ya\u011f ve \u00e7\u00f6plerinin al\u0131narak Gemilerden ve [&hellip;]<\/p>\n","protected":false},"author":1,"featured_media":0,"parent":26919,"menu_order":0,"comment_status":"closed","ping_status":"closed","template":"","meta":{"site-sidebar-layout":"default","site-content-layout":"","ast-site-content-layout":"default","site-content-style":"default","site-sidebar-style":"default","ast-global-header-display":"","ast-banner-title-visibility":"","ast-main-header-display":"","ast-hfb-above-header-display":"","ast-hfb-below-header-display":"","ast-hfb-mobile-header-display":"","site-post-title":"","ast-breadcrumbs-content":"","ast-featured-img":"","footer-sml-layout":"","ast-disable-related-posts":"","theme-transparent-header-meta":"","adv-header-id-meta":"","stick-header-meta":"","header-above-stick-meta":"","header-main-stick-meta":"","header-below-stick-meta":"","astra-migrate-meta-layouts":"default","ast-page-background-enabled":"default","ast-page-background-meta":{"desktop":{"background-color":"var(--ast-global-color-5)","background-image":"","background-repeat":"repeat","background-position":"center center","background-size":"auto","background-attachment":"scroll","background-type":"","background-media":"","overlay-type":"","overlay-color":"","overlay-opacity":"","overlay-gradient":""},"tablet":{"background-color":"","background-image":"","background-repeat":"repeat","background-position":"center center","background-size":"auto","background-attachment":"scroll","background-type":"","background-media":"","overlay-type":"","overlay-color":"","overlay-opacity":"","overlay-gradient":""},"mobile":{"background-color":"","background-image":"","background-repeat":"repeat","background-position":"center center","background-size":"auto","background-attachment":"scroll","background-type":"","background-media":"","overlay-type":"","overlay-color":"","overlay-opacity":"","overlay-gradient":""}},"ast-content-background-meta":{"desktop":{"background-color":"var(--ast-global-color-4)","background-image":"","background-repeat":"repeat","background-position":"center center","background-size":"auto","background-attachment":"scroll","background-type":"","background-media":"","overlay-type":"","overlay-color":"","overlay-opacity":"","overlay-gradient":""},"tablet":{"background-color":"var(--ast-global-color-4)","background-image":"","background-repeat":"repeat","background-position":"center center","background-size":"auto","background-attachment":"scroll","background-type":"","background-media":"","overlay-type":"","overlay-color":"","overlay-opacity":"","overlay-gradient":""},"mobile":{"background-color":"var(--ast-global-color-4)","background-image":"","background-repeat":"repeat","background-position":"center center","background-size":"auto","background-attachment":"scroll","background-type":"","background-media":"","overlay-type":"","overlay-color":"","overlay-opacity":"","overlay-gradient":""}},"footnotes":""},"class_list":["post-26930","page","type-page","status-publish","hentry"],"_links":{"self":[{"href":"https:\/\/mavideniz.com.tr\/tr\/wp-json\/wp\/v2\/pages\/26930","targetHints":{"allow":["GET"]}}],"collection":[{"href":"https:\/\/mavideniz.com.tr\/tr\/wp-json\/wp\/v2\/pages"}],"about":[{"href":"https:\/\/mavideniz.com.tr\/tr\/wp-json\/wp\/v2\/types\/page"}],"author":[{"embeddable":true,"href":"https:\/\/mavideniz.com.tr\/tr\/wp-json\/wp\/v2\/users\/1"}],"replies":[{"embeddable":true,"href":"https:\/\/mavideniz.com.tr\/tr\/wp-json\/wp\/v2\/comments?post=26930"}],"version-history":[{"count":0,"href":"https:\/\/mavideniz.com.tr\/tr\/wp-json\/wp\/v2\/pages\/26930\/revisions"}],"up":[{"embeddable":true,"href":"https:\/\/mavideniz.com.tr\/tr\/wp-json\/wp\/v2\/pages\/26919"}],"wp:attachment":[{"href":"https:\/\/mavideniz.com.tr\/tr\/wp-json\/wp\/v2\/media?parent=26930"}],"curies":[{"name":"wp","href":"https:\/\/api.w.org\/{rel}","templated":true}]}}