{"id":26942,"date":"2021-09-26T14:07:52","date_gmt":"2021-09-26T14:07:52","guid":{"rendered":"https:\/\/mavideniz.com.tr\/?page_id=26942"},"modified":"2022-09-25T15:05:51","modified_gmt":"2022-09-25T15:05:51","slug":"yuzer-pnomatik-usturmaca","status":"publish","type":"page","link":"https:\/\/mavideniz.com.tr\/tr\/urunler\/usturmaca\/yuzer-pnomatik-usturmaca\/","title":{"rendered":"Y\u00fczer Pn\u00f6matik Usturma\u00e7a"},"content":{"rendered":"\n<p>Y\u00fczer Pn\u00f6matik Usturma\u00e7a tasar\u0131mlar\u0131m\u0131zda daha b\u00fcy\u00fck petrol tankerleri, VLCC&#8217;ler, ULCC&#8217;ler, gemiden gemiye (STS), gemiden limana transfer operasyonlar\u0131, terminaller, b\u00fcy\u00fck gaz ta\u015f\u0131y\u0131c\u0131lar\u0131, d\u00f6kme y\u00fck gemileri, her t\u00fcrl\u00fc gemi ve y\u00fczer yap\u0131 kullan\u0131l\u0131r.<\/p>\n<p>Usturma\u00e7alar\u0131m\u0131z, gemi yana\u015fma ve demirlemenin g\u00fcvenli \u00e7al\u0131\u015fmas\u0131nda kritik bir rol oynamaktad\u0131r. Mavi Deniz, \u00fcretti\u011fi t\u00fcm Pn\u00f6matik Kau\u00e7uk Usturma\u00e7alar\u0131n ISO17357 ve B.V. sertifika gereksinimlerine uygun oldu\u011funu onaylar.<\/p>\n<p><strong>\u00d6zellikler<\/strong><\/p>\n<ul>\n<li>Y\u00fczer Pn\u00f6matik Usturma\u00e7a birka\u00e7 kat g\u00fc\u00e7l\u00fc lastik kordundan yap\u0131lm\u0131\u015ft\u0131r ve bu nedenle bas\u0131nca ve kesilmeye kar\u015f\u0131 dayan\u0131kl\u0131d\u0131r.<\/li>\n<li>Y\u00fczer Pn\u00f6matik Usturma\u00e7a , havan\u0131n bas\u0131n\u00e7 esnekli\u011fini kullan\u0131r. Bu nedenle yorgunlu\u011fa ba\u011fl\u0131 performans d\u00fc\u015f\u00fc\u015f\u00fc yoktur.<\/li>\n<li>Y\u00fczer Pn\u00f6matik Usturma\u00e7a enerji emilimi 15 dereceye kadar e\u011fimli s\u0131k\u0131\u015ft\u0131rmada azalmaz.<\/li>\n<li>Y\u00fczer Pn\u00f6matik Usturma\u00e7a tepki kuvveti, a\u015f\u0131r\u0131 y\u00fck ko\u015fullar\u0131nda bile keskin bir \u015fekilde artmaz.<\/li>\n<li>Y\u00fczer Pn\u00f6matik Usturma\u00e7a , kesme ve s\u0131k\u0131\u015ft\u0131rma kuvvetleri ve i\u00e7 bas\u0131n\u00e7la ba\u015fa \u00e7\u0131kmak i\u00e7in g\u00fc\u00e7l\u00fc bir lastik kordu kullan\u0131larak yeterince g\u00fc\u00e7lendirilmi\u015ftir.<\/li>\n<li>Y\u00fczer Pn\u00f6matik Usturma\u00e7a , kullan\u0131lmad\u0131\u011f\u0131nda uygun bir iskeleye veya r\u0131ht\u0131ma kolayca \u00e7\u0131kar\u0131labilir veya gerekti\u011finde ba\u015fka bir ba\u011flama noktas\u0131na<\/li>\n<li>aktar\u0131labilir.<\/li>\n<li>\u0130\u015faretsiz Pn\u00f6matik Usturma\u00e7a , geminin g\u00f6vdesini i\u015faretlemekten ka\u00e7\u0131nmak i\u00e7in \u00f6zel olarak form\u00fcle edilmi\u015f bir d\u0131\u015f kau\u00e7uk kullan\u0131r.<\/li>\n<li>Al\u00e7ak Bas\u0131n\u00e7l\u0131 Pn\u00f6matik Usturma\u00e7a tipi, daha hafif bir g\u00f6vde yap\u0131s\u0131 ile tasarlanm\u0131\u015ft\u0131r. Pn\u00f6matik usturma\u00e7a, gemi ile iskele aras\u0131nda veya iki gemi<\/li>\n<li>aras\u0131nda geni\u015f a\u00e7\u0131kl\u0131k gerektiren ancak standart bir y\u00fcksek bas\u0131n\u00e7l\u0131 pn\u00f6matik Usturma\u00e7a y\u00fcksek performans\u0131na ihtiya\u00e7 duymayan uygulamalar i\u00e7in<\/li>\n<li>pop\u00fclerdir.<\/li>\n<li>Dikey-Pn\u00f6matik usturma\u00e7alar, dikey olarak monte edilmek \u00fczere \u00f6zel olarak tasarlanm\u0131\u015ft\u0131r (Hidro-pn\u00f6matik usturma\u00e7alar su balastl\u0131d\u0131r). Katamaran gemileri, yar\u0131-dalg\u0131\u00e7 platformlar\u0131 veya di\u011fer su alt\u0131 ara\u00e7lar\u0131 gibi, yana\u015fma noktas\u0131 su hatt\u0131n\u0131n alt\u0131nda olan gemiler aras\u0131nda pop\u00fclerdirler. Ayr\u0131ca geminin hem pruvas\u0131nda hem de k\u0131\u00e7 taraf\u0131nda ikincil usturma\u00e7a olarak uygundurlar.<\/li>\n<li>Pn\u00f6matik Usturma\u00e7a saati, Usturma\u00e7a g\u00f6vdesine ve al\u0131c\u0131s\u0131na tak\u0131lan sens\u00f6rleri kullanarak i\u00e7 bas\u0131nc\u0131 kontrol etmek i\u00e7in uygundur. Al\u0131c\u0131 ayn\u0131 anda bir veya birka\u00e7 usturma\u00e7akullanabilir.<\/li>\n<li>Globuoy, ekipman kurulumu, demirleme, demirleme ve \u00e7e\u015fitli a\u00e7\u0131k deniz operasyonlar\u0131nda y\u00fczey veya deniz alt\u0131 \u015famand\u0131ra olarak kullan\u0131lan modifiye edilmi\u015f bir pn\u00f6matik Usturma\u00e7a . \u00c7e\u015fitli su alt\u0131 uygulamalar\u0131 i\u00e7in daha y\u00fcksek \u00e7al\u0131\u015fma bas\u0131nc\u0131 ile veya bas\u0131nca dayan\u0131kl\u0131 malzeme ile doldurularak kullan\u0131labilir. A\u015f\u0131r\u0131 batma durumunda \u00e7\u00f6kmez \u015famand\u0131rad\u0131r.<\/li>\n<\/ul>\n<div class=\"wptm_table tablesorter-bootstrap \" data-id=\"13\" data-hightlight=\"0\"><div class=\"wptm_buttons buttons_wptmTbl13\"><\/div><div class=\"wptmresponsive dataTables-wptmtable wptmtable \" id=\"wptmtable13\" data-tableid=\"wptmTbl13\"><table data-count-header=\"1\"  data-format-decimal_count=\"0\" data-format-decimal_symbol=\".\" data-format-symbol_position=\"0\" data-format-thousand_symbol=\",\"  data-format-currency_symbol=\"$\"  data-name-style=\"13_1759660036.css\" data-format=\"YYYY-MM-DD\" id=\"wptmTbl13\" data-id=\"13\" data-responsive=\"false\" data-hideCols=\"false\"  data-type=\"html\" data-paging=\"false\" data-searching=\"true\"  data-ordering=\"false\" data-table-breakpoint=\"980\" data-scroll-x=\"true\" data-scroll-collapse=\"true\" data-align=\"center\" data-range=\"[]\" data-hideColumn=\"[0,0,0,0,0,0,0]\"  data-colwidths=\"[162,162,162,162,162,162,162]\"  data-colwidths_desktop=[]  data-colwidths_tablet=[]  data-colwidths_mobile=[]  class=\"wptm_main_table  disablePager hideScrollHeader\"><colgroup><col data-dtr=\"0\" data-dtc=\"0\" class=\"dtc0\"><col data-dtr=\"0\" data-dtc=\"1\" class=\"dtc1\"><col data-dtr=\"0\" data-dtc=\"2\" class=\"dtc2\"><col data-dtr=\"0\" data-dtc=\"3\" class=\"dtc3\"><col data-dtr=\"0\" data-dtc=\"4\" class=\"dtc4\"><col data-dtr=\"0\" data-dtc=\"5\" class=\"dtc5\"><col data-dtr=\"0\" data-dtc=\"6\" class=\"dtc6\"><\/colgroup><thead><tr class=\"wptm-header-cells-index\"><th rowspan=\"1\" colspan=\"1\" data-dtr=\"0\" data-dtc=\"0\" class=\"dtr0 dtc0\"><\/th><th rowspan=\"1\" colspan=\"1\" data-dtr=\"0\" data-dtc=\"1\" class=\"dtr0 dtc1\"><\/th><th rowspan=\"1\" colspan=\"1\" data-dtr=\"0\" data-dtc=\"2\" class=\"dtr0 dtc2\"><\/th><th rowspan=\"1\" colspan=\"1\" data-dtr=\"0\" data-dtc=\"3\" class=\"dtr0 dtc3\"><\/th><th rowspan=\"1\" colspan=\"1\" data-dtr=\"0\" data-dtc=\"4\" class=\"dtr0 dtc4\"><\/th><th rowspan=\"1\" colspan=\"1\" data-dtr=\"0\" data-dtc=\"5\" class=\"dtr0 dtc5\"><\/th><th rowspan=\"1\" colspan=\"1\" data-dtr=\"0\" data-dtc=\"6\" class=\"dtr0 dtc6\"><\/th><\/tr><tr class=\" row0\"><th   data-priority=\"0\" class=\"dtr0 dtc0\">SIZE (A X B X L) MM<\/th><th   data-priority=\"0\" class=\"dtr0 dtc1\">E (KNM\/M)<\/th><th   data-priority=\"0\" class=\"dtr0 dtc2\">R (KN\/M)<\/th><th   data-priority=\"0\" class=\"dtr0 dtc3\">P (KN\/M2)<\/th><th   data-priority=\"0\" class=\"dtr0 dtc4\">CHAIN SIZE (MM)<\/th><th   data-priority=\"0\" class=\"dtr0 dtc5\">STEEL BAR (MM)<\/th><th   data-priority=\"0\" class=\"dtr0 dtc6\">WEIGHT (KG\/M)<\/th><\/thead><tbody><tr class=\" row1\"><td    class=\"dtr1 dtc0\">150 x 75 x 1200<\/td><td    class=\"dtr1 dtc1\">1.8<\/td><td    class=\"dtr1 dtc2\">65<\/td><td    class=\"dtr1 dtc3\">552<\/td><td    class=\"dtr1 dtc4\">16<\/td><td    class=\"dtr1 dtc5\">16<\/td><td    class=\"dtr1 dtc6\">21<\/td><\/tr><tr class=\" row2\"><td    class=\"dtr2 dtc0\">250 x 100 x 600<\/td><td    class=\"dtr2 dtc1\">4.1<\/td><td    class=\"dtr2 dtc2\">100<\/td><td    class=\"dtr2 dtc3\">550<\/td><td    class=\"dtr2 dtc4\">19<\/td><td    class=\"dtr2 dtc5\">22<\/td><td    class=\"dtr2 dtc6\">32<\/td><\/tr><tr class=\" row3\"><td    class=\"dtr3 dtc0\">300 x 120 x 600<\/td><td    class=\"dtr3 dtc1\">7.4<\/td><td    class=\"dtr3 dtc2\">129<\/td><td    class=\"dtr3 dtc3\">550<\/td><td    class=\"dtr3 dtc4\">22<\/td><td    class=\"dtr3 dtc5\">24<\/td><td    class=\"dtr3 dtc6\">48<\/td><\/tr><tr class=\" row4\"><td    class=\"dtr4 dtc0\">200 x 75 x 2000<\/td><td    class=\"dtr4 dtc1\">2.8<\/td><td    class=\"dtr4 dtc2\">75<\/td><td    class=\"dtr4 dtc3\">550<\/td><td    class=\"dtr4 dtc4\">19<\/td><td    class=\"dtr4 dtc5\">22<\/td><td    class=\"dtr4 dtc6\">62<\/td><\/tr><tr class=\" row5\"><td    class=\"dtr5 dtc0\">200 x 100 x 2000<\/td><td    class=\"dtr5 dtc1\">3.3<\/td><td    class=\"dtr5 dtc2\">86<\/td><td    class=\"dtr5 dtc3\">550<\/td><td    class=\"dtr5 dtc4\">19<\/td><td    class=\"dtr5 dtc5\">22<\/td><td    class=\"dtr5 dtc6\">72<\/td><\/tr><tr class=\" row6\"><td    class=\"dtr6 dtc0\">250 x 100 x 2000<\/td><td    class=\"dtr6 dtc1\">4.8<\/td><td    class=\"dtr6 dtc2\">96<\/td><td    class=\"dtr6 dtc3\">550<\/td><td    class=\"dtr6 dtc4\">19<\/td><td    class=\"dtr6 dtc5\">22<\/td><td    class=\"dtr6 dtc6\">100<\/td><\/tr><tr class=\" row7\"><td    class=\"dtr7 dtc0\">250 x 125 x 2000<\/td><td    class=\"dtr7 dtc1\">5.1<\/td><td    class=\"dtr7 dtc2\">108<\/td><td    class=\"dtr7 dtc3\">550<\/td><td    class=\"dtr7 dtc4\">19<\/td><td    class=\"dtr7 dtc5\">22<\/td><td    class=\"dtr7 dtc6\">110<\/td><\/tr><tr class=\" row8\"><td    class=\"dtr8 dtc0\">300 x 150 x 2000<\/td><td    class=\"dtr8 dtc1\">7.4<\/td><td    class=\"dtr8 dtc2\">129<\/td><td    class=\"dtr8 dtc3\">550<\/td><td    class=\"dtr8 dtc4\">22<\/td><td    class=\"dtr8 dtc5\">24<\/td><td    class=\"dtr8 dtc6\">140<\/td><\/tr><tr class=\" row9\"><td    class=\"dtr9 dtc0\">400 x 150 x 2000<\/td><td    class=\"dtr9 dtc1\">12<\/td><td    class=\"dtr9 dtc2\">165<\/td><td    class=\"dtr9 dtc3\">550<\/td><td    class=\"dtr9 dtc4\">25<\/td><td    class=\"dtr9 dtc5\">28<\/td><td    class=\"dtr9 dtc6\">255<\/td><\/tr><tr class=\" row10\"><td    class=\"dtr10 dtc0\">400 x 200 x 2000<\/td><td    class=\"dtr10 dtc1\">13<\/td><td    class=\"dtr10 dtc2\">172<\/td><td    class=\"dtr10 dtc3\">550<\/td><td    class=\"dtr10 dtc4\">25<\/td><td    class=\"dtr10 dtc5\">28<\/td><td    class=\"dtr10 dtc6\">290<\/td><\/tr><tr class=\" row11\"><td    class=\"dtr11 dtc0\">500 x 250 x 1500<\/td><td    class=\"dtr11 dtc1\">28<\/td><td    class=\"dtr11 dtc2\">275<\/td><td    class=\"dtr11 dtc3\">700<\/td><td    class=\"dtr11 dtc4\">28<\/td><td    class=\"dtr11 dtc5\">28<\/td><td    class=\"dtr11 dtc6\">300<\/td><\/tr><tr class=\" row12\"><td    class=\"dtr12 dtc0\">600 x 200 x 2000<\/td><td    class=\"dtr12 dtc1\">35<\/td><td    class=\"dtr12 dtc2\">320<\/td><td    class=\"dtr12 dtc3\">700<\/td><td    class=\"dtr12 dtc4\">30<\/td><td    class=\"dtr12 dtc5\">36<\/td><td    class=\"dtr12 dtc6\">575<\/td><\/tr><tr class=\" row13\"><td    class=\"dtr13 dtc0\">600 x 300 x 2000<\/td><td    class=\"dtr13 dtc1\">40<\/td><td    class=\"dtr13 dtc2\">330<\/td><td    class=\"dtr13 dtc3\">700<\/td><td    class=\"dtr13 dtc4\">30<\/td><td    class=\"dtr13 dtc5\">36<\/td><td    class=\"dtr13 dtc6\">680<\/td><\/tr><tr class=\" row14\"><td    class=\"dtr14 dtc0\">800 x 300 x 2000<\/td><td    class=\"dtr14 dtc1\">62<\/td><td    class=\"dtr14 dtc2\">400<\/td><td    class=\"dtr14 dtc3\">700<\/td><td    class=\"dtr14 dtc4\">34<\/td><td    class=\"dtr14 dtc5\">44<\/td><td    class=\"dtr14 dtc6\">1030<\/td><\/tr><tr class=\" row15\"><td    class=\"dtr15 dtc0\">800 x 400 x 2000<\/td><td    class=\"dtr15 dtc1\">74<\/td><td    class=\"dtr15 dtc2\">440<\/td><td    class=\"dtr15 dtc3\">700<\/td><td    class=\"dtr15 dtc4\">34<\/td><td    class=\"dtr15 dtc5\">44<\/td><td    class=\"dtr15 dtc6\">1180<\/td><\/tr><tr class=\" row16\"><td    class=\"dtr16 dtc0\">1000 x 500 x 1500<\/td><td    class=\"dtr16 dtc1\">112<\/td><td    class=\"dtr16 dtc2\">550<\/td><td    class=\"dtr16 dtc3\">700<\/td><td    class=\"dtr16 dtc4\">38<\/td><td    class=\"dtr16 dtc5\">44<\/td><td    class=\"dtr16 dtc6\">1200<\/td><\/tr><tr class=\" row17\"><td    class=\"dtr17 dtc0\">1200 x 600 x 2000<\/td><td    class=\"dtr17 dtc1\">162<\/td><td    class=\"dtr17 dtc2\">660<\/td><td    class=\"dtr17 dtc3\">700<\/td><td    class=\"dtr17 dtc4\">40<\/td><td    class=\"dtr17 dtc5\">50<\/td><td    class=\"dtr17 dtc6\">2250<\/td><\/tr><tr class=\" row18\"><td    class=\"dtr18 dtc0\">1400 x 700 x 2000<\/td><td    class=\"dtr18 dtc1\">220<\/td><td    class=\"dtr18 dtc2\">770<\/td><td    class=\"dtr18 dtc3\">700<\/td><td    class=\"dtr18 dtc4\">44<\/td><td    class=\"dtr18 dtc5\">60<\/td><td    class=\"dtr18 dtc6\">3050<\/td><\/tr><tr class=\" row19\"><td    class=\"dtr19 dtc0\">1600 x 800 x 2000<\/td><td    class=\"dtr19 dtc1\">288<\/td><td    class=\"dtr19 dtc2\">880<\/td><td    class=\"dtr19 dtc3\">700<\/td><td    class=\"dtr19 dtc4\">48<\/td><td    class=\"dtr19 dtc5\">70<\/td><td    class=\"dtr19 dtc6\">4000<\/td><\/tr><\/tbody><tfoot><tr><td class=\"dtr19 dtc0\" style=\"height: 0;\"><\/td><td class=\"dtr19 dtc1\" style=\"height: 0;\"><\/td><td class=\"dtr19 dtc2\" style=\"height: 0;\"><\/td><td class=\"dtr19 dtc3\" style=\"height: 0;\"><\/td><td class=\"dtr19 dtc4\" style=\"height: 0;\"><\/td><td class=\"dtr19 dtc5\" style=\"height: 0;\"><\/td><td class=\"dtr19 dtc6\" style=\"height: 0;\"><\/td><\/tr><\/tfoot><\/table><\/div><style>#wptmtable13 .dataTables_wrapper > .dataTables_scroll {max-height:500px;overflow: auto;}<\/style><script>window.wptm_ajaxurl = 'https:\/\/mavideniz.com.tr\/wp-admin\/admin-ajax.php?juwpfisadmin=false&action=Wptm&'; window.wptm_front = 'https:\/\/mavideniz.com.tr\/wp-content\/plugins\/wp-table-manager\/app\/site\/assets\/'; window.wptm_style = 'https:\/\/mavideniz.com.tr\/wp-content\/uploads\/wptm\/';<\/script><\/div><style><\/style>\n","protected":false},"excerpt":{"rendered":"<p>Y\u00fczer Pn\u00f6matik Usturma\u00e7a tasar\u0131mlar\u0131m\u0131zda daha b\u00fcy\u00fck petrol tankerleri, VLCC&#8217;ler, ULCC&#8217;ler, gemiden gemiye (STS), gemiden limana transfer operasyonlar\u0131, terminaller, b\u00fcy\u00fck gaz [&hellip;]<\/p>\n","protected":false},"author":1,"featured_media":0,"parent":26934,"menu_order":0,"comment_status":"closed","ping_status":"closed","template":"","meta":{"site-sidebar-layout":"default","site-content-layout":"","ast-site-content-layout":"default","site-content-style":"default","site-sidebar-style":"default","ast-global-header-display":"","ast-banner-title-visibility":"","ast-main-header-display":"","ast-hfb-above-header-display":"","ast-hfb-below-header-display":"","ast-hfb-mobile-header-display":"","site-post-title":"","ast-breadcrumbs-content":"","ast-featured-img":"","footer-sml-layout":"","ast-disable-related-posts":"","theme-transparent-header-meta":"","adv-header-id-meta":"","stick-header-meta":"","header-above-stick-meta":"","header-main-stick-meta":"","header-below-stick-meta":"","astra-migrate-meta-layouts":"default","ast-page-background-enabled":"default","ast-page-background-meta":{"desktop":{"background-color":"var(--ast-global-color-5)","background-image":"","background-repeat":"repeat","background-position":"center center","background-size":"auto","background-attachment":"scroll","background-type":"","background-media":"","overlay-type":"","overlay-color":"","overlay-opacity":"","overlay-gradient":""},"tablet":{"background-color":"","background-image":"","background-repeat":"repeat","background-position":"center center","background-size":"auto","background-attachment":"scroll","background-type":"","background-media":"","overlay-type":"","overlay-color":"","overlay-opacity":"","overlay-gradient":""},"mobile":{"background-color":"","background-image":"","background-repeat":"repeat","background-position":"center center","background-size":"auto","background-attachment":"scroll","background-type":"","background-media":"","overlay-type":"","overlay-color":"","overlay-opacity":"","overlay-gradient":""}},"ast-content-background-meta":{"desktop":{"background-color":"var(--ast-global-color-4)","background-image":"","background-repeat":"repeat","background-position":"center center","background-size":"auto","background-attachment":"scroll","background-type":"","background-media":"","overlay-type":"","overlay-color":"","overlay-opacity":"","overlay-gradient":""},"tablet":{"background-color":"var(--ast-global-color-4)","background-image":"","background-repeat":"repeat","background-position":"center center","background-size":"auto","background-attachment":"scroll","background-type":"","background-media":"","overlay-type":"","overlay-color":"","overlay-opacity":"","overlay-gradient":""},"mobile":{"background-color":"var(--ast-global-color-4)","background-image":"","background-repeat":"repeat","background-position":"center center","background-size":"auto","background-attachment":"scroll","background-type":"","background-media":"","overlay-type":"","overlay-color":"","overlay-opacity":"","overlay-gradient":""}},"footnotes":""},"class_list":["post-26942","page","type-page","status-publish","hentry"],"_links":{"self":[{"href":"https:\/\/mavideniz.com.tr\/tr\/wp-json\/wp\/v2\/pages\/26942","targetHints":{"allow":["GET"]}}],"collection":[{"href":"https:\/\/mavideniz.com.tr\/tr\/wp-json\/wp\/v2\/pages"}],"about":[{"href":"https:\/\/mavideniz.com.tr\/tr\/wp-json\/wp\/v2\/types\/page"}],"author":[{"embeddable":true,"href":"https:\/\/mavideniz.com.tr\/tr\/wp-json\/wp\/v2\/users\/1"}],"replies":[{"embeddable":true,"href":"https:\/\/mavideniz.com.tr\/tr\/wp-json\/wp\/v2\/comments?post=26942"}],"version-history":[{"count":0,"href":"https:\/\/mavideniz.com.tr\/tr\/wp-json\/wp\/v2\/pages\/26942\/revisions"}],"up":[{"embeddable":true,"href":"https:\/\/mavideniz.com.tr\/tr\/wp-json\/wp\/v2\/pages\/26934"}],"wp:attachment":[{"href":"https:\/\/mavideniz.com.tr\/tr\/wp-json\/wp\/v2\/media?parent=26942"}],"curies":[{"name":"wp","href":"https:\/\/api.w.org\/{rel}","templated":true}]}}