{"id":26945,"date":"2021-09-26T14:17:56","date_gmt":"2021-09-26T14:17:56","guid":{"rendered":"https:\/\/mavideniz.com.tr\/?page_id=26945"},"modified":"2022-09-25T15:36:30","modified_gmt":"2022-09-25T15:36:30","slug":"yuzer-iskele","status":"publish","type":"page","link":"https:\/\/mavideniz.com.tr\/tr\/urunler\/yuzer-iskele\/","title":{"rendered":"Y\u00fczer \u0130skele"},"content":{"rendered":"<p><br \/>\nY\u00fczer iskelenin farkl\u0131 t\u00fcrleri ve konfig\u00fcrasyonlar\u0131 mevcuttur. Y\u00fczer \u0130skele konut, ticari, marina, liman, deniz, nehir, g\u00f6l, end\u00fcstriyel uygulamalar ve deniz ta\u015f\u0131tlar\u0131 depolamas\u0131 i\u00e7in uygundur.<\/p>\n<p>Y\u00fczer iskele, jet ski, tekne veya deniz ta\u015f\u0131tlar\u0131n\u0131z\u0131 su \u00fczerinde kuru havuza alman\u0131n en h\u0131zl\u0131 ve en uygun yoludur. Y\u00fczer R\u0131ht\u0131m tekerlekleri, deniz ta\u015f\u0131tlar\u0131n\u0131n g\u00f6vdesine uyum sa\u011flamak i\u00e7in ayarlanabilir; polietilen tekerleklerma, kolayca y\u00fcklemenizi ve ba\u015flatman\u0131z\u0131 sa\u011flar.<\/p>\n<p>Y\u00fczer iskele, t\u00fcm tasar\u0131mlar ve g\u00fcverte alanlar\u0131 i\u00e7in kolay ge\u00e7meli konfig\u00fcrasyonlar i\u00e7in birbirine kenetlenen bir ekstr\u00fczyon sistemine sahiptir; bu, sonsuz \u00e7e\u015fitlilikteki \u015fekil, d\u00fczen ve konfig\u00fcrasyonlar\u0131 bir araya getirmenize olanak tan\u0131r ve benzersiz sahiliniz i\u00e7in ideal r\u0131ht\u0131m sistemini tasarlaman\u0131z\u0131 kolayla\u015ft\u0131r\u0131r. Ayr\u0131ca \u00e7apalar\u0131m\u0131z, zincirlerimiz ve amortis\u00f6rlerimiz ile iskeleniz sezon boyunca g\u00fcvenli ve emniyetli olacakt\u0131r.<\/p>\n<p><strong>Y\u00fczer \u0130skele Konfig\u00fcrasyonlar\u0131<\/strong><\/p>\n<ul>\n<li>\u00d6zel D\u00fczeninizi Olu\u015fturun<\/li>\n<li>U-\u015fekilli<\/li>\n<li>P-\u015fekilli<\/li>\n<li>T-\u015eekilli<\/li>\n<li>L \u015eeklinde<\/li>\n<li>D\u00fcz \u00c7oklu Kayd\u0131rmal\u0131<\/li>\n<li>A\u00e7\u0131l\u0131 \u00c7oklu Kayd\u0131rmal\u0131<\/li>\n<li>Duvar \u00c7oklu Kayma K\u0131rma<\/li>\n<\/ul>\n<p><strong>\u00d6zellikler<\/strong><\/p>\n<ul>\n<li>Deniz Ara\u00e7lar\u0131 Depolama<\/li>\n<li>Kolay ve h\u0131zl\u0131 kurulum\/montaj.<\/li>\n<li>Gelgitler ve mevsimsel de\u011fi\u015fiklikler, seller, kurakl\u0131klar\u0131n neden oldu\u011fu farkl\u0131 su seviyelerine m\u00fckemmel \u015fekilde uyum sa\u011flar ve deniz arac\u0131n\u0131za binip inmenizi kolayla\u015ft\u0131r\u0131r.<\/li>\n<li>Bak\u0131m gerektirmez: %100 y\u00fcksek yo\u011funluklu polietilen = %100 geri d\u00f6n\u00fc\u015ft\u00fcr\u00fclebilir.<\/li>\n<li>Tamamen yap\u0131land\u0131r\u0131labilir ve uyarlanabilir<\/li>\n<li>Dayan\u0131kl\u0131: sa\u011flam, kirlili\u011fe ve ultraviyole \u0131\u015f\u0131nlar\u0131na dayan\u0131kl\u0131, 20 y\u0131l garantilidir.<\/li>\n<\/ul>\n<div class=\"wptm_table tablesorter-bootstrap \" data-id=\"126\" data-hightlight=\"0\"><div class=\"wptm_buttons buttons_wptmTbl126\"><\/div><div class=\"wptmresponsive dataTables-wptmtable wptmtable \" id=\"wptmtable126\" data-tableid=\"wptmTbl126\"><table data-count-header=\"1\"  data-format-decimal_count=\"0\" data-format-decimal_symbol=\".\" data-format-symbol_position=\"0\" data-format-thousand_symbol=\",\"  data-format-currency_symbol=\"$\"  data-name-style=\"126_1759713566.css\" data-format=\"YYYY-MM-DD\" id=\"wptmTbl126\" data-id=\"126\" data-responsive=\"false\" data-hideCols=\"false\"  data-type=\"html\" data-paging=\"false\" data-searching=\"true\"  data-ordering=\"false\" data-table-breakpoint=\"980\" data-scroll-x=\"true\" data-scroll-collapse=\"true\" data-align=\"center\" data-range=\"[]\" data-hideColumn=\"[0,0,0,0]\"  data-colwidths=\"[285,285,285,285]\"  data-colwidths_desktop=[]  data-colwidths_tablet=[]  data-colwidths_mobile=[]  class=\"wptm_main_table  disablePager hideScrollHeader\"><colgroup><col data-dtr=\"0\" data-dtc=\"0\" class=\"dtc0\"><col data-dtr=\"0\" data-dtc=\"1\" class=\"dtc1\"><col data-dtr=\"0\" data-dtc=\"2\" class=\"dtc2\"><col data-dtr=\"0\" data-dtc=\"3\" class=\"dtc3\"><\/colgroup><thead><tr class=\"wptm-header-cells-index\"><th rowspan=\"1\" colspan=\"1\" data-dtr=\"0\" data-dtc=\"0\" class=\"dtr0 dtc0\"><\/th><th rowspan=\"1\" colspan=\"1\" data-dtr=\"0\" data-dtc=\"1\" class=\"dtr0 dtc1\"><\/th><th rowspan=\"1\" colspan=\"1\" data-dtr=\"0\" data-dtc=\"2\" class=\"dtr0 dtc2\"><\/th><th rowspan=\"1\" colspan=\"1\" data-dtr=\"0\" data-dtc=\"3\" class=\"dtr0 dtc3\"><\/th><\/tr><tr class=\" row0\"><th   data-priority=\"0\" class=\"dtr0 dtc0\"><\/th><th   data-priority=\"0\" class=\"dtr0 dtc1\">Dimensions (cm)<\/th><th   data-priority=\"0\" class=\"dtr0 dtc2\">Weight (kg)<\/th><th   data-priority=\"0\" class=\"dtr0 dtc3\">Flotation (kg)<\/th><\/thead><tbody><tr class=\" row1\"><td    class=\"dtr1 dtc0\">FD-01010<\/td><td    class=\"dtr1 dtc1\">50 x 50 x 40<\/td><td    class=\"dtr1 dtc2\">6.5<\/td><td    class=\"dtr1 dtc3\">87<\/td><\/tr><tr class=\" row2\"><td    class=\"dtr2 dtc0\">FD-01040<\/td><td    class=\"dtr2 dtc1\">50 x 100 x 40<\/td><td    class=\"dtr2 dtc2\">11<\/td><td    class=\"dtr2 dtc3\">87<\/td><\/tr><tr class=\" row3\"><td    class=\"dtr3 dtc0\">FD-01050<\/td><td    class=\"dtr3 dtc1\">50 x 100 x 25<\/td><td    class=\"dtr3 dtc2\">9.5<\/td><td    class=\"dtr3 dtc3\">110<\/td><\/tr><tr class=\" row4\"><td    class=\"dtr4 dtc0\">FD-010100<\/td><td    class=\"dtr4 dtc1\">100 x 100 x 40<\/td><td    class=\"dtr4 dtc2\">13<\/td><td    class=\"dtr4 dtc3\">300<\/td><\/tr><\/tbody><tfoot><tr><td class=\"dtr4 dtc0\" style=\"height: 0;\"><\/td><td class=\"dtr4 dtc1\" style=\"height: 0;\"><\/td><td class=\"dtr4 dtc2\" style=\"height: 0;\"><\/td><td class=\"dtr4 dtc3\" style=\"height: 0;\"><\/td><\/tr><\/tfoot><\/table><\/div><style>#wptmtable126 .dataTables_wrapper > .dataTables_scroll {max-height:500px;overflow: auto;}<\/style><script>window.wptm_ajaxurl = 'https:\/\/mavideniz.com.tr\/wp-admin\/admin-ajax.php?juwpfisadmin=false&action=Wptm&'; window.wptm_front = 'https:\/\/mavideniz.com.tr\/wp-content\/plugins\/wp-table-manager\/app\/site\/assets\/'; window.wptm_style = 'https:\/\/mavideniz.com.tr\/wp-content\/uploads\/wptm\/';<\/script><\/div><style><\/style>\n","protected":false},"excerpt":{"rendered":"<p>Y\u00fczer iskelenin farkl\u0131 t\u00fcrleri ve konfig\u00fcrasyonlar\u0131 mevcuttur. Y\u00fczer \u0130skele konut, ticari, marina, liman, deniz, nehir, g\u00f6l, end\u00fcstriyel uygulamalar ve deniz [&hellip;]<\/p>\n","protected":false},"author":1,"featured_media":0,"parent":26731,"menu_order":0,"comment_status":"closed","ping_status":"closed","template":"","meta":{"site-sidebar-layout":"default","site-content-layout":"","ast-site-content-layout":"default","site-content-style":"default","site-sidebar-style":"default","ast-global-header-display":"","ast-banner-title-visibility":"","ast-main-header-display":"","ast-hfb-above-header-display":"","ast-hfb-below-header-display":"","ast-hfb-mobile-header-display":"","site-post-title":"","ast-breadcrumbs-content":"","ast-featured-img":"","footer-sml-layout":"","ast-disable-related-posts":"","theme-transparent-header-meta":"","adv-header-id-meta":"","stick-header-meta":"","header-above-stick-meta":"","header-main-stick-meta":"","header-below-stick-meta":"","astra-migrate-meta-layouts":"default","ast-page-background-enabled":"default","ast-page-background-meta":{"desktop":{"background-color":"var(--ast-global-color-5)","background-image":"","background-repeat":"repeat","background-position":"center center","background-size":"auto","background-attachment":"scroll","background-type":"","background-media":"","overlay-type":"","overlay-color":"","overlay-opacity":"","overlay-gradient":""},"tablet":{"background-color":"","background-image":"","background-repeat":"repeat","background-position":"center center","background-size":"auto","background-attachment":"scroll","background-type":"","background-media":"","overlay-type":"","overlay-color":"","overlay-opacity":"","overlay-gradient":""},"mobile":{"background-color":"","background-image":"","background-repeat":"repeat","background-position":"center center","background-size":"auto","background-attachment":"scroll","background-type":"","background-media":"","overlay-type":"","overlay-color":"","overlay-opacity":"","overlay-gradient":""}},"ast-content-background-meta":{"desktop":{"background-color":"var(--ast-global-color-4)","background-image":"","background-repeat":"repeat","background-position":"center center","background-size":"auto","background-attachment":"scroll","background-type":"","background-media":"","overlay-type":"","overlay-color":"","overlay-opacity":"","overlay-gradient":""},"tablet":{"background-color":"var(--ast-global-color-4)","background-image":"","background-repeat":"repeat","background-position":"center center","background-size":"auto","background-attachment":"scroll","background-type":"","background-media":"","overlay-type":"","overlay-color":"","overlay-opacity":"","overlay-gradient":""},"mobile":{"background-color":"var(--ast-global-color-4)","background-image":"","background-repeat":"repeat","background-position":"center center","background-size":"auto","background-attachment":"scroll","background-type":"","background-media":"","overlay-type":"","overlay-color":"","overlay-opacity":"","overlay-gradient":""}},"footnotes":""},"class_list":["post-26945","page","type-page","status-publish","hentry"],"_links":{"self":[{"href":"https:\/\/mavideniz.com.tr\/tr\/wp-json\/wp\/v2\/pages\/26945","targetHints":{"allow":["GET"]}}],"collection":[{"href":"https:\/\/mavideniz.com.tr\/tr\/wp-json\/wp\/v2\/pages"}],"about":[{"href":"https:\/\/mavideniz.com.tr\/tr\/wp-json\/wp\/v2\/types\/page"}],"author":[{"embeddable":true,"href":"https:\/\/mavideniz.com.tr\/tr\/wp-json\/wp\/v2\/users\/1"}],"replies":[{"embeddable":true,"href":"https:\/\/mavideniz.com.tr\/tr\/wp-json\/wp\/v2\/comments?post=26945"}],"version-history":[{"count":0,"href":"https:\/\/mavideniz.com.tr\/tr\/wp-json\/wp\/v2\/pages\/26945\/revisions"}],"up":[{"embeddable":true,"href":"https:\/\/mavideniz.com.tr\/tr\/wp-json\/wp\/v2\/pages\/26731"}],"wp:attachment":[{"href":"https:\/\/mavideniz.com.tr\/tr\/wp-json\/wp\/v2\/media?parent=26945"}],"curies":[{"name":"wp","href":"https:\/\/api.w.org\/{rel}","templated":true}]}}