{"id":26957,"date":"2021-09-26T18:28:01","date_gmt":"2021-09-26T18:28:01","guid":{"rendered":"https:\/\/mavideniz.com.tr\/?page_id=26957"},"modified":"2022-09-25T17:54:18","modified_gmt":"2022-09-25T17:54:18","slug":"elektrik-tahrikli-hidrolik-guc-unitesi","status":"publish","type":"page","link":"https:\/\/mavideniz.com.tr\/tr\/urunler\/hidrolik-guc-unitesi\/elektrik-tahrikli-hidrolik-guc-unitesi\/","title":{"rendered":"Elektrik Tahrikli Hidrolik G\u00fc\u00e7 \u00dcnitesi"},"content":{"rendered":"\n<p>Mavi Deniz&#8217;in elektrikli motor tahrikli hidrolik g\u00fc\u00e7 \u00fcnitesi, kullanabilece\u011finiz t\u00fcm sorunsuz ve g\u00fcvenilir hidrolik g\u00fcc\u00fc sa\u011flayacakt\u0131r.<\/p>\n<p>Elektrikli motor tahrikli hidrolik g\u00fc\u00e7 \u00fcnitesi, hidrolik motorlar\u0131 veya silindirleri s\u00fcrmek i\u00e7in bas\u0131n\u00e7l\u0131 ya\u011f sa\u011flayan bir \u00fcnitedir. Elektrik motoru ana hareket ettiricidir.<\/p>\n<p>Elektrikli motor tahrikli hidrolik g\u00fc\u00e7 paketi \u00e7o\u011funlukla hidrolik tahrikli pompaya sa\u011flar \u2014 Bas\u0131n\u00e7l\u0131 ya\u011f, hidrolik tahrikli pompaya hortumlar veya borular arac\u0131l\u0131\u011f\u0131yla ta\u015f\u0131n\u0131r. G\u00fc\u00e7 paketinin ak\u0131\u015f\u0131n\u0131 ayarlayarak, hidrolik pompan\u0131n h\u0131z\u0131 uyarlanabilir. Tek bir hidrolik g\u00fc\u00e7 \u00fcnitesi ile birden fazla pompay\u0131 \u00e7al\u0131\u015ft\u0131rmak da m\u00fcmk\u00fcnd\u00fcr. Bu durumda, ayr\u0131 pompalar\u0131n h\u0131z\u0131n\u0131 ayarlamak i\u00e7in bir oransal valf gerekir.<\/p>\n<p><strong>\u0130ste\u011fe ba\u011fl\u0131<\/strong><\/p>\n<p>\u00c7e\u015fitli Valf Se\u00e7enekleri \/ Farkl\u0131 \u00c7al\u0131\u015fma Bas\u0131n\u00e7lar\u0131 \/ Filtreler, G\u00f6stergeler ve H\u0131zl\u0131 Kaplinler \/ Daha B\u00fcy\u00fck Hidrolik Rezervuarlar \/ Elektrik Kontrolleri ve Aktivat\u00f6rler \/ Manyetik Motor Yolvericileri \/ Farkl\u0131 Pompalar, Kanat ve Piston Stilleri \/ Tekerlekler ve Ta\u015f\u0131ma Kollar\u0131 vb.<\/p>\n<p><strong>\u00d6zellikler | Se\u00e7enekler<\/strong><\/p>\n<ul>\n<li>Hidrolik G\u00fc\u00e7 Paketi Y\u00fcksek Kaliteli Elektrik Motorlar\u0131na sahiptir, T.E.F.C.<\/li>\n<li>Hidrolik G\u00fc\u00e7 Paketi A\u011f\u0131r Hizmet Di\u015fli Pompalara sahiptir.<\/li>\n<li>Sa\u011flam Hidrolik Rezervuarlar<\/li>\n<li>Doldurma\/Havaland\u0131rma Kapa\u011f\u0131<\/li>\n<li>Aksesuar Eklemek \u0130\u00e7in Ek Rezervuar Ba\u011flant\u0131s\u0131<\/li>\n<li>Elektrik | hibrit<\/li>\n<li>Standart | Ta\u015f\u0131nabilir | R\u00f6mork | \u015ee\u015fe Monteli<\/li>\n<\/ul>\n<p>Mavi Deniz G\u00fc\u00e7 Paketleri, mevcut en iyi bile\u015fenler kullan\u0131larak \u00fcretilir ve d\u00fcnya \u00e7ap\u0131nda servis ve k\u0131sa s\u00fcrede yedek par\u00e7a teslimat\u0131 ile uzun kullan\u0131m \u00f6mr\u00fcn\u00fc garanti eder.<\/p>\n<div class=\"wptm_table tablesorter-bootstrap \" data-id=\"97\" data-hightlight=\"0\"><div class=\"wptm_buttons buttons_wptmTbl97\"><\/div><div class=\"wptmresponsive dataTables-wptmtable wptmtable \" id=\"wptmtable97\" data-tableid=\"wptmTbl97\"><table data-count-header=\"1\"  data-format-decimal_count=\"0\" data-format-decimal_symbol=\".\" data-format-symbol_position=\"0\" data-format-thousand_symbol=\",\"  data-format-currency_symbol=\"$\"  data-name-style=\"97_1759674323.css\" data-format=\"YYYY-MM-DD\" id=\"wptmTbl97\" data-id=\"97\" data-responsive=\"false\" data-hideCols=\"false\"  data-type=\"html\" data-paging=\"false\" data-searching=\"true\"  data-ordering=\"false\" data-table-breakpoint=\"980\" data-scroll-x=\"true\" data-scroll-collapse=\"true\" data-align=\"center\" data-range=\"[]\" data-hideColumn=\"[0,0,0,0,0,0]\"  data-colwidths=\"[190,190,190,190,190,190]\"  data-colwidths_desktop=[]  data-colwidths_tablet=[]  data-colwidths_mobile=[]  class=\"wptm_main_table  disablePager hideScrollHeader\"><colgroup><col data-dtr=\"0\" data-dtc=\"0\" class=\"dtc0\"><col data-dtr=\"0\" data-dtc=\"1\" class=\"dtc1\"><col data-dtr=\"0\" data-dtc=\"2\" class=\"dtc2\"><col data-dtr=\"0\" data-dtc=\"3\" class=\"dtc3\"><col data-dtr=\"0\" data-dtc=\"4\" class=\"dtc4\"><col data-dtr=\"0\" data-dtc=\"5\" class=\"dtc5\"><\/colgroup><thead><tr class=\"wptm-header-cells-index\"><th rowspan=\"1\" colspan=\"1\" data-dtr=\"0\" data-dtc=\"0\" class=\"dtr0 dtc0\"><\/th><th rowspan=\"1\" colspan=\"1\" data-dtr=\"0\" data-dtc=\"1\" class=\"dtr0 dtc1\"><\/th><th rowspan=\"1\" colspan=\"1\" data-dtr=\"0\" data-dtc=\"2\" class=\"dtr0 dtc2\"><\/th><th rowspan=\"1\" colspan=\"1\" data-dtr=\"0\" data-dtc=\"3\" class=\"dtr0 dtc3\"><\/th><th rowspan=\"1\" colspan=\"1\" data-dtr=\"0\" data-dtc=\"4\" class=\"dtr0 dtc4\"><\/th><th rowspan=\"1\" colspan=\"1\" data-dtr=\"0\" data-dtc=\"5\" class=\"dtr0 dtc5\"><\/th><\/tr><tr class=\" row0\"><th   data-priority=\"0\" class=\"dtr0 dtc0\"><\/th><th   data-priority=\"0\" class=\"dtr0 dtc1\">     Power<\/th><th   data-priority=\"0\" class=\"dtr0 dtc2\">Weight<\/th><th   data-priority=\"0\" class=\"dtr0 dtc3\">     Electrical Requirements<\/th><th   data-priority=\"0\" class=\"dtr0 dtc4\">    Flow & Pressure<\/th><th   data-priority=\"0\" class=\"dtr0 dtc5\">     Reservoir<\/th><\/thead><tbody><tr class=\" row1\"><td    class=\"dtr1 dtc0\"> EPP 5<\/td><td    class=\"dtr1 dtc1\">4.8 hp<\/td><td    class=\"dtr1 dtc2\">80 kg<\/td><td    class=\"dtr1 dtc3\">220 \/ 380 V<\/td><td    class=\"dtr1 dtc4\">10 L\/min & 120 bar<\/td><td    class=\"dtr1 dtc5\">15 lt<\/td><\/tr><tr class=\" row2\"><td    class=\"dtr2 dtc0\">EPP 7<\/td><td    class=\"dtr2 dtc1\">7 hp<\/td><td    class=\"dtr2 dtc2\">130 kg<\/td><td    class=\"dtr2 dtc3\">220 \/ 380 V<\/td><td    class=\"dtr2 dtc4\">20 L\/min & 150 bar<\/td><td    class=\"dtr2 dtc5\">20 lt<\/td><\/tr><tr class=\" row3\"><td    class=\"dtr3 dtc0\">EPP 10<\/td><td    class=\"dtr3 dtc1\">10 hp<\/td><td    class=\"dtr3 dtc2\">130 kg<\/td><td    class=\"dtr3 dtc3\">220 \/ 380 V<\/td><td    class=\"dtr3 dtc4\">25 L\/min & 200 bar<\/td><td    class=\"dtr3 dtc5\">25 lt<\/td><\/tr><tr class=\" row4\"><td    class=\"dtr4 dtc0\">EPP 15<\/td><td    class=\"dtr4 dtc1\">15 hp<\/td><td    class=\"dtr4 dtc2\">230 kg<\/td><td    class=\"dtr4 dtc3\">220 \/ 380 V<\/td><td    class=\"dtr4 dtc4\">30 L\/min & 250 bar<\/td><td    class=\"dtr4 dtc5\">30 lt<\/td><\/tr><tr class=\" row5\"><td    class=\"dtr5 dtc0\">EPP 20<\/td><td    class=\"dtr5 dtc1\">20 hp<\/td><td    class=\"dtr5 dtc2\">250 kg<\/td><td    class=\"dtr5 dtc3\">220 \/ 380 V<\/td><td    class=\"dtr5 dtc4\">45 L\/min & 250 bar<\/td><td    class=\"dtr5 dtc5\">45 lt<\/td><\/tr><tr class=\" row6\"><td    class=\"dtr6 dtc0\">EPP 25<\/td><td    class=\"dtr6 dtc1\">25 Hp<\/td><td    class=\"dtr6 dtc2\">320 kg<\/td><td    class=\"dtr6 dtc3\">220 \/ 380 V<\/td><td    class=\"dtr6 dtc4\">50 L\/min & 250 bar<\/td><td    class=\"dtr6 dtc5\">50 lt<\/td><\/tr><tr class=\" row7\"><td    class=\"dtr7 dtc0\">EPP 30<\/td><td    class=\"dtr7 dtc1\">30 Hp<\/td><td    class=\"dtr7 dtc2\">330 kg<\/td><td    class=\"dtr7 dtc3\">220 \/ 380 V<\/td><td    class=\"dtr7 dtc4\">70 L\/min & 250 bar<\/td><td    class=\"dtr7 dtc5\">95 lt<\/td><\/tr><tr class=\" row8\"><td    class=\"dtr8 dtc0\">EPP 40<\/td><td    class=\"dtr8 dtc1\">40 Hp<\/td><td    class=\"dtr8 dtc2\">370 kg<\/td><td    class=\"dtr8 dtc3\">220 \/ 380 V<\/td><td    class=\"dtr8 dtc4\">95 L\/min & 250 bar<\/td><td    class=\"dtr8 dtc5\">120 lt<\/td><\/tr><tr class=\" row9\"><td    class=\"dtr9 dtc0\">EPP 50<\/td><td    class=\"dtr9 dtc1\">50 hp<\/td><td    class=\"dtr9 dtc2\">400 kg<\/td><td    class=\"dtr9 dtc3\">220 \/ 380 V<\/td><td    class=\"dtr9 dtc4\">120 L\/min & 250 bar<\/td><td    class=\"dtr9 dtc5\">200 lt<\/td><\/tr><tr class=\" row10\"><td    class=\"dtr10 dtc0\">EPP 60<\/td><td    class=\"dtr10 dtc1\">60 hp<\/td><td    class=\"dtr10 dtc2\">440 Kg<\/td><td    class=\"dtr10 dtc3\">220 \/ 380 V<\/td><td    class=\"dtr10 dtc4\">150 L\/min & 250 bar<\/td><td    class=\"dtr10 dtc5\">250 lt<\/td><\/tr><tr class=\" row11\"><td    class=\"dtr11 dtc0\">EPP 80<\/td><td    class=\"dtr11 dtc1\">80 hp<\/td><td    class=\"dtr11 dtc2\">820 kg<\/td><td    class=\"dtr11 dtc3\">220 \/ 380 V<\/td><td    class=\"dtr11 dtc4\">175 L\/min & 250 bar<\/td><td    class=\"dtr11 dtc5\">380 lt<\/td><\/tr><tr class=\" row12\"><td  data-data-rowspansetheight=\"1\" rowspan=\"2\"   class=\"dtr12 dtc0\">Optional<\/td><td  colspan=\"5\"   class=\"dtr12 dtc1\">Standard | Portable | Trailer | Skid Mounted<\/td><td  style=\"display: none\"   class=\"dtr12 dtc2\"><\/td><td  style=\"display: none\"   class=\"dtr12 dtc3\"><\/td><td  style=\"display: none\"   class=\"dtr12 dtc4\"><\/td><td  style=\"display: none\"   class=\"dtr12 dtc5\"><\/td><\/tr><tr class=\" row13\"><td  style=\"display: none\"   class=\"dtr13 dtc0\"><\/td><td  colspan=\"5\"   class=\"dtr13 dtc1\">Ex-Proof<\/td><td  style=\"display: none\"   class=\"dtr13 dtc2\"><\/td><td  style=\"display: none\"   class=\"dtr13 dtc3\"><\/td><td  style=\"display: none\"   class=\"dtr13 dtc4\"><\/td><td  style=\"display: none\"   class=\"dtr13 dtc5\"><\/td><\/tr><\/tbody><tfoot><tr><td class=\"dtr13 dtc0\" style=\"height: 0;\"><\/td><td class=\"dtr13 dtc1\" style=\"height: 0;\"><\/td><td class=\"dtr13 dtc2\" style=\"height: 0;\"><\/td><td class=\"dtr13 dtc3\" style=\"height: 0;\"><\/td><td class=\"dtr13 dtc4\" style=\"height: 0;\"><\/td><td class=\"dtr13 dtc5\" style=\"height: 0;\"><\/td><\/tr><\/tfoot><\/table><\/div><style>#wptmtable97 .dataTables_wrapper > .dataTables_scroll {max-height:500px;overflow: auto;}<\/style><script>window.wptm_ajaxurl = 'https:\/\/mavideniz.com.tr\/wp-admin\/admin-ajax.php?juwpfisadmin=false&action=Wptm&'; window.wptm_front = 'https:\/\/mavideniz.com.tr\/wp-content\/plugins\/wp-table-manager\/app\/site\/assets\/'; window.wptm_style = 'https:\/\/mavideniz.com.tr\/wp-content\/uploads\/wptm\/';<\/script><\/div><style><\/style>\n","protected":false},"excerpt":{"rendered":"<p>Mavi Deniz&#8217;in elektrikli motor tahrikli hidrolik g\u00fc\u00e7 \u00fcnitesi, kullanabilece\u011finiz t\u00fcm sorunsuz ve g\u00fcvenilir hidrolik g\u00fcc\u00fc sa\u011flayacakt\u0131r. Elektrikli motor tahrikli hidrolik [&hellip;]<\/p>\n","protected":false},"author":1,"featured_media":0,"parent":26954,"menu_order":0,"comment_status":"closed","ping_status":"closed","template":"","meta":{"site-sidebar-layout":"default","site-content-layout":"","ast-site-content-layout":"default","site-content-style":"default","site-sidebar-style":"default","ast-global-header-display":"","ast-banner-title-visibility":"","ast-main-header-display":"","ast-hfb-above-header-display":"","ast-hfb-below-header-display":"","ast-hfb-mobile-header-display":"","site-post-title":"","ast-breadcrumbs-content":"","ast-featured-img":"","footer-sml-layout":"","ast-disable-related-posts":"","theme-transparent-header-meta":"","adv-header-id-meta":"","stick-header-meta":"","header-above-stick-meta":"","header-main-stick-meta":"","header-below-stick-meta":"","astra-migrate-meta-layouts":"default","ast-page-background-enabled":"default","ast-page-background-meta":{"desktop":{"background-color":"var(--ast-global-color-5)","background-image":"","background-repeat":"repeat","background-position":"center center","background-size":"auto","background-attachment":"scroll","background-type":"","background-media":"","overlay-type":"","overlay-color":"","overlay-opacity":"","overlay-gradient":""},"tablet":{"background-color":"","background-image":"","background-repeat":"repeat","background-position":"center center","background-size":"auto","background-attachment":"scroll","background-type":"","background-media":"","overlay-type":"","overlay-color":"","overlay-opacity":"","overlay-gradient":""},"mobile":{"background-color":"","background-image":"","background-repeat":"repeat","background-position":"center center","background-size":"auto","background-attachment":"scroll","background-type":"","background-media":"","overlay-type":"","overlay-color":"","overlay-opacity":"","overlay-gradient":""}},"ast-content-background-meta":{"desktop":{"background-color":"var(--ast-global-color-4)","background-image":"","background-repeat":"repeat","background-position":"center center","background-size":"auto","background-attachment":"scroll","background-type":"","background-media":"","overlay-type":"","overlay-color":"","overlay-opacity":"","overlay-gradient":""},"tablet":{"background-color":"var(--ast-global-color-4)","background-image":"","background-repeat":"repeat","background-position":"center center","background-size":"auto","background-attachment":"scroll","background-type":"","background-media":"","overlay-type":"","overlay-color":"","overlay-opacity":"","overlay-gradient":""},"mobile":{"background-color":"var(--ast-global-color-4)","background-image":"","background-repeat":"repeat","background-position":"center center","background-size":"auto","background-attachment":"scroll","background-type":"","background-media":"","overlay-type":"","overlay-color":"","overlay-opacity":"","overlay-gradient":""}},"footnotes":""},"class_list":["post-26957","page","type-page","status-publish","hentry"],"_links":{"self":[{"href":"https:\/\/mavideniz.com.tr\/tr\/wp-json\/wp\/v2\/pages\/26957","targetHints":{"allow":["GET"]}}],"collection":[{"href":"https:\/\/mavideniz.com.tr\/tr\/wp-json\/wp\/v2\/pages"}],"about":[{"href":"https:\/\/mavideniz.com.tr\/tr\/wp-json\/wp\/v2\/types\/page"}],"author":[{"embeddable":true,"href":"https:\/\/mavideniz.com.tr\/tr\/wp-json\/wp\/v2\/users\/1"}],"replies":[{"embeddable":true,"href":"https:\/\/mavideniz.com.tr\/tr\/wp-json\/wp\/v2\/comments?post=26957"}],"version-history":[{"count":0,"href":"https:\/\/mavideniz.com.tr\/tr\/wp-json\/wp\/v2\/pages\/26957\/revisions"}],"up":[{"embeddable":true,"href":"https:\/\/mavideniz.com.tr\/tr\/wp-json\/wp\/v2\/pages\/26954"}],"wp:attachment":[{"href":"https:\/\/mavideniz.com.tr\/tr\/wp-json\/wp\/v2\/media?parent=26957"}],"curies":[{"name":"wp","href":"https:\/\/api.w.org\/{rel}","templated":true}]}}