{"id":26966,"date":"2021-09-26T19:02:34","date_gmt":"2021-09-26T19:02:34","guid":{"rendered":"https:\/\/mavideniz.com.tr\/?page_id=26966"},"modified":"2022-09-25T20:30:29","modified_gmt":"2022-09-25T20:30:29","slug":"tasinabilir-atik-yakma-firini","status":"publish","type":"page","link":"https:\/\/mavideniz.com.tr\/tr\/urunler\/cevre-tesisleri-aritma-sistemi\/tasinabilir-atik-yakma-firini\/","title":{"rendered":"Ta\u015f\u0131nabilir At\u0131k Yakma F\u0131r\u0131n\u0131"},"content":{"rendered":"\n<p>Mavi Deniz Ta\u015f\u0131nabilir At\u0131k Yakma F\u0131r\u0131n\u0131 , \u00e7amur ya\u011f\u0131, kanalizasyon \u00e7amuru, plastik, ka\u011f\u0131t, ah\u015fap, kau\u00e7uk, kuma\u015f, ya\u011fl\u0131 bez ve g\u0131da at\u0131klar\u0131n\u0131 yakmak i\u00e7in \u00f6zel olarak tasarlanm\u0131\u015f y\u00fcksek s\u0131cakl\u0131kl\u0131 bir end\u00fcstriyel at\u0131k yakma f\u0131r\u0131n\u0131 olarak tasarlanm\u0131\u015ft\u0131r. D\u00fc\u015f\u00fck kalori de\u011feri olan at\u0131klar yanarken veya bula\u015f\u0131c\u0131 olmayan t\u0131bbi at\u0131klar gibi y\u00fcksek nem i\u00e7erikli at\u0131klar yak\u0131l\u0131rken, yak\u0131c\u0131 tamburun tamam\u0131na e\u015fit \u015fekilde y\u00fcklenmeli ve da\u011f\u0131t\u0131lmal\u0131d\u0131r.<\/p>\n<p>Elektrikli iki y\u00fcksek h\u0131zl\u0131 \u00fcfleyici Mini Ash yakma f\u0131r\u0131n\u0131 bir girdap dola\u015f\u0131m\u0131 olu\u015fturur. \u0130ki a\u015famal\u0131 yanma i\u015flemiyle, malzemelerin hacmi hacim baz\u0131nda %98&#8217;e varan oranda azal\u0131r. Mini Ash Portable yakma f\u0131r\u0131n\u0131 arkas\u0131nda zarars\u0131z k\u00fcl kal\u0131nt\u0131s\u0131 b\u0131rak\u0131r.<\/p>\n<p><strong>\u00d6zellikler<\/strong><\/p>\n<ul>\n<li>D\u00fc\u015f\u00fck bak\u0131m + i\u015fletme maliyeti<\/li>\n<li>Toplam at\u0131k bertaraf\u0131<\/li>\n<li>Kolay hareket eden tamamen ta\u015f\u0131nabilir<\/li>\n<li>\u00c7evre dostu<\/li>\n<\/ul>\n<div class=\"wptm_table tablesorter-bootstrap \" data-id=\"121\" data-hightlight=\"0\"><div class=\"wptm_buttons buttons_wptmTbl121\"><\/div><div class=\"wptmresponsive dataTables-wptmtable wptmtable \" id=\"wptmtable121\" data-tableid=\"wptmTbl121\"><table data-count-header=\"1\"  data-format-decimal_count=\"0\" data-format-decimal_symbol=\".\" data-format-symbol_position=\"0\" data-format-thousand_symbol=\",\"  data-format-currency_symbol=\"$\"  data-name-style=\"121_1759712622.css\" data-format=\"YYYY-MM-DD\" id=\"wptmTbl121\" data-id=\"121\" data-responsive=\"false\" data-hideCols=\"false\"  data-type=\"html\" data-paging=\"false\" data-searching=\"true\"  data-ordering=\"false\" data-table-breakpoint=\"980\" data-scroll-x=\"true\" data-scroll-collapse=\"true\" data-align=\"center\" data-range=\"[]\" data-hideColumn=\"[0,0,0]\"  data-colwidths=\"[380,380,380]\"  data-colwidths_desktop=[]  data-colwidths_tablet=[]  data-colwidths_mobile=[]  class=\"wptm_main_table  disablePager hideScrollHeader\"><colgroup><col data-dtr=\"0\" data-dtc=\"0\" class=\"dtc0\"><col data-dtr=\"0\" data-dtc=\"1\" class=\"dtc1\"><col data-dtr=\"0\" data-dtc=\"2\" class=\"dtc2\"><\/colgroup><thead><tr class=\"wptm-header-cells-index\"><th rowspan=\"1\" colspan=\"1\" data-dtr=\"0\" data-dtc=\"0\" class=\"dtr0 dtc0\"><\/th><th rowspan=\"1\" colspan=\"1\" data-dtr=\"0\" data-dtc=\"1\" class=\"dtr0 dtc1\"><\/th><th rowspan=\"1\" colspan=\"1\" data-dtr=\"0\" data-dtc=\"2\" class=\"dtr0 dtc2\"><\/th><\/tr><tr class=\" row0\"><th   data-priority=\"0\" class=\"dtr0 dtc0\"><\/th><th   data-priority=\"0\" class=\"dtr0 dtc1\">Mini Ash II<\/th><th   data-priority=\"0\" class=\"dtr0 dtc2\">Mini Ash I<\/th><\/thead><tbody><tr class=\" row1\"><td    class=\"dtr1 dtc0\">Drum Material<\/td><td  colspan=\"2\"   class=\"dtr1 dtc1\">205 L Steel (Standard) or  205 L Stainless Steel (Optional)<\/td><td  style=\"display: none\"   class=\"dtr1 dtc2\"><\/td><\/tr><tr class=\" row2\"><td    class=\"dtr2 dtc0\">Dimensions<\/td><td  colspan=\"2\"   class=\"dtr2 dtc1\">80 cm x 80 cm x 108 cm<\/td><td  style=\"display: none\"   class=\"dtr2 dtc2\"><\/td><\/tr><tr class=\" row3\"><td    class=\"dtr3 dtc0\">Blower<\/td><td  colspan=\"2\"   class=\"dtr3 dtc1\">2 x 900 watt - 240 volt  (Standard) or 2 x 900 watt - 110 volt (Optional)<\/td><td  style=\"display: none\"   class=\"dtr3 dtc2\"><\/td><\/tr><tr class=\" row4\"><td    class=\"dtr4 dtc0\"><\/td><td    class=\"dtr4 dtc1\">Mixed Combustible Waste 20 - 50 kg\/hr and Oily Disposal Waste 5 - 10 kg\/hr<\/td><td    class=\"dtr4 dtc2\">-<\/td><\/tr><tr class=\" row5\"><td    class=\"dtr5 dtc0\">Burn Rate<\/td><td  colspan=\"2\"   class=\"dtr5 dtc1\">Mixed Combustible Waste 20 - 50 kg\/hr and Oil Disposal Waste 5 - 10 kg\/hr<\/td><td  style=\"display: none\"   class=\"dtr5 dtc2\"><\/td><\/tr><tr class=\" row6\"><td    class=\"dtr6 dtc0\">Electrical<\/td><td  colspan=\"2\"   class=\"dtr6 dtc1\">120 V or 220 Volt<\/td><td  style=\"display: none\"   class=\"dtr6 dtc2\"><\/td><\/tr><tr class=\" row7\"><td    class=\"dtr7 dtc0\">Oil Transfer Attachment<\/td><td  colspan=\"2\"   class=\"dtr7 dtc1\">Metered Pump 10 - 23 lt\/hr<br \/>\nHose to Riser \/ Riser inside Drum\/ Nozzle \/ Fittings<\/td><td  style=\"display: none\"   class=\"dtr7 dtc2\"><\/td><\/tr><\/tbody><tfoot><tr><td class=\"dtr7 dtc0\" style=\"height: 0;\"><\/td><td class=\"dtr7 dtc1\" style=\"height: 0;\"><\/td><td class=\"dtr7 dtc2\" style=\"height: 0;\"><\/td><\/tr><\/tfoot><\/table><\/div><style>#wptmtable121 .dataTables_wrapper > .dataTables_scroll {max-height:500px;overflow: auto;}<\/style><script>window.wptm_ajaxurl = 'https:\/\/mavideniz.com.tr\/wp-admin\/admin-ajax.php?juwpfisadmin=false&action=Wptm&'; window.wptm_front = 'https:\/\/mavideniz.com.tr\/wp-content\/plugins\/wp-table-manager\/app\/site\/assets\/'; window.wptm_style = 'https:\/\/mavideniz.com.tr\/wp-content\/uploads\/wptm\/';<\/script><\/div><style><\/style>\n","protected":false},"excerpt":{"rendered":"<p>Mavi Deniz Ta\u015f\u0131nabilir At\u0131k Yakma F\u0131r\u0131n\u0131 , \u00e7amur ya\u011f\u0131, kanalizasyon \u00e7amuru, plastik, ka\u011f\u0131t, ah\u015fap, kau\u00e7uk, kuma\u015f, ya\u011fl\u0131 bez ve g\u0131da [&hellip;]<\/p>\n","protected":false},"author":1,"featured_media":0,"parent":26919,"menu_order":0,"comment_status":"closed","ping_status":"closed","template":"","meta":{"site-sidebar-layout":"default","site-content-layout":"","ast-site-content-layout":"default","site-content-style":"default","site-sidebar-style":"default","ast-global-header-display":"","ast-banner-title-visibility":"","ast-main-header-display":"","ast-hfb-above-header-display":"","ast-hfb-below-header-display":"","ast-hfb-mobile-header-display":"","site-post-title":"","ast-breadcrumbs-content":"","ast-featured-img":"","footer-sml-layout":"","ast-disable-related-posts":"","theme-transparent-header-meta":"","adv-header-id-meta":"","stick-header-meta":"","header-above-stick-meta":"","header-main-stick-meta":"","header-below-stick-meta":"","astra-migrate-meta-layouts":"default","ast-page-background-enabled":"default","ast-page-background-meta":{"desktop":{"background-color":"var(--ast-global-color-5)","background-image":"","background-repeat":"repeat","background-position":"center center","background-size":"auto","background-attachment":"scroll","background-type":"","background-media":"","overlay-type":"","overlay-color":"","overlay-opacity":"","overlay-gradient":""},"tablet":{"background-color":"","background-image":"","background-repeat":"repeat","background-position":"center center","background-size":"auto","background-attachment":"scroll","background-type":"","background-media":"","overlay-type":"","overlay-color":"","overlay-opacity":"","overlay-gradient":""},"mobile":{"background-color":"","background-image":"","background-repeat":"repeat","background-position":"center center","background-size":"auto","background-attachment":"scroll","background-type":"","background-media":"","overlay-type":"","overlay-color":"","overlay-opacity":"","overlay-gradient":""}},"ast-content-background-meta":{"desktop":{"background-color":"var(--ast-global-color-4)","background-image":"","background-repeat":"repeat","background-position":"center center","background-size":"auto","background-attachment":"scroll","background-type":"","background-media":"","overlay-type":"","overlay-color":"","overlay-opacity":"","overlay-gradient":""},"tablet":{"background-color":"var(--ast-global-color-4)","background-image":"","background-repeat":"repeat","background-position":"center center","background-size":"auto","background-attachment":"scroll","background-type":"","background-media":"","overlay-type":"","overlay-color":"","overlay-opacity":"","overlay-gradient":""},"mobile":{"background-color":"var(--ast-global-color-4)","background-image":"","background-repeat":"repeat","background-position":"center center","background-size":"auto","background-attachment":"scroll","background-type":"","background-media":"","overlay-type":"","overlay-color":"","overlay-opacity":"","overlay-gradient":""}},"footnotes":""},"class_list":["post-26966","page","type-page","status-publish","hentry"],"_links":{"self":[{"href":"https:\/\/mavideniz.com.tr\/tr\/wp-json\/wp\/v2\/pages\/26966","targetHints":{"allow":["GET"]}}],"collection":[{"href":"https:\/\/mavideniz.com.tr\/tr\/wp-json\/wp\/v2\/pages"}],"about":[{"href":"https:\/\/mavideniz.com.tr\/tr\/wp-json\/wp\/v2\/types\/page"}],"author":[{"embeddable":true,"href":"https:\/\/mavideniz.com.tr\/tr\/wp-json\/wp\/v2\/users\/1"}],"replies":[{"embeddable":true,"href":"https:\/\/mavideniz.com.tr\/tr\/wp-json\/wp\/v2\/comments?post=26966"}],"version-history":[{"count":0,"href":"https:\/\/mavideniz.com.tr\/tr\/wp-json\/wp\/v2\/pages\/26966\/revisions"}],"up":[{"embeddable":true,"href":"https:\/\/mavideniz.com.tr\/tr\/wp-json\/wp\/v2\/pages\/26919"}],"wp:attachment":[{"href":"https:\/\/mavideniz.com.tr\/tr\/wp-json\/wp\/v2\/media?parent=26966"}],"curies":[{"name":"wp","href":"https:\/\/api.w.org\/{rel}","templated":true}]}}